{"id":6351,"date":"2026-01-30T14:55:35","date_gmt":"2026-01-30T14:55:35","guid":{"rendered":"https:\/\/kasteeloostvalkenburg.com\/?page_id=6351"},"modified":"2026-04-07T11:49:23","modified_gmt":"2026-04-07T11:49:23","slug":"jour-du-roi","status":"publish","type":"page","link":"https:\/\/kasteeloostvalkenburg.com\/fr\/jour-du-roi\/","title":{"rendered":"P\u00e2ques"},"content":{"rendered":"\r\n    <section class=\"hero image-right\">\r\n        <div class=\"row d-flex align-items-center\">\r\n            <div class=\"col-12 col-lg-7\">\r\n                <div class=\"hero__intro\">\r\n                                            <div class=\"eye-block breadcrumbs-wrapper\">\r\n                            \r\n            <ul class=\"site-breadcrumbs\">\r\n                <li class=\"crumb\">\r\n                    <a class=\"disable-line\" href=\"https:\/\/kasteeloostvalkenburg.com\">\r\n                        <i class=\"fa-regular fa-home\"><\/i>\r\n                    <\/a>\r\n                <\/li>\r\n                                    <div class=\"divider\"><\/div>\r\n                    <li class=\"crumb first\">\r\n                        <a class=\"disable-line\" href=\"https:\/\/kasteeloostvalkenburg.com\/fr\/jour-du-roi\/\">P\u00e2ques<\/a>\r\n                    <\/li>\r\n                                <\/ul>\r\n        \r\n                                        <\/div>\r\n                                        <p class=\"hero__intro-subtitle\">C\u00e9l\u00e9brez avec style<\/p>\r\n                    <h1>Votre brunch de P\u00e2ques dans un endroit sp\u00e9cial<\/h1>\r\n                    <div class=\"hero__intro-content\">\r\n                        <p><p>C\u00e9l\u00e9brez P\u00e2ques dans un endroit sp\u00e9cial ! Les 1er et 2 d\u00e9cembre, vous \u00eates invit\u00e9s \u00e0 d\u00e9guster notre menu de P\u00e2ques festif dans l&rsquo;atmosph\u00e8re du Kasteel Oost. Profitez d&rsquo;un d\u00e9jeuner \u00e0 3 plats ou d&rsquo;un d\u00eener \u00e0 5 plats compos\u00e9 de d\u00e9licieux mets pr\u00e9par\u00e9s par nos chefs, servis directement de la cuisine \u00e0 votre table.  <\/p>\n<p>P\u00e2ques est synonyme de rassemblement, de plaisir et de c\u00e9l\u00e9bration d&rsquo;une nouvelle saison. Dans le d\u00e9cor chaleureux de Mon R\u00eave, vous go\u00fbterez le printemps dans les moindres d\u00e9tails. Nos chefs travaillent avec des ingr\u00e9dients printaniers raffin\u00e9s et les transforment en un menu de P\u00e2ques exclusif, en accordant une attention particuli\u00e8re au go\u00fbt, \u00e0 la pr\u00e9sentation et \u00e0 l&rsquo;harmonie.  <\/p>\n<\/p>\r\n\r\n                        \r\n                    <\/div>\r\n                <\/div>\r\n            <\/div>\r\n            <div class=\"col-12 col-lg-5\">\r\n                                    <div class=\"hero__image\">\r\n                        <img decoding=\"async\" src=\"https:\/\/kasteeloostvalkenburg.com\/wp-content\/uploads\/2026\/01\/IMG_0847-scaled-1.jpeg\" alt=\"\">\r\n                    <\/div>\r\n                            <\/div>\r\n        <\/div>\r\n    <\/section>\r\n\r\n\r\n<div class=\"eye-block bsbutton texte-d\u00e9but \" >\r\n            <a class=\"btn btn-primary\" href=\"https:\/\/kasteeloostvalkenburg.com\/fr\/restaurant\/menu\/\">\r\n            Bekijk het menu        <\/a>\r\n    <\/div>\r\n\r\n<div class=\"eye-block empty-space empty-space--large pt-md-5 pb-md-5 pt-4 pb-4\" ><\/div>\r\n    <div class=\"eye-block contentblock fade-in-animation\">\r\n        <div class=\"contentblock__colored-bg alt\">\r\n            <div class=\"row gx-6\">\r\n                <div class=\"col-12 col-lg-6\">\r\n                    <div class=\"contentblock__colored-bg__image alt\">\r\n                        <img decoding=\"async\" src=\"https:\/\/kasteeloostvalkenburg.com\/wp-content\/uploads\/2025\/09\/3X7A2376.jpg\" alt=\"\" data-speed=\".5\">\r\n                    <\/div>\r\n                <\/div>\r\n                <div class=\"col-12 col-lg-6\">\r\n                    <div class=\"contentblock__colored-bg__content-alt\">\r\n                        <div class=\"filled-block\">\r\n                                                            <p class=\"introtext\">Un d\u00e9but \u00e9l\u00e9gant pour votre journ\u00e9e de P\u00e2ques<\/p>\r\n                                                        <h2>D\u00e9jeuner de P\u00e2ques<\/h2>\r\n                        <\/div>\r\n                        <div class=\"contentblock__colored-bg__content-text\">\r\n                            <p>Commencez votre journ\u00e9e de P\u00e2ques par un d\u00e9jeuner \u00e9l\u00e9gant et d\u00e9contract\u00e9 de trois plats dans le cadre majestueux de Kasteel Oost. Nos chefs s&rsquo;inspirent de la saison pour cr\u00e9er un menu \u00e9quilibr\u00e9 qui met l&rsquo;accent sur des saveurs fra\u00eeches, l\u00e9g\u00e8res et \u00e9l\u00e9gantes. <\/p>\n<ul>\n<li>5 avril et 6 avril 2026<\/li>\n<li>12.00h-14.00h<\/li>\n<li>50 \u20ac p.p.<\/li>\n<\/ul>\n                        <\/div>\r\n\r\n                                                                                    <a href=\"https:\/\/kasteeloostvalkenburg.com\/fr\/restaurant\/menu\/#paasmenu-section\"                                        class=\"btn btn-primary\">Bekijk het paasmenu<\/a>\r\n                                                                        <\/div>\r\n                <\/div>\r\n            <\/div>\r\n        <\/div>\r\n    <\/div>\r\n\r\n    <div class=\"eye-block contentblock fade-in-animation\">\r\n        <div class=\"contentblock__image-right__container\">\r\n            <div class=\"contentblock__image-right\">\r\n                <div class=\"row\">\r\n                    <div class=\"col-12 col-lg-7 p-lg-1 d-flex align-items-center\">\r\n                        <div class=\"contentblock__image-right__content\">\r\n                                                            <p class=\"introtext\">Une soir\u00e9e de saveurs et d&rsquo;exp\u00e9riences<\/p>\r\n                                                        <h2>D\u00eener de P\u00e2ques<\/h2>\r\n                            <div class=\"contentblock__image-right__content-text\">\r\n                                <p>Terminez votre journ\u00e9e de P\u00e2ques par un d\u00eener gastronomique de 5 plats o\u00f9 sophistication et exp\u00e9rience se conjuguent. Dans l&rsquo;ambiance chaleureuse de Mon R\u00eave, nos chefs vous pr\u00e9sentent un menu soigneusement \u00e9labor\u00e9 o\u00f9 chaque plat raconte un nouveau chapitre du printemps. <\/p>\n<ul>\n<li>5 avril et 6 avril 2026<\/li>\n<li>\u00e0 partir de 18 heures<\/li>\n<li>75 \u20ac p.p.<\/li>\n<\/ul>\n                            <\/div>\r\n\r\n                                                                                                <a href=\"https:\/\/kasteeloostvalkenburg.com\/fr\/restaurant\/menu\/#paasmenu-section\"                                            class=\"btn btn-primary\">Bekijk het paasmenu<\/a>\r\n                                                            \r\n                        <\/div>\r\n                    <\/div>\r\n                    <div class=\"col-12 col-lg-5 p-lg-1\">\r\n                        <div class=\"contentblock__image-right__image\">\r\n                            <img decoding=\"async\" data-speed=\"1.5\" src=\"https:\/\/kasteeloostvalkenburg.com\/wp-content\/uploads\/2025\/09\/3X7A2371.jpg\" alt=\"\">\r\n                        <\/div>\r\n                    <\/div>\r\n                <\/div>\r\n            <\/div>\r\n        <\/div>\r\n    <\/div>\r\n\r\n\r\n<div class=\"eye-block empty-space empty-space--medium pt-md-4 pb-md-4 pt-3 pb-3\" ><\/div>\r\n    <div class=\"eye-block contentblock fade-in-animation\">\r\n        <div class=\"contentblock__colored-bg alt\">\r\n            <div class=\"row gx-6\">\r\n                <div class=\"col-12 col-lg-6\">\r\n                    <div class=\"contentblock__colored-bg__image alt\">\r\n                        <img decoding=\"async\" src=\"https:\/\/kasteeloostvalkenburg.com\/wp-content\/uploads\/2025\/11\/kuppens_fotografie_5261_1-scaled.jpg\" alt=\"\" data-speed=\".5\">\r\n                    <\/div>\r\n                <\/div>\r\n                <div class=\"col-12 col-lg-6\">\r\n                    <div class=\"contentblock__colored-bg__content-alt\">\r\n                        <div class=\"filled-block\">\r\n                                                        <h2>Le printemps \u00e0 Kasteel Oost<\/h2>\r\n                        <\/div>\r\n                        <div class=\"contentblock__colored-bg__content-text\">\r\n                            <p>Le printemps apporte une nouvelle \u00e9nergie et de nombreux moments festifs, et \u00e0 Kasteel Oost, nous c\u00e9l\u00e9brons cette merveilleuse p\u00e9riode avec vous ! De la f\u00eate des rois \u00e0 P\u00e2ques, de la f\u00eate des m\u00e8res \u00e0 la saison des asperges. Au Kasteel Oost, il y a toujours quelque chose de sp\u00e9cial \u00e0 faire.  <\/p>\n<p>Venez profiter de repas culinaires, d&rsquo;activit\u00e9s amusantes et de l&rsquo;atmosph\u00e8re unique du Kasteel Oost. Que vous souhaitiez porter un toast \u00e0 une journ\u00e9e sp\u00e9ciale, d\u00eener confortablement avec vos amis et votre famille ou simplement profiter de la saison, Kasteel Oost vous accueille toujours. <\/p>\n                        <\/div>\r\n\r\n                                                                                    <a href=\"#valentijnsbeleving\"                                        class=\"btn btn-primary\">Reserveer jouw tafeltje<\/a>\r\n                                                                        <\/div>\r\n                <\/div>\r\n            <\/div>\r\n        <\/div>\r\n    <\/div>\r\n","protected":false},"excerpt":{"rendered":"","protected":false},"author":2,"featured_media":0,"parent":0,"menu_order":0,"comment_status":"closed","ping_status":"closed","template":"","meta":{"_acf_changed":false,"ghostkit_customizer_options":"","ghostkit_custom_css":"","ghostkit_custom_js_head":"","ghostkit_custom_js_foot":"","ghostkit_typography":"","footnotes":""},"class_list":["post-6351","page","type-page","status-publish","hentry"],"acf":[],"yoast_head":"<!-- This site is optimized with the Yoast SEO plugin v27.3 - https:\/\/yoast.com\/product\/yoast-seo-wordpress\/ -->\n<title>P\u00e2ques - Kasteel Oost<\/title>\n<meta name=\"description\" content=\"Chez Mon R\u00eave, P\u00e2ques est une f\u00eate pour toute la famille. R\u00e9servez vite votre place et cr\u00e9ez de merveilleux souvenirs ensemble !\" \/>\n<meta name=\"robots\" content=\"index, follow, max-snippet:-1, max-image-preview:large, max-video-preview:-1\" \/>\n<link rel=\"canonical\" href=\"https:\/\/kasteeloostvalkenburg.com\/fr\/jour-du-roi\/\" \/>\n<meta property=\"og:locale\" content=\"fr_FR\" \/>\n<meta property=\"og:type\" content=\"article\" \/>\n<meta property=\"og:title\" content=\"P\u00e2ques - Kasteel Oost\" \/>\n<meta property=\"og:description\" content=\"Chez Mon R\u00eave, P\u00e2ques est une f\u00eate pour toute la famille. R\u00e9servez vite votre place et cr\u00e9ez de merveilleux souvenirs ensemble !\" \/>\n<meta property=\"og:url\" content=\"https:\/\/kasteeloostvalkenburg.com\/fr\/jour-du-roi\/\" \/>\n<meta property=\"og:site_name\" content=\"Kasteel Oost\" \/>\n<meta property=\"article:publisher\" content=\"https:\/\/www.facebook.com\/Kooningstheweddingpalace\" \/>\n<meta property=\"article:modified_time\" content=\"2026-04-07T11:49:23+00:00\" \/>\n<meta name=\"twitter:card\" content=\"summary_large_image\" \/>\n<script type=\"application\/ld+json\" class=\"yoast-schema-graph\">{\"@context\":\"https:\\\/\\\/schema.org\",\"@graph\":[{\"@type\":\"WebPage\",\"@id\":\"https:\\\/\\\/kasteeloostvalkenburg.com\\\/fr\\\/jour-du-roi\\\/\",\"url\":\"https:\\\/\\\/kasteeloostvalkenburg.com\\\/fr\\\/jour-du-roi\\\/\",\"name\":\"P\u00e2ques - Kasteel Oost\",\"isPartOf\":{\"@id\":\"https:\\\/\\\/kasteeloostvalkenburg.com\\\/fr\\\/#website\"},\"datePublished\":\"2026-01-30T14:55:35+00:00\",\"dateModified\":\"2026-04-07T11:49:23+00:00\",\"description\":\"Chez Mon R\u00eave, P\u00e2ques est une f\u00eate pour toute la famille. R\u00e9servez vite votre place et cr\u00e9ez de merveilleux souvenirs ensemble !\",\"breadcrumb\":{\"@id\":\"https:\\\/\\\/kasteeloostvalkenburg.com\\\/fr\\\/jour-du-roi\\\/#breadcrumb\"},\"inLanguage\":\"fr-FR\",\"potentialAction\":[{\"@type\":\"ReadAction\",\"target\":[\"https:\\\/\\\/kasteeloostvalkenburg.com\\\/fr\\\/jour-du-roi\\\/\"]}]},{\"@type\":\"BreadcrumbList\",\"@id\":\"https:\\\/\\\/kasteeloostvalkenburg.com\\\/fr\\\/jour-du-roi\\\/#breadcrumb\",\"itemListElement\":[{\"@type\":\"ListItem\",\"position\":1,\"name\":\"Accueil\",\"item\":\"https:\\\/\\\/kasteeloostvalkenburg.com\\\/fr\\\/\"},{\"@type\":\"ListItem\",\"position\":2,\"name\":\"P\u00e2ques\"}]},{\"@type\":\"WebSite\",\"@id\":\"https:\\\/\\\/kasteeloostvalkenburg.com\\\/fr\\\/#website\",\"url\":\"https:\\\/\\\/kasteeloostvalkenburg.com\\\/fr\\\/\",\"name\":\"Kasteel Oost\",\"description\":\"\",\"publisher\":{\"@id\":\"https:\\\/\\\/kasteeloostvalkenburg.com\\\/fr\\\/#organization\"},\"potentialAction\":[{\"@type\":\"SearchAction\",\"target\":{\"@type\":\"EntryPoint\",\"urlTemplate\":\"https:\\\/\\\/kasteeloostvalkenburg.com\\\/fr\\\/?s={search_term_string}\"},\"query-input\":{\"@type\":\"PropertyValueSpecification\",\"valueRequired\":true,\"valueName\":\"search_term_string\"}}],\"inLanguage\":\"fr-FR\"},{\"@type\":\"Organization\",\"@id\":\"https:\\\/\\\/kasteeloostvalkenburg.com\\\/fr\\\/#organization\",\"name\":\"Kasteel Oost\",\"url\":\"https:\\\/\\\/kasteeloostvalkenburg.com\\\/fr\\\/\",\"logo\":{\"@type\":\"ImageObject\",\"inLanguage\":\"fr-FR\",\"@id\":\"https:\\\/\\\/kasteeloostvalkenburg.com\\\/fr\\\/#\\\/schema\\\/logo\\\/image\\\/\",\"url\":\"https:\\\/\\\/kasteeloostvalkenburg.com\\\/wp-content\\\/uploads\\\/2025\\\/04\\\/KasteelOost-logo-darkgray.png\",\"contentUrl\":\"https:\\\/\\\/kasteeloostvalkenburg.com\\\/wp-content\\\/uploads\\\/2025\\\/04\\\/KasteelOost-logo-darkgray.png\",\"width\":413,\"height\":318,\"caption\":\"Kasteel Oost\"},\"image\":{\"@id\":\"https:\\\/\\\/kasteeloostvalkenburg.com\\\/fr\\\/#\\\/schema\\\/logo\\\/image\\\/\"},\"sameAs\":[\"https:\\\/\\\/www.facebook.com\\\/Kooningstheweddingpalace\",\"https:\\\/\\\/www.instagram.com\\\/kasteeloost\\\/\",\"https:\\\/\\\/www.tiktok.com\\\/@kooningstheweddingpalace\",\"https:\\\/\\\/nl.pinterest.com\\\/koonings\\\/\"]}]}<\/script>\n<!-- \/ Yoast SEO plugin. -->","yoast_head_json":{"title":"P\u00e2ques - Kasteel Oost","description":"Chez Mon R\u00eave, P\u00e2ques est une f\u00eate pour toute la famille. R\u00e9servez vite votre place et cr\u00e9ez de merveilleux souvenirs ensemble !","robots":{"index":"index","follow":"follow","max-snippet":"max-snippet:-1","max-image-preview":"max-image-preview:large","max-video-preview":"max-video-preview:-1"},"canonical":"https:\/\/kasteeloostvalkenburg.com\/fr\/jour-du-roi\/","og_locale":"fr_FR","og_type":"article","og_title":"P\u00e2ques - Kasteel Oost","og_description":"Chez Mon R\u00eave, P\u00e2ques est une f\u00eate pour toute la famille. R\u00e9servez vite votre place et cr\u00e9ez de merveilleux souvenirs ensemble !","og_url":"https:\/\/kasteeloostvalkenburg.com\/fr\/jour-du-roi\/","og_site_name":"Kasteel Oost","article_publisher":"https:\/\/www.facebook.com\/Kooningstheweddingpalace","article_modified_time":"2026-04-07T11:49:23+00:00","twitter_card":"summary_large_image","schema":{"@context":"https:\/\/schema.org","@graph":[{"@type":"WebPage","@id":"https:\/\/kasteeloostvalkenburg.com\/fr\/jour-du-roi\/","url":"https:\/\/kasteeloostvalkenburg.com\/fr\/jour-du-roi\/","name":"P\u00e2ques - Kasteel Oost","isPartOf":{"@id":"https:\/\/kasteeloostvalkenburg.com\/fr\/#website"},"datePublished":"2026-01-30T14:55:35+00:00","dateModified":"2026-04-07T11:49:23+00:00","description":"Chez Mon R\u00eave, P\u00e2ques est une f\u00eate pour toute la famille. R\u00e9servez vite votre place et cr\u00e9ez de merveilleux souvenirs ensemble !","breadcrumb":{"@id":"https:\/\/kasteeloostvalkenburg.com\/fr\/jour-du-roi\/#breadcrumb"},"inLanguage":"fr-FR","potentialAction":[{"@type":"ReadAction","target":["https:\/\/kasteeloostvalkenburg.com\/fr\/jour-du-roi\/"]}]},{"@type":"BreadcrumbList","@id":"https:\/\/kasteeloostvalkenburg.com\/fr\/jour-du-roi\/#breadcrumb","itemListElement":[{"@type":"ListItem","position":1,"name":"Accueil","item":"https:\/\/kasteeloostvalkenburg.com\/fr\/"},{"@type":"ListItem","position":2,"name":"P\u00e2ques"}]},{"@type":"WebSite","@id":"https:\/\/kasteeloostvalkenburg.com\/fr\/#website","url":"https:\/\/kasteeloostvalkenburg.com\/fr\/","name":"Kasteel Oost","description":"","publisher":{"@id":"https:\/\/kasteeloostvalkenburg.com\/fr\/#organization"},"potentialAction":[{"@type":"SearchAction","target":{"@type":"EntryPoint","urlTemplate":"https:\/\/kasteeloostvalkenburg.com\/fr\/?s={search_term_string}"},"query-input":{"@type":"PropertyValueSpecification","valueRequired":true,"valueName":"search_term_string"}}],"inLanguage":"fr-FR"},{"@type":"Organization","@id":"https:\/\/kasteeloostvalkenburg.com\/fr\/#organization","name":"Kasteel Oost","url":"https:\/\/kasteeloostvalkenburg.com\/fr\/","logo":{"@type":"ImageObject","inLanguage":"fr-FR","@id":"https:\/\/kasteeloostvalkenburg.com\/fr\/#\/schema\/logo\/image\/","url":"https:\/\/kasteeloostvalkenburg.com\/wp-content\/uploads\/2025\/04\/KasteelOost-logo-darkgray.png","contentUrl":"https:\/\/kasteeloostvalkenburg.com\/wp-content\/uploads\/2025\/04\/KasteelOost-logo-darkgray.png","width":413,"height":318,"caption":"Kasteel Oost"},"image":{"@id":"https:\/\/kasteeloostvalkenburg.com\/fr\/#\/schema\/logo\/image\/"},"sameAs":["https:\/\/www.facebook.com\/Kooningstheweddingpalace","https:\/\/www.instagram.com\/kasteeloost\/","https:\/\/www.tiktok.com\/@kooningstheweddingpalace","https:\/\/nl.pinterest.com\/koonings\/"]}]}},"_links":{"self":[{"href":"https:\/\/kasteeloostvalkenburg.com\/fr\/wp-json\/wp\/v2\/pages\/6351","targetHints":{"allow":["GET"]}}],"collection":[{"href":"https:\/\/kasteeloostvalkenburg.com\/fr\/wp-json\/wp\/v2\/pages"}],"about":[{"href":"https:\/\/kasteeloostvalkenburg.com\/fr\/wp-json\/wp\/v2\/types\/page"}],"author":[{"embeddable":true,"href":"https:\/\/kasteeloostvalkenburg.com\/fr\/wp-json\/wp\/v2\/users\/2"}],"replies":[{"embeddable":true,"href":"https:\/\/kasteeloostvalkenburg.com\/fr\/wp-json\/wp\/v2\/comments?post=6351"}],"version-history":[{"count":15,"href":"https:\/\/kasteeloostvalkenburg.com\/fr\/wp-json\/wp\/v2\/pages\/6351\/revisions"}],"predecessor-version":[{"id":6757,"href":"https:\/\/kasteeloostvalkenburg.com\/fr\/wp-json\/wp\/v2\/pages\/6351\/revisions\/6757"}],"wp:attachment":[{"href":"https:\/\/kasteeloostvalkenburg.com\/fr\/wp-json\/wp\/v2\/media?parent=6351"}],"curies":[{"name":"wp","href":"https:\/\/api.w.org\/{rel}","templated":true}]}}