{"id":4483,"date":"2025-09-30T11:45:59","date_gmt":"2025-09-30T11:45:59","guid":{"rendered":"https:\/\/kasteeloostvalkenburg.com\/politique-a-legard-des-animaux-de-compagnie\/"},"modified":"2025-09-30T11:48:19","modified_gmt":"2025-09-30T11:48:19","slug":"politique-a-legard-des-animaux-de-compagnie","status":"publish","type":"page","link":"https:\/\/kasteeloostvalkenburg.com\/fr\/politique-a-legard-des-animaux-de-compagnie\/","title":{"rendered":"Politique \u00e0 l&rsquo;\u00e9gard des animaux de compagnie"},"content":{"rendered":"\n<h1 class=\"wp-block-heading has-text-align-center\">Politique \u00e0 l&rsquo;\u00e9gard des animaux de compagnie  <\/h1>\n\n<p class=\"has-text-align-center\">Au Kasteel Oost, nous accueillons chaleureusement non seulement nos h\u00f4tes, mais aussi leurs fid\u00e8les amis \u00e0 quatre pattes. Votre chien est pour nous un <strong>h\u00f4te digne de ce nom<\/strong>, accueilli avec soin et attention. <\/p>\n\r\n    <div class=\"eye-block contentblock fade-in-animation\">\r\n        <div class=\"contentblock__image-right__container\">\r\n            <div class=\"contentblock__image-right\">\r\n                <div class=\"row\">\r\n                    <div class=\"col-12 col-lg-7 p-lg-1 d-flex align-items-center\">\r\n                        <div class=\"contentblock__image-right__content\">\r\n                                                        <h2>S\u00e9jour et tarif<\/h2>\r\n                            <div class=\"contentblock__image-right__content-text\">\r\n                                <p><!-- wp:list --><\/p>\n<ul class=\"wp-block-list\"><!-- wp:list-item --><\/p>\n<li>Pour les chiens, nous facturons un suppl\u00e9ment de <strong>25 \u20ac par nuit.<\/strong><\/li>\n<p><!-- \/wp:list-item --> <!-- wp:list-item --><\/p>\n<li>Les chiens pesant jusqu&rsquo;\u00e0 <strong>15 kg<\/strong> sont les bienvenus.<\/li>\n<p><!-- \/wp:list-item --> <!-- wp:list-item --><\/p>\n<li>Nous acceptons <strong>un maximum de deux chiens<\/strong> par chambre.<\/li>\n<p><!-- \/wp:list-item --><\/ul>\n<p><!-- \/wp:list --><\/p>\n                            <\/div>\r\n\r\n                            \r\n                        <\/div>\r\n                    <\/div>\r\n                    <div class=\"col-12 col-lg-5 p-lg-1\">\r\n                        <div class=\"contentblock__image-right__image\">\r\n                            <img decoding=\"async\" data-speed=\"1.5\" src=\"https:\/\/kasteeloostvalkenburg.com\/wp-content\/uploads\/2025\/09\/pexels-nicolecedik-10467645-scaled.jpg\" alt=\"\">\r\n                        <\/div>\r\n                    <\/div>\r\n                <\/div>\r\n            <\/div>\r\n        <\/div>\r\n    <\/div>\r\n\r\n\r\n<div class=\"eye-block empty-space empty-space--petit \" ><\/div>\r\n    <div class=\"eye-block contentblock fade-in-animation\">\r\n        <div class=\"contentblock__colored-bg alt\">\r\n            <div class=\"row gx-6\">\r\n                <div class=\"col-12 col-lg-6\">\r\n                    <div class=\"contentblock__colored-bg__image alt\">\r\n                        <img decoding=\"async\" src=\"https:\/\/kasteeloostvalkenburg.com\/wp-content\/uploads\/2025\/07\/AfterlightImage-15-scaled.jpg\" alt=\"\" data-speed=\".5\">\r\n                    <\/div>\r\n                <\/div>\r\n                <div class=\"col-12 col-lg-6\">\r\n                    <div class=\"contentblock__colored-bg__content-alt\">\r\n                        <div class=\"filled-block\">\r\n                                                        <h2>Chambres et suites<\/h2>\r\n                        <\/div>\r\n                        <div class=\"contentblock__colored-bg__content-text\">\r\n                            <p><!-- wp:list --><\/p>\n<ul class=\"wp-block-list\"><!-- wp:list-item --><\/p>\n<li>Votre chien reste avec vous dans la chambre, o\u00f9 nous lui fournissons un <strong>tapis confortable<\/strong>, une <strong>gamelle et<\/strong> un <strong>petit cadeau de bienvenue<\/strong> sous forme de d\u00e9licieuses friandises pour chiens.<\/li>\n<p><!-- \/wp:list-item --> <!-- wp:list-item --><\/p>\n<li>Dans notre <strong>suite nuptiale<\/strong>, les chiens ne sont malheureusement pas admis, afin de pr\u00e9server l&rsquo;exclusivit\u00e9 et le d\u00e9cor d\u00e9licat de cette suite.<\/li>\n<p><!-- \/wp:list-item --><\/ul>\n<p><!-- \/wp:list --><\/p>\n                        <\/div>\r\n\r\n                                            <\/div>\r\n                <\/div>\r\n            <\/div>\r\n        <\/div>\r\n    <\/div>\r\n\r\n<div class=\"eye-block empty-space empty-space--petit \" ><\/div>\r\n    <div class=\"eye-block contentblock fade-in-animation\">\r\n        <div class=\"contentblock__image-right__container\">\r\n            <div class=\"contentblock__image-right\">\r\n                <div class=\"row\">\r\n                    <div class=\"col-12 col-lg-7 p-lg-1 d-flex align-items-center\">\r\n                        <div class=\"contentblock__image-right__content\">\r\n                                                        <h2>Petit-d\u00e9jeuner et d\u00eener<\/h2>\r\n                            <div class=\"contentblock__image-right__content-text\">\r\n                                <p><!-- wp:list --><\/p>\n<ul class=\"wp-block-list\"><!-- wp:list-item --><\/p>\n<li>Les chiens ne sont pas admis dans les restaurants et les salons afin de garantir \u00e0 tous nos clients une exp\u00e9rience d\u00e9tendue.<\/li>\n<p><!-- \/wp:list-item --> <!-- wp:list-item --><\/p>\n<li>Cependant, nous sommes heureux de vous proposer une alternative appropri\u00e9e :<!-- wp:list -->\n<ul class=\"wp-block-list\"><!-- wp:list-item --><\/p>\n<li>Vous pouvez <strong>prendre votre petit-d\u00e9jeuner ou votre d\u00eener en toute tranquillit\u00e9 dans votre chambre<\/strong>, o\u00f9 nous nous ferons un plaisir de vous servir les plats.<\/li>\n<p><!-- \/wp:list-item --> <!-- wp:list-item --><\/p>\n<li>Votre chien peut ainsi rester confortablement avec vous ou, si vous le souhaitez, se d\u00e9tendre dans la chambre pendant que vous profitez de notre restaurant.<\/li>\n<p><!-- \/wp:list-item --><\/ul>\n<p><!-- \/wp:list --><\/li>\n<p><!-- \/wp:list-item --><\/ul>\n<p><!-- \/wp:list --><\/p>\n                            <\/div>\r\n\r\n                            \r\n                        <\/div>\r\n                    <\/div>\r\n                    <div class=\"col-12 col-lg-5 p-lg-1\">\r\n                        <div class=\"contentblock__image-right__image\">\r\n                            <img decoding=\"async\" data-speed=\"1.5\" src=\"https:\/\/kasteeloostvalkenburg.com\/wp-content\/uploads\/2025\/09\/3X7A2238.jpg\" alt=\"\">\r\n                        <\/div>\r\n                    <\/div>\r\n                <\/div>\r\n            <\/div>\r\n        <\/div>\r\n    <\/div>\r\n\r\n\n<p class=\"has-text-align-center\">Au Kasteel Oost, nous pensons que l&rsquo;hospitalit\u00e9 ne conna\u00eet pas de limites. C&rsquo;est pourquoi nous faisons tout ce qui est en notre pouvoir pour que votre chien passe lui aussi un <strong>s\u00e9jour chaleureux, \u00e9l\u00e9gant et agr\u00e9able<\/strong> dans notre maison. <\/p>\n","protected":false},"excerpt":{"rendered":"<p>Politique \u00e0 l&rsquo;\u00e9gard des animaux de compagnie Au Kasteel Oost, nous accueillons chaleureusement non seulement nos h\u00f4tes, mais aussi leurs fid\u00e8les amis \u00e0 quatre pattes. Votre chien est pour nous un h\u00f4te digne de ce nom, accueilli avec soin et attention. Au Kasteel Oost, nous pensons que l&rsquo;hospitalit\u00e9 ne conna\u00eet pas de limites. C&rsquo;est pourquoi [&hellip;]<\/p>\n","protected":false},"author":2,"featured_media":0,"parent":0,"menu_order":0,"comment_status":"closed","ping_status":"closed","template":"","meta":{"_acf_changed":false,"ghostkit_customizer_options":"","ghostkit_custom_css":"","ghostkit_custom_js_head":"","ghostkit_custom_js_foot":"","ghostkit_typography":"","footnotes":""},"class_list":["post-4483","page","type-page","status-publish","hentry"],"acf":[],"yoast_head":"<!-- This site is optimized with the Yoast SEO plugin v27.3 - https:\/\/yoast.com\/product\/yoast-seo-wordpress\/ -->\n<title>Politique \u00e0 l&#039;\u00e9gard des animaux de compagnie - Kasteel Oost<\/title>\n<meta name=\"description\" content=\"Au Kasteel Oost, nous accueillons non seulement nos h\u00f4tes, mais aussi leurs fid\u00e8les amis \u00e0 quatre pattes. Pour en savoir plus sur les chiens au Kasteel Oost, cliquez ici.\" \/>\n<meta name=\"robots\" content=\"index, follow, max-snippet:-1, max-image-preview:large, max-video-preview:-1\" \/>\n<link rel=\"canonical\" href=\"https:\/\/kasteeloostvalkenburg.com\/fr\/politique-a-legard-des-animaux-de-compagnie\/\" \/>\n<meta property=\"og:locale\" content=\"fr_FR\" \/>\n<meta property=\"og:type\" content=\"article\" \/>\n<meta property=\"og:title\" content=\"Politique \u00e0 l&#039;\u00e9gard des animaux de compagnie - Kasteel Oost\" \/>\n<meta property=\"og:description\" content=\"Au Kasteel Oost, nous accueillons non seulement nos h\u00f4tes, mais aussi leurs fid\u00e8les amis \u00e0 quatre pattes. Pour en savoir plus sur les chiens au Kasteel Oost, cliquez ici.\" \/>\n<meta property=\"og:url\" content=\"https:\/\/kasteeloostvalkenburg.com\/fr\/politique-a-legard-des-animaux-de-compagnie\/\" \/>\n<meta property=\"og:site_name\" content=\"Kasteel Oost\" \/>\n<meta property=\"article:publisher\" content=\"https:\/\/www.facebook.com\/Kooningstheweddingpalace\" \/>\n<meta property=\"article:modified_time\" content=\"2025-09-30T11:48:19+00:00\" \/>\n<meta name=\"twitter:card\" content=\"summary_large_image\" \/>\n<script type=\"application\/ld+json\" class=\"yoast-schema-graph\">{\"@context\":\"https:\\\/\\\/schema.org\",\"@graph\":[{\"@type\":\"WebPage\",\"@id\":\"https:\\\/\\\/kasteeloostvalkenburg.com\\\/fr\\\/politique-a-legard-des-animaux-de-compagnie\\\/\",\"url\":\"https:\\\/\\\/kasteeloostvalkenburg.com\\\/fr\\\/politique-a-legard-des-animaux-de-compagnie\\\/\",\"name\":\"Politique \u00e0 l'\u00e9gard des animaux de compagnie - Kasteel Oost\",\"isPartOf\":{\"@id\":\"https:\\\/\\\/kasteeloostvalkenburg.com\\\/fr\\\/#website\"},\"datePublished\":\"2025-09-30T11:45:59+00:00\",\"dateModified\":\"2025-09-30T11:48:19+00:00\",\"description\":\"Au Kasteel Oost, nous accueillons non seulement nos h\u00f4tes, mais aussi leurs fid\u00e8les amis \u00e0 quatre pattes. Pour en savoir plus sur les chiens au Kasteel Oost, cliquez ici.\",\"breadcrumb\":{\"@id\":\"https:\\\/\\\/kasteeloostvalkenburg.com\\\/fr\\\/politique-a-legard-des-animaux-de-compagnie\\\/#breadcrumb\"},\"inLanguage\":\"fr-FR\",\"potentialAction\":[{\"@type\":\"ReadAction\",\"target\":[\"https:\\\/\\\/kasteeloostvalkenburg.com\\\/fr\\\/politique-a-legard-des-animaux-de-compagnie\\\/\"]}]},{\"@type\":\"BreadcrumbList\",\"@id\":\"https:\\\/\\\/kasteeloostvalkenburg.com\\\/fr\\\/politique-a-legard-des-animaux-de-compagnie\\\/#breadcrumb\",\"itemListElement\":[{\"@type\":\"ListItem\",\"position\":1,\"name\":\"Accueil\",\"item\":\"https:\\\/\\\/kasteeloostvalkenburg.com\\\/fr\\\/\"},{\"@type\":\"ListItem\",\"position\":2,\"name\":\"Politique \u00e0 l&#8217;\u00e9gard des animaux de compagnie\"}]},{\"@type\":\"WebSite\",\"@id\":\"https:\\\/\\\/kasteeloostvalkenburg.com\\\/fr\\\/#website\",\"url\":\"https:\\\/\\\/kasteeloostvalkenburg.com\\\/fr\\\/\",\"name\":\"Kasteel Oost\",\"description\":\"\",\"publisher\":{\"@id\":\"https:\\\/\\\/kasteeloostvalkenburg.com\\\/fr\\\/#organization\"},\"potentialAction\":[{\"@type\":\"SearchAction\",\"target\":{\"@type\":\"EntryPoint\",\"urlTemplate\":\"https:\\\/\\\/kasteeloostvalkenburg.com\\\/fr\\\/?s={search_term_string}\"},\"query-input\":{\"@type\":\"PropertyValueSpecification\",\"valueRequired\":true,\"valueName\":\"search_term_string\"}}],\"inLanguage\":\"fr-FR\"},{\"@type\":\"Organization\",\"@id\":\"https:\\\/\\\/kasteeloostvalkenburg.com\\\/fr\\\/#organization\",\"name\":\"Kasteel Oost\",\"url\":\"https:\\\/\\\/kasteeloostvalkenburg.com\\\/fr\\\/\",\"logo\":{\"@type\":\"ImageObject\",\"inLanguage\":\"fr-FR\",\"@id\":\"https:\\\/\\\/kasteeloostvalkenburg.com\\\/fr\\\/#\\\/schema\\\/logo\\\/image\\\/\",\"url\":\"https:\\\/\\\/kasteeloostvalkenburg.com\\\/wp-content\\\/uploads\\\/2025\\\/04\\\/KasteelOost-logo-darkgray.png\",\"contentUrl\":\"https:\\\/\\\/kasteeloostvalkenburg.com\\\/wp-content\\\/uploads\\\/2025\\\/04\\\/KasteelOost-logo-darkgray.png\",\"width\":413,\"height\":318,\"caption\":\"Kasteel Oost\"},\"image\":{\"@id\":\"https:\\\/\\\/kasteeloostvalkenburg.com\\\/fr\\\/#\\\/schema\\\/logo\\\/image\\\/\"},\"sameAs\":[\"https:\\\/\\\/www.facebook.com\\\/Kooningstheweddingpalace\",\"https:\\\/\\\/www.instagram.com\\\/kasteeloost\\\/\",\"https:\\\/\\\/www.tiktok.com\\\/@kooningstheweddingpalace\",\"https:\\\/\\\/nl.pinterest.com\\\/koonings\\\/\"]}]}<\/script>\n<!-- \/ Yoast SEO plugin. -->","yoast_head_json":{"title":"Politique \u00e0 l'\u00e9gard des animaux de compagnie - Kasteel Oost","description":"Au Kasteel Oost, nous accueillons non seulement nos h\u00f4tes, mais aussi leurs fid\u00e8les amis \u00e0 quatre pattes. Pour en savoir plus sur les chiens au Kasteel Oost, cliquez ici.","robots":{"index":"index","follow":"follow","max-snippet":"max-snippet:-1","max-image-preview":"max-image-preview:large","max-video-preview":"max-video-preview:-1"},"canonical":"https:\/\/kasteeloostvalkenburg.com\/fr\/politique-a-legard-des-animaux-de-compagnie\/","og_locale":"fr_FR","og_type":"article","og_title":"Politique \u00e0 l'\u00e9gard des animaux de compagnie - Kasteel Oost","og_description":"Au Kasteel Oost, nous accueillons non seulement nos h\u00f4tes, mais aussi leurs fid\u00e8les amis \u00e0 quatre pattes. Pour en savoir plus sur les chiens au Kasteel Oost, cliquez ici.","og_url":"https:\/\/kasteeloostvalkenburg.com\/fr\/politique-a-legard-des-animaux-de-compagnie\/","og_site_name":"Kasteel Oost","article_publisher":"https:\/\/www.facebook.com\/Kooningstheweddingpalace","article_modified_time":"2025-09-30T11:48:19+00:00","twitter_card":"summary_large_image","schema":{"@context":"https:\/\/schema.org","@graph":[{"@type":"WebPage","@id":"https:\/\/kasteeloostvalkenburg.com\/fr\/politique-a-legard-des-animaux-de-compagnie\/","url":"https:\/\/kasteeloostvalkenburg.com\/fr\/politique-a-legard-des-animaux-de-compagnie\/","name":"Politique \u00e0 l'\u00e9gard des animaux de compagnie - Kasteel Oost","isPartOf":{"@id":"https:\/\/kasteeloostvalkenburg.com\/fr\/#website"},"datePublished":"2025-09-30T11:45:59+00:00","dateModified":"2025-09-30T11:48:19+00:00","description":"Au Kasteel Oost, nous accueillons non seulement nos h\u00f4tes, mais aussi leurs fid\u00e8les amis \u00e0 quatre pattes. Pour en savoir plus sur les chiens au Kasteel Oost, cliquez ici.","breadcrumb":{"@id":"https:\/\/kasteeloostvalkenburg.com\/fr\/politique-a-legard-des-animaux-de-compagnie\/#breadcrumb"},"inLanguage":"fr-FR","potentialAction":[{"@type":"ReadAction","target":["https:\/\/kasteeloostvalkenburg.com\/fr\/politique-a-legard-des-animaux-de-compagnie\/"]}]},{"@type":"BreadcrumbList","@id":"https:\/\/kasteeloostvalkenburg.com\/fr\/politique-a-legard-des-animaux-de-compagnie\/#breadcrumb","itemListElement":[{"@type":"ListItem","position":1,"name":"Accueil","item":"https:\/\/kasteeloostvalkenburg.com\/fr\/"},{"@type":"ListItem","position":2,"name":"Politique \u00e0 l&#8217;\u00e9gard des animaux de compagnie"}]},{"@type":"WebSite","@id":"https:\/\/kasteeloostvalkenburg.com\/fr\/#website","url":"https:\/\/kasteeloostvalkenburg.com\/fr\/","name":"Kasteel Oost","description":"","publisher":{"@id":"https:\/\/kasteeloostvalkenburg.com\/fr\/#organization"},"potentialAction":[{"@type":"SearchAction","target":{"@type":"EntryPoint","urlTemplate":"https:\/\/kasteeloostvalkenburg.com\/fr\/?s={search_term_string}"},"query-input":{"@type":"PropertyValueSpecification","valueRequired":true,"valueName":"search_term_string"}}],"inLanguage":"fr-FR"},{"@type":"Organization","@id":"https:\/\/kasteeloostvalkenburg.com\/fr\/#organization","name":"Kasteel Oost","url":"https:\/\/kasteeloostvalkenburg.com\/fr\/","logo":{"@type":"ImageObject","inLanguage":"fr-FR","@id":"https:\/\/kasteeloostvalkenburg.com\/fr\/#\/schema\/logo\/image\/","url":"https:\/\/kasteeloostvalkenburg.com\/wp-content\/uploads\/2025\/04\/KasteelOost-logo-darkgray.png","contentUrl":"https:\/\/kasteeloostvalkenburg.com\/wp-content\/uploads\/2025\/04\/KasteelOost-logo-darkgray.png","width":413,"height":318,"caption":"Kasteel Oost"},"image":{"@id":"https:\/\/kasteeloostvalkenburg.com\/fr\/#\/schema\/logo\/image\/"},"sameAs":["https:\/\/www.facebook.com\/Kooningstheweddingpalace","https:\/\/www.instagram.com\/kasteeloost\/","https:\/\/www.tiktok.com\/@kooningstheweddingpalace","https:\/\/nl.pinterest.com\/koonings\/"]}]}},"_links":{"self":[{"href":"https:\/\/kasteeloostvalkenburg.com\/fr\/wp-json\/wp\/v2\/pages\/4483","targetHints":{"allow":["GET"]}}],"collection":[{"href":"https:\/\/kasteeloostvalkenburg.com\/fr\/wp-json\/wp\/v2\/pages"}],"about":[{"href":"https:\/\/kasteeloostvalkenburg.com\/fr\/wp-json\/wp\/v2\/types\/page"}],"author":[{"embeddable":true,"href":"https:\/\/kasteeloostvalkenburg.com\/fr\/wp-json\/wp\/v2\/users\/2"}],"replies":[{"embeddable":true,"href":"https:\/\/kasteeloostvalkenburg.com\/fr\/wp-json\/wp\/v2\/comments?post=4483"}],"version-history":[{"count":1,"href":"https:\/\/kasteeloostvalkenburg.com\/fr\/wp-json\/wp\/v2\/pages\/4483\/revisions"}],"predecessor-version":[{"id":4484,"href":"https:\/\/kasteeloostvalkenburg.com\/fr\/wp-json\/wp\/v2\/pages\/4483\/revisions\/4484"}],"wp:attachment":[{"href":"https:\/\/kasteeloostvalkenburg.com\/fr\/wp-json\/wp\/v2\/media?parent=4483"}],"curies":[{"name":"wp","href":"https:\/\/api.w.org\/{rel}","templated":true}]}}