{"id":4070,"date":"2025-09-12T09:36:32","date_gmt":"2025-09-12T09:36:32","guid":{"rendered":"https:\/\/kasteeloostvalkenburg.com\/demandez-une-brochure-de-mariage\/"},"modified":"2025-11-11T08:05:28","modified_gmt":"2025-11-11T08:05:28","slug":"demandez-une-brochure-de-mariage","status":"publish","type":"page","link":"https:\/\/kasteeloostvalkenburg.com\/fr\/demandez-une-brochure-de-mariage\/","title":{"rendered":"Demandez une brochure de mariage"},"content":{"rendered":"\n<h1 class=\"wp-block-heading has-text-align-center\">Brochure de mariage gratuite<br\/>Votre mariage de r\u00eave commence ici<\/h1>\n\n<p class=\"has-text-align-center\">Vous r\u00eavez d&rsquo;un mariage romantique dans un lieu o\u00f9 l&rsquo;histoire et l&rsquo;\u00e9l\u00e9gance se conjuguent ? \u00c0 Kasteel Oost, nous ne nous contentons pas de cr\u00e9er des mariages, nous cr\u00e9ons des exp\u00e9riences qui resteront \u00e0 jamais grav\u00e9es dans votre m\u00e9moire. Qu&rsquo;il s&rsquo;agisse d&rsquo;une c\u00e9r\u00e9monie intime dans le jardin du ch\u00e2teau ou d&rsquo;une soir\u00e9e festive dans la salle de bal, chaque d\u00e9tail est adapt\u00e9 \u00e0 votre histoire.  <\/p>\n\r\n    <div class=\"eye-block contentblock fade-in-animation\">\r\n        <div class=\"contentblock__colored-bg alt\">\r\n            <div class=\"row gx-6\">\r\n                <div class=\"col-12 col-lg-6\">\r\n                    <div class=\"contentblock__colored-bg__image alt\">\r\n                        <img decoding=\"async\" src=\"https:\/\/kasteeloostvalkenburg.com\/wp-content\/uploads\/2025\/09\/Coen-Nikki-Lois-van-Valkenburg-Photography624-scaled.jpg\" alt=\"\" data-speed=\".5\">\r\n                    <\/div>\r\n                <\/div>\r\n                <div class=\"col-12 col-lg-6\">\r\n                    <div class=\"contentblock__colored-bg__content-alt\">\r\n                        <div class=\"filled-block\">\r\n                                                        <h2>Demandez votre brochure de mariage gratuite<\/h2>\r\n                        <\/div>\r\n                        <div class=\"contentblock__colored-bg__content-text\">\r\n                            <p>Dans notre brochure sur les mariages, vous d\u00e9couvrirez tout ce qu&rsquo;il faut savoir pour se marier \u00e0 Kasteel Oost &#8211; les options, l&rsquo;atmosph\u00e8re, les fourchettes de prix et, surtout, la magie qui rend notre lieu si unique.<\/p>\n                        <\/div>\r\n\r\n                                                                                    <a href=\"https:\/\/mailings.koonings.com\/lp\/trouwbrochure_kasteeloost\"                                        class=\"btn btn-primary\">T\u00e9l\u00e9chargez votre brochure GRATUITE<\/a>\r\n                                                                        <\/div>\r\n                <\/div>\r\n            <\/div>\r\n        <\/div>\r\n    <\/div>\r\n\r\n<div class=\"eye-block empty-space empty-space--large pt-md-5 pb-md-5 pt-4 pb-4\" ><\/div>\n<div class=\"ghostkit-grid ghostkit-grid-gap-md\"><div class=\"ghostkit-grid-inner\">\n<div class=\"ghostkit-col ghostkit-col-lg-12 ghostkit-col-2 is-layout-flow wp-block-ghostkit-grid-column-is-layout-flow\"><div class=\"ghostkit-col-content\"><\/div><\/div>\n\n\n\n<div class=\"ghostkit-col ghostkit-col-lg-12 ghostkit-col-8\"><div class=\"ghostkit-col-content is-layout-flow wp-block-ghostkit-grid-column-is-layout-flow\">\r\n<div class=\"eye-block custom-card bg--lightbeige\">\r\n    <div class=\"custom-card__content\">\r\n        <div class=\"acf-innerblocks-container\">\n\r\n<div class=\"eye-block quote-block\">\r\n    <div class=\"quote-content\">\r\n        <blockquote>\r\n            <h2 class=\"content\">Nous avons pass\u00e9 une journ\u00e9e inoubliable et fantastique dans un lieu digne d&#039;un conte de f\u00e9es, le Kasteel Oost.\r\nNous n&#039;aurions pas pu r\u00eaver d&#039;une plus belle journ\u00e9e !<\/h2>\r\n            <p class=\"author\">Coen et Nikki<\/p>\r\n            <p class=\"subtitle\">Les mari\u00e9s &#8211; mari\u00e9s le 12 juillet 2025<\/p>\r\n        <\/blockquote>\r\n    <\/div>\r\n<\/div>\r\n\n<\/div>\r\n    <\/div>\r\n    <\/div><\/div><\/div>\n\n\n\n<div class=\"ghostkit-col ghostkit-col-lg-12 ghostkit-col-2 is-layout-flow wp-block-ghostkit-grid-column-is-layout-flow\"><div class=\"ghostkit-col-content\"><\/div><\/div>\n<\/div><\/div>\n\r\n<div class=\"eye-block empty-space empty-space--large pt-md-5 pb-md-5 pt-4 pb-4\" ><\/div>\r\n    <div class=\"eye-block contentblock fade-in-animation\">\r\n        <div class=\"contentblock__overlapping-images\">\r\n            <div class=\"row\">\r\n                <div class=\"col-12 col-lg-7\">\r\n                    <div class=\"contentblock__overlapping-images__content\">\r\n                                                <h2>Vous trouverez ces informations dans la brochure de mariage<\/h2>\r\n                        <div class=\"contentblock__overlapping-images__content-text\">\r\n                            <ul>\n<li>Un aper\u00e7u de nos magnifiques espaces : de la c\u00e9r\u00e9monie \u00e0 la f\u00eate<\/li>\n<li>Images atmosph\u00e9riques inspirantes de mariages r\u00e9els<\/li>\n<li>Exemples de journ\u00e9es de mariage compl\u00e8tes et de fourchettes de prix<\/li>\n<li>Informations sur notre suite nuptiale et nos chambres d&rsquo;h\u00f4tel<\/li>\n<li>Options culinaires au restaurant Mon R\u00eave<\/li>\n<li>Notre approche : personnelle, sur mesure et prise en charge \u00e0 la perfection<\/li>\n<\/ul>\n<p>\"Kasteel Oost n&rsquo;est pas un lieu de mariage &#8211; c&rsquo;est le cadre de votre histoire d&rsquo;amour\".<\/p>\n                        <\/div>\r\n\r\n                        \r\n                    <\/div>\r\n                <\/div>\r\n                <div class=\"col-12 col-lg-5 overlap\">\r\n                    <div class=\"contentblock__overlapping-images__images\">\r\n                        <img decoding=\"async\" class=\"skip-lazy\" src=\"https:\/\/kasteeloostvalkenburg.com\/wp-content\/uploads\/2025\/09\/Coen-Nikki-Lois-van-Valkenburg-Photography513-scaled.jpg\" alt=\"\">\r\n                        <img decoding=\"async\" class=\"skip-lazy\" src=\"https:\/\/kasteeloostvalkenburg.com\/wp-content\/uploads\/2025\/09\/Koonings-Demi_s-Design-72-scaled.jpg\" alt=\"\">\r\n                        <img decoding=\"async\" class=\"skip-lazy\" src=\"https:\/\/kasteeloostvalkenburg.com\/wp-content\/uploads\/2025\/09\/Coen-Nikki-Lois-van-Valkenburg-Photography71-scaled.jpg\" alt=\"\">\r\n                    <\/div>\r\n                <\/div>\r\n            <\/div>\r\n        <\/div>\r\n    <\/div>\r\n\r\n\r\n\r\n<div class=\"eye-block empty-space empty-space--large pt-md-5 pb-md-5 pt-4 pb-4\" ><\/div>\r\n    <div class=\"eye-block contentblock fade-in-animation\">\r\n        <div class=\"contentblock__colored-bg alt\">\r\n            <div class=\"row gx-6\">\r\n                <div class=\"col-12 col-lg-6\">\r\n                    <div class=\"contentblock__colored-bg__image alt\">\r\n                        <img decoding=\"async\" src=\"https:\/\/kasteeloostvalkenburg.com\/wp-content\/uploads\/2025\/04\/Marleen--e1745404047837.png\" alt=\"\" data-speed=\".5\">\r\n                    <\/div>\r\n                <\/div>\r\n                <div class=\"col-12 col-lg-6\">\r\n                    <div class=\"contentblock__colored-bg__content-alt\">\r\n                        <div class=\"filled-block\">\r\n                                                        <h2>Pr\u00eat \u00e0 faire connaissance ?<\/h2>\r\n                        <\/div>\r\n                        <div class=\"contentblock__colored-bg__content-text\">\r\n                            <p>En plus de la brochure, nous vous proposons \u00e9galement :<\/p>\n<ul>\n<li>Une visite personnelle<\/li>\n<li>Une r\u00e9union de pr\u00e9sentation non contraignante<\/li>\n<li>Contact direct avec notre organisateur de mariage<\/li>\n<\/ul>\n                        <\/div>\r\n\r\n                                            <\/div>\r\n                <\/div>\r\n            <\/div>\r\n        <\/div>\r\n    <\/div>\r\n\n<div class=\"ghostkit-grid ghostkit-grid-gap-md\"><div class=\"ghostkit-grid-inner\">\n<div class=\"ghostkit-col ghostkit-col-lg-12 ghostkit-col-3 is-layout-flow wp-block-ghostkit-grid-column-is-layout-flow\"><div class=\"ghostkit-col-content\"><\/div><\/div>\n\n\n\n<div class=\"ghostkit-col ghostkit-col-lg-12 ghostkit-col-6\"><div class=\"ghostkit-col-content is-layout-flow wp-block-ghostkit-grid-column-is-layout-flow\">\n<h2 class=\"wp-block-heading has-text-align-center\">Contactez-nous sans engagement<\/h2>\n\n\n\n<p class=\"has-text-align-center\">Vous souhaitez savoir ce qu&rsquo;il est possible de faire d&rsquo;autre sur Kasteel Oost? N&rsquo;h\u00e9sitez pas \u00e0 nous contacter ! <\/p>\n\n\n\n<iframe id=\"contact\" src=\"https:\/\/app.eventtemple.com\/lead_intakes\/f203cf1a42c8b9e101002e8f056ed4fb\/13373\/new\" width=\"100%\" height=\"800px\" frameborder=\"0\"><\/iframe>\n<\/div><\/div>\n\n\n\n<div class=\"ghostkit-col ghostkit-col-lg-12 ghostkit-col-3 is-layout-flow wp-block-ghostkit-grid-column-is-layout-flow\"><div class=\"ghostkit-col-content\"><\/div><\/div>\n<\/div><\/div>\n","protected":false},"excerpt":{"rendered":"<p>Brochure de mariage gratuiteVotre mariage de r\u00eave commence ici Vous r\u00eavez d&rsquo;un mariage romantique dans un lieu o\u00f9 l&rsquo;histoire et l&rsquo;\u00e9l\u00e9gance se conjuguent ? \u00c0 Kasteel Oost, nous ne nous contentons pas de cr\u00e9er des mariages, nous cr\u00e9ons des exp\u00e9riences qui resteront \u00e0 jamais grav\u00e9es dans votre m\u00e9moire. Qu&rsquo;il s&rsquo;agisse d&rsquo;une c\u00e9r\u00e9monie intime dans le [&hellip;]<\/p>\n","protected":false},"author":2,"featured_media":0,"parent":0,"menu_order":0,"comment_status":"closed","ping_status":"closed","template":"","meta":{"_acf_changed":false,"ghostkit_customizer_options":"","ghostkit_custom_css":"","ghostkit_custom_js_head":"","ghostkit_custom_js_foot":"","ghostkit_typography":"","footnotes":""},"class_list":["post-4070","page","type-page","status-publish","hentry"],"acf":[],"yoast_head":"<!-- This site is optimized with the Yoast SEO plugin v27.3 - https:\/\/yoast.com\/product\/yoast-seo-wordpress\/ -->\n<title>Demandez une brochure de mariage - Kasteel Oost<\/title>\n<meta name=\"description\" content=\"Dans la brochure de mariage gratuite, vous d\u00e9couvrirez tout ce qu&#039;il faut savoir pour se marier \u00e0 Kasteel Oost. Les possibilit\u00e9s, l&#039;atmosph\u00e8re et la magie qui rendent notre site si unique.\" \/>\n<meta name=\"robots\" content=\"index, follow, max-snippet:-1, max-image-preview:large, max-video-preview:-1\" \/>\n<link rel=\"canonical\" href=\"https:\/\/kasteeloostvalkenburg.com\/fr\/demandez-une-brochure-de-mariage\/\" \/>\n<meta property=\"og:locale\" content=\"fr_FR\" \/>\n<meta property=\"og:type\" content=\"article\" \/>\n<meta property=\"og:title\" content=\"Demandez une brochure de mariage - Kasteel Oost\" \/>\n<meta property=\"og:description\" content=\"Dans la brochure de mariage gratuite, vous d\u00e9couvrirez tout ce qu&#039;il faut savoir pour se marier \u00e0 Kasteel Oost. Les possibilit\u00e9s, l&#039;atmosph\u00e8re et la magie qui rendent notre site si unique.\" \/>\n<meta property=\"og:url\" content=\"https:\/\/kasteeloostvalkenburg.com\/fr\/demandez-une-brochure-de-mariage\/\" \/>\n<meta property=\"og:site_name\" content=\"Kasteel Oost\" \/>\n<meta property=\"article:publisher\" content=\"https:\/\/www.facebook.com\/Kooningstheweddingpalace\" \/>\n<meta property=\"article:modified_time\" content=\"2025-11-11T08:05:28+00:00\" \/>\n<meta name=\"twitter:card\" content=\"summary_large_image\" \/>\n<script type=\"application\/ld+json\" class=\"yoast-schema-graph\">{\"@context\":\"https:\\\/\\\/schema.org\",\"@graph\":[{\"@type\":\"WebPage\",\"@id\":\"https:\\\/\\\/kasteeloostvalkenburg.com\\\/fr\\\/demandez-une-brochure-de-mariage\\\/\",\"url\":\"https:\\\/\\\/kasteeloostvalkenburg.com\\\/fr\\\/demandez-une-brochure-de-mariage\\\/\",\"name\":\"Demandez une brochure de mariage - Kasteel Oost\",\"isPartOf\":{\"@id\":\"https:\\\/\\\/kasteeloostvalkenburg.com\\\/fr\\\/#website\"},\"datePublished\":\"2025-09-12T09:36:32+00:00\",\"dateModified\":\"2025-11-11T08:05:28+00:00\",\"description\":\"Dans la brochure de mariage gratuite, vous d\u00e9couvrirez tout ce qu'il faut savoir pour se marier \u00e0 Kasteel Oost. Les possibilit\u00e9s, l'atmosph\u00e8re et la magie qui rendent notre site si unique.\",\"breadcrumb\":{\"@id\":\"https:\\\/\\\/kasteeloostvalkenburg.com\\\/fr\\\/demandez-une-brochure-de-mariage\\\/#breadcrumb\"},\"inLanguage\":\"fr-FR\",\"potentialAction\":[{\"@type\":\"ReadAction\",\"target\":[\"https:\\\/\\\/kasteeloostvalkenburg.com\\\/fr\\\/demandez-une-brochure-de-mariage\\\/\"]}]},{\"@type\":\"BreadcrumbList\",\"@id\":\"https:\\\/\\\/kasteeloostvalkenburg.com\\\/fr\\\/demandez-une-brochure-de-mariage\\\/#breadcrumb\",\"itemListElement\":[{\"@type\":\"ListItem\",\"position\":1,\"name\":\"Accueil\",\"item\":\"https:\\\/\\\/kasteeloostvalkenburg.com\\\/fr\\\/\"},{\"@type\":\"ListItem\",\"position\":2,\"name\":\"Demandez une brochure de mariage\"}]},{\"@type\":\"WebSite\",\"@id\":\"https:\\\/\\\/kasteeloostvalkenburg.com\\\/fr\\\/#website\",\"url\":\"https:\\\/\\\/kasteeloostvalkenburg.com\\\/fr\\\/\",\"name\":\"Kasteel Oost\",\"description\":\"\",\"publisher\":{\"@id\":\"https:\\\/\\\/kasteeloostvalkenburg.com\\\/fr\\\/#organization\"},\"potentialAction\":[{\"@type\":\"SearchAction\",\"target\":{\"@type\":\"EntryPoint\",\"urlTemplate\":\"https:\\\/\\\/kasteeloostvalkenburg.com\\\/fr\\\/?s={search_term_string}\"},\"query-input\":{\"@type\":\"PropertyValueSpecification\",\"valueRequired\":true,\"valueName\":\"search_term_string\"}}],\"inLanguage\":\"fr-FR\"},{\"@type\":\"Organization\",\"@id\":\"https:\\\/\\\/kasteeloostvalkenburg.com\\\/fr\\\/#organization\",\"name\":\"Kasteel Oost\",\"url\":\"https:\\\/\\\/kasteeloostvalkenburg.com\\\/fr\\\/\",\"logo\":{\"@type\":\"ImageObject\",\"inLanguage\":\"fr-FR\",\"@id\":\"https:\\\/\\\/kasteeloostvalkenburg.com\\\/fr\\\/#\\\/schema\\\/logo\\\/image\\\/\",\"url\":\"https:\\\/\\\/kasteeloostvalkenburg.com\\\/wp-content\\\/uploads\\\/2025\\\/04\\\/KasteelOost-logo-darkgray.png\",\"contentUrl\":\"https:\\\/\\\/kasteeloostvalkenburg.com\\\/wp-content\\\/uploads\\\/2025\\\/04\\\/KasteelOost-logo-darkgray.png\",\"width\":413,\"height\":318,\"caption\":\"Kasteel Oost\"},\"image\":{\"@id\":\"https:\\\/\\\/kasteeloostvalkenburg.com\\\/fr\\\/#\\\/schema\\\/logo\\\/image\\\/\"},\"sameAs\":[\"https:\\\/\\\/www.facebook.com\\\/Kooningstheweddingpalace\",\"https:\\\/\\\/www.instagram.com\\\/kasteeloost\\\/\",\"https:\\\/\\\/www.tiktok.com\\\/@kooningstheweddingpalace\",\"https:\\\/\\\/nl.pinterest.com\\\/koonings\\\/\"]}]}<\/script>\n<!-- \/ Yoast SEO plugin. -->","yoast_head_json":{"title":"Demandez une brochure de mariage - Kasteel Oost","description":"Dans la brochure de mariage gratuite, vous d\u00e9couvrirez tout ce qu'il faut savoir pour se marier \u00e0 Kasteel Oost. Les possibilit\u00e9s, l'atmosph\u00e8re et la magie qui rendent notre site si unique.","robots":{"index":"index","follow":"follow","max-snippet":"max-snippet:-1","max-image-preview":"max-image-preview:large","max-video-preview":"max-video-preview:-1"},"canonical":"https:\/\/kasteeloostvalkenburg.com\/fr\/demandez-une-brochure-de-mariage\/","og_locale":"fr_FR","og_type":"article","og_title":"Demandez une brochure de mariage - Kasteel Oost","og_description":"Dans la brochure de mariage gratuite, vous d\u00e9couvrirez tout ce qu'il faut savoir pour se marier \u00e0 Kasteel Oost. Les possibilit\u00e9s, l'atmosph\u00e8re et la magie qui rendent notre site si unique.","og_url":"https:\/\/kasteeloostvalkenburg.com\/fr\/demandez-une-brochure-de-mariage\/","og_site_name":"Kasteel Oost","article_publisher":"https:\/\/www.facebook.com\/Kooningstheweddingpalace","article_modified_time":"2025-11-11T08:05:28+00:00","twitter_card":"summary_large_image","schema":{"@context":"https:\/\/schema.org","@graph":[{"@type":"WebPage","@id":"https:\/\/kasteeloostvalkenburg.com\/fr\/demandez-une-brochure-de-mariage\/","url":"https:\/\/kasteeloostvalkenburg.com\/fr\/demandez-une-brochure-de-mariage\/","name":"Demandez une brochure de mariage - Kasteel Oost","isPartOf":{"@id":"https:\/\/kasteeloostvalkenburg.com\/fr\/#website"},"datePublished":"2025-09-12T09:36:32+00:00","dateModified":"2025-11-11T08:05:28+00:00","description":"Dans la brochure de mariage gratuite, vous d\u00e9couvrirez tout ce qu'il faut savoir pour se marier \u00e0 Kasteel Oost. Les possibilit\u00e9s, l'atmosph\u00e8re et la magie qui rendent notre site si unique.","breadcrumb":{"@id":"https:\/\/kasteeloostvalkenburg.com\/fr\/demandez-une-brochure-de-mariage\/#breadcrumb"},"inLanguage":"fr-FR","potentialAction":[{"@type":"ReadAction","target":["https:\/\/kasteeloostvalkenburg.com\/fr\/demandez-une-brochure-de-mariage\/"]}]},{"@type":"BreadcrumbList","@id":"https:\/\/kasteeloostvalkenburg.com\/fr\/demandez-une-brochure-de-mariage\/#breadcrumb","itemListElement":[{"@type":"ListItem","position":1,"name":"Accueil","item":"https:\/\/kasteeloostvalkenburg.com\/fr\/"},{"@type":"ListItem","position":2,"name":"Demandez une brochure de mariage"}]},{"@type":"WebSite","@id":"https:\/\/kasteeloostvalkenburg.com\/fr\/#website","url":"https:\/\/kasteeloostvalkenburg.com\/fr\/","name":"Kasteel Oost","description":"","publisher":{"@id":"https:\/\/kasteeloostvalkenburg.com\/fr\/#organization"},"potentialAction":[{"@type":"SearchAction","target":{"@type":"EntryPoint","urlTemplate":"https:\/\/kasteeloostvalkenburg.com\/fr\/?s={search_term_string}"},"query-input":{"@type":"PropertyValueSpecification","valueRequired":true,"valueName":"search_term_string"}}],"inLanguage":"fr-FR"},{"@type":"Organization","@id":"https:\/\/kasteeloostvalkenburg.com\/fr\/#organization","name":"Kasteel Oost","url":"https:\/\/kasteeloostvalkenburg.com\/fr\/","logo":{"@type":"ImageObject","inLanguage":"fr-FR","@id":"https:\/\/kasteeloostvalkenburg.com\/fr\/#\/schema\/logo\/image\/","url":"https:\/\/kasteeloostvalkenburg.com\/wp-content\/uploads\/2025\/04\/KasteelOost-logo-darkgray.png","contentUrl":"https:\/\/kasteeloostvalkenburg.com\/wp-content\/uploads\/2025\/04\/KasteelOost-logo-darkgray.png","width":413,"height":318,"caption":"Kasteel Oost"},"image":{"@id":"https:\/\/kasteeloostvalkenburg.com\/fr\/#\/schema\/logo\/image\/"},"sameAs":["https:\/\/www.facebook.com\/Kooningstheweddingpalace","https:\/\/www.instagram.com\/kasteeloost\/","https:\/\/www.tiktok.com\/@kooningstheweddingpalace","https:\/\/nl.pinterest.com\/koonings\/"]}]}},"_links":{"self":[{"href":"https:\/\/kasteeloostvalkenburg.com\/fr\/wp-json\/wp\/v2\/pages\/4070","targetHints":{"allow":["GET"]}}],"collection":[{"href":"https:\/\/kasteeloostvalkenburg.com\/fr\/wp-json\/wp\/v2\/pages"}],"about":[{"href":"https:\/\/kasteeloostvalkenburg.com\/fr\/wp-json\/wp\/v2\/types\/page"}],"author":[{"embeddable":true,"href":"https:\/\/kasteeloostvalkenburg.com\/fr\/wp-json\/wp\/v2\/users\/2"}],"replies":[{"embeddable":true,"href":"https:\/\/kasteeloostvalkenburg.com\/fr\/wp-json\/wp\/v2\/comments?post=4070"}],"version-history":[{"count":16,"href":"https:\/\/kasteeloostvalkenburg.com\/fr\/wp-json\/wp\/v2\/pages\/4070\/revisions"}],"predecessor-version":[{"id":5280,"href":"https:\/\/kasteeloostvalkenburg.com\/fr\/wp-json\/wp\/v2\/pages\/4070\/revisions\/5280"}],"wp:attachment":[{"href":"https:\/\/kasteeloostvalkenburg.com\/fr\/wp-json\/wp\/v2\/media?parent=4070"}],"curies":[{"name":"wp","href":"https:\/\/api.w.org\/{rel}","templated":true}]}}