{"id":3443,"date":"2025-07-07T13:48:05","date_gmt":"2025-07-07T13:48:05","guid":{"rendered":"https:\/\/kasteeloostvalkenburg.com\/hotel\/petit-dejeuner-au-chateau\/"},"modified":"2026-04-08T14:47:55","modified_gmt":"2026-04-08T14:47:55","slug":"petit-dejeuner-au-chateau","status":"publish","type":"page","link":"https:\/\/kasteeloostvalkenburg.com\/fr\/hotel\/petit-dejeuner-au-chateau\/","title":{"rendered":"Petit-d\u00e9jeuner au ch\u00e2teau"},"content":{"rendered":"\n<h1 class=\"wp-block-heading has-text-align-center\" id=\"kasteel-ontbijt-start-jouw-dag-vorstelijk\">Petit-d\u00e9jeuner au ch\u00e2teau &#8211; Commencez la journ\u00e9e en beaut\u00e9<\/h1>\n\n<p class=\"has-text-align-center\">Une nuit sur le site Kasteel Oost est une exp\u00e9rience en soi &#8211; mais avec notre Castle Breakfast, vous compl\u00e9tez votre s\u00e9jour. Profiter tranquillement d&rsquo;une matin\u00e9e raffin\u00e9e, pleine de saveurs, de charme et de confort : c&rsquo;est le luxe de se r\u00e9veiller dans un ch\u00e2teau historique. <\/p>\n\n<p class=\"has-text-align-center\">Que vous souhaitiez commencer la journ\u00e9e plein d&rsquo;\u00e9nergie ou que vous optiez pour un d\u00e9part d\u00e9tendu, notre petit-d\u00e9jeuner servi est un plaisir quotidien. Vous d\u00e9couvrirez une riche palette de saveurs, pr\u00e9sent\u00e9es sur des \u00e9tag\u00e8res et dans des verres \u00e9l\u00e9gants, dans un cadre qui vous invite \u00e0 rester un moment. <\/p>\n\r\n<div class=\"eye-block empty-space empty-space--petit \" ><\/div>\r\n    <div class=\"eye-block contentblock fade-in-animation\">\r\n        <div class=\"contentblock__image-right__container\">\r\n            <div class=\"contentblock__image-right\">\r\n                <div class=\"row\">\r\n                    <div class=\"col-12 col-lg-7 p-lg-1 d-flex align-items-center\">\r\n                        <div class=\"contentblock__image-right__content\">\r\n                                                        <h2>Commencez la journ\u00e9e en beaut\u00e9<\/h2>\r\n                            <div class=\"contentblock__image-right__content-text\">\r\n                                <p>R\u00e9veillez-vous dans l&rsquo;atmosph\u00e8re enchanteresse de Kasteel Oost et commencez la journ\u00e9e avec un petit-d\u00e9jeuner non seulement nutritif, mais aussi extr\u00eamement \u00e9l\u00e9gant. Le petit-d\u00e9jeuner \u00e0 table du ch\u00e2teau est servi tous les jours entre 7 h 30 et 10 h 30 dans la salle de petit-d\u00e9jeuner exclusive, o\u00f9 l&rsquo;histoire et la tranquillit\u00e9 se c\u00f4toient. <\/p>\n<p>Laissez-vous surprendre par un g\u00e9n\u00e9reux assortiment de d\u00e9lices faits maison, d\u00e9licatement pr\u00e9sent\u00e9s sur des \u00e9tag\u00e8res, dans des paniers et des verres &#8211; un petit-d\u00e9jeuner comme vous n&rsquo;en connaissez que chez nous.<\/p>\n                            <\/div>\r\n\r\n                                                                                                <a href=\"https:\/\/booking.roomraccoon.nl\/kasteel-oost\/nl\/\"                                            class=\"btn btn-primary\">Boek jouw kamer<\/a>\r\n                                                            \r\n                        <\/div>\r\n                    <\/div>\r\n                    <div class=\"col-12 col-lg-5 p-lg-1\">\r\n                        <div class=\"contentblock__image-right__image\">\r\n                            <img decoding=\"async\" data-speed=\"1.5\" src=\"https:\/\/kasteeloostvalkenburg.com\/wp-content\/uploads\/2025\/09\/3X7A2238-kopie.jpg\" alt=\"\">\r\n                        <\/div>\r\n                    <\/div>\r\n                <\/div>\r\n            <\/div>\r\n        <\/div>\r\n    <\/div>\r\n\r\n\r\n<div class=\"eye-block empty-space empty-space--large pt-md-5 pb-md-5 pt-4 pb-4\" ><\/div>\r\n    <div class=\"eye-block contentblock fade-in-animation\">\r\n        <div class=\"contentblock__colored-bg alt\">\r\n            <div class=\"row gx-6\">\r\n                <div class=\"col-12 col-lg-6\">\r\n                    <div class=\"contentblock__colored-bg__image alt\">\r\n                        <img decoding=\"async\" src=\"https:\/\/kasteeloostvalkenburg.com\/wp-content\/uploads\/2025\/09\/3X7A2273.jpg\" alt=\"\" data-speed=\".5\">\r\n                    <\/div>\r\n                <\/div>\r\n                <div class=\"col-12 col-lg-6\">\r\n                    <div class=\"contentblock__colored-bg__content-alt\">\r\n                        <div class=\"filled-block\">\r\n                                                        <h2>A savourer<\/h2>\r\n                        <\/div>\r\n                        <div class=\"contentblock__colored-bg__content-text\">\r\n                            <p>Vous voulez go\u00fbter \u00e0 toutes les gourmandises qui vous attendent au petit-d\u00e9jeuner ?<\/p>\n<ul>\n<li>Sandwichs frais au four<\/li>\n<li>\u0152ufs brouill\u00e9s<\/li>\n<li>Diverses charcuteries, fromages et sucreries<\/li>\n<li>Fruits frais<\/li>\n<li>Yoghourt avec granola, muesli et miel<\/li>\n<li>Caf\u00e9 et th\u00e9 \u00e0 volont\u00e9<\/li>\n<\/ul>\n                        <\/div>\r\n\r\n                                            <\/div>\r\n                <\/div>\r\n            <\/div>\r\n        <\/div>\r\n    <\/div>\r\n\r\n<div class=\"eye-block empty-space empty-space--large pt-md-5 pb-md-5 pt-4 pb-4\" ><\/div>\r\n    <div class=\"eye-block contentblock fade-in-animation\">\r\n        <div class=\"contentblock__arrow-split__container\">\r\n            <div class=\"contentblock__arrow-split\">\r\n                <div class=\"contentblock__arrow-split__title\">\r\n                                        <h2>R\u00e9servez votre petit-d\u00e9jeuner \u00e0 l&rsquo;h\u00f4tel Kasteel Oost<\/h2>\r\n                <\/div>\r\n                <div class=\"contentblock__arrow-split__seperator\">\r\n                    <img decoding=\"async\" src=\"https:\/\/kasteeloostvalkenburg.com\/wp-content\/themes\/kasteeloost\/images\/arrow-decoration.svg\" alt=\"Arrow seperator\">\r\n                <\/div>\r\n                <div class=\"contentblock__arrow-split__text\">\r\n                    <p>Commencez bien votre journ\u00e9e, vous aussi ? R\u00e9servez votre petit-d\u00e9jeuner directement lors de la r\u00e9servation de votre chambre et b\u00e9n\u00e9ficiez d&rsquo;un tarif avantageux.<br \/>\n&#8211; R\u00e9servation \u00e0 l&rsquo;avance : 20,00 \u20ac par personne<br \/>\n&#8211; Sur place : 24,50 \u20ac par personne <\/p>\n<p><strong>Extra indulgence<\/strong><br \/>\nVous voulez rendre votre petit-d\u00e9jeuner encore plus festif ? Ajoutez un verre de prosecco et un plat de saumon fum\u00e9 \u00e0 la cr\u00e8me d&rsquo;aneth pour seulement 12,50 \u20ac par personne. <\/p>\n                                                                        <a href=\"https:\/\/booking.roomraccoon.nl\/kasteel-oost\/nl\/\"                                    class=\"btn btn-primary\">Boek jouw kamer<\/a>\r\n                                                            <\/div>\r\n            <\/div>\r\n        <\/div>\r\n    <\/div>\r\n\r\n","protected":false},"excerpt":{"rendered":"<p>Petit-d\u00e9jeuner au ch\u00e2teau &#8211; Commencez la journ\u00e9e en beaut\u00e9 Une nuit sur le site Kasteel Oost est une exp\u00e9rience en soi &#8211; mais avec notre Castle Breakfast, vous compl\u00e9tez votre s\u00e9jour. Profiter tranquillement d&rsquo;une matin\u00e9e raffin\u00e9e, pleine de saveurs, de charme et de confort : c&rsquo;est le luxe de se r\u00e9veiller dans un ch\u00e2teau historique. [&hellip;]<\/p>\n","protected":false},"author":2,"featured_media":0,"parent":1472,"menu_order":0,"comment_status":"closed","ping_status":"closed","template":"","meta":{"_acf_changed":false,"ghostkit_customizer_options":"","ghostkit_custom_css":"","ghostkit_custom_js_head":"","ghostkit_custom_js_foot":"","ghostkit_typography":"","footnotes":""},"class_list":["post-3443","page","type-page","status-publish","hentry"],"acf":[],"yoast_head":"<!-- This site is optimized with the Yoast SEO plugin v27.3 - https:\/\/yoast.com\/product\/yoast-seo-wordpress\/ -->\n<title>Petit-d\u00e9jeuner au ch\u00e2teau - H\u00f4tel Kasteel Oost<\/title>\n<meta name=\"description\" content=\"Une nuit \u00e0 l&#039;adresse Kasteel Oost est une exp\u00e9rience en soi - mais avec notre Castle Breakfast, vous compl\u00e9tez votre s\u00e9jour.\" \/>\n<meta name=\"robots\" content=\"index, follow, max-snippet:-1, max-image-preview:large, max-video-preview:-1\" \/>\n<link rel=\"canonical\" href=\"https:\/\/kasteeloostvalkenburg.com\/fr\/hotel\/petit-dejeuner-au-chateau\/\" \/>\n<meta property=\"og:locale\" content=\"fr_FR\" \/>\n<meta property=\"og:type\" content=\"article\" \/>\n<meta property=\"og:title\" content=\"Petit-d\u00e9jeuner au ch\u00e2teau - H\u00f4tel Kasteel Oost\" \/>\n<meta property=\"og:description\" content=\"Une nuit \u00e0 l&#039;adresse Kasteel Oost est une exp\u00e9rience en soi - mais avec notre Castle Breakfast, vous compl\u00e9tez votre s\u00e9jour.\" \/>\n<meta property=\"og:url\" content=\"https:\/\/kasteeloostvalkenburg.com\/fr\/hotel\/petit-dejeuner-au-chateau\/\" \/>\n<meta property=\"og:site_name\" content=\"Kasteel Oost\" \/>\n<meta property=\"article:publisher\" content=\"https:\/\/www.facebook.com\/Kooningstheweddingpalace\" \/>\n<meta property=\"article:modified_time\" content=\"2026-04-08T14:47:55+00:00\" \/>\n<meta name=\"twitter:card\" content=\"summary_large_image\" \/>\n<meta name=\"twitter:label1\" content=\"Dur\u00e9e de lecture estim\u00e9e\" \/>\n\t<meta name=\"twitter:data1\" content=\"1 minute\" \/>\n<script type=\"application\/ld+json\" class=\"yoast-schema-graph\">{\"@context\":\"https:\\\/\\\/schema.org\",\"@graph\":[{\"@type\":\"WebPage\",\"@id\":\"https:\\\/\\\/kasteeloostvalkenburg.com\\\/fr\\\/hotel\\\/petit-dejeuner-au-chateau\\\/\",\"url\":\"https:\\\/\\\/kasteeloostvalkenburg.com\\\/fr\\\/hotel\\\/petit-dejeuner-au-chateau\\\/\",\"name\":\"Petit-d\u00e9jeuner au ch\u00e2teau - H\u00f4tel Kasteel Oost\",\"isPartOf\":{\"@id\":\"https:\\\/\\\/kasteeloostvalkenburg.com\\\/fr\\\/#website\"},\"datePublished\":\"2025-07-07T13:48:05+00:00\",\"dateModified\":\"2026-04-08T14:47:55+00:00\",\"description\":\"Une nuit \u00e0 l'adresse Kasteel Oost est une exp\u00e9rience en soi - mais avec notre Castle Breakfast, vous compl\u00e9tez votre s\u00e9jour.\",\"breadcrumb\":{\"@id\":\"https:\\\/\\\/kasteeloostvalkenburg.com\\\/fr\\\/hotel\\\/petit-dejeuner-au-chateau\\\/#breadcrumb\"},\"inLanguage\":\"fr-FR\",\"potentialAction\":[{\"@type\":\"ReadAction\",\"target\":[\"https:\\\/\\\/kasteeloostvalkenburg.com\\\/fr\\\/hotel\\\/petit-dejeuner-au-chateau\\\/\"]}]},{\"@type\":\"BreadcrumbList\",\"@id\":\"https:\\\/\\\/kasteeloostvalkenburg.com\\\/fr\\\/hotel\\\/petit-dejeuner-au-chateau\\\/#breadcrumb\",\"itemListElement\":[{\"@type\":\"ListItem\",\"position\":1,\"name\":\"Accueil\",\"item\":\"https:\\\/\\\/kasteeloostvalkenburg.com\\\/fr\\\/\"},{\"@type\":\"ListItem\",\"position\":2,\"name\":\"H\u00f4tel\",\"item\":\"https:\\\/\\\/kasteeloostvalkenburg.com\\\/fr\\\/hotel\\\/\"},{\"@type\":\"ListItem\",\"position\":3,\"name\":\"Petit-d\u00e9jeuner au ch\u00e2teau\"}]},{\"@type\":\"WebSite\",\"@id\":\"https:\\\/\\\/kasteeloostvalkenburg.com\\\/fr\\\/#website\",\"url\":\"https:\\\/\\\/kasteeloostvalkenburg.com\\\/fr\\\/\",\"name\":\"Kasteel Oost\",\"description\":\"\",\"publisher\":{\"@id\":\"https:\\\/\\\/kasteeloostvalkenburg.com\\\/fr\\\/#organization\"},\"potentialAction\":[{\"@type\":\"SearchAction\",\"target\":{\"@type\":\"EntryPoint\",\"urlTemplate\":\"https:\\\/\\\/kasteeloostvalkenburg.com\\\/fr\\\/?s={search_term_string}\"},\"query-input\":{\"@type\":\"PropertyValueSpecification\",\"valueRequired\":true,\"valueName\":\"search_term_string\"}}],\"inLanguage\":\"fr-FR\"},{\"@type\":\"Organization\",\"@id\":\"https:\\\/\\\/kasteeloostvalkenburg.com\\\/fr\\\/#organization\",\"name\":\"Kasteel Oost\",\"url\":\"https:\\\/\\\/kasteeloostvalkenburg.com\\\/fr\\\/\",\"logo\":{\"@type\":\"ImageObject\",\"inLanguage\":\"fr-FR\",\"@id\":\"https:\\\/\\\/kasteeloostvalkenburg.com\\\/fr\\\/#\\\/schema\\\/logo\\\/image\\\/\",\"url\":\"https:\\\/\\\/kasteeloostvalkenburg.com\\\/wp-content\\\/uploads\\\/2025\\\/04\\\/KasteelOost-logo-darkgray.png\",\"contentUrl\":\"https:\\\/\\\/kasteeloostvalkenburg.com\\\/wp-content\\\/uploads\\\/2025\\\/04\\\/KasteelOost-logo-darkgray.png\",\"width\":413,\"height\":318,\"caption\":\"Kasteel Oost\"},\"image\":{\"@id\":\"https:\\\/\\\/kasteeloostvalkenburg.com\\\/fr\\\/#\\\/schema\\\/logo\\\/image\\\/\"},\"sameAs\":[\"https:\\\/\\\/www.facebook.com\\\/Kooningstheweddingpalace\",\"https:\\\/\\\/www.instagram.com\\\/kasteeloost\\\/\",\"https:\\\/\\\/www.tiktok.com\\\/@kooningstheweddingpalace\",\"https:\\\/\\\/nl.pinterest.com\\\/koonings\\\/\"]}]}<\/script>\n<!-- \/ Yoast SEO plugin. -->","yoast_head_json":{"title":"Petit-d\u00e9jeuner au ch\u00e2teau - H\u00f4tel Kasteel Oost","description":"Une nuit \u00e0 l'adresse Kasteel Oost est une exp\u00e9rience en soi - mais avec notre Castle Breakfast, vous compl\u00e9tez votre s\u00e9jour.","robots":{"index":"index","follow":"follow","max-snippet":"max-snippet:-1","max-image-preview":"max-image-preview:large","max-video-preview":"max-video-preview:-1"},"canonical":"https:\/\/kasteeloostvalkenburg.com\/fr\/hotel\/petit-dejeuner-au-chateau\/","og_locale":"fr_FR","og_type":"article","og_title":"Petit-d\u00e9jeuner au ch\u00e2teau - H\u00f4tel Kasteel Oost","og_description":"Une nuit \u00e0 l'adresse Kasteel Oost est une exp\u00e9rience en soi - mais avec notre Castle Breakfast, vous compl\u00e9tez votre s\u00e9jour.","og_url":"https:\/\/kasteeloostvalkenburg.com\/fr\/hotel\/petit-dejeuner-au-chateau\/","og_site_name":"Kasteel Oost","article_publisher":"https:\/\/www.facebook.com\/Kooningstheweddingpalace","article_modified_time":"2026-04-08T14:47:55+00:00","twitter_card":"summary_large_image","twitter_misc":{"Dur\u00e9e de lecture estim\u00e9e":"1 minute"},"schema":{"@context":"https:\/\/schema.org","@graph":[{"@type":"WebPage","@id":"https:\/\/kasteeloostvalkenburg.com\/fr\/hotel\/petit-dejeuner-au-chateau\/","url":"https:\/\/kasteeloostvalkenburg.com\/fr\/hotel\/petit-dejeuner-au-chateau\/","name":"Petit-d\u00e9jeuner au ch\u00e2teau - H\u00f4tel Kasteel Oost","isPartOf":{"@id":"https:\/\/kasteeloostvalkenburg.com\/fr\/#website"},"datePublished":"2025-07-07T13:48:05+00:00","dateModified":"2026-04-08T14:47:55+00:00","description":"Une nuit \u00e0 l'adresse Kasteel Oost est une exp\u00e9rience en soi - mais avec notre Castle Breakfast, vous compl\u00e9tez votre s\u00e9jour.","breadcrumb":{"@id":"https:\/\/kasteeloostvalkenburg.com\/fr\/hotel\/petit-dejeuner-au-chateau\/#breadcrumb"},"inLanguage":"fr-FR","potentialAction":[{"@type":"ReadAction","target":["https:\/\/kasteeloostvalkenburg.com\/fr\/hotel\/petit-dejeuner-au-chateau\/"]}]},{"@type":"BreadcrumbList","@id":"https:\/\/kasteeloostvalkenburg.com\/fr\/hotel\/petit-dejeuner-au-chateau\/#breadcrumb","itemListElement":[{"@type":"ListItem","position":1,"name":"Accueil","item":"https:\/\/kasteeloostvalkenburg.com\/fr\/"},{"@type":"ListItem","position":2,"name":"H\u00f4tel","item":"https:\/\/kasteeloostvalkenburg.com\/fr\/hotel\/"},{"@type":"ListItem","position":3,"name":"Petit-d\u00e9jeuner au ch\u00e2teau"}]},{"@type":"WebSite","@id":"https:\/\/kasteeloostvalkenburg.com\/fr\/#website","url":"https:\/\/kasteeloostvalkenburg.com\/fr\/","name":"Kasteel Oost","description":"","publisher":{"@id":"https:\/\/kasteeloostvalkenburg.com\/fr\/#organization"},"potentialAction":[{"@type":"SearchAction","target":{"@type":"EntryPoint","urlTemplate":"https:\/\/kasteeloostvalkenburg.com\/fr\/?s={search_term_string}"},"query-input":{"@type":"PropertyValueSpecification","valueRequired":true,"valueName":"search_term_string"}}],"inLanguage":"fr-FR"},{"@type":"Organization","@id":"https:\/\/kasteeloostvalkenburg.com\/fr\/#organization","name":"Kasteel Oost","url":"https:\/\/kasteeloostvalkenburg.com\/fr\/","logo":{"@type":"ImageObject","inLanguage":"fr-FR","@id":"https:\/\/kasteeloostvalkenburg.com\/fr\/#\/schema\/logo\/image\/","url":"https:\/\/kasteeloostvalkenburg.com\/wp-content\/uploads\/2025\/04\/KasteelOost-logo-darkgray.png","contentUrl":"https:\/\/kasteeloostvalkenburg.com\/wp-content\/uploads\/2025\/04\/KasteelOost-logo-darkgray.png","width":413,"height":318,"caption":"Kasteel Oost"},"image":{"@id":"https:\/\/kasteeloostvalkenburg.com\/fr\/#\/schema\/logo\/image\/"},"sameAs":["https:\/\/www.facebook.com\/Kooningstheweddingpalace","https:\/\/www.instagram.com\/kasteeloost\/","https:\/\/www.tiktok.com\/@kooningstheweddingpalace","https:\/\/nl.pinterest.com\/koonings\/"]}]}},"_links":{"self":[{"href":"https:\/\/kasteeloostvalkenburg.com\/fr\/wp-json\/wp\/v2\/pages\/3443","targetHints":{"allow":["GET"]}}],"collection":[{"href":"https:\/\/kasteeloostvalkenburg.com\/fr\/wp-json\/wp\/v2\/pages"}],"about":[{"href":"https:\/\/kasteeloostvalkenburg.com\/fr\/wp-json\/wp\/v2\/types\/page"}],"author":[{"embeddable":true,"href":"https:\/\/kasteeloostvalkenburg.com\/fr\/wp-json\/wp\/v2\/users\/2"}],"replies":[{"embeddable":true,"href":"https:\/\/kasteeloostvalkenburg.com\/fr\/wp-json\/wp\/v2\/comments?post=3443"}],"version-history":[{"count":12,"href":"https:\/\/kasteeloostvalkenburg.com\/fr\/wp-json\/wp\/v2\/pages\/3443\/revisions"}],"predecessor-version":[{"id":7004,"href":"https:\/\/kasteeloostvalkenburg.com\/fr\/wp-json\/wp\/v2\/pages\/3443\/revisions\/7004"}],"up":[{"embeddable":true,"href":"https:\/\/kasteeloostvalkenburg.com\/fr\/wp-json\/wp\/v2\/pages\/1472"}],"wp:attachment":[{"href":"https:\/\/kasteeloostvalkenburg.com\/fr\/wp-json\/wp\/v2\/media?parent=3443"}],"curies":[{"name":"wp","href":"https:\/\/api.w.org\/{rel}","templated":true}]}}