{"id":3284,"date":"2025-06-04T14:36:37","date_gmt":"2025-06-04T14:36:37","guid":{"rendered":"https:\/\/kasteeloostvalkenburg.com\/?page_id=3284"},"modified":"2025-11-11T08:05:29","modified_gmt":"2025-11-11T08:05:29","slug":"restaurant-2","status":"publish","type":"page","link":"https:\/\/kasteeloostvalkenburg.com\/fr\/i\/restaurant-2\/","title":{"rendered":"H\u00f4tel 4 \u00e9toiles sup\u00e9rieur"},"content":{"rendered":"\r\n    <section class=\"hero image-right\">\r\n        <div class=\"row d-flex align-items-center\">\r\n            <div class=\"col-12 col-lg-7\">\r\n                <div class=\"hero__intro\">\r\n                                            <div class=\"eye-block breadcrumbs-wrapper\">\r\n                            \r\n            <ul class=\"site-breadcrumbs\">\r\n                <li class=\"crumb\">\r\n                    <a class=\"disable-line\" href=\"https:\/\/kasteeloostvalkenburg.com\">\r\n                        <i class=\"fa-regular fa-home\"><\/i>\r\n                    <\/a>\r\n                <\/li>\r\n                                    <div class=\"divider\"><\/div>\r\n                    <li class=\"crumb first\">\r\n                        <a class=\"disable-line\" href=\"https:\/\/kasteeloostvalkenburg.com\/fr\/i\/\">i<\/a>\r\n                    <\/li>\r\n                                        <div class=\"divider\"><\/div>\r\n                    <li class=\"crumb \">\r\n                        <a class=\"disable-line\" href=\"https:\/\/kasteeloostvalkenburg.com\/fr\/i\/restaurant-2\/\">H\u00f4tel 4 \u00e9toiles sup\u00e9rieur<\/a>\r\n                    <\/li>\r\n                                <\/ul>\r\n        \r\n                                        <\/div>\r\n                                        <p class=\"hero__intro-subtitle\">Kasteel Oost | H\u00f4tel 4 \u00e9toiles sup\u00e9rieur<\/p>\r\n                    <h1>D\u00e9couvrez le charme d&rsquo;un ch\u00e2teau-h\u00f4tel<\/h1>\r\n                    <div class=\"hero__intro-content\">\r\n                        <p><p>Bienvenue au Kasteel Oost \u00e0 Fauquemont : un h\u00f4tel 4 \u00e9toiles exclusif o\u00f9 la grandeur historique rencontre le confort contemporain. Install\u00e9 dans un ch\u00e2teau de caract\u00e8re, notre h\u00f4tel offre une exp\u00e9rience unique aux clients qui appr\u00e9cient la qualit\u00e9, la tranquillit\u00e9 et la sophistication.<\/p>\n<p>Nous sommes fiers d&rsquo;\u00eatre un h\u00f4tel 4 \u00e9toiles sup\u00e9rieur depuis mai 2025 &#8211; une classification qui symbolise nos normes \u00e9lev\u00e9es en mati\u00e8re de service, d&rsquo;\u00e9quipements et d&rsquo;hospitalit\u00e9.<\/p>\n<\/p>\r\n\r\n                        \r\n                    <\/div>\r\n                <\/div>\r\n            <\/div>\r\n            <div class=\"col-12 col-lg-5\">\r\n                                    <div class=\"hero__image\">\r\n                        <img decoding=\"async\" src=\"https:\/\/kasteeloostvalkenburg.com\/wp-content\/uploads\/2025\/04\/BridalSuiteVisualization_1-1.jpg\" alt=\"\">\r\n                    <\/div>\r\n                            <\/div>\r\n        <\/div>\r\n    <\/section>\r\n\r\n\r\n<div class=\"eye-block empty-space empty-space--large pt-md-5 pb-md-5 pt-4 pb-4\" ><\/div>\r\n    <div class=\"eye-block contentblock fade-in-animation\">\r\n        <div class=\"contentblock__colored-bg alt\">\r\n            <div class=\"row gx-6\">\r\n                <div class=\"col-12 col-lg-6\">\r\n                    <div class=\"contentblock__colored-bg__image alt\">\r\n                        <img decoding=\"async\" src=\"https:\/\/kasteeloostvalkenburg.com\/wp-content\/uploads\/2025\/03\/KOO_kasteeloost_sfeerbeeld_familiekamer_kleinebedden-scaled.jpg\" alt=\"\" data-speed=\".5\">\r\n                    <\/div>\r\n                <\/div>\r\n                <div class=\"col-12 col-lg-6\">\r\n                    <div class=\"contentblock__colored-bg__content-alt\">\r\n                        <div class=\"filled-block\">\r\n                                                        <h2>Il s&rsquo;agit d&rsquo;un h\u00f4tel 4 \u00e9toiles<\/h2>\r\n                        <\/div>\r\n                        <div class=\"contentblock__colored-bg__content-text\">\r\n                            <p>Le classement officiel 4 \u00e9toiles est attribu\u00e9 sur la base de crit\u00e8res objectifs tels que le confort des chambres, les \u00e9quipements, le service et l&rsquo;exp\u00e9rience des clients. Un h\u00f4tel 4 \u00e9toiles sup\u00e9rieur ne se contente pas de r\u00e9pondre amplement \u00e0 ces exigences, il les d\u00e9passe m\u00eame de mani\u00e8re importante. Pensez-y :  <\/p>\n<ul>\n<li><strong>Chambres spacieuses et \u00e9l\u00e9gamment d\u00e9cor\u00e9es<\/strong> avec des lits de haute qualit\u00e9, des salles de bains luxueuses et une technologie moderne.<\/li>\n<li><strong>Service personnalis\u00e9<\/strong> et attention port\u00e9e aux d\u00e9tails.<\/li>\n<li><strong>Grande accessibilit\u00e9 de l&rsquo;\u00e9quipe de r\u00e9ception et d&rsquo;accueil.<\/strong><\/li>\n<li><strong>Qualit\u00e9 culinaire<\/strong> de haut niveau.<\/li>\n<li><strong>Hygi\u00e8ne et confort parfaits<\/strong> dans toutes les pi\u00e8ces.<\/li>\n<\/ul>\n<p>Au Kasteel Oost, nous y ajoutons un cadre historique qui donne \u00e0 chaque nuit\u00e9e un sens et une atmosph\u00e8re.<\/p>\n                        <\/div>\r\n\r\n                                                                                    <a href=\"https:\/\/booking.roomraccoon.nl\/kasteel-oost\/nl\/\"                                        class=\"btn btn-primary\">Boek jouw kamer<\/a>\r\n                                                                        <\/div>\r\n                <\/div>\r\n            <\/div>\r\n        <\/div>\r\n    <\/div>\r\n\r\n<div class=\"eye-block empty-space empty-space--large pt-md-5 pb-md-5 pt-4 pb-4\" ><\/div>\r\n    <div class=\"eye-block contentblock fade-in-animation\">\r\n        <div class=\"contentblock__text-over-image-filled\">\r\n            <div class=\"contentblock__text-over-image-filled__content\">\r\n                                <h2>Installations de Kasteel Oost<\/h2>\r\n                <div class=\"contentblock__text-over-image-filled__content-text\">\r\n                    <p>Cet h\u00f4tel 4 \u00e9toiles allie le luxe contemporain au charme d&rsquo;un site monumental. Nos installations comprennent : <\/p>\n<ul>\n<li><strong>Chambres et suites de luxe<\/strong> dans le ch\u00e2teau et ses d\u00e9pendances.<\/li>\n<li><strong>Restaurant Mon R\u00eave<\/strong> &#8211; une cuisine raffin\u00e9e dans une ambiance intime.<\/li>\n<li><strong>Salon de bien-\u00eatre et de beaut\u00e9<\/strong> pour se d\u00e9tendre avec style.<\/li>\n<li><strong>Parking gratuit<\/strong> sur place.<\/li>\n<li><strong>Wi-Fi rapide<\/strong> et \u00e9quipements modernes.<\/li>\n<li><strong>Service de petit-d\u00e9jeuner<\/strong> avec des produits locaux et de saison.<\/li>\n<\/ul>\n<p>Que vous restiez une nuit ou que vous r\u00e9serviez un forfait complet, tous les d\u00e9tails sont pris en charge \u00e0 Kasteel Oost.<\/p>\n                <\/div>\r\n\r\n                                                            <a href=\"https:\/\/kasteeloostvalkenburg.com\/fr\/restaurant\/menu\/\"                                class=\"link\">Bekijk de menukaart van Mon R\u00eave<\/a>\r\n                                    \r\n            <\/div>\r\n\r\n            <div class=\"contentblock__text-over-image-filled__image\">\r\n                <img decoding=\"async\" src=\"https:\/\/kasteeloostvalkenburg.com\/wp-content\/uploads\/2025\/03\/Woensdag-4-december-2024-Beelden-Mon-Reve-najaar-2024-65-scaled.jpg\" alt=\"\" data-speed=\".5\">\r\n            <\/div>\r\n        <\/div>\r\n    <\/div>\r\n\r\n\r\n<div class=\"eye-block empty-space empty-space--large pt-md-5 pb-md-5 pt-4 pb-4\" ><\/div>\r\n    <div class=\"eye-block contentblock fade-in-animation\">\r\n        <div class=\"contentblock__colored-bg alt\">\r\n            <div class=\"row gx-6\">\r\n                <div class=\"col-12 col-lg-6\">\r\n                    <div class=\"contentblock__colored-bg__image alt\">\r\n                        <img decoding=\"async\" src=\"https:\/\/kasteeloostvalkenburg.com\/wp-content\/uploads\/2025\/03\/DSC_3290-scaled.jpg\" alt=\"\" data-speed=\".5\">\r\n                    <\/div>\r\n                <\/div>\r\n                <div class=\"col-12 col-lg-6\">\r\n                    <div class=\"contentblock__colored-bg__content-alt\">\r\n                        <div class=\"filled-block\">\r\n                                                        <h2>H\u00e9bergement d&rsquo;affaires et \u00e9v\u00e9nements<\/h2>\r\n                        <\/div>\r\n                        <div class=\"contentblock__colored-bg__content-text\">\r\n                            <p>Kasteel Oost est plus qu&rsquo;un h\u00f4tel : c&rsquo;est un lieu distinctif pour les clients d&rsquo;affaires avec la qualit\u00e9 d&rsquo;un lieu 4 \u00e9toiles. Nos salles de r\u00e9union et nos espaces \u00e9v\u00e9nementiels sont id\u00e9aux pour les r\u00e9unions, les journ\u00e9es de sant\u00e9, les pr\u00e9sentations de produits et les d\u00eeners exclusifs. <\/p>\n<p>Voil\u00e0 ce que vous pouvez attendre de nous :<\/p>\n<ul>\n<li><strong>Chambres \u00e9l\u00e9gantes<\/strong>, baign\u00e9es de lumi\u00e8re naturelle et dot\u00e9es d&rsquo;un charme historique.<\/li>\n<li><strong>Des salles de r\u00e9union hybrides<\/strong> avec support audiovisuel.<\/li>\n<li><strong>Restauration sur mesure<\/strong>, de la pause-caf\u00e9 au d\u00eener culinaire.<\/li>\n<li><strong>H\u00e9bergement de nuit<\/strong> pour les clients d&rsquo;affaires.<\/li>\n<li><strong>Une \u00e9quipe professionnelle<\/strong> qui r\u00e9fl\u00e9chit de la planification \u00e0 l&rsquo;ex\u00e9cution.<\/li>\n<\/ul>\n<p>Gr\u00e2ce \u00e0 sa situation centrale dans le Fauquemont, Kasteel Oost est facilement accessible, y compris pour les clients internationaux.<\/p>\n                        <\/div>\r\n\r\n                                                                                    <a href=\"https:\/\/kasteeloostvalkenburg.com\/fr\/evenements\/reunions-daffaires\/#contactform\"                                        class=\"link\">Vraag jouw offerte aan<\/a>\r\n                                                                        <\/div>\r\n                <\/div>\r\n            <\/div>\r\n        <\/div>\r\n    <\/div>\r\n\r\n<div class=\"eye-block empty-space empty-space--large pt-md-5 pb-md-5 pt-4 pb-4\" ><\/div>\r\n<div class=\"eye-block empty-space empty-space--large pt-md-5 pb-md-5 pt-4 pb-4\" ><\/div>\r\n    <div class=\"eye-block contentblock fade-in-animation\">\r\n        <div class=\"contentblock__overlapping-images\">\r\n            <div class=\"row\">\r\n                <div class=\"col-12 col-lg-7\">\r\n                    <div class=\"contentblock__overlapping-images__content\">\r\n                                                <h2>Un s\u00e9jour inoubliable<\/h2>\r\n                        <div class=\"contentblock__overlapping-images__content-text\">\r\n                            <p>Que vous soyez \u00e0 la recherche d&rsquo;un s\u00e9jour d&rsquo;affaires inspirant, d&rsquo;un week-end romantique ou d&rsquo;un lieu unique pour une occasion sp\u00e9ciale : \u00e0 Kasteel Oost, vous ferez l&rsquo;exp\u00e9rience du luxe d&rsquo;un h\u00f4tel 4 \u00e9toiles avec une histoire. Ici, vous c\u00e9l\u00e9brez la vie avec style, entour\u00e9 d&rsquo;histoire, de tranquillit\u00e9 et d&rsquo;\u00e9l\u00e9gance intemporelle. <\/p>\n                        <\/div>\r\n\r\n                                                                                    <a href=\"https:\/\/booking.roomraccoon.nl\/kasteel-oost\/nl\/\"                                        class=\"btn btn-tertiary\">Boek jouw kamer<\/a>\r\n                                                    \r\n                    <\/div>\r\n                <\/div>\r\n                <div class=\"col-12 col-lg-5 overlap\">\r\n                    <div class=\"contentblock__overlapping-images__images\">\r\n                        <img decoding=\"async\" class=\"skip-lazy\" src=\"https:\/\/kasteeloostvalkenburg.com\/wp-content\/uploads\/2025\/04\/Fotos-Kasteel-Oost-6-scaled.jpg\" alt=\"\">\r\n                        <img decoding=\"async\" class=\"skip-lazy\" src=\"https:\/\/kasteeloostvalkenburg.com\/wp-content\/uploads\/2025\/03\/KOO_kasteeloost_sfeerbeeld_bruidssuite_bad-scaled.jpg\" alt=\"\">\r\n                        <img decoding=\"async\" class=\"skip-lazy\" src=\"https:\/\/kasteeloostvalkenburg.com\/wp-content\/uploads\/2025\/04\/High-Tea-en-High-Wine-31-scaled-e1744614474225.jpg\" alt=\"\">\r\n                    <\/div>\r\n                <\/div>\r\n            <\/div>\r\n        <\/div>\r\n    <\/div>\r\n\r\n\r\n\r\n<div class=\"eye-block empty-space empty-space--large pt-md-5 pb-md-5 pt-4 pb-4\" ><\/div>\r\n<div class=\"eye-block empty-space empty-space--large pt-md-5 pb-md-5 pt-4 pb-4\" ><\/div>\r\n    <div class=\"eye-block contentblock fade-in-animation\">\r\n        <div class=\"contentblock__arrow-split__container\">\r\n            <div class=\"contentblock__arrow-split\">\r\n                <div class=\"contentblock__arrow-split__title\">\r\n                                        <h2>R\u00e9servez votre s\u00e9jour<\/h2>\r\n                <\/div>\r\n                <div class=\"contentblock__arrow-split__seperator\">\r\n                    <img decoding=\"async\" src=\"https:\/\/kasteeloostvalkenburg.com\/wp-content\/themes\/kasteeloost\/images\/arrow-decoration.svg\" alt=\"Arrow seperator\">\r\n                <\/div>\r\n                <div class=\"contentblock__arrow-split__text\">\r\n                    <p>D\u00e9couvrez la magie de Kasteel Oost. R\u00e9servez d\u00e8s aujourd&rsquo;hui votre nuit\u00e9e dans notre h\u00f4tel 4 \u00e9toiles sup\u00e9rieur \u00e0 Faumont. <\/p>\n<p>&nbsp;<\/p>\n                                                                        <a href=\"https:\/\/booking.roomraccoon.nl\/kasteel-oost\/nl\/\"                                    class=\"link\">Boek jouw kamer<\/a>\r\n                                                            <\/div>\r\n            <\/div>\r\n        <\/div>\r\n    <\/div>\r\n\r\n\r\n<div class=\"eye-block empty-space empty-space--large pt-md-5 pb-md-5 pt-4 pb-4\" ><\/div>\r\n<div class=\"eye-block empty-space empty-space--large pt-md-5 pb-md-5 pt-4 pb-4\" ><\/div>\r\n<div class=\"eye-block end-of-page-link\">\r\n    <div class=\"end-of-page-link__intro\">\r\n        <p>D\u00e9couvrir \u00e0<\/p>\r\n        <h2 class=\"no-fancy-letter\">Kasteel Oost<\/h2>\r\n        <a href=\"\/album\" class=\"btn btn-primary\">Galerij<\/a>\r\n    <\/div>\r\n    <div class=\"end-of-page-link__images\">\r\n                    <a href=\"\/fr\/hotel\" class=\"end-of-page-link__images-item\">\r\n                <p> H\u00f4tel<\/p>\r\n                <img decoding=\"async\" src=\"https:\/\/kasteeloostvalkenburg.com\/wp-content\/uploads\/2025\/03\/Suites-Thumbnail-scaled.webp\" alt=\" H\u00f4tel\">\r\n            <\/a>\r\n                    <a href=\"\/fr\/restaurant\" class=\"end-of-page-link__images-item\">\r\n                <p>Restaurant<\/p>\r\n                <img decoding=\"async\" src=\"https:\/\/kasteeloostvalkenburg.com\/wp-content\/uploads\/2025\/03\/Restaurant-Thumbnail-scaled.webp\" alt=\"Restaurant\">\r\n            <\/a>\r\n            <\/div>\r\n<\/div>\r\n\r\n<div class=\"eye-block empty-space empty-space--large pt-md-5 pb-md-5 pt-4 pb-4\" ><\/div>\n<div class=\"ghostkit-grid ghostkit-grid-gap-md ghostkit-grid-justify-content-center\"><div class=\"ghostkit-grid-inner\">\n<div class=\"ghostkit-col ghostkit-col-lg-12 ghostkit-col-xl-12 ghostkit-col-4\"><div class=\"ghostkit-col-content is-layout-flow wp-block-ghostkit-grid-column-is-layout-flow\">\r\n<div class=\"colored-bg-container\">\r\n    <div class=\"eye-block colored-bg bg--lightbeige\">\r\n        <div class=\"container\">\r\n            <div class=\"row\">\r\n                <div class=\"col-12 p-0\">\r\n                    <div class=\"acf-innerblocks-container\">\n\n<h4 class=\"wp-block-heading\" id=\"contact\">Contact<\/h4>\n\n\n\n<ul class=\"wp-block-list\">\n<li><a href=\"mailto:Info@monrevevalkenburg.com\"><\/a><a href=\"mailto:info@kasteeloostvalkenburg.com\">info@kasteeloostvalkenburg.com<\/a><\/li>\n\n\n\n<li>+31 (0)432 &#8211; 005 127<\/li>\n<\/ul>\n\n<\/div>\r\n                <\/div>\r\n            <\/div>\r\n        <\/div>\r\n    <\/div>\r\n<\/div><\/div><\/div>\n<\/div><\/div>\n","protected":false},"excerpt":{"rendered":"","protected":false},"author":2,"featured_media":0,"parent":3270,"menu_order":0,"comment_status":"closed","ping_status":"closed","template":"","meta":{"_acf_changed":false,"ghostkit_customizer_options":"","ghostkit_custom_css":"","ghostkit_custom_js_head":"","ghostkit_custom_js_foot":"","ghostkit_typography":"","footnotes":""},"class_list":["post-3284","page","type-page","status-publish","hentry"],"acf":[],"yoast_head":"<!-- This site is optimized with the Yoast SEO plugin v27.3 - https:\/\/yoast.com\/product\/yoast-seo-wordpress\/ -->\n<title>H\u00f4tel 4 \u00e9toiles sup\u00e9rieur | Hotel Kasteel Oost<\/title>\n<meta name=\"description\" content=\"Bienvenue au Kasteel Oost \u00e0 Fauquemont : un h\u00f4tel 4 \u00e9toiles exclusif o\u00f9 la grandeur historique rencontre le confort contemporain.\" \/>\n<meta name=\"robots\" content=\"index, follow, max-snippet:-1, max-image-preview:large, max-video-preview:-1\" \/>\n<link rel=\"canonical\" href=\"https:\/\/kasteeloostvalkenburg.com\/fr\/i\/restaurant-2\/\" \/>\n<meta property=\"og:locale\" content=\"fr_FR\" \/>\n<meta property=\"og:type\" content=\"article\" \/>\n<meta property=\"og:title\" content=\"H\u00f4tel 4 \u00e9toiles sup\u00e9rieur | Hotel Kasteel Oost\" \/>\n<meta property=\"og:description\" content=\"Bienvenue au Kasteel Oost \u00e0 Fauquemont : un h\u00f4tel 4 \u00e9toiles exclusif o\u00f9 la grandeur historique rencontre le confort contemporain.\" \/>\n<meta property=\"og:url\" content=\"https:\/\/kasteeloostvalkenburg.com\/fr\/i\/restaurant-2\/\" \/>\n<meta property=\"og:site_name\" content=\"Kasteel Oost\" \/>\n<meta property=\"article:publisher\" content=\"https:\/\/www.facebook.com\/Kooningstheweddingpalace\" \/>\n<meta property=\"article:modified_time\" content=\"2025-11-11T08:05:29+00:00\" \/>\n<meta name=\"twitter:card\" content=\"summary_large_image\" \/>\n<script type=\"application\/ld+json\" class=\"yoast-schema-graph\">{\"@context\":\"https:\\\/\\\/schema.org\",\"@graph\":[{\"@type\":\"WebPage\",\"@id\":\"https:\\\/\\\/kasteeloostvalkenburg.com\\\/fr\\\/i\\\/restaurant-2\\\/\",\"url\":\"https:\\\/\\\/kasteeloostvalkenburg.com\\\/fr\\\/i\\\/restaurant-2\\\/\",\"name\":\"H\u00f4tel 4 \u00e9toiles sup\u00e9rieur | Hotel Kasteel Oost\",\"isPartOf\":{\"@id\":\"https:\\\/\\\/kasteeloostvalkenburg.com\\\/fr\\\/#website\"},\"datePublished\":\"2025-06-04T14:36:37+00:00\",\"dateModified\":\"2025-11-11T08:05:29+00:00\",\"description\":\"Bienvenue au Kasteel Oost \u00e0 Fauquemont : un h\u00f4tel 4 \u00e9toiles exclusif o\u00f9 la grandeur historique rencontre le confort contemporain.\",\"breadcrumb\":{\"@id\":\"https:\\\/\\\/kasteeloostvalkenburg.com\\\/fr\\\/i\\\/restaurant-2\\\/#breadcrumb\"},\"inLanguage\":\"fr-FR\",\"potentialAction\":[{\"@type\":\"ReadAction\",\"target\":[\"https:\\\/\\\/kasteeloostvalkenburg.com\\\/fr\\\/i\\\/restaurant-2\\\/\"]}]},{\"@type\":\"BreadcrumbList\",\"@id\":\"https:\\\/\\\/kasteeloostvalkenburg.com\\\/fr\\\/i\\\/restaurant-2\\\/#breadcrumb\",\"itemListElement\":[{\"@type\":\"ListItem\",\"position\":1,\"name\":\"Accueil\",\"item\":\"https:\\\/\\\/kasteeloostvalkenburg.com\\\/fr\\\/\"},{\"@type\":\"ListItem\",\"position\":2,\"name\":\"i\",\"item\":\"https:\\\/\\\/kasteeloostvalkenburg.com\\\/fr\\\/i\\\/\"},{\"@type\":\"ListItem\",\"position\":3,\"name\":\"H\u00f4tel 4 \u00e9toiles sup\u00e9rieur\"}]},{\"@type\":\"WebSite\",\"@id\":\"https:\\\/\\\/kasteeloostvalkenburg.com\\\/fr\\\/#website\",\"url\":\"https:\\\/\\\/kasteeloostvalkenburg.com\\\/fr\\\/\",\"name\":\"Kasteel Oost\",\"description\":\"\",\"publisher\":{\"@id\":\"https:\\\/\\\/kasteeloostvalkenburg.com\\\/fr\\\/#organization\"},\"potentialAction\":[{\"@type\":\"SearchAction\",\"target\":{\"@type\":\"EntryPoint\",\"urlTemplate\":\"https:\\\/\\\/kasteeloostvalkenburg.com\\\/fr\\\/?s={search_term_string}\"},\"query-input\":{\"@type\":\"PropertyValueSpecification\",\"valueRequired\":true,\"valueName\":\"search_term_string\"}}],\"inLanguage\":\"fr-FR\"},{\"@type\":\"Organization\",\"@id\":\"https:\\\/\\\/kasteeloostvalkenburg.com\\\/fr\\\/#organization\",\"name\":\"Kasteel Oost\",\"url\":\"https:\\\/\\\/kasteeloostvalkenburg.com\\\/fr\\\/\",\"logo\":{\"@type\":\"ImageObject\",\"inLanguage\":\"fr-FR\",\"@id\":\"https:\\\/\\\/kasteeloostvalkenburg.com\\\/fr\\\/#\\\/schema\\\/logo\\\/image\\\/\",\"url\":\"https:\\\/\\\/kasteeloostvalkenburg.com\\\/wp-content\\\/uploads\\\/2025\\\/04\\\/KasteelOost-logo-darkgray.png\",\"contentUrl\":\"https:\\\/\\\/kasteeloostvalkenburg.com\\\/wp-content\\\/uploads\\\/2025\\\/04\\\/KasteelOost-logo-darkgray.png\",\"width\":413,\"height\":318,\"caption\":\"Kasteel Oost\"},\"image\":{\"@id\":\"https:\\\/\\\/kasteeloostvalkenburg.com\\\/fr\\\/#\\\/schema\\\/logo\\\/image\\\/\"},\"sameAs\":[\"https:\\\/\\\/www.facebook.com\\\/Kooningstheweddingpalace\",\"https:\\\/\\\/www.instagram.com\\\/kasteeloost\\\/\",\"https:\\\/\\\/www.tiktok.com\\\/@kooningstheweddingpalace\",\"https:\\\/\\\/nl.pinterest.com\\\/koonings\\\/\"]}]}<\/script>\n<!-- \/ Yoast SEO plugin. -->","yoast_head_json":{"title":"H\u00f4tel 4 \u00e9toiles sup\u00e9rieur | Hotel Kasteel Oost","description":"Bienvenue au Kasteel Oost \u00e0 Fauquemont : un h\u00f4tel 4 \u00e9toiles exclusif o\u00f9 la grandeur historique rencontre le confort contemporain.","robots":{"index":"index","follow":"follow","max-snippet":"max-snippet:-1","max-image-preview":"max-image-preview:large","max-video-preview":"max-video-preview:-1"},"canonical":"https:\/\/kasteeloostvalkenburg.com\/fr\/i\/restaurant-2\/","og_locale":"fr_FR","og_type":"article","og_title":"H\u00f4tel 4 \u00e9toiles sup\u00e9rieur | Hotel Kasteel Oost","og_description":"Bienvenue au Kasteel Oost \u00e0 Fauquemont : un h\u00f4tel 4 \u00e9toiles exclusif o\u00f9 la grandeur historique rencontre le confort contemporain.","og_url":"https:\/\/kasteeloostvalkenburg.com\/fr\/i\/restaurant-2\/","og_site_name":"Kasteel Oost","article_publisher":"https:\/\/www.facebook.com\/Kooningstheweddingpalace","article_modified_time":"2025-11-11T08:05:29+00:00","twitter_card":"summary_large_image","schema":{"@context":"https:\/\/schema.org","@graph":[{"@type":"WebPage","@id":"https:\/\/kasteeloostvalkenburg.com\/fr\/i\/restaurant-2\/","url":"https:\/\/kasteeloostvalkenburg.com\/fr\/i\/restaurant-2\/","name":"H\u00f4tel 4 \u00e9toiles sup\u00e9rieur | Hotel Kasteel Oost","isPartOf":{"@id":"https:\/\/kasteeloostvalkenburg.com\/fr\/#website"},"datePublished":"2025-06-04T14:36:37+00:00","dateModified":"2025-11-11T08:05:29+00:00","description":"Bienvenue au Kasteel Oost \u00e0 Fauquemont : un h\u00f4tel 4 \u00e9toiles exclusif o\u00f9 la grandeur historique rencontre le confort contemporain.","breadcrumb":{"@id":"https:\/\/kasteeloostvalkenburg.com\/fr\/i\/restaurant-2\/#breadcrumb"},"inLanguage":"fr-FR","potentialAction":[{"@type":"ReadAction","target":["https:\/\/kasteeloostvalkenburg.com\/fr\/i\/restaurant-2\/"]}]},{"@type":"BreadcrumbList","@id":"https:\/\/kasteeloostvalkenburg.com\/fr\/i\/restaurant-2\/#breadcrumb","itemListElement":[{"@type":"ListItem","position":1,"name":"Accueil","item":"https:\/\/kasteeloostvalkenburg.com\/fr\/"},{"@type":"ListItem","position":2,"name":"i","item":"https:\/\/kasteeloostvalkenburg.com\/fr\/i\/"},{"@type":"ListItem","position":3,"name":"H\u00f4tel 4 \u00e9toiles sup\u00e9rieur"}]},{"@type":"WebSite","@id":"https:\/\/kasteeloostvalkenburg.com\/fr\/#website","url":"https:\/\/kasteeloostvalkenburg.com\/fr\/","name":"Kasteel Oost","description":"","publisher":{"@id":"https:\/\/kasteeloostvalkenburg.com\/fr\/#organization"},"potentialAction":[{"@type":"SearchAction","target":{"@type":"EntryPoint","urlTemplate":"https:\/\/kasteeloostvalkenburg.com\/fr\/?s={search_term_string}"},"query-input":{"@type":"PropertyValueSpecification","valueRequired":true,"valueName":"search_term_string"}}],"inLanguage":"fr-FR"},{"@type":"Organization","@id":"https:\/\/kasteeloostvalkenburg.com\/fr\/#organization","name":"Kasteel Oost","url":"https:\/\/kasteeloostvalkenburg.com\/fr\/","logo":{"@type":"ImageObject","inLanguage":"fr-FR","@id":"https:\/\/kasteeloostvalkenburg.com\/fr\/#\/schema\/logo\/image\/","url":"https:\/\/kasteeloostvalkenburg.com\/wp-content\/uploads\/2025\/04\/KasteelOost-logo-darkgray.png","contentUrl":"https:\/\/kasteeloostvalkenburg.com\/wp-content\/uploads\/2025\/04\/KasteelOost-logo-darkgray.png","width":413,"height":318,"caption":"Kasteel Oost"},"image":{"@id":"https:\/\/kasteeloostvalkenburg.com\/fr\/#\/schema\/logo\/image\/"},"sameAs":["https:\/\/www.facebook.com\/Kooningstheweddingpalace","https:\/\/www.instagram.com\/kasteeloost\/","https:\/\/www.tiktok.com\/@kooningstheweddingpalace","https:\/\/nl.pinterest.com\/koonings\/"]}]}},"_links":{"self":[{"href":"https:\/\/kasteeloostvalkenburg.com\/fr\/wp-json\/wp\/v2\/pages\/3284","targetHints":{"allow":["GET"]}}],"collection":[{"href":"https:\/\/kasteeloostvalkenburg.com\/fr\/wp-json\/wp\/v2\/pages"}],"about":[{"href":"https:\/\/kasteeloostvalkenburg.com\/fr\/wp-json\/wp\/v2\/types\/page"}],"author":[{"embeddable":true,"href":"https:\/\/kasteeloostvalkenburg.com\/fr\/wp-json\/wp\/v2\/users\/2"}],"replies":[{"embeddable":true,"href":"https:\/\/kasteeloostvalkenburg.com\/fr\/wp-json\/wp\/v2\/comments?post=3284"}],"version-history":[{"count":3,"href":"https:\/\/kasteeloostvalkenburg.com\/fr\/wp-json\/wp\/v2\/pages\/3284\/revisions"}],"predecessor-version":[{"id":5279,"href":"https:\/\/kasteeloostvalkenburg.com\/fr\/wp-json\/wp\/v2\/pages\/3284\/revisions\/5279"}],"up":[{"embeddable":true,"href":"https:\/\/kasteeloostvalkenburg.com\/fr\/wp-json\/wp\/v2\/pages\/3270"}],"wp:attachment":[{"href":"https:\/\/kasteeloostvalkenburg.com\/fr\/wp-json\/wp\/v2\/media?parent=3284"}],"curies":[{"name":"wp","href":"https:\/\/api.w.org\/{rel}","templated":true}]}}