{"id":2622,"date":"2025-04-14T12:41:45","date_gmt":"2025-04-14T12:41:45","guid":{"rendered":"https:\/\/kasteeloostvalkenburg.com\/politique-de-confidentialite\/"},"modified":"2025-04-30T13:48:16","modified_gmt":"2025-04-30T13:48:16","slug":"politique-de-confidentialite","status":"publish","type":"page","link":"https:\/\/kasteeloostvalkenburg.com\/fr\/politique-de-confidentialite\/","title":{"rendered":"Politique de confidentialit\u00e9"},"content":{"rendered":"\n<div class=\"ghostkit-grid ghostkit-grid-gap-md ghostkit-grid-justify-content-center\"><div class=\"ghostkit-grid-inner\">\n<div class=\"ghostkit-col ghostkit-col-lg-12 ghostkit-col-8\"><div class=\"ghostkit-col-content is-layout-flow wp-block-ghostkit-grid-column-is-layout-flow\">\n<h2 class=\"wp-block-heading\" id=\"privacybeleid\">Politique de confidentialit\u00e9<\/h2>\n\n\n\n<p>Koonings Horeca Fauquemont BV, situ\u00e9 \u00e0 Dukaat 5A, 5751 PW \u00e0 Deurne, est responsable du traitement des donn\u00e9es \u00e0 caract\u00e8re personnel comme indiqu\u00e9 \u00e0 l&rsquo;adresse<br\/>dans la pr\u00e9sente d\u00e9claration de confidentialit\u00e9.<\/p>\n\n\n\r\n<div class=\"eye-block empty-space empty-space--petit \" ><\/div>\n\n\n<h3 class=\"wp-block-heading\" id=\"contactgegevens\">Coordonn\u00e9es de la personne \u00e0 contacter<\/h3>\n\n\n\n<p><br\/>Koonings Horeca Fauquemont BV<br\/><a href=\"https:\/\/www.koonings.com\/\">https:\/\/www.kasteeloostvalkenburg.com<br\/><\/a>Dukaat 5A<br\/>5751 PW, Deurne<br\/>0493 313 220<\/p>\n\n\n\n<p>Ramona Poels est le d\u00e9l\u00e9gu\u00e9 \u00e0 la protection des donn\u00e9es de Koonings Horeca Fauquemont BV.<br\/>Vous pouvez la contacter \u00e0 l&rsquo;adresse suivante : info@koonings.com<\/p>\n\n\n\r\n<div class=\"eye-block empty-space empty-space--petit \" ><\/div>\n\n\n<h3 class=\"wp-block-heading\" id=\"persoonsgegevens-die-wij-verwerken\">Donn\u00e9es personnelles que nous traitons<\/h3>\n\n\n\n<p>Koonings Horeca Fauquemont BV traite vos donn\u00e9es personnelles parce que vous utilisez nos services et\/ou parce que vous nous fournissez vous-m\u00eame ces donn\u00e9es.<\/p>\n\n\n\n<p>Vous trouverez ci-dessous un aper\u00e7u des donn\u00e9es personnelles que nous traitons :<\/p>\n\n\n\n<ul class=\"wp-block-list\">\n<li>Pr\u00e9nom et nom<\/li>\n\n\n\n<li>Num\u00e9ro de t\u00e9l\u00e9phone<\/li>\n\n\n\n<li>Adresse \u00e9lectronique<\/li>\n\n\n\n<li>Adresse IP<\/li>\n\n\n\n<li>Donn\u00e9es relatives \u00e0 vos activit\u00e9s sur notre site web<\/li>\n\n\n\n<li>Navigateur Internet et type d&rsquo;appareil<\/li>\n<\/ul>\n\n\n\r\n<div class=\"eye-block empty-space empty-space--petit \" ><\/div>\n\n\n<h3 class=\"wp-block-heading\" id=\"bijzondere-en-of-gevoelige-persoonsgegevens-die-wij-verwerken\">Donn\u00e9es personnelles sp\u00e9ciales et\/ou sensibles que nous traitons<\/h3>\n\n\n\n<p>Notre site web et\/ou service n&rsquo;a pas l&rsquo;intention de collecter des donn\u00e9es sur les visiteurs du site web<br\/>qui sont \u00e2g\u00e9s de moins de 16 ans. \u00c0 moins qu&rsquo;ils ne disposent d&rsquo;une autorisation parentale ou d&rsquo;un tuteur. Toutefois, nous ne pouvons pas v\u00e9rifier<br\/>si un visiteur a plus de 16 ans. Nous conseillons donc aux parents de s&rsquo;impliquer<br\/>dans les activit\u00e9s en ligne de leurs enfants, afin d&rsquo;\u00e9viter de collecter des donn\u00e9es sur les enfants<br\/>sans le consentement des parents. Si vous pensez que nous avons collect\u00e9 des donn\u00e9es personnelles sur un mineur sans ce consentement<br\/>, veuillez nous contacter<br\/>\u00e0 info@koonings.com et nous supprimerons ces informations. Dans quel but et sur quelle base<br\/>nous traitons les donn\u00e9es \u00e0 caract\u00e8re personnel.     <\/p>\n\n\n\n<p>Koonings Horeca Fauquemont BV traite vos donn\u00e9es personnelles aux fins suivantes :<\/p>\n\n\n\n<ul class=\"wp-block-list\">\n<li>vous appeler ou vous envoyer un courrier \u00e9lectronique lorsque cela est n\u00e9cessaire pour la prestation de nos services<\/li>\n<\/ul>\n\n\n\r\n<div class=\"eye-block empty-space empty-space--petit \" ><\/div>\n\n\n<h3 class=\"wp-block-heading\" id=\"geautomatiseerde-besluitvorming\">Prise de d\u00e9cision automatis\u00e9e<\/h3>\n\n\n\n<p>Koonings Horeca Fauquemont BV ne prend pas de d\u00e9cisions<br\/>sur des questions susceptibles d&rsquo;affecter (de mani\u00e8re significative) les personnes sur la base d&rsquo;un traitement automatis\u00e9. Il s&rsquo;agit de d\u00e9cisions<br\/>qui sont prises par des programmes ou des syst\u00e8mes informatiques, sans qu&rsquo;une personne<br\/>(par exemple un employ\u00e9 de Koonings Horeca Fauquemont BV) ne se trouve entre eux. <\/p>\n\n\n\r\n<div class=\"eye-block empty-space empty-space--petit \" ><\/div>\n\n\n<h3 class=\"wp-block-heading\" id=\"hoe-lang-we-persoonsgegevens-bewaren\">Dur\u00e9e de conservation des donn\u00e9es personnelles<\/h3>\n\n\n\n<p>Koonings Horeca Fauquemont BV ne conserve pas vos donn\u00e9es \u00e0 caract\u00e8re personnel plus longtemps que ce qui est strictement n\u00e9cessaire pour atteindre les objectifs pour lesquels vos donn\u00e9es ont \u00e9t\u00e9 collect\u00e9es. Nous utilisons les p\u00e9riodes de conservation suivantes pour les (cat\u00e9gories de) donn\u00e9es personnelles suivantes. <\/p>\n\n\n\n<figure class=\"wp-block-table\"><table class=\"has-fixed-layout\"><tbody><tr><td>Site web de donn\u00e9es personnelles<\/td><td>+\/ 6 mois &gt; afin de communiquer<\/td><\/tr><tr><td>Donn\u00e9es personnelles<\/td><td>+\/ 3 mois &gt; Dans le cadre de la communication<\/td><\/tr><tr><td>Etc.<\/td><td>+\/-3 mois<\/td><\/tr><\/tbody><\/table><\/figure>\n\n\n\n<p>Toutes les donn\u00e9es fournies via le site web sont conserv\u00e9es pendant une dur\u00e9e moyenne de 3 mois. Les donn\u00e9es fournies via le site web sont utilis\u00e9es strictement pour la communication concernant notre site web et\/ou nos services. <\/p>\n\n\n\r\n<div class=\"eye-block empty-space empty-space--petit \" ><\/div>\n\n\n<h3 class=\"wp-block-heading\" id=\"delen-van-persoonsgegevens-met-derden\">Partage des donn\u00e9es personnelles avec des tiers<\/h3>\n\n\n\n<p>Koonings Horeca Fauquemont BV ne vend pas vos donn\u00e9es \u00e0 des tiers et ne les communique que si cela est n\u00e9cessaire \u00e0 l&rsquo;ex\u00e9cution de notre contrat avec vous ou pour satisfaire<br\/>\u00e0 une obligation l\u00e9gale. Avec les entreprises qui traitent vos donn\u00e9es en notre nom, nous concluons un accord de sous-traitance pour garantir le m\u00eame niveau de s\u00e9curit\u00e9 et de confidentialit\u00e9 de vos donn\u00e9es. Koonings Horeca Fauquemont BV reste responsable de ce traitement.  <\/p>\n\n\n\r\n<div class=\"eye-block empty-space empty-space--petit \" ><\/div>\n\n\n<h3 class=\"wp-block-heading\" id=\"gegevens-inzien-aanpassen-of-verwijderen\">Visualiser, modifier ou supprimer des donn\u00e9es<\/h3>\n\n\n\n<p>Vous avez le droit de consulter, de corriger ou de supprimer vos donn\u00e9es personnelles. En outre, vous avez le droit de retirer votre \u00e9ventuel consentement au traitement des donn\u00e9es ou<br\/>de vous opposer au traitement de vos donn\u00e9es personnelles par Koonings Horeca Fauquemont BV et vous avez le droit \u00e0 la portabilit\u00e9 des donn\u00e9es. Cela signifie que vous pouvez nous demander d&rsquo;envoyer les donn\u00e9es personnelles que nous d\u00e9tenons sur vous dans un fichier informatique \u00e0 vous-m\u00eame ou \u00e0 une autre organisation que vous avez d\u00e9sign\u00e9e.  <\/p>\n\n\n\n<p>Vous pouvez envoyer une demande d&rsquo;acc\u00e8s, de correction, de suppression, de transfert de vos donn\u00e9es personnelles ou demander la r\u00e9vocation de votre consentement ou de votre objection au traitement de vos donn\u00e9es personnelles \u00e0 info@koonings.com.<\/p>\n\n\n\n<p>Afin de s&rsquo;assurer que la demande de contr\u00f4le \u00e9mane bien de vous, nous vous demandons d&rsquo;accompagner votre demande d&rsquo;une copie de votre preuve d&rsquo;identit\u00e9. Sur cette copie, noircissez votre photo de passeport, la MRZ<br\/>(zone de lecture automatique, la bande avec des chiffres au bas du passeport), le num\u00e9ro de passeport et le num\u00e9ro de service du citoyen (BSN). Cette mesure vise \u00e0 prot\u00e9ger votre vie priv\u00e9e. Nous r\u00e9pondrons \u00e0 votre demande d\u00e8s que possible, mais dans un d\u00e9lai de quatre semaines.   <\/p>\n\n\n\n<p>Koonings Horeca Fauquemont BV souhaite \u00e9galement vous informer que vous avez la possibilit\u00e9 de d\u00e9poser une plainte aupr\u00e8s du r\u00e9gulateur national, l&rsquo;Autorit\u00e9 des donn\u00e9es personnelles. Vous pouvez le faire via<br\/>le lien suivant <a href=\"https:\/\/autoriteitpersoonsgegevens.nl\/nl\/contact-met-de-autoriteit-persoonsgegevens\/tip-ons\">: https:\/\/autoriteitpersoonsgegevens.nl\/nl\/contact-met-de-autoriteit-persoonsgegevens\/tip-ons<\/a> <\/p>\n\n\n\r\n<div class=\"eye-block empty-space empty-space--petit \" ><\/div>\n\n\n<h3 class=\"wp-block-heading\" id=\"hoe-wij-persoonsgegevens-beveiligen\">Comment nous s\u00e9curisons les donn\u00e9es personnelles<\/h3>\n\n\n\n<p>Koonings Horeca Fauquemont BV prend au s\u00e9rieux la protection de vos donn\u00e9es et prend des mesures appropri\u00e9es pour lutter contre les abus, les pertes, les acc\u00e8s non autoris\u00e9s, les divulgations non d\u00e9sir\u00e9es<br\/>et les modifications non autoris\u00e9es. Si vous estimez que vos donn\u00e9es ne sont pas correctement s\u00e9curis\u00e9es ou s&rsquo;il existe des indices d&rsquo;une utilisation abusive, veuillez contacter notre service client\u00e8le ou via info@koonings.com. <\/p>\n\n\n\n<p>Ceci est la fin de notre politique de confidentialit\u00e9.<\/p>\n<\/div><\/div>\n<\/div><\/div>\n","protected":false},"excerpt":{"rendered":"","protected":false},"author":1,"featured_media":0,"parent":0,"menu_order":0,"comment_status":"closed","ping_status":"closed","template":"","meta":{"_acf_changed":false,"ghostkit_customizer_options":"","ghostkit_custom_css":"","ghostkit_custom_js_head":"","ghostkit_custom_js_foot":"","ghostkit_typography":"","footnotes":""},"class_list":["post-2622","page","type-page","status-publish","hentry"],"acf":[],"yoast_head":"<!-- This site is optimized with the Yoast SEO plugin v27.3 - https:\/\/yoast.com\/product\/yoast-seo-wordpress\/ -->\n<title>Politique de confidentialit\u00e9 - Kasteel Oost<\/title>\n<meta name=\"robots\" content=\"index, follow, max-snippet:-1, max-image-preview:large, max-video-preview:-1\" \/>\n<link rel=\"canonical\" href=\"https:\/\/kasteeloostvalkenburg.com\/fr\/politique-de-confidentialite\/\" \/>\n<meta property=\"og:locale\" content=\"fr_FR\" \/>\n<meta property=\"og:type\" content=\"article\" \/>\n<meta property=\"og:title\" content=\"Politique de confidentialit\u00e9 - Kasteel Oost\" \/>\n<meta property=\"og:url\" content=\"https:\/\/kasteeloostvalkenburg.com\/fr\/politique-de-confidentialite\/\" \/>\n<meta property=\"og:site_name\" content=\"Kasteel Oost\" \/>\n<meta property=\"article:publisher\" content=\"https:\/\/www.facebook.com\/Kooningstheweddingpalace\" \/>\n<meta property=\"article:modified_time\" content=\"2025-04-30T13:48:16+00:00\" \/>\n<meta name=\"twitter:card\" content=\"summary_large_image\" \/>\n<meta name=\"twitter:label1\" content=\"Dur\u00e9e de lecture estim\u00e9e\" \/>\n\t<meta name=\"twitter:data1\" content=\"5 minutes\" \/>\n<script type=\"application\/ld+json\" class=\"yoast-schema-graph\">{\"@context\":\"https:\\\/\\\/schema.org\",\"@graph\":[{\"@type\":\"WebPage\",\"@id\":\"https:\\\/\\\/kasteeloostvalkenburg.com\\\/fr\\\/politique-de-confidentialite\\\/\",\"url\":\"https:\\\/\\\/kasteeloostvalkenburg.com\\\/fr\\\/politique-de-confidentialite\\\/\",\"name\":\"Politique de confidentialit\u00e9 - Kasteel Oost\",\"isPartOf\":{\"@id\":\"https:\\\/\\\/kasteeloostvalkenburg.com\\\/fr\\\/#website\"},\"datePublished\":\"2025-04-14T12:41:45+00:00\",\"dateModified\":\"2025-04-30T13:48:16+00:00\",\"breadcrumb\":{\"@id\":\"https:\\\/\\\/kasteeloostvalkenburg.com\\\/fr\\\/politique-de-confidentialite\\\/#breadcrumb\"},\"inLanguage\":\"fr-FR\",\"potentialAction\":[{\"@type\":\"ReadAction\",\"target\":[\"https:\\\/\\\/kasteeloostvalkenburg.com\\\/fr\\\/politique-de-confidentialite\\\/\"]}]},{\"@type\":\"BreadcrumbList\",\"@id\":\"https:\\\/\\\/kasteeloostvalkenburg.com\\\/fr\\\/politique-de-confidentialite\\\/#breadcrumb\",\"itemListElement\":[{\"@type\":\"ListItem\",\"position\":1,\"name\":\"Accueil\",\"item\":\"https:\\\/\\\/kasteeloostvalkenburg.com\\\/fr\\\/\"},{\"@type\":\"ListItem\",\"position\":2,\"name\":\"Politique de confidentialit\u00e9\"}]},{\"@type\":\"WebSite\",\"@id\":\"https:\\\/\\\/kasteeloostvalkenburg.com\\\/fr\\\/#website\",\"url\":\"https:\\\/\\\/kasteeloostvalkenburg.com\\\/fr\\\/\",\"name\":\"Kasteel Oost\",\"description\":\"\",\"publisher\":{\"@id\":\"https:\\\/\\\/kasteeloostvalkenburg.com\\\/fr\\\/#organization\"},\"potentialAction\":[{\"@type\":\"SearchAction\",\"target\":{\"@type\":\"EntryPoint\",\"urlTemplate\":\"https:\\\/\\\/kasteeloostvalkenburg.com\\\/fr\\\/?s={search_term_string}\"},\"query-input\":{\"@type\":\"PropertyValueSpecification\",\"valueRequired\":true,\"valueName\":\"search_term_string\"}}],\"inLanguage\":\"fr-FR\"},{\"@type\":\"Organization\",\"@id\":\"https:\\\/\\\/kasteeloostvalkenburg.com\\\/fr\\\/#organization\",\"name\":\"Kasteel Oost\",\"url\":\"https:\\\/\\\/kasteeloostvalkenburg.com\\\/fr\\\/\",\"logo\":{\"@type\":\"ImageObject\",\"inLanguage\":\"fr-FR\",\"@id\":\"https:\\\/\\\/kasteeloostvalkenburg.com\\\/fr\\\/#\\\/schema\\\/logo\\\/image\\\/\",\"url\":\"https:\\\/\\\/kasteeloostvalkenburg.com\\\/wp-content\\\/uploads\\\/2025\\\/04\\\/KasteelOost-logo-darkgray.png\",\"contentUrl\":\"https:\\\/\\\/kasteeloostvalkenburg.com\\\/wp-content\\\/uploads\\\/2025\\\/04\\\/KasteelOost-logo-darkgray.png\",\"width\":413,\"height\":318,\"caption\":\"Kasteel Oost\"},\"image\":{\"@id\":\"https:\\\/\\\/kasteeloostvalkenburg.com\\\/fr\\\/#\\\/schema\\\/logo\\\/image\\\/\"},\"sameAs\":[\"https:\\\/\\\/www.facebook.com\\\/Kooningstheweddingpalace\",\"https:\\\/\\\/www.instagram.com\\\/kasteeloost\\\/\",\"https:\\\/\\\/www.tiktok.com\\\/@kooningstheweddingpalace\",\"https:\\\/\\\/nl.pinterest.com\\\/koonings\\\/\"]}]}<\/script>\n<!-- \/ Yoast SEO plugin. -->","yoast_head_json":{"title":"Politique de confidentialit\u00e9 - Kasteel Oost","robots":{"index":"index","follow":"follow","max-snippet":"max-snippet:-1","max-image-preview":"max-image-preview:large","max-video-preview":"max-video-preview:-1"},"canonical":"https:\/\/kasteeloostvalkenburg.com\/fr\/politique-de-confidentialite\/","og_locale":"fr_FR","og_type":"article","og_title":"Politique de confidentialit\u00e9 - Kasteel Oost","og_url":"https:\/\/kasteeloostvalkenburg.com\/fr\/politique-de-confidentialite\/","og_site_name":"Kasteel Oost","article_publisher":"https:\/\/www.facebook.com\/Kooningstheweddingpalace","article_modified_time":"2025-04-30T13:48:16+00:00","twitter_card":"summary_large_image","twitter_misc":{"Dur\u00e9e de lecture estim\u00e9e":"5 minutes"},"schema":{"@context":"https:\/\/schema.org","@graph":[{"@type":"WebPage","@id":"https:\/\/kasteeloostvalkenburg.com\/fr\/politique-de-confidentialite\/","url":"https:\/\/kasteeloostvalkenburg.com\/fr\/politique-de-confidentialite\/","name":"Politique de confidentialit\u00e9 - Kasteel Oost","isPartOf":{"@id":"https:\/\/kasteeloostvalkenburg.com\/fr\/#website"},"datePublished":"2025-04-14T12:41:45+00:00","dateModified":"2025-04-30T13:48:16+00:00","breadcrumb":{"@id":"https:\/\/kasteeloostvalkenburg.com\/fr\/politique-de-confidentialite\/#breadcrumb"},"inLanguage":"fr-FR","potentialAction":[{"@type":"ReadAction","target":["https:\/\/kasteeloostvalkenburg.com\/fr\/politique-de-confidentialite\/"]}]},{"@type":"BreadcrumbList","@id":"https:\/\/kasteeloostvalkenburg.com\/fr\/politique-de-confidentialite\/#breadcrumb","itemListElement":[{"@type":"ListItem","position":1,"name":"Accueil","item":"https:\/\/kasteeloostvalkenburg.com\/fr\/"},{"@type":"ListItem","position":2,"name":"Politique de confidentialit\u00e9"}]},{"@type":"WebSite","@id":"https:\/\/kasteeloostvalkenburg.com\/fr\/#website","url":"https:\/\/kasteeloostvalkenburg.com\/fr\/","name":"Kasteel Oost","description":"","publisher":{"@id":"https:\/\/kasteeloostvalkenburg.com\/fr\/#organization"},"potentialAction":[{"@type":"SearchAction","target":{"@type":"EntryPoint","urlTemplate":"https:\/\/kasteeloostvalkenburg.com\/fr\/?s={search_term_string}"},"query-input":{"@type":"PropertyValueSpecification","valueRequired":true,"valueName":"search_term_string"}}],"inLanguage":"fr-FR"},{"@type":"Organization","@id":"https:\/\/kasteeloostvalkenburg.com\/fr\/#organization","name":"Kasteel Oost","url":"https:\/\/kasteeloostvalkenburg.com\/fr\/","logo":{"@type":"ImageObject","inLanguage":"fr-FR","@id":"https:\/\/kasteeloostvalkenburg.com\/fr\/#\/schema\/logo\/image\/","url":"https:\/\/kasteeloostvalkenburg.com\/wp-content\/uploads\/2025\/04\/KasteelOost-logo-darkgray.png","contentUrl":"https:\/\/kasteeloostvalkenburg.com\/wp-content\/uploads\/2025\/04\/KasteelOost-logo-darkgray.png","width":413,"height":318,"caption":"Kasteel Oost"},"image":{"@id":"https:\/\/kasteeloostvalkenburg.com\/fr\/#\/schema\/logo\/image\/"},"sameAs":["https:\/\/www.facebook.com\/Kooningstheweddingpalace","https:\/\/www.instagram.com\/kasteeloost\/","https:\/\/www.tiktok.com\/@kooningstheweddingpalace","https:\/\/nl.pinterest.com\/koonings\/"]}]}},"_links":{"self":[{"href":"https:\/\/kasteeloostvalkenburg.com\/fr\/wp-json\/wp\/v2\/pages\/2622","targetHints":{"allow":["GET"]}}],"collection":[{"href":"https:\/\/kasteeloostvalkenburg.com\/fr\/wp-json\/wp\/v2\/pages"}],"about":[{"href":"https:\/\/kasteeloostvalkenburg.com\/fr\/wp-json\/wp\/v2\/types\/page"}],"author":[{"embeddable":true,"href":"https:\/\/kasteeloostvalkenburg.com\/fr\/wp-json\/wp\/v2\/users\/1"}],"replies":[{"embeddable":true,"href":"https:\/\/kasteeloostvalkenburg.com\/fr\/wp-json\/wp\/v2\/comments?post=2622"}],"version-history":[{"count":5,"href":"https:\/\/kasteeloostvalkenburg.com\/fr\/wp-json\/wp\/v2\/pages\/2622\/revisions"}],"predecessor-version":[{"id":2988,"href":"https:\/\/kasteeloostvalkenburg.com\/fr\/wp-json\/wp\/v2\/pages\/2622\/revisions\/2988"}],"wp:attachment":[{"href":"https:\/\/kasteeloostvalkenburg.com\/fr\/wp-json\/wp\/v2\/media?parent=2622"}],"curies":[{"name":"wp","href":"https:\/\/api.w.org\/{rel}","templated":true}]}}