{"id":1508,"date":"2025-03-06T09:41:12","date_gmt":"2025-03-06T09:41:12","guid":{"rendered":"https:\/\/kasteeloostvalkenburg.com\/restaurant\/"},"modified":"2026-02-12T12:51:13","modified_gmt":"2026-02-12T12:51:13","slug":"restaurant","status":"publish","type":"page","link":"https:\/\/kasteeloostvalkenburg.com\/fr\/restaurant\/","title":{"rendered":"Restaurant"},"content":{"rendered":"\r\n    <section class=\"hero image-right\">\r\n        <div class=\"row d-flex align-items-center\">\r\n            <div class=\"col-12 col-lg-7\">\r\n                <div class=\"hero__intro\">\r\n                                            <div class=\"eye-block breadcrumbs-wrapper\">\r\n                            \r\n            <ul class=\"site-breadcrumbs\">\r\n                <li class=\"crumb\">\r\n                    <a class=\"disable-line\" href=\"https:\/\/kasteeloostvalkenburg.com\">\r\n                        <i class=\"fa-regular fa-home\"><\/i>\r\n                    <\/a>\r\n                <\/li>\r\n                                    <div class=\"divider\"><\/div>\r\n                    <li class=\"crumb first\">\r\n                        <a class=\"disable-line\" href=\"https:\/\/kasteeloostvalkenburg.com\/fr\/restaurant\/\">Restaurant<\/a>\r\n                    <\/li>\r\n                                        <div class=\"divider\"><\/div>\r\n                    <li class=\"crumb \">\r\n                        <a class=\"disable-line\" href=\"https:\/\/kasteeloostvalkenburg.com\/fr\/restaurant\/menu\/\">Menu<\/a>\r\n                    <\/li>\r\n                                <\/ul>\r\n        \r\n                                        <\/div>\r\n                                        <p class=\"hero__intro-subtitle\">Restaurant Mon R\u00eave<\/p>\r\n                    <h1>La perfection culinaire dans un cadre enchanteur<\/h1>\r\n                    <div class=\"hero__intro-content\">\r\n                        <p><p>P\u00e9n\u00e9trez dans les caves vo\u00fbt\u00e9es de Kasteel Oost et d\u00e9couvrez Mon R\u00eave, le restaurant situ\u00e9 au sous-sol de ce monument historique. Ici, vous d\u00eenez dans une cave \u00e0 vin atmosph\u00e9rique, o\u00f9 l&rsquo;histoire rencontre la gastronomie. Laissez-vous surprendre par des plats de saison, pr\u00e9par\u00e9s avec soin et passion, et profitez d&rsquo;une exp\u00e9rience culinaire qui stimule tous vos sens. <\/p>\n<div class=\"subpage-links-block\"><a class=\"btn btn-primary me-2 mb-2\" href=\"https:\/\/kasteeloostvalkenburg.com\/fr\/restaurant\/arrangements\/\">Arrangements<\/a><a class=\"btn btn-primary me-2 mb-2\" href=\"https:\/\/kasteeloostvalkenburg.com\/fr\/restaurant\/cheques-cadeaux\/\">Ch\u00e8ques-cadeaux<\/a><a class=\"btn btn-primary me-2 mb-2\" href=\"https:\/\/kasteeloostvalkenburg.com\/fr\/restaurant\/dejeuner-et-diner\/\">D\u00e9jeuner et d\u00eener<\/a><a class=\"btn btn-primary me-2 mb-2\" href=\"https:\/\/kasteeloostvalkenburg.com\/fr\/restaurant\/menu\/\">Menu<\/a><\/div>\n<\/p>\r\n\r\n                        \r\n                    <\/div>\r\n                <\/div>\r\n            <\/div>\r\n            <div class=\"col-12 col-lg-5\">\r\n                                    <div class=\"hero__image\">\r\n                        <img decoding=\"async\" src=\"https:\/\/kasteeloostvalkenburg.com\/wp-content\/uploads\/2025\/10\/kuppens_fotografie_3457-scaled.jpg\" alt=\"\">\r\n                    <\/div>\r\n                            <\/div>\r\n        <\/div>\r\n    <\/section>\r\n\r\n\r\n<div class=\"eye-block empty-space empty-space--large pt-md-5 pb-md-5 pt-4 pb-4\" ><\/div>\r\n    <div class=\"eye-block contentblock fade-in-animation\">\r\n        <div class=\"contentblock__overlapping-images\">\r\n            <div class=\"row\">\r\n                <div class=\"col-12 col-lg-7\">\r\n                    <div class=\"contentblock__overlapping-images__content\">\r\n                                                <h2>D\u00e9jeuner et d\u00eener<\/h2>\r\n                        <div class=\"contentblock__overlapping-images__content-text\">\r\n                            <p>Laissez-vous surprendre par des plats raffin\u00e9s dans une ambiance f\u00e9erique. Au Mon R\u00eave, nous servons un menu saisonnier avec des ingr\u00e9dients frais du jour, inspir\u00e9 de la cuisine fran\u00e7aise. Que vous veniez pour un d\u00e9jeuner d\u00e9contract\u00e9 ou un d\u00eener \u00e9labor\u00e9, chaque plat est pr\u00e9par\u00e9 avec passion et servi avec le souci du d\u00e9tail. Parfait pour un rendez-vous romantique, un d\u00e9jeuner d&rsquo;affaires ou une soir\u00e9e sp\u00e9ciale.   <\/p>\n                        <\/div>\r\n\r\n                                                                                    <a                                        class=\"btn btn-primary\" onclick=\"_gstpln.openWidget();\">Reserveer jouw tafel<\/a>\r\n                                                    \r\n                    <\/div>\r\n                <\/div>\r\n                <div class=\"col-12 col-lg-5 overlap\">\r\n                    <div class=\"contentblock__overlapping-images__images\">\r\n                        <img decoding=\"async\" class=\"skip-lazy\" src=\"https:\/\/kasteeloostvalkenburg.com\/wp-content\/uploads\/2025\/10\/DSC_6381-scaled.jpg\" alt=\"\">\r\n                        <img decoding=\"async\" class=\"skip-lazy\" src=\"https:\/\/kasteeloostvalkenburg.com\/wp-content\/uploads\/2025\/09\/3X7A2376.jpg\" alt=\"\">\r\n                        <img decoding=\"async\" class=\"skip-lazy\" src=\"https:\/\/kasteeloostvalkenburg.com\/wp-content\/uploads\/2025\/04\/Fotos-Kasteel-Oost-6-scaled.jpg\" alt=\"\">\r\n                    <\/div>\r\n                <\/div>\r\n            <\/div>\r\n        <\/div>\r\n    <\/div>\r\n\r\n\r\n\r\n<div class=\"eye-block empty-space empty-space--large pt-md-5 pb-md-5 pt-4 pb-4\" ><\/div>\r\n    <div class=\"eye-block contentblock fade-in-animation\">\r\n        <div class=\"contentblock__colored-bg alt\">\r\n            <div class=\"row gx-6\">\r\n                <div class=\"col-12 col-lg-6\">\r\n                    <div class=\"contentblock__colored-bg__image alt\">\r\n                        <img decoding=\"async\" src=\"https:\/\/kasteeloostvalkenburg.com\/wp-content\/uploads\/2025\/03\/Woensdag-4-december-2024-Beelden-Mon-Reve-najaar-2024-65-scaled.jpg\" alt=\"\" data-speed=\".5\">\r\n                    <\/div>\r\n                <\/div>\r\n                <div class=\"col-12 col-lg-6\">\r\n                    <div class=\"contentblock__colored-bg__content-alt\">\r\n                        <div class=\"filled-block\">\r\n                                                        <h2>Carte de menu<\/h2>\r\n                        <\/div>\r\n                        <div class=\"contentblock__colored-bg__content-text\">\r\n                            <p>D\u00e9couvrez nos plats raffin\u00e9s qui font de chaque instant un moment sp\u00e9cial. Des entr\u00e9es \u00e9l\u00e9gantes aux plats principaux d\u00e9lectables en passant par les desserts sophistiqu\u00e9s, chaque bouch\u00e9e est une exp\u00e9rience. Laissez-vous guider par la cr\u00e9ativit\u00e9 de notre chef et savourez un d\u00eener qui stimule tous vos sens.  <\/p>\n                        <\/div>\r\n\r\n                                                                                    <a href=\"https:\/\/kasteeloostvalkenburg.com\/fr\/restaurant\/menu\/\"                                        class=\"link\">Bekijk de menukaart<\/a>\r\n                                                                        <\/div>\r\n                <\/div>\r\n            <\/div>\r\n        <\/div>\r\n    <\/div>\r\n\r\n<div class=\"eye-block empty-space empty-space--large pt-md-5 pb-md-5 pt-4 pb-4\" ><\/div>\r\n    <div class=\"eye-block contentblock fade-in-animation\">\r\n        <div class=\"contentblock__overlapping-images\">\r\n            <div class=\"row\">\r\n                <div class=\"col-12 col-lg-7\">\r\n                    <div class=\"contentblock__overlapping-images__content\">\r\n                                                <h2>D\u00e9couvrez nos forfaits<\/h2>\r\n                        <div class=\"contentblock__overlapping-images__content-text\">\r\n                            <p>Que vous ayez quelque chose \u00e0 c\u00e9l\u00e9brer ou que vous souhaitiez simplement profiter d&rsquo;un apr\u00e8s-midi plein d&rsquo;ambiance, nos formules font de chaque r\u00e9union un moment sp\u00e9cial. Laissez-vous tenter par une large s\u00e9lection de d\u00e9licieux en-cas et de boissons, soigneusement \u00e9labor\u00e9s par notre chef. Qu&rsquo;il s&rsquo;agisse d&rsquo;un high tea raffin\u00e9 ou d&rsquo;une boisson conviviale, nous vous proposons une exp\u00e9rience savoureuse qui convient parfaitement \u00e0 votre entreprise.  <\/p>\n                        <\/div>\r\n\r\n                                                                                    <a href=\"https:\/\/kasteeloostvalkenburg.com\/fr\/restaurant\/arrangements\/\"                                        class=\"link\">Bekijk onze arrangementen<\/a>\r\n                                                    \r\n                    <\/div>\r\n                <\/div>\r\n                <div class=\"col-12 col-lg-5 overlap\">\r\n                    <div class=\"contentblock__overlapping-images__images\">\r\n                        <img decoding=\"async\" class=\"skip-lazy\" src=\"https:\/\/kasteeloostvalkenburg.com\/wp-content\/uploads\/2025\/04\/High-Tea-en-High-Wine-31-scaled-e1744614474225.jpg\" alt=\"\">\r\n                        <img decoding=\"async\" class=\"skip-lazy\" src=\"https:\/\/kasteeloostvalkenburg.com\/wp-content\/uploads\/2025\/04\/High-Tea-en-High-Wine-12-scaled.jpg\" alt=\"\">\r\n                        <img decoding=\"async\" class=\"skip-lazy\" src=\"https:\/\/kasteeloostvalkenburg.com\/wp-content\/uploads\/2025\/04\/Fotos-Kasteel-Oost-17-scaled-e1744617403745.jpg\" alt=\"\">\r\n                    <\/div>\r\n                <\/div>\r\n            <\/div>\r\n        <\/div>\r\n    <\/div>\r\n\r\n\r\n\r\n<div class=\"eye-block empty-space empty-space--large pt-md-5 pb-md-5 pt-4 pb-4\" ><\/div>\r\n    <div class=\"eye-block contentblock fade-in-animation\">\r\n        <div class=\"contentblock__colored-bg bg--darkgray\">\r\n            <div class=\"row gx-6\">\r\n                <div class=\"col-12 col-lg-6\">\r\n                    <div class=\"contentblock__colored-bg__image\">\r\n                        <img decoding=\"async\" src=\"https:\/\/kasteeloostvalkenburg.com\/wp-content\/uploads\/2025\/09\/2025_05_25_KOONINGS_KASTEELOOST_OPENING_245-scaled.jpg\" alt=\"\">\r\n                    <\/div>\r\n                <\/div>\r\n                <div class=\"col-12 col-lg-6 d-flex align-items-center\">\r\n                    <div class=\"contentblock__colored-bg__content\">\r\n                                                <h2>Terrasse<\/h2>\r\n                        <div class=\"contentblock__colored-bg__content-text\">\r\n                            <p>Une terrasse ensoleill\u00e9e entour\u00e9e de nature et d&rsquo;histoire. Au restaurant Mon R\u00eave \u00e0 Kasteel Oost, vous pourrez manger et boire un verre avec une vue imprenable sur le ch\u00e2teau monumental jaune ocre et le vaste domaine. Que vous veniez pour un d\u00e9jeuner relaxant, un verre de vin rafra\u00eechissant ou un d\u00eener atmosph\u00e9rique en plein air, notre terrasse offre un cadre parfait pour chaque moment.  <\/p>\n                        <\/div>\r\n\r\n                                                                                    <a                                        class=\"btn btn-tertiary\" onclick=\"_gstpln.openWidget();\">Reserveer jouw tafel<\/a>\r\n                                                    \r\n                    <\/div>\r\n                <\/div>\r\n            <\/div>\r\n        <\/div>\r\n    <\/div>\r\n\r\n\r\n<div class=\"eye-block empty-space empty-space--large pt-md-5 pb-md-5 pt-4 pb-4\" ><\/div>\r\n<div class=\"eye-block empty-space empty-space--large pt-md-5 pb-md-5 pt-4 pb-4\" ><\/div>\r\n    <div class=\"eye-block contentblock fade-in-animation\">\r\n        <div class=\"contentblock__arrow-split__container\">\r\n            <div class=\"contentblock__arrow-split\">\r\n                <div class=\"contentblock__arrow-split__title\">\r\n                                            <p class=\"introtext\">Offrez un cadeau de bon go\u00fbt<\/p>\r\n                                        <h2>Ch\u00e8ques-cadeaux<\/h2>\r\n                <\/div>\r\n                <div class=\"contentblock__arrow-split__seperator\">\r\n                    <img decoding=\"async\" src=\"https:\/\/kasteeloostvalkenburg.com\/wp-content\/themes\/kasteeloost\/images\/arrow-decoration.svg\" alt=\"Arrow seperator\">\r\n                <\/div>\r\n                <div class=\"contentblock__arrow-split__text\">\r\n                    <p>Vous voulez surprendre quelqu&rsquo;un avec un cadeau sp\u00e9cial ? Qu&rsquo;il s&rsquo;agisse d&rsquo;un anniversaire, d&rsquo;une remise de dipl\u00f4me, de la f\u00eate des m\u00e8res ou simplement d&rsquo;un moment \u00e0 c\u00e9l\u00e9brer, une exp\u00e9rience d\u00e9licieuse dans notre restaurant est toujours une bonne id\u00e9e. <\/p>\n                                                                        <a href=\"https:\/\/kasteeloostvalkenburg.com\/fr\/restaurant\/cheques-cadeaux\/\"                                    class=\"link\">Bekijk cadeaubonnen<\/a>\r\n                                                            <\/div>\r\n            <\/div>\r\n        <\/div>\r\n    <\/div>\r\n\r\n\r\n<div class=\"eye-block empty-space empty-space--large pt-md-5 pb-md-5 pt-4 pb-4\" ><\/div>\r\n<div class=\"eye-block empty-space empty-space--large pt-md-5 pb-md-5 pt-4 pb-4\" ><\/div>\r\n<div class=\"eye-block end-of-page-link\">\r\n    <div class=\"end-of-page-link__intro\">\r\n        <p>D\u00e9couvrir \u00e0<\/p>\r\n        <h2 class=\"no-fancy-letter\">Kasteel Oost<\/h2>\r\n        <a href=\"\/album\" class=\"btn btn-primary\">Galerij<\/a>\r\n    <\/div>\r\n    <div class=\"end-of-page-link__images\">\r\n                    <a href=\"\/fr\/hotel\" class=\"end-of-page-link__images-item\">\r\n                <p> H\u00f4tel<\/p>\r\n                <img decoding=\"async\" src=\"https:\/\/kasteeloostvalkenburg.com\/wp-content\/uploads\/2025\/03\/Suites-Thumbnail-scaled.webp\" alt=\" H\u00f4tel\">\r\n            <\/a>\r\n                    <a href=\"\/fr\/restaurant\" class=\"end-of-page-link__images-item\">\r\n                <p>Restaurant<\/p>\r\n                <img decoding=\"async\" src=\"https:\/\/kasteeloostvalkenburg.com\/wp-content\/uploads\/2025\/03\/Restaurant-Thumbnail-scaled.webp\" alt=\"Restaurant\">\r\n            <\/a>\r\n            <\/div>\r\n<\/div>\r\n\r\n<div class=\"eye-block empty-space empty-space--large pt-md-5 pb-md-5 pt-4 pb-4\" ><\/div>\n<div class=\"ghostkit-grid ghostkit-grid-gap-md ghostkit-grid-justify-content-center\"><div class=\"ghostkit-grid-inner\">\n<div class=\"ghostkit-col ghostkit-col-lg-12 ghostkit-col-xl-12 ghostkit-col-4\"><div class=\"ghostkit-col-content is-layout-flow wp-block-ghostkit-grid-column-is-layout-flow\">\r\n<div class=\"colored-bg-container\">\r\n    <div class=\"eye-block colored-bg bg--lightbeige\">\r\n        <div class=\"container\">\r\n            <div class=\"row\">\r\n                <div class=\"col-12 p-0\">\r\n                    <div class=\"acf-innerblocks-container\">\n\n<h4 class=\"wp-block-heading\" id=\"contact\">Contact<\/h4>\n\n\n\n<ul class=\"wp-block-list\">\n<li><a href=\"mailto:Info@monrevevalkenburg.com\">info@monrevevalkenburg.com<\/a><\/li>\n\n\n\n<li>+31 (0) 432 &#8211; 050 292<\/li>\n<\/ul>\n\n<\/div>\r\n                <\/div>\r\n            <\/div>\r\n        <\/div>\r\n    <\/div>\r\n<\/div><\/div><\/div>\n<\/div><\/div>\n","protected":false},"excerpt":{"rendered":"","protected":false},"author":1,"featured_media":0,"parent":0,"menu_order":0,"comment_status":"closed","ping_status":"closed","template":"","meta":{"_acf_changed":false,"ghostkit_customizer_options":"","ghostkit_custom_css":"","ghostkit_custom_js_head":"","ghostkit_custom_js_foot":"","ghostkit_typography":"","footnotes":""},"class_list":["post-1508","page","type-page","status-publish","hentry"],"acf":[],"yoast_head":"<!-- This site is optimized with the Yoast SEO plugin v27.3 - https:\/\/yoast.com\/product\/yoast-seo-wordpress\/ -->\n<title>Restaurant Mon R\u00eave - D\u00eener dans la cave \u00e0 vin de Kasteel Oost<\/title>\n<meta name=\"description\" content=\"D\u00e9couvrez Mon R\u00eave, le restaurant de la cave \u00e0 vin de Kasteel Oost. Profitez d&#039;une exp\u00e9rience culinaire dans une cave \u00e0 vin atmosph\u00e9rique avec des plats de saison.\" \/>\n<meta name=\"robots\" content=\"index, follow, max-snippet:-1, max-image-preview:large, max-video-preview:-1\" \/>\n<link rel=\"canonical\" href=\"https:\/\/kasteeloostvalkenburg.com\/fr\/restaurant\/\" \/>\n<meta property=\"og:locale\" content=\"fr_FR\" \/>\n<meta property=\"og:type\" content=\"article\" \/>\n<meta property=\"og:title\" content=\"Restaurant Mon R\u00eave - D\u00eener dans la cave \u00e0 vin de Kasteel Oost\" \/>\n<meta property=\"og:description\" content=\"D\u00e9couvrez Mon R\u00eave, le restaurant de la cave \u00e0 vin de Kasteel Oost. Profitez d&#039;une exp\u00e9rience culinaire dans une cave \u00e0 vin atmosph\u00e9rique avec des plats de saison.\" \/>\n<meta property=\"og:url\" content=\"https:\/\/kasteeloostvalkenburg.com\/fr\/restaurant\/\" \/>\n<meta property=\"og:site_name\" content=\"Kasteel Oost\" \/>\n<meta property=\"article:publisher\" content=\"https:\/\/www.facebook.com\/Kooningstheweddingpalace\" \/>\n<meta property=\"article:modified_time\" content=\"2026-02-12T12:51:13+00:00\" \/>\n<meta name=\"twitter:card\" content=\"summary_large_image\" \/>\n<script type=\"application\/ld+json\" class=\"yoast-schema-graph\">{\"@context\":\"https:\\\/\\\/schema.org\",\"@graph\":[{\"@type\":\"WebPage\",\"@id\":\"https:\\\/\\\/kasteeloostvalkenburg.com\\\/fr\\\/restaurant\\\/\",\"url\":\"https:\\\/\\\/kasteeloostvalkenburg.com\\\/fr\\\/restaurant\\\/\",\"name\":\"Restaurant Mon R\u00eave - D\u00eener dans la cave \u00e0 vin de Kasteel Oost\",\"isPartOf\":{\"@id\":\"https:\\\/\\\/kasteeloostvalkenburg.com\\\/fr\\\/#website\"},\"datePublished\":\"2025-03-06T09:41:12+00:00\",\"dateModified\":\"2026-02-12T12:51:13+00:00\",\"description\":\"D\u00e9couvrez Mon R\u00eave, le restaurant de la cave \u00e0 vin de Kasteel Oost. Profitez d'une exp\u00e9rience culinaire dans une cave \u00e0 vin atmosph\u00e9rique avec des plats de saison.\",\"breadcrumb\":{\"@id\":\"https:\\\/\\\/kasteeloostvalkenburg.com\\\/fr\\\/restaurant\\\/#breadcrumb\"},\"inLanguage\":\"fr-FR\",\"potentialAction\":[{\"@type\":\"ReadAction\",\"target\":[\"https:\\\/\\\/kasteeloostvalkenburg.com\\\/fr\\\/restaurant\\\/\"]}]},{\"@type\":\"BreadcrumbList\",\"@id\":\"https:\\\/\\\/kasteeloostvalkenburg.com\\\/fr\\\/restaurant\\\/#breadcrumb\",\"itemListElement\":[{\"@type\":\"ListItem\",\"position\":1,\"name\":\"Accueil\",\"item\":\"https:\\\/\\\/kasteeloostvalkenburg.com\\\/fr\\\/\"},{\"@type\":\"ListItem\",\"position\":2,\"name\":\"Restaurant\"}]},{\"@type\":\"WebSite\",\"@id\":\"https:\\\/\\\/kasteeloostvalkenburg.com\\\/fr\\\/#website\",\"url\":\"https:\\\/\\\/kasteeloostvalkenburg.com\\\/fr\\\/\",\"name\":\"Kasteel Oost\",\"description\":\"\",\"publisher\":{\"@id\":\"https:\\\/\\\/kasteeloostvalkenburg.com\\\/fr\\\/#organization\"},\"potentialAction\":[{\"@type\":\"SearchAction\",\"target\":{\"@type\":\"EntryPoint\",\"urlTemplate\":\"https:\\\/\\\/kasteeloostvalkenburg.com\\\/fr\\\/?s={search_term_string}\"},\"query-input\":{\"@type\":\"PropertyValueSpecification\",\"valueRequired\":true,\"valueName\":\"search_term_string\"}}],\"inLanguage\":\"fr-FR\"},{\"@type\":\"Organization\",\"@id\":\"https:\\\/\\\/kasteeloostvalkenburg.com\\\/fr\\\/#organization\",\"name\":\"Kasteel Oost\",\"url\":\"https:\\\/\\\/kasteeloostvalkenburg.com\\\/fr\\\/\",\"logo\":{\"@type\":\"ImageObject\",\"inLanguage\":\"fr-FR\",\"@id\":\"https:\\\/\\\/kasteeloostvalkenburg.com\\\/fr\\\/#\\\/schema\\\/logo\\\/image\\\/\",\"url\":\"https:\\\/\\\/kasteeloostvalkenburg.com\\\/wp-content\\\/uploads\\\/2025\\\/04\\\/KasteelOost-logo-darkgray.png\",\"contentUrl\":\"https:\\\/\\\/kasteeloostvalkenburg.com\\\/wp-content\\\/uploads\\\/2025\\\/04\\\/KasteelOost-logo-darkgray.png\",\"width\":413,\"height\":318,\"caption\":\"Kasteel Oost\"},\"image\":{\"@id\":\"https:\\\/\\\/kasteeloostvalkenburg.com\\\/fr\\\/#\\\/schema\\\/logo\\\/image\\\/\"},\"sameAs\":[\"https:\\\/\\\/www.facebook.com\\\/Kooningstheweddingpalace\",\"https:\\\/\\\/www.instagram.com\\\/kasteeloost\\\/\",\"https:\\\/\\\/www.tiktok.com\\\/@kooningstheweddingpalace\",\"https:\\\/\\\/nl.pinterest.com\\\/koonings\\\/\"]}]}<\/script>\n<!-- \/ Yoast SEO plugin. -->","yoast_head_json":{"title":"Restaurant Mon R\u00eave - D\u00eener dans la cave \u00e0 vin de Kasteel Oost","description":"D\u00e9couvrez Mon R\u00eave, le restaurant de la cave \u00e0 vin de Kasteel Oost. Profitez d'une exp\u00e9rience culinaire dans une cave \u00e0 vin atmosph\u00e9rique avec des plats de saison.","robots":{"index":"index","follow":"follow","max-snippet":"max-snippet:-1","max-image-preview":"max-image-preview:large","max-video-preview":"max-video-preview:-1"},"canonical":"https:\/\/kasteeloostvalkenburg.com\/fr\/restaurant\/","og_locale":"fr_FR","og_type":"article","og_title":"Restaurant Mon R\u00eave - D\u00eener dans la cave \u00e0 vin de Kasteel Oost","og_description":"D\u00e9couvrez Mon R\u00eave, le restaurant de la cave \u00e0 vin de Kasteel Oost. Profitez d'une exp\u00e9rience culinaire dans une cave \u00e0 vin atmosph\u00e9rique avec des plats de saison.","og_url":"https:\/\/kasteeloostvalkenburg.com\/fr\/restaurant\/","og_site_name":"Kasteel Oost","article_publisher":"https:\/\/www.facebook.com\/Kooningstheweddingpalace","article_modified_time":"2026-02-12T12:51:13+00:00","twitter_card":"summary_large_image","schema":{"@context":"https:\/\/schema.org","@graph":[{"@type":"WebPage","@id":"https:\/\/kasteeloostvalkenburg.com\/fr\/restaurant\/","url":"https:\/\/kasteeloostvalkenburg.com\/fr\/restaurant\/","name":"Restaurant Mon R\u00eave - D\u00eener dans la cave \u00e0 vin de Kasteel Oost","isPartOf":{"@id":"https:\/\/kasteeloostvalkenburg.com\/fr\/#website"},"datePublished":"2025-03-06T09:41:12+00:00","dateModified":"2026-02-12T12:51:13+00:00","description":"D\u00e9couvrez Mon R\u00eave, le restaurant de la cave \u00e0 vin de Kasteel Oost. Profitez d'une exp\u00e9rience culinaire dans une cave \u00e0 vin atmosph\u00e9rique avec des plats de saison.","breadcrumb":{"@id":"https:\/\/kasteeloostvalkenburg.com\/fr\/restaurant\/#breadcrumb"},"inLanguage":"fr-FR","potentialAction":[{"@type":"ReadAction","target":["https:\/\/kasteeloostvalkenburg.com\/fr\/restaurant\/"]}]},{"@type":"BreadcrumbList","@id":"https:\/\/kasteeloostvalkenburg.com\/fr\/restaurant\/#breadcrumb","itemListElement":[{"@type":"ListItem","position":1,"name":"Accueil","item":"https:\/\/kasteeloostvalkenburg.com\/fr\/"},{"@type":"ListItem","position":2,"name":"Restaurant"}]},{"@type":"WebSite","@id":"https:\/\/kasteeloostvalkenburg.com\/fr\/#website","url":"https:\/\/kasteeloostvalkenburg.com\/fr\/","name":"Kasteel Oost","description":"","publisher":{"@id":"https:\/\/kasteeloostvalkenburg.com\/fr\/#organization"},"potentialAction":[{"@type":"SearchAction","target":{"@type":"EntryPoint","urlTemplate":"https:\/\/kasteeloostvalkenburg.com\/fr\/?s={search_term_string}"},"query-input":{"@type":"PropertyValueSpecification","valueRequired":true,"valueName":"search_term_string"}}],"inLanguage":"fr-FR"},{"@type":"Organization","@id":"https:\/\/kasteeloostvalkenburg.com\/fr\/#organization","name":"Kasteel Oost","url":"https:\/\/kasteeloostvalkenburg.com\/fr\/","logo":{"@type":"ImageObject","inLanguage":"fr-FR","@id":"https:\/\/kasteeloostvalkenburg.com\/fr\/#\/schema\/logo\/image\/","url":"https:\/\/kasteeloostvalkenburg.com\/wp-content\/uploads\/2025\/04\/KasteelOost-logo-darkgray.png","contentUrl":"https:\/\/kasteeloostvalkenburg.com\/wp-content\/uploads\/2025\/04\/KasteelOost-logo-darkgray.png","width":413,"height":318,"caption":"Kasteel Oost"},"image":{"@id":"https:\/\/kasteeloostvalkenburg.com\/fr\/#\/schema\/logo\/image\/"},"sameAs":["https:\/\/www.facebook.com\/Kooningstheweddingpalace","https:\/\/www.instagram.com\/kasteeloost\/","https:\/\/www.tiktok.com\/@kooningstheweddingpalace","https:\/\/nl.pinterest.com\/koonings\/"]}]}},"_links":{"self":[{"href":"https:\/\/kasteeloostvalkenburg.com\/fr\/wp-json\/wp\/v2\/pages\/1508","targetHints":{"allow":["GET"]}}],"collection":[{"href":"https:\/\/kasteeloostvalkenburg.com\/fr\/wp-json\/wp\/v2\/pages"}],"about":[{"href":"https:\/\/kasteeloostvalkenburg.com\/fr\/wp-json\/wp\/v2\/types\/page"}],"author":[{"embeddable":true,"href":"https:\/\/kasteeloostvalkenburg.com\/fr\/wp-json\/wp\/v2\/users\/1"}],"replies":[{"embeddable":true,"href":"https:\/\/kasteeloostvalkenburg.com\/fr\/wp-json\/wp\/v2\/comments?post=1508"}],"version-history":[{"count":15,"href":"https:\/\/kasteeloostvalkenburg.com\/fr\/wp-json\/wp\/v2\/pages\/1508\/revisions"}],"predecessor-version":[{"id":6419,"href":"https:\/\/kasteeloostvalkenburg.com\/fr\/wp-json\/wp\/v2\/pages\/1508\/revisions\/6419"}],"wp:attachment":[{"href":"https:\/\/kasteeloostvalkenburg.com\/fr\/wp-json\/wp\/v2\/media?parent=1508"}],"curies":[{"name":"wp","href":"https:\/\/api.w.org\/{rel}","templated":true}]}}