{"id":1468,"date":"2025-03-21T10:13:13","date_gmt":"2025-03-21T10:13:13","guid":{"rendered":"https:\/\/kasteeloostvalkenburg.com\/evenements\/mercredi\/maitre-de-ceremonie\/"},"modified":"2025-12-01T13:12:28","modified_gmt":"2025-12-01T13:12:28","slug":"maitre-de-ceremonie","status":"publish","type":"page","link":"https:\/\/kasteeloostvalkenburg.com\/fr\/evenements\/se-marier\/maitre-de-ceremonie\/","title":{"rendered":"Ma\u00eetre de c\u00e9r\u00e9monie"},"content":{"rendered":"\r\n    <section class=\"hero image-right\">\r\n        <div class=\"row d-flex align-items-center\">\r\n            <div class=\"col-12 col-lg-7\">\r\n                <div class=\"hero__intro\">\r\n                                            <div class=\"eye-block breadcrumbs-wrapper\">\r\n                            \r\n            <ul class=\"site-breadcrumbs\">\r\n                <li class=\"crumb\">\r\n                    <a class=\"disable-line\" href=\"https:\/\/kasteeloostvalkenburg.com\">\r\n                        <i class=\"fa-regular fa-home\"><\/i>\r\n                    <\/a>\r\n                <\/li>\r\n                                    <div class=\"divider\"><\/div>\r\n                    <li class=\"crumb first\">\r\n                        <a class=\"disable-line\" href=\"https:\/\/kasteeloostvalkenburg.com\/fr\/evenements\/\">Ev\u00e9nements<\/a>\r\n                    <\/li>\r\n                                        <div class=\"divider\"><\/div>\r\n                    <li class=\"crumb \">\r\n                        <a class=\"disable-line\" href=\"https:\/\/kasteeloostvalkenburg.com\/fr\/evenements\/se-marier\/\">Mercredi<\/a>\r\n                    <\/li>\r\n                                        <div class=\"divider\"><\/div>\r\n                    <li class=\"crumb \">\r\n                        <a class=\"disable-line\" href=\"https:\/\/kasteeloostvalkenburg.com\/fr\/evenements\/se-marier\/maitre-de-ceremonie\/\">Ma\u00eetre de c\u00e9r\u00e9monie<\/a>\r\n                    <\/li>\r\n                                <\/ul>\r\n        \r\n                                        <\/div>\r\n                                        <p class=\"hero__intro-subtitle\">Ma\u00eetre de c\u00e9r\u00e9monie<\/p>\r\n                    <h1>Un plaisir sans souci avec un ma\u00eetre de c\u00e9r\u00e9monie professionnel<\/h1>\r\n                    <div class=\"hero__intro-content\">\r\n                        <p><p>Le jour de votre mariage est l&rsquo;un des plus beaux moments de votre vie et il doit se d\u00e9rouler sans accroc. En tant que ma\u00eetre de c\u00e9r\u00e9monie, nous veillons \u00e0 ce que tout soit organis\u00e9 dans les moindres d\u00e9tails. De l&rsquo;\u00e9laboration d&rsquo;un programme d\u00e9taill\u00e9 \u00e0 la coordination des fournisseurs, en passant par votre encadrement et celui de vos invit\u00e9s : nous gardons la vue d&rsquo;ensemble pour que vous puissiez profiter de votre journ\u00e9e en toute s\u00e9r\u00e9nit\u00e9.  <\/p>\n<p>Gr\u00e2ce \u00e0 notre exp\u00e9rience et \u00e0 notre souci du d\u00e9tail, nous veillons \u00e0 ce que le jour de votre mariage se d\u00e9roule en douceur et dans la d\u00e9tente, sans stress ni surprise de derni\u00e8re minute.<\/p>\n<\/p>\r\n\r\n                        \r\n                    <\/div>\r\n                <\/div>\r\n            <\/div>\r\n            <div class=\"col-12 col-lg-5\">\r\n                                    <div class=\"hero__image\">\r\n                        <img decoding=\"async\" src=\"https:\/\/kasteeloostvalkenburg.com\/wp-content\/uploads\/2025\/03\/Koonings-Demi_s-Design-294-scaled.jpg\" alt=\"\">\r\n                    <\/div>\r\n                            <\/div>\r\n        <\/div>\r\n    <\/section>\r\n\r\n\r\n<div class=\"eye-block empty-space empty-space--large pt-md-5 pb-md-5 pt-4 pb-4\" ><\/div>\n<div class=\"ghostkit-grid ghostkit-grid-gap-md\"><div class=\"ghostkit-grid-inner\">\n<div class=\"ghostkit-col ghostkit-col-lg-12 ghostkit-col-2 is-layout-flow wp-block-ghostkit-grid-column-is-layout-flow\"><div class=\"ghostkit-col-content\"><\/div><\/div>\n\n\n\n<div class=\"ghostkit-col ghostkit-col-lg-12 ghostkit-col-8\"><div class=\"ghostkit-col-content is-layout-flow wp-block-ghostkit-grid-column-is-layout-flow\">\r\n<div class=\"eye-block custom-card bg--lightbeige\">\r\n    <div class=\"custom-card__content\">\r\n        <div class=\"acf-innerblocks-container\">\n\r\n<div class=\"eye-block quote-block\">\r\n    <div class=\"quote-content\">\r\n        <blockquote>\r\n            <h2 class=\"content\">L&#039;\u00e9quipe du Kasteel Oost a fait tout ce qu&#039;elle pouvait pour que notre mariage soit complet. Tout le monde est super accueillant et tout est pens\u00e9.   <\/h2>\r\n            <p class=\"author\">Joelle et Kamiel<\/p>\r\n            <p class=\"subtitle\">Couple de mari\u00e9s &#8211; mariage le 5 septembre 2025<\/p>\r\n        <\/blockquote>\r\n    <\/div>\r\n<\/div>\r\n\n<\/div>\r\n    <\/div>\r\n    <\/div><\/div><\/div>\n\n\n\n<div class=\"ghostkit-col ghostkit-col-lg-12 ghostkit-col-2 is-layout-flow wp-block-ghostkit-grid-column-is-layout-flow\"><div class=\"ghostkit-col-content\"><\/div><\/div>\n<\/div><\/div>\n\r\n<div class=\"eye-block empty-space empty-space--medium pt-md-4 pb-md-4 pt-3 pb-3\" ><\/div>\n<div class=\"ghostkit-grid ghostkit-grid-gap-md ghostkit-grid-justify-content-center\"><div class=\"ghostkit-grid-inner\">\n<div class=\"ghostkit-col ghostkit-col-lg-12 ghostkit-col-8\"><div class=\"ghostkit-col-content is-layout-flow wp-block-ghostkit-grid-column-is-layout-flow\">\n<h2 class=\"wp-block-heading has-text-align-center\" id=\"wat-kunnen-wij-voor-jullie-betekenen\">Ce qu&rsquo;un ma\u00eetre de c\u00e9r\u00e9monie fait pour vous<\/h2>\n\n\n\r\n<div class=\"eye-block empty-space empty-space--petit \" ><\/div><\/div><\/div>\n<\/div><\/div>\n\r\n<div class=\"room-facilities__container\">\r\n    <div class=\"eye-block room-facilities\">\r\n        <div class=\"row d-flex justify-content-center\">\r\n                            <div class=\"col-12 col-lg-4 mb-4\">\r\n                    <div class=\"room-facilities__item d-flex flex-column align-items-center text-center\">\r\n                                                    <i class=\"fas fa-livre ouvert fa-2x mb-3\"><\/i>\r\n                                                <p><strong>Sc\u00e9nario d\u00e9taill\u00e9<\/strong><br><br \/>\nNous pr\u00e9parons un sc\u00e9nario professionnel qui enregistre avec pr\u00e9cision tous les moments de la journ\u00e9e. Il est communiqu\u00e9 \u00e0 toutes les personnes concern\u00e9es afin que chacun sache exactement ce qui va se passer. <\/p>\n                    <\/div>\r\n                <\/div>\r\n                            <div class=\"col-12 col-lg-4 mb-4\">\r\n                    <div class=\"room-facilities__item d-flex flex-column align-items-center text-center\">\r\n                                                    <i class=\"fas fa-liste fa-2x mb-3\"><\/i>\r\n                                                <p><strong>Derniers pr\u00e9paratifs et discussion sur les d\u00e9tails<\/strong><br><br \/>\nLors d&rsquo;une r\u00e9union compl\u00e8te sur Kasteel Oost, nous passons en revue l&rsquo;ensemble de la journ\u00e9e. Vous avez ainsi la certitude que tout a \u00e9t\u00e9 pens\u00e9 et nous pouvons apporter les derni\u00e8res touches. <\/p>\n                    <\/div>\r\n                <\/div>\r\n                            <div class=\"col-12 col-lg-4 mb-4\">\r\n                    <div class=\"room-facilities__item d-flex flex-column align-items-center text-center\">\r\n                                                    <i class=\"fas fa-truck fa-2x mb-3\"><\/i>\r\n                                                <p><strong>Coordination des fournisseurs<\/strong><br><br \/>\nDu photographe au fleuriste, nous nous assurons que tous les fournisseurs arrivent \u00e0 l&rsquo;heure et savent exactement ce que l&rsquo;on attend d&rsquo;eux.<\/p>\n                    <\/div>\r\n                <\/div>\r\n                            <div class=\"col-12 col-lg-4 mb-4\">\r\n                    <div class=\"room-facilities__item d-flex flex-column align-items-center text-center\">\r\n                                                    <i class=\"fas fa-poign\u00e9e de main fa-2x mb-3\"><\/i>\r\n                                                <p><strong>Accueillir et guider les invit\u00e9s<\/strong><br><br \/>\nVos invit\u00e9s seront accueillis chaleureusement et guid\u00e9s afin qu&rsquo;ils se sentent imm\u00e9diatement les bienvenus. Nous veillons \u00e0 ce que chacun soit au bon endroit et n&rsquo;ait \u00e0 s&rsquo;inqui\u00e9ter de rien. <\/p>\n                    <\/div>\r\n                <\/div>\r\n                            <div class=\"col-12 col-lg-4 mb-4\">\r\n                    <div class=\"room-facilities__item d-flex flex-column align-items-center text-center\">\r\n                                                    <i class=\"fas fa-fleur fa-2x mb-3\"><\/i>\r\n                                                <p><strong>Habillage du lieu<\/strong><br><br \/>\nVous avez organis\u00e9 vos propres d\u00e9corations ou vous travaillez avec un d\u00e9corateur ? Nous veillerons \u00e0 ce que tout soit \u00e0 sa place et \u00e0 ce que le lieu soit enti\u00e8rement pr\u00eat pour votre grand moment. <\/p>\n                    <\/div>\r\n                <\/div>\r\n                            <div class=\"col-12 col-lg-4 mb-4\">\r\n                    <div class=\"room-facilities__item d-flex flex-column align-items-center text-center\">\r\n                                                    <i class=\"fas fa-musique fa-2x mb-3\"><\/i>\r\n                                                <p><strong>Musique et assistance technique<\/strong><br><br \/>\nSi vous le souhaitez, nous mettrons la musique de votre choix pendant la c\u00e9r\u00e9monie et veillerons \u00e0 ce que tous les aspects techniques se d\u00e9roulent sans probl\u00e8me.<\/p>\n                    <\/div>\r\n                <\/div>\r\n                            <div class=\"col-12 col-lg-4 mb-4\">\r\n                    <div class=\"room-facilities__item d-flex flex-column align-items-center text-center\">\r\n                                                    <i class=\"fas fa-horloge fa-2x mb-3\"><\/i>\r\n                                                <p><strong>Aper\u00e7u du suivi et calendrier<\/strong><br><br \/>\nNous gardons une vue d&rsquo;ensemble et veillons \u00e0 ce que tout se d\u00e9roule comme pr\u00e9vu, afin que vous n&rsquo;ayez pas \u00e0 vous pr\u00e9occuper de quoi que ce soit.<\/p>\n                    <\/div>\r\n                <\/div>\r\n                            <div class=\"col-12 col-lg-4 mb-4\">\r\n                    <div class=\"room-facilities__item d-flex flex-column align-items-center text-center\">\r\n                                                    <i class=\"fas fa-main-c\u0153ur fa-2x mb-3\"><\/i>\r\n                                                <p><strong>Aide \u00e0 la mari\u00e9e<\/strong><br><br \/>\nQu&rsquo;il s&rsquo;agisse de redresser la tra\u00eene, de faire un n\u0153ud mal serr\u00e9 ou d&rsquo;effectuer une petite r\u00e9paration d&rsquo;urgence sur la robe, nous sommes l\u00e0 pour aider la mari\u00e9e. Et, bien s\u00fbr, pour le mari\u00e9 aussi. <\/p>\n                    <\/div>\r\n                <\/div>\r\n                    <\/div>\r\n    <\/div>\r\n<\/div>\r\n\r\n<div class=\"eye-block empty-space empty-space--petit \" ><\/div>\n<div class=\"ghostkit-grid ghostkit-grid-gap-md ghostkit-grid-justify-content-center\"><div class=\"ghostkit-grid-inner\">\n<div class=\"ghostkit-col ghostkit-col-lg-12 ghostkit-col-8\"><div class=\"ghostkit-col-content is-layout-flow wp-block-ghostkit-grid-column-is-layout-flow\">\n<p class=\"has-text-align-center\">Avec un ma\u00eetre de c\u00e9r\u00e9monie professionnel \u00e0 vos c\u00f4t\u00e9s, vous pouvez vous concentrer sur ce qui compte vraiment : profiter de votre journ\u00e9e et de votre couple.<\/p>\n<\/div><\/div>\n<\/div><\/div>\n\r\n<div class=\"eye-block empty-space empty-space--large pt-md-5 pb-md-5 pt-4 pb-4\" ><\/div>\r\n    <div class=\"eye-block contentblock fade-in-animation\">\r\n        <div class=\"contentblock__colored-bg bg--darkgray\">\r\n            <div class=\"row gx-6\">\r\n                <div class=\"col-12 col-lg-6\">\r\n                    <div class=\"contentblock__colored-bg__image\">\r\n                        <img decoding=\"async\" src=\"https:\/\/kasteeloostvalkenburg.com\/wp-content\/uploads\/2025\/04\/Marleen--e1745404047837.png\" alt=\"\">\r\n                    <\/div>\r\n                <\/div>\r\n                <div class=\"col-12 col-lg-6 d-flex align-items-center\">\r\n                    <div class=\"contentblock__colored-bg__content\">\r\n                                                    <p class=\"introtext\">Organisateur de mariages et d&rsquo;\u00e9v\u00e9nements<\/p>\r\n                                                <h2>Rencontrez Lotte<\/h2>\r\n                        <div class=\"contentblock__colored-bg__content-text\">\r\n                            <p>\" En tant qu&rsquo;organisatrice de mariages et d&rsquo;\u00e9v\u00e9nements \u00e0 Kasteel Oost, je combine mon amour pour l&rsquo;organisation avec ma passion pour la cr\u00e9ation de moments inoubliables. Pour moi, un mariage n&rsquo;est pas seulement une question de lieu, mais aussi de magie, d&rsquo;atmosph\u00e8re et de moments sp\u00e9ciaux que vous et vos invit\u00e9s ch\u00e9rirez \u00e0 jamais. C&rsquo;est pourquoi il est si sp\u00e9cial de pouvoir y contribuer.  <\/p>\n<p>Chaque couple est unique, et c&rsquo;est pr\u00e9cis\u00e9ment ce qui rend mon travail si sp\u00e9cial. De la premi\u00e8re id\u00e9e \u00e0 la derni\u00e8re danse, je me donne beaucoup de mal pour cr\u00e9er une journ\u00e9e qui vous ressemble. <\/p>\n<p>J&rsquo;ai h\u00e2te de vous rencontrer et d&rsquo;\u00e9crire ensemble un chapitre merveilleux dans ce lieu unique\".<\/p>\n                        <\/div>\r\n\r\n                        \r\n                    <\/div>\r\n                <\/div>\r\n            <\/div>\r\n        <\/div>\r\n    <\/div>\r\n\r\n\r\n<div class=\"eye-block empty-space empty-space--large pt-md-5 pb-md-5 pt-4 pb-4\" ><\/div>\n<div class=\"ghostkit-grid ghostkit-grid-gap-md\"><div class=\"ghostkit-grid-inner\">\n<div class=\"ghostkit-col ghostkit-col-lg-12 ghostkit-col-3 is-layout-flow wp-block-ghostkit-grid-column-is-layout-flow\"><div class=\"ghostkit-col-content\"><\/div><\/div>\n\n\n\n<div class=\"ghostkit-col ghostkit-col-lg-12 ghostkit-col-6\"><div class=\"ghostkit-col-content is-layout-flow wp-block-ghostkit-grid-column-is-layout-flow\">\n<h2 class=\"wp-block-heading has-text-align-center\">Contactez-nous sans engagement<\/h2>\n\n\n\n<p class=\"has-text-align-center\">Vous souhaitez savoir ce qu&rsquo;il est possible de faire d&rsquo;autre sur Kasteel Oost? N&rsquo;h\u00e9sitez pas \u00e0 nous contacter ! <\/p>\n\n\n\n<iframe id=\"contact\" src=\"https:\/\/app.eventtemple.com\/lead_intakes\/f203cf1a42c8b9e101002e8f056ed4fb\/13373\/new\" width=\"100%\" height=\"800px\" frameborder=\"0\"><\/iframe>\n<\/div><\/div>\n\n\n\n<div class=\"ghostkit-col ghostkit-col-lg-12 ghostkit-col-3 is-layout-flow wp-block-ghostkit-grid-column-is-layout-flow\"><div class=\"ghostkit-col-content\"><\/div><\/div>\n<\/div><\/div>\n\r\n<div class=\"eye-block empty-space empty-space--large pt-md-5 pb-md-5 pt-4 pb-4\" ><\/div>\r\n<div class=\"eye-block end-of-page-link\">\r\n    <div class=\"end-of-page-link__intro\">\r\n        <p>D\u00e9couvrir \u00e0<\/p>\r\n        <h2 class=\"no-fancy-letter\">Kasteel Oost<\/h2>\r\n        <a href=\"\/album\" class=\"btn btn-primary\">Galerij<\/a>\r\n    <\/div>\r\n    <div class=\"end-of-page-link__images\">\r\n                    <a href=\"\/fr\/hotel\" class=\"end-of-page-link__images-item\">\r\n                <p> H\u00f4tel<\/p>\r\n                <img decoding=\"async\" src=\"https:\/\/kasteeloostvalkenburg.com\/wp-content\/uploads\/2025\/03\/Suites-Thumbnail-scaled.webp\" alt=\" H\u00f4tel\">\r\n            <\/a>\r\n                    <a href=\"\/fr\/restaurant\" class=\"end-of-page-link__images-item\">\r\n                <p>Restaurant<\/p>\r\n                <img decoding=\"async\" src=\"https:\/\/kasteeloostvalkenburg.com\/wp-content\/uploads\/2025\/03\/Restaurant-Thumbnail-scaled.webp\" alt=\"Restaurant\">\r\n            <\/a>\r\n            <\/div>\r\n<\/div>\r\n","protected":false},"excerpt":{"rendered":"","protected":false},"author":1,"featured_media":0,"parent":1462,"menu_order":0,"comment_status":"closed","ping_status":"closed","template":"","meta":{"_acf_changed":false,"ghostkit_customizer_options":"","ghostkit_custom_css":"","ghostkit_custom_js_head":"","ghostkit_custom_js_foot":"","ghostkit_typography":"","footnotes":""},"class_list":["post-1468","page","type-page","status-publish","hentry"],"acf":[],"yoast_head":"<!-- This site is optimized with the Yoast SEO plugin v27.3 - https:\/\/yoast.com\/product\/yoast-seo-wordpress\/ -->\n<title>Ma\u00eetre de c\u00e9r\u00e9monie Kasteel Oost | Journ\u00e9e de mariage sans soucis<\/title>\n<meta name=\"description\" content=\"Une journ\u00e9e de mariage sans stress ? Nous assurons une planification sans faille, coordonnons les fournisseurs et guidons vos invit\u00e9s. D\u00e9couvrez nos services &gt;\" \/>\n<meta name=\"robots\" content=\"index, follow, max-snippet:-1, max-image-preview:large, max-video-preview:-1\" \/>\n<link rel=\"canonical\" href=\"https:\/\/kasteeloostvalkenburg.com\/fr\/evenements\/se-marier\/maitre-de-ceremonie\/\" \/>\n<meta property=\"og:locale\" content=\"fr_FR\" \/>\n<meta property=\"og:type\" content=\"article\" \/>\n<meta property=\"og:title\" content=\"Ma\u00eetre de c\u00e9r\u00e9monie Kasteel Oost | Journ\u00e9e de mariage sans soucis\" \/>\n<meta property=\"og:description\" content=\"Une journ\u00e9e de mariage sans stress ? Nous assurons une planification sans faille, coordonnons les fournisseurs et guidons vos invit\u00e9s. D\u00e9couvrez nos services &gt;\" \/>\n<meta property=\"og:url\" content=\"https:\/\/kasteeloostvalkenburg.com\/fr\/evenements\/se-marier\/maitre-de-ceremonie\/\" \/>\n<meta property=\"og:site_name\" content=\"Kasteel Oost\" \/>\n<meta property=\"article:publisher\" content=\"https:\/\/www.facebook.com\/Kooningstheweddingpalace\" \/>\n<meta property=\"article:modified_time\" content=\"2025-12-01T13:12:28+00:00\" \/>\n<meta name=\"twitter:card\" content=\"summary_large_image\" \/>\n<script type=\"application\/ld+json\" class=\"yoast-schema-graph\">{\"@context\":\"https:\\\/\\\/schema.org\",\"@graph\":[{\"@type\":\"WebPage\",\"@id\":\"https:\\\/\\\/kasteeloostvalkenburg.com\\\/fr\\\/evenements\\\/se-marier\\\/maitre-de-ceremonie\\\/\",\"url\":\"https:\\\/\\\/kasteeloostvalkenburg.com\\\/fr\\\/evenements\\\/se-marier\\\/maitre-de-ceremonie\\\/\",\"name\":\"Ma\u00eetre de c\u00e9r\u00e9monie Kasteel Oost | Journ\u00e9e de mariage sans soucis\",\"isPartOf\":{\"@id\":\"https:\\\/\\\/kasteeloostvalkenburg.com\\\/fr\\\/#website\"},\"datePublished\":\"2025-03-21T10:13:13+00:00\",\"dateModified\":\"2025-12-01T13:12:28+00:00\",\"description\":\"Une journ\u00e9e de mariage sans stress ? Nous assurons une planification sans faille, coordonnons les fournisseurs et guidons vos invit\u00e9s. D\u00e9couvrez nos services >\",\"breadcrumb\":{\"@id\":\"https:\\\/\\\/kasteeloostvalkenburg.com\\\/fr\\\/evenements\\\/se-marier\\\/maitre-de-ceremonie\\\/#breadcrumb\"},\"inLanguage\":\"fr-FR\",\"potentialAction\":[{\"@type\":\"ReadAction\",\"target\":[\"https:\\\/\\\/kasteeloostvalkenburg.com\\\/fr\\\/evenements\\\/se-marier\\\/maitre-de-ceremonie\\\/\"]}]},{\"@type\":\"BreadcrumbList\",\"@id\":\"https:\\\/\\\/kasteeloostvalkenburg.com\\\/fr\\\/evenements\\\/se-marier\\\/maitre-de-ceremonie\\\/#breadcrumb\",\"itemListElement\":[{\"@type\":\"ListItem\",\"position\":1,\"name\":\"Accueil\",\"item\":\"https:\\\/\\\/kasteeloostvalkenburg.com\\\/fr\\\/\"},{\"@type\":\"ListItem\",\"position\":2,\"name\":\"Ev\u00e9nements\",\"item\":\"https:\\\/\\\/kasteeloostvalkenburg.com\\\/fr\\\/evenements\\\/\"},{\"@type\":\"ListItem\",\"position\":3,\"name\":\"Mercredi\",\"item\":\"https:\\\/\\\/kasteeloostvalkenburg.com\\\/fr\\\/evenements\\\/se-marier\\\/\"},{\"@type\":\"ListItem\",\"position\":4,\"name\":\"Ma\u00eetre de c\u00e9r\u00e9monie\"}]},{\"@type\":\"WebSite\",\"@id\":\"https:\\\/\\\/kasteeloostvalkenburg.com\\\/fr\\\/#website\",\"url\":\"https:\\\/\\\/kasteeloostvalkenburg.com\\\/fr\\\/\",\"name\":\"Kasteel Oost\",\"description\":\"\",\"publisher\":{\"@id\":\"https:\\\/\\\/kasteeloostvalkenburg.com\\\/fr\\\/#organization\"},\"potentialAction\":[{\"@type\":\"SearchAction\",\"target\":{\"@type\":\"EntryPoint\",\"urlTemplate\":\"https:\\\/\\\/kasteeloostvalkenburg.com\\\/fr\\\/?s={search_term_string}\"},\"query-input\":{\"@type\":\"PropertyValueSpecification\",\"valueRequired\":true,\"valueName\":\"search_term_string\"}}],\"inLanguage\":\"fr-FR\"},{\"@type\":\"Organization\",\"@id\":\"https:\\\/\\\/kasteeloostvalkenburg.com\\\/fr\\\/#organization\",\"name\":\"Kasteel Oost\",\"url\":\"https:\\\/\\\/kasteeloostvalkenburg.com\\\/fr\\\/\",\"logo\":{\"@type\":\"ImageObject\",\"inLanguage\":\"fr-FR\",\"@id\":\"https:\\\/\\\/kasteeloostvalkenburg.com\\\/fr\\\/#\\\/schema\\\/logo\\\/image\\\/\",\"url\":\"https:\\\/\\\/kasteeloostvalkenburg.com\\\/wp-content\\\/uploads\\\/2025\\\/04\\\/KasteelOost-logo-darkgray.png\",\"contentUrl\":\"https:\\\/\\\/kasteeloostvalkenburg.com\\\/wp-content\\\/uploads\\\/2025\\\/04\\\/KasteelOost-logo-darkgray.png\",\"width\":413,\"height\":318,\"caption\":\"Kasteel Oost\"},\"image\":{\"@id\":\"https:\\\/\\\/kasteeloostvalkenburg.com\\\/fr\\\/#\\\/schema\\\/logo\\\/image\\\/\"},\"sameAs\":[\"https:\\\/\\\/www.facebook.com\\\/Kooningstheweddingpalace\",\"https:\\\/\\\/www.instagram.com\\\/kasteeloost\\\/\",\"https:\\\/\\\/www.tiktok.com\\\/@kooningstheweddingpalace\",\"https:\\\/\\\/nl.pinterest.com\\\/koonings\\\/\"]}]}<\/script>\n<!-- \/ Yoast SEO plugin. -->","yoast_head_json":{"title":"Ma\u00eetre de c\u00e9r\u00e9monie Kasteel Oost | Journ\u00e9e de mariage sans soucis","description":"Une journ\u00e9e de mariage sans stress ? Nous assurons une planification sans faille, coordonnons les fournisseurs et guidons vos invit\u00e9s. D\u00e9couvrez nos services >","robots":{"index":"index","follow":"follow","max-snippet":"max-snippet:-1","max-image-preview":"max-image-preview:large","max-video-preview":"max-video-preview:-1"},"canonical":"https:\/\/kasteeloostvalkenburg.com\/fr\/evenements\/se-marier\/maitre-de-ceremonie\/","og_locale":"fr_FR","og_type":"article","og_title":"Ma\u00eetre de c\u00e9r\u00e9monie Kasteel Oost | Journ\u00e9e de mariage sans soucis","og_description":"Une journ\u00e9e de mariage sans stress ? Nous assurons une planification sans faille, coordonnons les fournisseurs et guidons vos invit\u00e9s. D\u00e9couvrez nos services >","og_url":"https:\/\/kasteeloostvalkenburg.com\/fr\/evenements\/se-marier\/maitre-de-ceremonie\/","og_site_name":"Kasteel Oost","article_publisher":"https:\/\/www.facebook.com\/Kooningstheweddingpalace","article_modified_time":"2025-12-01T13:12:28+00:00","twitter_card":"summary_large_image","schema":{"@context":"https:\/\/schema.org","@graph":[{"@type":"WebPage","@id":"https:\/\/kasteeloostvalkenburg.com\/fr\/evenements\/se-marier\/maitre-de-ceremonie\/","url":"https:\/\/kasteeloostvalkenburg.com\/fr\/evenements\/se-marier\/maitre-de-ceremonie\/","name":"Ma\u00eetre de c\u00e9r\u00e9monie Kasteel Oost | Journ\u00e9e de mariage sans soucis","isPartOf":{"@id":"https:\/\/kasteeloostvalkenburg.com\/fr\/#website"},"datePublished":"2025-03-21T10:13:13+00:00","dateModified":"2025-12-01T13:12:28+00:00","description":"Une journ\u00e9e de mariage sans stress ? Nous assurons une planification sans faille, coordonnons les fournisseurs et guidons vos invit\u00e9s. D\u00e9couvrez nos services >","breadcrumb":{"@id":"https:\/\/kasteeloostvalkenburg.com\/fr\/evenements\/se-marier\/maitre-de-ceremonie\/#breadcrumb"},"inLanguage":"fr-FR","potentialAction":[{"@type":"ReadAction","target":["https:\/\/kasteeloostvalkenburg.com\/fr\/evenements\/se-marier\/maitre-de-ceremonie\/"]}]},{"@type":"BreadcrumbList","@id":"https:\/\/kasteeloostvalkenburg.com\/fr\/evenements\/se-marier\/maitre-de-ceremonie\/#breadcrumb","itemListElement":[{"@type":"ListItem","position":1,"name":"Accueil","item":"https:\/\/kasteeloostvalkenburg.com\/fr\/"},{"@type":"ListItem","position":2,"name":"Ev\u00e9nements","item":"https:\/\/kasteeloostvalkenburg.com\/fr\/evenements\/"},{"@type":"ListItem","position":3,"name":"Mercredi","item":"https:\/\/kasteeloostvalkenburg.com\/fr\/evenements\/se-marier\/"},{"@type":"ListItem","position":4,"name":"Ma\u00eetre de c\u00e9r\u00e9monie"}]},{"@type":"WebSite","@id":"https:\/\/kasteeloostvalkenburg.com\/fr\/#website","url":"https:\/\/kasteeloostvalkenburg.com\/fr\/","name":"Kasteel Oost","description":"","publisher":{"@id":"https:\/\/kasteeloostvalkenburg.com\/fr\/#organization"},"potentialAction":[{"@type":"SearchAction","target":{"@type":"EntryPoint","urlTemplate":"https:\/\/kasteeloostvalkenburg.com\/fr\/?s={search_term_string}"},"query-input":{"@type":"PropertyValueSpecification","valueRequired":true,"valueName":"search_term_string"}}],"inLanguage":"fr-FR"},{"@type":"Organization","@id":"https:\/\/kasteeloostvalkenburg.com\/fr\/#organization","name":"Kasteel Oost","url":"https:\/\/kasteeloostvalkenburg.com\/fr\/","logo":{"@type":"ImageObject","inLanguage":"fr-FR","@id":"https:\/\/kasteeloostvalkenburg.com\/fr\/#\/schema\/logo\/image\/","url":"https:\/\/kasteeloostvalkenburg.com\/wp-content\/uploads\/2025\/04\/KasteelOost-logo-darkgray.png","contentUrl":"https:\/\/kasteeloostvalkenburg.com\/wp-content\/uploads\/2025\/04\/KasteelOost-logo-darkgray.png","width":413,"height":318,"caption":"Kasteel Oost"},"image":{"@id":"https:\/\/kasteeloostvalkenburg.com\/fr\/#\/schema\/logo\/image\/"},"sameAs":["https:\/\/www.facebook.com\/Kooningstheweddingpalace","https:\/\/www.instagram.com\/kasteeloost\/","https:\/\/www.tiktok.com\/@kooningstheweddingpalace","https:\/\/nl.pinterest.com\/koonings\/"]}]}},"_links":{"self":[{"href":"https:\/\/kasteeloostvalkenburg.com\/fr\/wp-json\/wp\/v2\/pages\/1468","targetHints":{"allow":["GET"]}}],"collection":[{"href":"https:\/\/kasteeloostvalkenburg.com\/fr\/wp-json\/wp\/v2\/pages"}],"about":[{"href":"https:\/\/kasteeloostvalkenburg.com\/fr\/wp-json\/wp\/v2\/types\/page"}],"author":[{"embeddable":true,"href":"https:\/\/kasteeloostvalkenburg.com\/fr\/wp-json\/wp\/v2\/users\/1"}],"replies":[{"embeddable":true,"href":"https:\/\/kasteeloostvalkenburg.com\/fr\/wp-json\/wp\/v2\/comments?post=1468"}],"version-history":[{"count":10,"href":"https:\/\/kasteeloostvalkenburg.com\/fr\/wp-json\/wp\/v2\/pages\/1468\/revisions"}],"predecessor-version":[{"id":5728,"href":"https:\/\/kasteeloostvalkenburg.com\/fr\/wp-json\/wp\/v2\/pages\/1468\/revisions\/5728"}],"up":[{"embeddable":true,"href":"https:\/\/kasteeloostvalkenburg.com\/fr\/wp-json\/wp\/v2\/pages\/1462"}],"wp:attachment":[{"href":"https:\/\/kasteeloostvalkenburg.com\/fr\/wp-json\/wp\/v2\/media?parent=1468"}],"curies":[{"name":"wp","href":"https:\/\/api.w.org\/{rel}","templated":true}]}}