{"id":1458,"date":"2025-03-06T10:38:31","date_gmt":"2025-03-06T10:38:31","guid":{"rendered":"https:\/\/kasteeloostvalkenburg.com\/evenements\/"},"modified":"2025-10-30T13:12:43","modified_gmt":"2025-10-30T13:12:43","slug":"evenements","status":"publish","type":"page","link":"https:\/\/kasteeloostvalkenburg.com\/fr\/evenements\/","title":{"rendered":"Ev\u00e9nements"},"content":{"rendered":"\r\n    <section class=\"hero image-right\">\r\n        <div class=\"row d-flex align-items-center\">\r\n            <div class=\"col-12 col-lg-7\">\r\n                <div class=\"hero__intro\">\r\n                                            <div class=\"eye-block breadcrumbs-wrapper\">\r\n                            \r\n            <ul class=\"site-breadcrumbs\">\r\n                <li class=\"crumb\">\r\n                    <a class=\"disable-line\" href=\"https:\/\/kasteeloostvalkenburg.com\">\r\n                        <i class=\"fa-regular fa-home\"><\/i>\r\n                    <\/a>\r\n                <\/li>\r\n                                    <div class=\"divider\"><\/div>\r\n                    <li class=\"crumb first\">\r\n                        <a class=\"disable-line\" href=\"https:\/\/kasteeloostvalkenburg.com\/fr\/evenements\/\">Ev\u00e9nements<\/a>\r\n                    <\/li>\r\n                                        <div class=\"divider\"><\/div>\r\n                    <li class=\"crumb \">\r\n                        <a class=\"disable-line\" href=\"https:\/\/kasteeloostvalkenburg.com\/fr\/evenements\/reunions-daffaires\/\">R\u00e9unions d&rsquo;affaires<\/a>\r\n                    <\/li>\r\n                                <\/ul>\r\n        \r\n                                        <\/div>\r\n                                        <p class=\"hero__intro-subtitle\">Ev\u00e9nements<\/p>\r\n                    <h1>Le lieu de votre \u00e9v\u00e9nement<\/h1>\r\n                    <div class=\"hero__intro-content\">\r\n                        <p><p>Kasteel Oost biedt een unieke locatie waar dromen werkelijkheid worden en herinneringen voor het leven ontstaan. Met een totale oppervlakte van maar liefst 36.000m\u00b2, waaronder uitgestrekte kasteeltuinen, een luxe restaurant, hotel, is er ruimte voor elk evenement.<\/p>\n<div class=\"subpage-links-block\"><a class=\"btn btn-primary me-2 mb-2\" href=\"https:\/\/kasteeloostvalkenburg.com\/fr\/evenements\/fetes-et-celebrations\/\">F\u00eates et c\u00e9l\u00e9brations<\/a><a class=\"btn btn-primary me-2 mb-2\" href=\"https:\/\/kasteeloostvalkenburg.com\/fr\/evenements\/se-marier\/\">Mercredi<\/a><a class=\"btn btn-primary me-2 mb-2\" href=\"https:\/\/kasteeloostvalkenburg.com\/fr\/evenements\/espaces\/\">Espaces<\/a><a class=\"btn btn-primary me-2 mb-2\" href=\"https:\/\/kasteeloostvalkenburg.com\/fr\/evenements\/reunions-daffaires\/\">R\u00e9unions d&rsquo;affaires<\/a><\/div>\n<\/p>\r\n\r\n                        \r\n                    <\/div>\r\n                <\/div>\r\n            <\/div>\r\n            <div class=\"col-12 col-lg-5\">\r\n                                    <div class=\"hero__image\">\r\n                        <img decoding=\"async\" src=\"https:\/\/kasteeloostvalkenburg.com\/wp-content\/uploads\/2025\/03\/Koonings-Demi_s-Design-274-scaled.jpg\" alt=\"\">\r\n                    <\/div>\r\n                            <\/div>\r\n        <\/div>\r\n    <\/section>\r\n\r\n\r\n<div class=\"eye-block empty-space empty-space--petit \" ><\/div>\r\n    <div class=\"eye-block contentblock fade-in-animation\">\r\n        <div class=\"contentblock__overlapping-images\">\r\n            <div class=\"row\">\r\n                <div class=\"col-12 col-lg-7\">\r\n                    <div class=\"contentblock__overlapping-images__content\">\r\n                                                <h2>Nos chambres<\/h2>\r\n                        <div class=\"contentblock__overlapping-images__content-text\">\r\n                            <p>Bij Kasteel Oost beschikken we over diverse prachtige ruimtes die naadloos aansluiten bij elke gelegenheid. Van trouwzaal tot kasteeltuin en van orangerie tot balzaal. In welke ruimte organiseer jij je volgende evenement?<\/p>\n                        <\/div>\r\n\r\n                                                                                    <a href=\"https:\/\/kasteeloostvalkenburg.com\/fr\/evenements\/espaces\/\"                                        class=\"link\">D\u00e9couvrez nos chambres<\/a>\r\n                                                    \r\n                    <\/div>\r\n                <\/div>\r\n                <div class=\"col-12 col-lg-5 overlap\">\r\n                    <div class=\"contentblock__overlapping-images__images\">\r\n                        <img decoding=\"async\" class=\"skip-lazy\" src=\"https:\/\/kasteeloostvalkenburg.com\/wp-content\/uploads\/2025\/09\/0053-by-Anouk-Johnson-scaled.jpg\" alt=\"\">\r\n                        <img decoding=\"async\" class=\"skip-lazy\" src=\"https:\/\/kasteeloostvalkenburg.com\/wp-content\/uploads\/2025\/10\/kuppens_fotografie_3433-scaled.jpg\" alt=\"\">\r\n                        <img decoding=\"async\" class=\"skip-lazy\" src=\"https:\/\/kasteeloostvalkenburg.com\/wp-content\/uploads\/2025\/09\/2025_05_25_KOONINGS_KASTEELOOST_OPENING_245-scaled.jpg\" alt=\"\">\r\n                    <\/div>\r\n                <\/div>\r\n            <\/div>\r\n        <\/div>\r\n    <\/div>\r\n\r\n\r\n\r\n<div class=\"eye-block empty-space empty-space--large pt-md-5 pb-md-5 pt-4 pb-4\" ><\/div>\r\n    <div class=\"eye-block contentblock fade-in-animation\">\r\n        <div class=\"contentblock__image-right__container\">\r\n            <div class=\"contentblock__image-right\">\r\n                <div class=\"row\">\r\n                    <div class=\"col-12 col-lg-7 p-lg-1 d-flex align-items-center\">\r\n                        <div class=\"contentblock__image-right__content\">\r\n                                                            <p class=\"introtext\">Pour les entreprises<\/p>\r\n                                                        <h2>R\u00e9unions d&rsquo;affaires<\/h2>\r\n                            <div class=\"contentblock__image-right__content-text\">\r\n                                <p>Kasteel Oost is de ideale locatie voor zakelijke evenementen, of het nu gaat om een vergadering, congres, seminar of bedrijfsfeest. Onze stijlvolle ruimtes, voorzien van moderne faciliteiten, bieden een inspirerende omgeving voor productieve en succesvolle bijeenkomsten. Dankzij de rustige en groene omgeving kunnen gasten ongestoord werken, netwerken en nieuwe idee\u00ebn opdoen. <\/p>\n                            <\/div>\r\n\r\n                                                                                                <a href=\"https:\/\/kasteeloostvalkenburg.com\/fr\/evenements\/reunions-daffaires\/\"                                            class=\"link\">Plus d&#039;informations<\/a>\r\n                                                            \r\n                        <\/div>\r\n                    <\/div>\r\n                    <div class=\"col-12 col-lg-5 p-lg-1\">\r\n                        <div class=\"contentblock__image-right__image\">\r\n                            <img decoding=\"async\" data-speed=\"1.5\" src=\"https:\/\/kasteeloostvalkenburg.com\/wp-content\/uploads\/2025\/04\/DSC_3786-scaled.jpg\" alt=\"\">\r\n                        <\/div>\r\n                    <\/div>\r\n                <\/div>\r\n            <\/div>\r\n        <\/div>\r\n    <\/div>\r\n\r\n\r\n<div class=\"eye-block empty-space empty-space--large pt-md-5 pb-md-5 pt-4 pb-4\" ><\/div>\r\n    <div class=\"eye-block contentblock fade-in-animation\">\r\n        <div class=\"contentblock__colored-bg bg--darkgray\">\r\n            <div class=\"row gx-6\">\r\n                <div class=\"col-12 col-lg-6\">\r\n                    <div class=\"contentblock__colored-bg__image\">\r\n                        <img decoding=\"async\" src=\"https:\/\/kasteeloostvalkenburg.com\/wp-content\/uploads\/2025\/03\/Koonings-Demi_s-Design-205-scaled.jpg\" alt=\"\">\r\n                    <\/div>\r\n                <\/div>\r\n                <div class=\"col-12 col-lg-6 d-flex align-items-center\">\r\n                    <div class=\"contentblock__colored-bg__content\">\r\n                                                    <p class=\"introtext\">Pour les particuliers<\/p>\r\n                                                <h2>F\u00eates et c\u00e9l\u00e9brations<\/h2>\r\n                        <div class=\"contentblock__colored-bg__content-text\">\r\n                            <p>Wij geloven dat een geslaagd evenement meer verdient dan alleen een mooie setting. Daarom cre\u00ebren we een complete beleving \u2013 van de eerste voorbereidingen tot het laatste drankje \u2013 waarbij elk detail klopt. Bij ons draait het om sfeer, gastvrijheid en een onvergetelijke ervaring voor jullie en jullie gasten.<\/p>\n                        <\/div>\r\n\r\n                                                                                    <a href=\"https:\/\/kasteeloostvalkenburg.com\/fr\/evenements\/fetes-et-celebrations\/\"                                        class=\"link\">D\u00e9couvrez les possibilit\u00e9s<\/a>\r\n                                                    \r\n                    <\/div>\r\n                <\/div>\r\n            <\/div>\r\n        <\/div>\r\n    <\/div>\r\n\r\n\r\n<div class=\"eye-block empty-space empty-space--large pt-md-5 pb-md-5 pt-4 pb-4\" ><\/div>\r\n    <div class=\"eye-block contentblock fade-in-animation\">\r\n        <div class=\"contentblock__colored-bg alt\">\r\n            <div class=\"row gx-6\">\r\n                <div class=\"col-12 col-lg-6\">\r\n                    <div class=\"contentblock__colored-bg__image alt\">\r\n                        <img decoding=\"async\" src=\"https:\/\/kasteeloostvalkenburg.com\/wp-content\/uploads\/2025\/03\/Koonings-Demi_s-Design-105-scaled-e1741267839122.jpg\" alt=\"\" data-speed=\".5\">\r\n                    <\/div>\r\n                <\/div>\r\n                <div class=\"col-12 col-lg-6\">\r\n                    <div class=\"contentblock__colored-bg__content-alt\">\r\n                        <div class=\"filled-block\">\r\n                                                            <p class=\"introtext\">Pour les mariages<\/p>\r\n                                                        <h2>Mercredi<\/h2>\r\n                        <\/div>\r\n                        <div class=\"contentblock__colored-bg__content-text\">\r\n                            <p>Dromen jullie van een huwelijk dat tot in de perfectie is verzorgd, op een locatie die romantiek ademt? Verscholen tussen de glooiende heuvels, midden in een schilderachtig landschap, biedt deze unieke trouwlocatie een magische setting voor jullie grote dag.<\/p>\n                        <\/div>\r\n\r\n                                                                                    <a href=\"https:\/\/kasteeloostvalkenburg.com\/fr\/evenements\/se-marier\/\"                                        class=\"link\">D\u00e9couvrez les possibilit\u00e9s<\/a>\r\n                                                                        <\/div>\r\n                <\/div>\r\n            <\/div>\r\n        <\/div>\r\n    <\/div>\r\n\r\n<div class=\"eye-block empty-space empty-space--large pt-md-5 pb-md-5 pt-4 pb-4\" ><\/div>\r\n    <div class=\"eye-block contentblock fade-in-animation\">\r\n        <div class=\"contentblock__colored-bg bg--darkgray\">\r\n            <div class=\"row gx-6\">\r\n                <div class=\"col-12 col-lg-6\">\r\n                    <div class=\"contentblock__colored-bg__image\">\r\n                        <img decoding=\"async\" src=\"https:\/\/kasteeloostvalkenburg.com\/wp-content\/uploads\/2025\/04\/Marleen--e1745404047837.png\" alt=\"\">\r\n                    <\/div>\r\n                <\/div>\r\n                <div class=\"col-12 col-lg-6 d-flex align-items-center\">\r\n                    <div class=\"contentblock__colored-bg__content\">\r\n                                                    <p class=\"introtext\">Organisateur de mariages et d&rsquo;\u00e9v\u00e9nements<\/p>\r\n                                                <h2>Rencontrez Lotte<\/h2>\r\n                        <div class=\"contentblock__colored-bg__content-text\">\r\n                            <p>\" En tant qu&rsquo;organisatrice de mariages et d&rsquo;\u00e9v\u00e9nements \u00e0 Kasteel Oost, je combine mon amour pour l&rsquo;organisation avec ma passion pour la cr\u00e9ation de moments inoubliables. Pour moi, un mariage n&rsquo;est pas seulement une question de lieu, mais aussi de magie, d&rsquo;atmosph\u00e8re et de moments sp\u00e9ciaux que vous et vos invit\u00e9s ch\u00e9rirez \u00e0 jamais. C&rsquo;est pourquoi il est si sp\u00e9cial de pouvoir y contribuer.  <\/p>\n<p>Chaque couple est unique, et c&rsquo;est pr\u00e9cis\u00e9ment ce qui rend mon travail si sp\u00e9cial. De la premi\u00e8re id\u00e9e \u00e0 la derni\u00e8re danse, je me donne beaucoup de mal pour cr\u00e9er une journ\u00e9e qui vous ressemble. <\/p>\n<p>J&rsquo;ai h\u00e2te de vous rencontrer et d&rsquo;\u00e9crire ensemble un chapitre merveilleux dans ce lieu unique\".<\/p>\n                        <\/div>\r\n\r\n                        \r\n                    <\/div>\r\n                <\/div>\r\n            <\/div>\r\n        <\/div>\r\n    <\/div>\r\n\r\n\r\n<div class=\"eye-block empty-space empty-space--large pt-md-5 pb-md-5 pt-4 pb-4\" ><\/div>\r\n<div class=\"eye-block end-of-page-link\">\r\n    <div class=\"end-of-page-link__intro\">\r\n        <p>D\u00e9couvrir \u00e0<\/p>\r\n        <h2 class=\"no-fancy-letter\">Kasteel Oost<\/h2>\r\n        <a href=\"\/album\" class=\"btn btn-primary\">Galerij<\/a>\r\n    <\/div>\r\n    <div class=\"end-of-page-link__images\">\r\n                    <a href=\"\/fr\/hotel\" class=\"end-of-page-link__images-item\">\r\n                <p> H\u00f4tel<\/p>\r\n                <img decoding=\"async\" src=\"https:\/\/kasteeloostvalkenburg.com\/wp-content\/uploads\/2025\/03\/Suites-Thumbnail-scaled.webp\" alt=\" H\u00f4tel\">\r\n            <\/a>\r\n                    <a href=\"\/fr\/restaurant\" class=\"end-of-page-link__images-item\">\r\n                <p>Restaurant<\/p>\r\n                <img decoding=\"async\" src=\"https:\/\/kasteeloostvalkenburg.com\/wp-content\/uploads\/2025\/03\/Restaurant-Thumbnail-scaled.webp\" alt=\"Restaurant\">\r\n            <\/a>\r\n            <\/div>\r\n<\/div>\r\n","protected":false},"excerpt":{"rendered":"","protected":false},"author":1,"featured_media":0,"parent":0,"menu_order":0,"comment_status":"closed","ping_status":"closed","template":"","meta":{"_acf_changed":false,"ghostkit_customizer_options":"","ghostkit_custom_css":"","ghostkit_custom_js_head":"","ghostkit_custom_js_foot":"","ghostkit_typography":"","footnotes":""},"class_list":["post-1458","page","type-page","status-publish","hentry"],"acf":[],"yoast_head":"<!-- This site is optimized with the Yoast SEO plugin v27.3 - https:\/\/yoast.com\/product\/yoast-seo-wordpress\/ -->\n<title>Lieu unique pour l&#039;organisation d&#039;\u00e9v\u00e9nements Kasteel Oost Fauquemont<\/title>\n<meta name=\"description\" content=\"C\u00e9l\u00e9brez votre \u00e9v\u00e9nement sp\u00e9cial \u00e0 l&#039;adresse Kasteel Oost \u00e0 Fauquemont. Un lieu enchanteur, id\u00e9al pour les mariages, les f\u00eates et les r\u00e9unions d&#039;affaires !\" \/>\n<meta name=\"robots\" content=\"index, follow, max-snippet:-1, max-image-preview:large, max-video-preview:-1\" \/>\n<link rel=\"canonical\" href=\"https:\/\/kasteeloostvalkenburg.com\/fr\/evenements\/\" \/>\n<meta property=\"og:locale\" content=\"fr_FR\" \/>\n<meta property=\"og:type\" content=\"article\" \/>\n<meta property=\"og:title\" content=\"Lieu unique pour l&#039;organisation d&#039;\u00e9v\u00e9nements Kasteel Oost Fauquemont\" \/>\n<meta property=\"og:description\" content=\"C\u00e9l\u00e9brez votre \u00e9v\u00e9nement sp\u00e9cial \u00e0 l&#039;adresse Kasteel Oost \u00e0 Fauquemont. Un lieu enchanteur, id\u00e9al pour les mariages, les f\u00eates et les r\u00e9unions d&#039;affaires !\" \/>\n<meta property=\"og:url\" content=\"https:\/\/kasteeloostvalkenburg.com\/fr\/evenements\/\" \/>\n<meta property=\"og:site_name\" content=\"Kasteel Oost\" \/>\n<meta property=\"article:publisher\" content=\"https:\/\/www.facebook.com\/Kooningstheweddingpalace\" \/>\n<meta property=\"article:modified_time\" content=\"2025-10-30T13:12:43+00:00\" \/>\n<meta name=\"twitter:card\" content=\"summary_large_image\" \/>\n<script type=\"application\/ld+json\" class=\"yoast-schema-graph\">{\"@context\":\"https:\\\/\\\/schema.org\",\"@graph\":[{\"@type\":\"WebPage\",\"@id\":\"https:\\\/\\\/kasteeloostvalkenburg.com\\\/fr\\\/evenements\\\/\",\"url\":\"https:\\\/\\\/kasteeloostvalkenburg.com\\\/fr\\\/evenements\\\/\",\"name\":\"Lieu unique pour l'organisation d'\u00e9v\u00e9nements Kasteel Oost Fauquemont\",\"isPartOf\":{\"@id\":\"https:\\\/\\\/kasteeloostvalkenburg.com\\\/fr\\\/#website\"},\"datePublished\":\"2025-03-06T10:38:31+00:00\",\"dateModified\":\"2025-10-30T13:12:43+00:00\",\"description\":\"C\u00e9l\u00e9brez votre \u00e9v\u00e9nement sp\u00e9cial \u00e0 l'adresse Kasteel Oost \u00e0 Fauquemont. Un lieu enchanteur, id\u00e9al pour les mariages, les f\u00eates et les r\u00e9unions d'affaires !\",\"breadcrumb\":{\"@id\":\"https:\\\/\\\/kasteeloostvalkenburg.com\\\/fr\\\/evenements\\\/#breadcrumb\"},\"inLanguage\":\"fr-FR\",\"potentialAction\":[{\"@type\":\"ReadAction\",\"target\":[\"https:\\\/\\\/kasteeloostvalkenburg.com\\\/fr\\\/evenements\\\/\"]}]},{\"@type\":\"BreadcrumbList\",\"@id\":\"https:\\\/\\\/kasteeloostvalkenburg.com\\\/fr\\\/evenements\\\/#breadcrumb\",\"itemListElement\":[{\"@type\":\"ListItem\",\"position\":1,\"name\":\"Accueil\",\"item\":\"https:\\\/\\\/kasteeloostvalkenburg.com\\\/fr\\\/\"},{\"@type\":\"ListItem\",\"position\":2,\"name\":\"Ev\u00e9nements\"}]},{\"@type\":\"WebSite\",\"@id\":\"https:\\\/\\\/kasteeloostvalkenburg.com\\\/fr\\\/#website\",\"url\":\"https:\\\/\\\/kasteeloostvalkenburg.com\\\/fr\\\/\",\"name\":\"Kasteel Oost\",\"description\":\"\",\"publisher\":{\"@id\":\"https:\\\/\\\/kasteeloostvalkenburg.com\\\/fr\\\/#organization\"},\"potentialAction\":[{\"@type\":\"SearchAction\",\"target\":{\"@type\":\"EntryPoint\",\"urlTemplate\":\"https:\\\/\\\/kasteeloostvalkenburg.com\\\/fr\\\/?s={search_term_string}\"},\"query-input\":{\"@type\":\"PropertyValueSpecification\",\"valueRequired\":true,\"valueName\":\"search_term_string\"}}],\"inLanguage\":\"fr-FR\"},{\"@type\":\"Organization\",\"@id\":\"https:\\\/\\\/kasteeloostvalkenburg.com\\\/fr\\\/#organization\",\"name\":\"Kasteel Oost\",\"url\":\"https:\\\/\\\/kasteeloostvalkenburg.com\\\/fr\\\/\",\"logo\":{\"@type\":\"ImageObject\",\"inLanguage\":\"fr-FR\",\"@id\":\"https:\\\/\\\/kasteeloostvalkenburg.com\\\/fr\\\/#\\\/schema\\\/logo\\\/image\\\/\",\"url\":\"https:\\\/\\\/kasteeloostvalkenburg.com\\\/wp-content\\\/uploads\\\/2025\\\/04\\\/KasteelOost-logo-darkgray.png\",\"contentUrl\":\"https:\\\/\\\/kasteeloostvalkenburg.com\\\/wp-content\\\/uploads\\\/2025\\\/04\\\/KasteelOost-logo-darkgray.png\",\"width\":413,\"height\":318,\"caption\":\"Kasteel Oost\"},\"image\":{\"@id\":\"https:\\\/\\\/kasteeloostvalkenburg.com\\\/fr\\\/#\\\/schema\\\/logo\\\/image\\\/\"},\"sameAs\":[\"https:\\\/\\\/www.facebook.com\\\/Kooningstheweddingpalace\",\"https:\\\/\\\/www.instagram.com\\\/kasteeloost\\\/\",\"https:\\\/\\\/www.tiktok.com\\\/@kooningstheweddingpalace\",\"https:\\\/\\\/nl.pinterest.com\\\/koonings\\\/\"]}]}<\/script>\n<!-- \/ Yoast SEO plugin. -->","yoast_head_json":{"title":"Lieu unique pour l'organisation d'\u00e9v\u00e9nements Kasteel Oost Fauquemont","description":"C\u00e9l\u00e9brez votre \u00e9v\u00e9nement sp\u00e9cial \u00e0 l'adresse Kasteel Oost \u00e0 Fauquemont. Un lieu enchanteur, id\u00e9al pour les mariages, les f\u00eates et les r\u00e9unions d'affaires !","robots":{"index":"index","follow":"follow","max-snippet":"max-snippet:-1","max-image-preview":"max-image-preview:large","max-video-preview":"max-video-preview:-1"},"canonical":"https:\/\/kasteeloostvalkenburg.com\/fr\/evenements\/","og_locale":"fr_FR","og_type":"article","og_title":"Lieu unique pour l'organisation d'\u00e9v\u00e9nements Kasteel Oost Fauquemont","og_description":"C\u00e9l\u00e9brez votre \u00e9v\u00e9nement sp\u00e9cial \u00e0 l'adresse Kasteel Oost \u00e0 Fauquemont. Un lieu enchanteur, id\u00e9al pour les mariages, les f\u00eates et les r\u00e9unions d'affaires !","og_url":"https:\/\/kasteeloostvalkenburg.com\/fr\/evenements\/","og_site_name":"Kasteel Oost","article_publisher":"https:\/\/www.facebook.com\/Kooningstheweddingpalace","article_modified_time":"2025-10-30T13:12:43+00:00","twitter_card":"summary_large_image","schema":{"@context":"https:\/\/schema.org","@graph":[{"@type":"WebPage","@id":"https:\/\/kasteeloostvalkenburg.com\/fr\/evenements\/","url":"https:\/\/kasteeloostvalkenburg.com\/fr\/evenements\/","name":"Lieu unique pour l'organisation d'\u00e9v\u00e9nements Kasteel Oost Fauquemont","isPartOf":{"@id":"https:\/\/kasteeloostvalkenburg.com\/fr\/#website"},"datePublished":"2025-03-06T10:38:31+00:00","dateModified":"2025-10-30T13:12:43+00:00","description":"C\u00e9l\u00e9brez votre \u00e9v\u00e9nement sp\u00e9cial \u00e0 l'adresse Kasteel Oost \u00e0 Fauquemont. Un lieu enchanteur, id\u00e9al pour les mariages, les f\u00eates et les r\u00e9unions d'affaires !","breadcrumb":{"@id":"https:\/\/kasteeloostvalkenburg.com\/fr\/evenements\/#breadcrumb"},"inLanguage":"fr-FR","potentialAction":[{"@type":"ReadAction","target":["https:\/\/kasteeloostvalkenburg.com\/fr\/evenements\/"]}]},{"@type":"BreadcrumbList","@id":"https:\/\/kasteeloostvalkenburg.com\/fr\/evenements\/#breadcrumb","itemListElement":[{"@type":"ListItem","position":1,"name":"Accueil","item":"https:\/\/kasteeloostvalkenburg.com\/fr\/"},{"@type":"ListItem","position":2,"name":"Ev\u00e9nements"}]},{"@type":"WebSite","@id":"https:\/\/kasteeloostvalkenburg.com\/fr\/#website","url":"https:\/\/kasteeloostvalkenburg.com\/fr\/","name":"Kasteel Oost","description":"","publisher":{"@id":"https:\/\/kasteeloostvalkenburg.com\/fr\/#organization"},"potentialAction":[{"@type":"SearchAction","target":{"@type":"EntryPoint","urlTemplate":"https:\/\/kasteeloostvalkenburg.com\/fr\/?s={search_term_string}"},"query-input":{"@type":"PropertyValueSpecification","valueRequired":true,"valueName":"search_term_string"}}],"inLanguage":"fr-FR"},{"@type":"Organization","@id":"https:\/\/kasteeloostvalkenburg.com\/fr\/#organization","name":"Kasteel Oost","url":"https:\/\/kasteeloostvalkenburg.com\/fr\/","logo":{"@type":"ImageObject","inLanguage":"fr-FR","@id":"https:\/\/kasteeloostvalkenburg.com\/fr\/#\/schema\/logo\/image\/","url":"https:\/\/kasteeloostvalkenburg.com\/wp-content\/uploads\/2025\/04\/KasteelOost-logo-darkgray.png","contentUrl":"https:\/\/kasteeloostvalkenburg.com\/wp-content\/uploads\/2025\/04\/KasteelOost-logo-darkgray.png","width":413,"height":318,"caption":"Kasteel Oost"},"image":{"@id":"https:\/\/kasteeloostvalkenburg.com\/fr\/#\/schema\/logo\/image\/"},"sameAs":["https:\/\/www.facebook.com\/Kooningstheweddingpalace","https:\/\/www.instagram.com\/kasteeloost\/","https:\/\/www.tiktok.com\/@kooningstheweddingpalace","https:\/\/nl.pinterest.com\/koonings\/"]}]}},"_links":{"self":[{"href":"https:\/\/kasteeloostvalkenburg.com\/fr\/wp-json\/wp\/v2\/pages\/1458","targetHints":{"allow":["GET"]}}],"collection":[{"href":"https:\/\/kasteeloostvalkenburg.com\/fr\/wp-json\/wp\/v2\/pages"}],"about":[{"href":"https:\/\/kasteeloostvalkenburg.com\/fr\/wp-json\/wp\/v2\/types\/page"}],"author":[{"embeddable":true,"href":"https:\/\/kasteeloostvalkenburg.com\/fr\/wp-json\/wp\/v2\/users\/1"}],"replies":[{"embeddable":true,"href":"https:\/\/kasteeloostvalkenburg.com\/fr\/wp-json\/wp\/v2\/comments?post=1458"}],"version-history":[{"count":9,"href":"https:\/\/kasteeloostvalkenburg.com\/fr\/wp-json\/wp\/v2\/pages\/1458\/revisions"}],"predecessor-version":[{"id":4841,"href":"https:\/\/kasteeloostvalkenburg.com\/fr\/wp-json\/wp\/v2\/pages\/1458\/revisions\/4841"}],"wp:attachment":[{"href":"https:\/\/kasteeloostvalkenburg.com\/fr\/wp-json\/wp\/v2\/media?parent=1458"}],"curies":[{"name":"wp","href":"https:\/\/api.w.org\/{rel}","templated":true}]}}