{"id":6552,"date":"2026-02-24T10:17:08","date_gmt":"2026-02-24T10:17:08","guid":{"rendered":"https:\/\/kasteeloostvalkenburg.com\/?page_id=6552"},"modified":"2026-02-24T11:13:53","modified_gmt":"2026-02-24T11:13:53","slug":"ostern","status":"publish","type":"page","link":"https:\/\/kasteeloostvalkenburg.com\/de\/ostern\/","title":{"rendered":"Muttertag"},"content":{"rendered":"\r\n    <section class=\"hero image-right\">\r\n        <div class=\"row d-flex align-items-center\">\r\n            <div class=\"col-12 col-lg-7\">\r\n                <div class=\"hero__intro\">\r\n                                            <div class=\"eye-block breadcrumbs-wrapper\">\r\n                            \r\n            <ul class=\"site-breadcrumbs\">\r\n                <li class=\"crumb\">\r\n                    <a class=\"disable-line\" href=\"https:\/\/kasteeloostvalkenburg.com\">\r\n                        <i class=\"fa-regular fa-home\"><\/i>\r\n                    <\/a>\r\n                <\/li>\r\n                                    <div class=\"divider\"><\/div>\r\n                    <li class=\"crumb first\">\r\n                        <a class=\"disable-line\" href=\"https:\/\/kasteeloostvalkenburg.com\/de\/ostern\/\">Muttertag<\/a>\r\n                    <\/li>\r\n                                <\/ul>\r\n        \r\n                                        <\/div>\r\n                                        <p class=\"hero__intro-subtitle\">Muttertag<\/p>\r\n                    <h1>Aufmerksamkeit, Liebe und Zusammensein<\/h1>\r\n                    <div class=\"hero__intro-content\">\r\n                        <p><p data-start=\"391\" data-end=\"578\">Der Muttertag ist mehr als eine Tradition. Es ist ein Moment der bewussten Besinnung darauf, wer immer f\u00fcr Sie da ist. Mit demjenigen, der Sie verbindet, unterst\u00fctzt, inspiriert und bedingungslos bereit ist.  <\/p>\n<p data-start=\"580\" data-end=\"754\">In der majest\u00e4tischen Umgebung von Kasteel Oost erh\u00e4lt dieser Tag die Aufmerksamkeit, die er verdient. Bei Mon R\u00eave geht es darum, den Muttertag in Ruhe, mit Stil und Raffinesse zu genie\u00dfen. <\/p>\n<\/p>\r\n\r\n                        \r\n                    <\/div>\r\n                <\/div>\r\n            <\/div>\r\n            <div class=\"col-12 col-lg-5\">\r\n                                    <div class=\"hero__image\">\r\n                        <img decoding=\"async\" src=\"https:\/\/kasteeloostvalkenburg.com\/wp-content\/uploads\/2026\/01\/bd0f52d6-1773-4bea-aafb-86d61be2b9c5-e1768296680740.jpg\" alt=\"\">\r\n                    <\/div>\r\n                            <\/div>\r\n        <\/div>\r\n    <\/section>\r\n\r\n\r\n<div class=\"eye-block bsbutton text-start \" >\r\n            <a class=\"btn btn-primary\" href=\"https:\/\/kasteeloostvalkenburg.com\/de\/restaurant\/menue\/#moederdag-menu-section\">\r\n            Bekijk het menu        <\/a>\r\n    <\/div>\r\n\r\n<div class=\"eye-block empty-space empty-space--large pt-md-5 pb-md-5 pt-4 pb-4\" ><\/div>\r\n    <div class=\"eye-block contentblock fade-in-animation\">\r\n        <div class=\"contentblock__colored-bg alt\">\r\n            <div class=\"row gx-6\">\r\n                <div class=\"col-12 col-lg-6\">\r\n                    <div class=\"contentblock__colored-bg__image alt\">\r\n                        <img decoding=\"async\" src=\"https:\/\/kasteeloostvalkenburg.com\/wp-content\/uploads\/2025\/09\/3X7A2376.jpg\" alt=\"\" data-speed=\".5\">\r\n                    <\/div>\r\n                <\/div>\r\n                <div class=\"col-12 col-lg-6\">\r\n                    <div class=\"contentblock__colored-bg__content-alt\">\r\n                        <div class=\"filled-block\">\r\n                                                        <h2>F\u00fcr den, der immer bereit ist<\/h2>\r\n                        <\/div>\r\n                        <div class=\"contentblock__colored-bg__content-text\">\r\n                            <p data-start=\"790\" data-end=\"1010\">Im Alltag l\u00e4uft vieles wie von selbst. Verabredungen, Arbeit, Verpflichtungen. Genau deshalb ist der Muttertag der perfekte Zeitpunkt, um sich ganz bewusst Zeit zu nehmen. Um nicht nur \"Danke\" zu sagen, sondern es auch sp\u00fcren zu lassen.   <\/p>\n<p data-start=\"1012\" data-end=\"1225\">Feiern Sie den Muttertag, indem Sie sich gemeinsam an den Tisch setzen. Indem wir Erinnerungen schaffen. Indem Sie neue Momente schaffen. Indem Sie sich Zeit f\u00fcr Qualit\u00e4t in einer Umgebung nehmen, in der Atmosph\u00e4re, Aufmerksamkeit und Gastfreundschaft im Vordergrund stehen.   <\/p>\n<p data-start=\"1227\" data-end=\"1319\">Ein gemeinsames Abendessen oder Mittagessen ist kein Standardgeschenk. Es ist ein Moment der echten Aufmerksamkeit. <\/p>\n                        <\/div>\r\n\r\n                                                                                    <a                                        class=\"btn btn-primary\" onclick=\"_gstpln.openWidget();\">Boek jullie tafeltje<\/a>\r\n                                                                        <\/div>\r\n                <\/div>\r\n            <\/div>\r\n        <\/div>\r\n    <\/div>\r\n\r\n    <div class=\"eye-block contentblock fade-in-animation\">\r\n        <div class=\"contentblock__image-right__container\">\r\n            <div class=\"contentblock__image-right\">\r\n                <div class=\"row\">\r\n                    <div class=\"col-12 col-lg-7 p-lg-1 d-flex align-items-center\">\r\n                        <div class=\"contentblock__image-right__content\">\r\n                                                            <p class=\"introtext\">Voller Geschmack und Erfahrung<\/p>\r\n                                                        <h2>Ein kulinarischer Muttertag<\/h2>\r\n                            <div class=\"contentblock__image-right__content-text\">\r\n                                <p data-start=\"1826\" data-end=\"1982\">In der charaktervollen Umgebung von Kasteel Oost wird der Muttertag zu einem raffinierten Erlebnis. Kein Gedr\u00e4nge, keine Eile, sondern Liebe zum Detail, zum Geschmack und zur Zweisamkeit. <\/p>\n<p data-start=\"1984\" data-end=\"2232\">Unsere K\u00fcchenchefs haben speziell f\u00fcr diesen Tag ein exklusives, vom Fr\u00fchling inspiriertes Men\u00fc kreiert. Frische Zutaten, sanfte Aromen und elegante Pr\u00e4sentationen bilden die Grundlage f\u00fcr ein kulinarisches Erlebnis, das der Grandezza des Veranstaltungsortes entspricht. <\/p>\n<p data-start=\"2234\" data-end=\"2353\">Sie w\u00e4hlen ein stilvolles 3-G\u00e4nge-Mittagessen oder ein aufwendiges 5-G\u00e4nge-Dinner, je nachdem, wie Sie den Tag erleben m\u00f6chten.<\/p>\n                            <\/div>\r\n\r\n                                                                                                <a href=\"https:\/\/kasteeloostvalkenburg.com\/de\/restaurant\/menue\/#moederdag-menu-section\"                                            class=\"btn btn-primary\">Bekijk het moederdagmenu<\/a>\r\n                                                            \r\n                        <\/div>\r\n                    <\/div>\r\n                    <div class=\"col-12 col-lg-5 p-lg-1\">\r\n                        <div class=\"contentblock__image-right__image\">\r\n                            <img decoding=\"async\" data-speed=\"1.5\" src=\"https:\/\/kasteeloostvalkenburg.com\/wp-content\/uploads\/2025\/09\/3X7A2371.jpg\" alt=\"\">\r\n                        <\/div>\r\n                    <\/div>\r\n                <\/div>\r\n            <\/div>\r\n        <\/div>\r\n    <\/div>\r\n\r\n\r\n<div class=\"eye-block empty-space empty-space--medium pt-md-4 pb-md-4 pt-3 pb-3\" ><\/div>\r\n    <div class=\"eye-block contentblock fade-in-animation\">\r\n        <div class=\"contentblock__colored-bg alt\">\r\n            <div class=\"row gx-6\">\r\n                <div class=\"col-12 col-lg-6\">\r\n                    <div class=\"contentblock__colored-bg__image alt\">\r\n                        <img decoding=\"async\" src=\"https:\/\/kasteeloostvalkenburg.com\/wp-content\/uploads\/2025\/11\/kuppens_fotografie_5261_1-scaled.jpg\" alt=\"\" data-speed=\".5\">\r\n                    <\/div>\r\n                <\/div>\r\n                <div class=\"col-12 col-lg-6\">\r\n                    <div class=\"contentblock__colored-bg__content-alt\">\r\n                        <div class=\"filled-block\">\r\n                                                        <h2>Fr\u00fchling im Kasteel Oost<\/h2>\r\n                        <\/div>\r\n                        <div class=\"contentblock__colored-bg__content-text\">\r\n                            <p>Der Fr\u00fchling bringt neue Energie und viele festliche Momente mit sich, und auf Kasteel Oost feiern wir diese wunderbare Zeit mit Ihnen! Vom K\u00f6nigstag bis Ostern, vom Muttertag bis zur Spargelsaison. Bei Kasteel Oost gibt es immer etwas Besonderes zu erleben.  <\/p>\n<p>Kommen Sie und genie\u00dfen Sie kulinarische Mahlzeiten, lustige Aktivit\u00e4ten und die einzigartige Atmosph\u00e4re von Kasteel Oost. Ob Sie nun auf einen besonderen Tag ansto\u00dfen, gem\u00fctlich mit Freunden und Familie speisen oder einfach nur die Saison genie\u00dfen m\u00f6chten, Kasteel Oost hei\u00dft Sie immer willkommen. <\/p>\n                        <\/div>\r\n\r\n                                                                                    <a href=\"#valentijnsbeleving\"                                        class=\"btn btn-primary\">Reserveer jouw tafeltje<\/a>\r\n                                                                        <\/div>\r\n                <\/div>\r\n            <\/div>\r\n        <\/div>\r\n    <\/div>\r\n","protected":false},"excerpt":{"rendered":"","protected":false},"author":2,"featured_media":0,"parent":0,"menu_order":0,"comment_status":"closed","ping_status":"closed","template":"","meta":{"_acf_changed":false,"ghostkit_customizer_options":"","ghostkit_custom_css":"","ghostkit_custom_js_head":"","ghostkit_custom_js_foot":"","ghostkit_typography":"","footnotes":""},"class_list":["post-6552","page","type-page","status-publish","hentry"],"acf":[],"yoast_head":"<!-- This site is optimized with the Yoast SEO plugin v27.3 - https:\/\/yoast.com\/product\/yoast-seo-wordpress\/ -->\n<title>Muttertag - Kasteel Oost<\/title>\n<meta name=\"description\" content=\"Feiern Sie den Muttertag, indem Sie sich zum Abendessen zusammensetzen. Indem Sie in Erinnerungen schwelgen. Indem Sie neue Momente schaffen.\" \/>\n<meta name=\"robots\" content=\"index, follow, max-snippet:-1, max-image-preview:large, max-video-preview:-1\" \/>\n<link rel=\"canonical\" href=\"https:\/\/kasteeloostvalkenburg.com\/de\/ostern\/\" \/>\n<meta property=\"og:locale\" content=\"de_DE\" \/>\n<meta property=\"og:type\" content=\"article\" \/>\n<meta property=\"og:title\" content=\"Muttertag - Kasteel Oost\" \/>\n<meta property=\"og:description\" content=\"Feiern Sie den Muttertag, indem Sie sich zum Abendessen zusammensetzen. Indem Sie in Erinnerungen schwelgen. Indem Sie neue Momente schaffen.\" \/>\n<meta property=\"og:url\" content=\"https:\/\/kasteeloostvalkenburg.com\/de\/ostern\/\" \/>\n<meta property=\"og:site_name\" content=\"Kasteel Oost\" \/>\n<meta property=\"article:publisher\" content=\"https:\/\/www.facebook.com\/Kooningstheweddingpalace\" \/>\n<meta property=\"article:modified_time\" content=\"2026-02-24T11:13:53+00:00\" \/>\n<meta name=\"twitter:card\" content=\"summary_large_image\" \/>\n<script type=\"application\/ld+json\" class=\"yoast-schema-graph\">{\"@context\":\"https:\\\/\\\/schema.org\",\"@graph\":[{\"@type\":\"WebPage\",\"@id\":\"https:\\\/\\\/kasteeloostvalkenburg.com\\\/de\\\/ostern\\\/\",\"url\":\"https:\\\/\\\/kasteeloostvalkenburg.com\\\/de\\\/ostern\\\/\",\"name\":\"Muttertag - Kasteel Oost\",\"isPartOf\":{\"@id\":\"https:\\\/\\\/kasteeloostvalkenburg.com\\\/de\\\/#website\"},\"datePublished\":\"2026-02-24T10:17:08+00:00\",\"dateModified\":\"2026-02-24T11:13:53+00:00\",\"description\":\"Feiern Sie den Muttertag, indem Sie sich zum Abendessen zusammensetzen. Indem Sie in Erinnerungen schwelgen. Indem Sie neue Momente schaffen.\",\"breadcrumb\":{\"@id\":\"https:\\\/\\\/kasteeloostvalkenburg.com\\\/de\\\/ostern\\\/#breadcrumb\"},\"inLanguage\":\"de\",\"potentialAction\":[{\"@type\":\"ReadAction\",\"target\":[\"https:\\\/\\\/kasteeloostvalkenburg.com\\\/de\\\/ostern\\\/\"]}]},{\"@type\":\"BreadcrumbList\",\"@id\":\"https:\\\/\\\/kasteeloostvalkenburg.com\\\/de\\\/ostern\\\/#breadcrumb\",\"itemListElement\":[{\"@type\":\"ListItem\",\"position\":1,\"name\":\"Startseite\",\"item\":\"https:\\\/\\\/kasteeloostvalkenburg.com\\\/de\\\/\"},{\"@type\":\"ListItem\",\"position\":2,\"name\":\"Muttertag\"}]},{\"@type\":\"WebSite\",\"@id\":\"https:\\\/\\\/kasteeloostvalkenburg.com\\\/de\\\/#website\",\"url\":\"https:\\\/\\\/kasteeloostvalkenburg.com\\\/de\\\/\",\"name\":\"Kasteel Oost\",\"description\":\"\",\"publisher\":{\"@id\":\"https:\\\/\\\/kasteeloostvalkenburg.com\\\/de\\\/#organization\"},\"potentialAction\":[{\"@type\":\"SearchAction\",\"target\":{\"@type\":\"EntryPoint\",\"urlTemplate\":\"https:\\\/\\\/kasteeloostvalkenburg.com\\\/de\\\/?s={search_term_string}\"},\"query-input\":{\"@type\":\"PropertyValueSpecification\",\"valueRequired\":true,\"valueName\":\"search_term_string\"}}],\"inLanguage\":\"de\"},{\"@type\":\"Organization\",\"@id\":\"https:\\\/\\\/kasteeloostvalkenburg.com\\\/de\\\/#organization\",\"name\":\"Kasteel Oost\",\"url\":\"https:\\\/\\\/kasteeloostvalkenburg.com\\\/de\\\/\",\"logo\":{\"@type\":\"ImageObject\",\"inLanguage\":\"de\",\"@id\":\"https:\\\/\\\/kasteeloostvalkenburg.com\\\/de\\\/#\\\/schema\\\/logo\\\/image\\\/\",\"url\":\"https:\\\/\\\/kasteeloostvalkenburg.com\\\/wp-content\\\/uploads\\\/2025\\\/04\\\/KasteelOost-logo-darkgray.png\",\"contentUrl\":\"https:\\\/\\\/kasteeloostvalkenburg.com\\\/wp-content\\\/uploads\\\/2025\\\/04\\\/KasteelOost-logo-darkgray.png\",\"width\":413,\"height\":318,\"caption\":\"Kasteel Oost\"},\"image\":{\"@id\":\"https:\\\/\\\/kasteeloostvalkenburg.com\\\/de\\\/#\\\/schema\\\/logo\\\/image\\\/\"},\"sameAs\":[\"https:\\\/\\\/www.facebook.com\\\/Kooningstheweddingpalace\",\"https:\\\/\\\/www.instagram.com\\\/kasteeloost\\\/\",\"https:\\\/\\\/www.tiktok.com\\\/@kooningstheweddingpalace\",\"https:\\\/\\\/nl.pinterest.com\\\/koonings\\\/\"]}]}<\/script>\n<!-- \/ Yoast SEO plugin. -->","yoast_head_json":{"title":"Muttertag - Kasteel Oost","description":"Feiern Sie den Muttertag, indem Sie sich zum Abendessen zusammensetzen. Indem Sie in Erinnerungen schwelgen. Indem Sie neue Momente schaffen.","robots":{"index":"index","follow":"follow","max-snippet":"max-snippet:-1","max-image-preview":"max-image-preview:large","max-video-preview":"max-video-preview:-1"},"canonical":"https:\/\/kasteeloostvalkenburg.com\/de\/ostern\/","og_locale":"de_DE","og_type":"article","og_title":"Muttertag - Kasteel Oost","og_description":"Feiern Sie den Muttertag, indem Sie sich zum Abendessen zusammensetzen. Indem Sie in Erinnerungen schwelgen. Indem Sie neue Momente schaffen.","og_url":"https:\/\/kasteeloostvalkenburg.com\/de\/ostern\/","og_site_name":"Kasteel Oost","article_publisher":"https:\/\/www.facebook.com\/Kooningstheweddingpalace","article_modified_time":"2026-02-24T11:13:53+00:00","twitter_card":"summary_large_image","schema":{"@context":"https:\/\/schema.org","@graph":[{"@type":"WebPage","@id":"https:\/\/kasteeloostvalkenburg.com\/de\/ostern\/","url":"https:\/\/kasteeloostvalkenburg.com\/de\/ostern\/","name":"Muttertag - Kasteel Oost","isPartOf":{"@id":"https:\/\/kasteeloostvalkenburg.com\/de\/#website"},"datePublished":"2026-02-24T10:17:08+00:00","dateModified":"2026-02-24T11:13:53+00:00","description":"Feiern Sie den Muttertag, indem Sie sich zum Abendessen zusammensetzen. Indem Sie in Erinnerungen schwelgen. Indem Sie neue Momente schaffen.","breadcrumb":{"@id":"https:\/\/kasteeloostvalkenburg.com\/de\/ostern\/#breadcrumb"},"inLanguage":"de","potentialAction":[{"@type":"ReadAction","target":["https:\/\/kasteeloostvalkenburg.com\/de\/ostern\/"]}]},{"@type":"BreadcrumbList","@id":"https:\/\/kasteeloostvalkenburg.com\/de\/ostern\/#breadcrumb","itemListElement":[{"@type":"ListItem","position":1,"name":"Startseite","item":"https:\/\/kasteeloostvalkenburg.com\/de\/"},{"@type":"ListItem","position":2,"name":"Muttertag"}]},{"@type":"WebSite","@id":"https:\/\/kasteeloostvalkenburg.com\/de\/#website","url":"https:\/\/kasteeloostvalkenburg.com\/de\/","name":"Kasteel Oost","description":"","publisher":{"@id":"https:\/\/kasteeloostvalkenburg.com\/de\/#organization"},"potentialAction":[{"@type":"SearchAction","target":{"@type":"EntryPoint","urlTemplate":"https:\/\/kasteeloostvalkenburg.com\/de\/?s={search_term_string}"},"query-input":{"@type":"PropertyValueSpecification","valueRequired":true,"valueName":"search_term_string"}}],"inLanguage":"de"},{"@type":"Organization","@id":"https:\/\/kasteeloostvalkenburg.com\/de\/#organization","name":"Kasteel Oost","url":"https:\/\/kasteeloostvalkenburg.com\/de\/","logo":{"@type":"ImageObject","inLanguage":"de","@id":"https:\/\/kasteeloostvalkenburg.com\/de\/#\/schema\/logo\/image\/","url":"https:\/\/kasteeloostvalkenburg.com\/wp-content\/uploads\/2025\/04\/KasteelOost-logo-darkgray.png","contentUrl":"https:\/\/kasteeloostvalkenburg.com\/wp-content\/uploads\/2025\/04\/KasteelOost-logo-darkgray.png","width":413,"height":318,"caption":"Kasteel Oost"},"image":{"@id":"https:\/\/kasteeloostvalkenburg.com\/de\/#\/schema\/logo\/image\/"},"sameAs":["https:\/\/www.facebook.com\/Kooningstheweddingpalace","https:\/\/www.instagram.com\/kasteeloost\/","https:\/\/www.tiktok.com\/@kooningstheweddingpalace","https:\/\/nl.pinterest.com\/koonings\/"]}]}},"_links":{"self":[{"href":"https:\/\/kasteeloostvalkenburg.com\/de\/wp-json\/wp\/v2\/pages\/6552","targetHints":{"allow":["GET"]}}],"collection":[{"href":"https:\/\/kasteeloostvalkenburg.com\/de\/wp-json\/wp\/v2\/pages"}],"about":[{"href":"https:\/\/kasteeloostvalkenburg.com\/de\/wp-json\/wp\/v2\/types\/page"}],"author":[{"embeddable":true,"href":"https:\/\/kasteeloostvalkenburg.com\/de\/wp-json\/wp\/v2\/users\/2"}],"replies":[{"embeddable":true,"href":"https:\/\/kasteeloostvalkenburg.com\/de\/wp-json\/wp\/v2\/comments?post=6552"}],"version-history":[{"count":5,"href":"https:\/\/kasteeloostvalkenburg.com\/de\/wp-json\/wp\/v2\/pages\/6552\/revisions"}],"predecessor-version":[{"id":6572,"href":"https:\/\/kasteeloostvalkenburg.com\/de\/wp-json\/wp\/v2\/pages\/6552\/revisions\/6572"}],"wp:attachment":[{"href":"https:\/\/kasteeloostvalkenburg.com\/de\/wp-json\/wp\/v2\/media?parent=6552"}],"curies":[{"name":"wp","href":"https:\/\/api.w.org\/{rel}","templated":true}]}}