{"id":6349,"date":"2026-01-30T14:55:35","date_gmt":"2026-01-30T14:55:35","guid":{"rendered":"https:\/\/kasteeloostvalkenburg.com\/?page_id=6349"},"modified":"2026-04-07T11:49:23","modified_gmt":"2026-04-07T11:49:23","slug":"tag-des-konigs","status":"publish","type":"page","link":"https:\/\/kasteeloostvalkenburg.com\/de\/tag-des-konigs\/","title":{"rendered":"Ostern"},"content":{"rendered":"\r\n    <section class=\"hero image-right\">\r\n        <div class=\"row d-flex align-items-center\">\r\n            <div class=\"col-12 col-lg-7\">\r\n                <div class=\"hero__intro\">\r\n                                            <div class=\"eye-block breadcrumbs-wrapper\">\r\n                            \r\n            <ul class=\"site-breadcrumbs\">\r\n                <li class=\"crumb\">\r\n                    <a class=\"disable-line\" href=\"https:\/\/kasteeloostvalkenburg.com\">\r\n                        <i class=\"fa-regular fa-home\"><\/i>\r\n                    <\/a>\r\n                <\/li>\r\n                                    <div class=\"divider\"><\/div>\r\n                    <li class=\"crumb first\">\r\n                        <a class=\"disable-line\" href=\"https:\/\/kasteeloostvalkenburg.com\/de\/tag-des-konigs\/\">Ostern<\/a>\r\n                    <\/li>\r\n                                <\/ul>\r\n        \r\n                                        <\/div>\r\n                                        <p class=\"hero__intro-subtitle\">Feiern mit Stil<\/p>\r\n                    <h1>Ihr Osterbrunch an einem besonderen Ort<\/h1>\r\n                    <div class=\"hero__intro-content\">\r\n                        <p><p>Feiern Sie Ostern an einem besonderen Ort! Am 1. und 2. Ostertag sind Sie herzlich eingeladen, unser festliches Ostermen\u00fc im stimmungsvollen Kasteel Oost zu genie\u00dfen. Genie\u00dfen Sie ein 3-G\u00e4nge-Mittagessen oder ein 5-G\u00e4nge-Dinner mit k\u00f6stlichen Gerichten unserer K\u00fcchenchefs, die direkt aus der K\u00fcche an Ihren Tisch serviert werden.  <\/p>\n<p>An Ostern geht es darum, zusammenzukommen, eine neue Jahreszeit zu genie\u00dfen und zu feiern. In dem warmen Dekor des Mon R\u00eave werden Sie den Fr\u00fchling in jedem Detail schmecken. Unsere K\u00fcchenchefs arbeiten mit raffinierten Fr\u00fchlingszutaten und setzen sie in ein exklusives Ostermen\u00fc um, bei dem sie auf Geschmack, Pr\u00e4sentation und Harmonie achten.  <\/p>\n<\/p>\r\n\r\n                        \r\n                    <\/div>\r\n                <\/div>\r\n            <\/div>\r\n            <div class=\"col-12 col-lg-5\">\r\n                                    <div class=\"hero__image\">\r\n                        <img decoding=\"async\" src=\"https:\/\/kasteeloostvalkenburg.com\/wp-content\/uploads\/2026\/01\/IMG_0847-scaled-1.jpeg\" alt=\"\">\r\n                    <\/div>\r\n                            <\/div>\r\n        <\/div>\r\n    <\/section>\r\n\r\n\r\n<div class=\"eye-block bsbutton text-start \" >\r\n            <a class=\"btn btn-primary\" href=\"https:\/\/kasteeloostvalkenburg.com\/de\/restaurant\/menue\/\">\r\n            Bekijk het menu        <\/a>\r\n    <\/div>\r\n\r\n<div class=\"eye-block empty-space empty-space--large pt-md-5 pb-md-5 pt-4 pb-4\" ><\/div>\r\n    <div class=\"eye-block contentblock fade-in-animation\">\r\n        <div class=\"contentblock__colored-bg alt\">\r\n            <div class=\"row gx-6\">\r\n                <div class=\"col-12 col-lg-6\">\r\n                    <div class=\"contentblock__colored-bg__image alt\">\r\n                        <img decoding=\"async\" src=\"https:\/\/kasteeloostvalkenburg.com\/wp-content\/uploads\/2025\/09\/3X7A2376.jpg\" alt=\"\" data-speed=\".5\">\r\n                    <\/div>\r\n                <\/div>\r\n                <div class=\"col-12 col-lg-6\">\r\n                    <div class=\"contentblock__colored-bg__content-alt\">\r\n                        <div class=\"filled-block\">\r\n                                                            <p class=\"introtext\">Ein stilvoller Start in den Ostertag<\/p>\r\n                                                        <h2>Ostern Mittagessen<\/h2>\r\n                        <\/div>\r\n                        <div class=\"contentblock__colored-bg__content-text\">\r\n                            <p>Beginnen Sie Ihren Ostertag mit einem stilvollen und entspannten 3-G\u00e4nge-Mittagessen in der majest\u00e4tischen Kulisse von Kasteel Oost. Unsere K\u00fcchenchefs lassen sich von der Jahreszeit inspirieren und kreieren ein ausgewogenes Men\u00fc mit Schwerpunkt auf frischen, leichten und eleganten Aromen. <\/p>\n<ul>\n<li>5. April &amp; 6. April 2026<\/li>\n<li>12.00h-14.00h<\/li>\n<li>50 \u20ac p.P.<\/li>\n<\/ul>\n                        <\/div>\r\n\r\n                                                                                    <a href=\"https:\/\/kasteeloostvalkenburg.com\/de\/restaurant\/menue\/#paasmenu-section\"                                        class=\"btn btn-primary\">Bekijk het paasmenu<\/a>\r\n                                                                        <\/div>\r\n                <\/div>\r\n            <\/div>\r\n        <\/div>\r\n    <\/div>\r\n\r\n    <div class=\"eye-block contentblock fade-in-animation\">\r\n        <div class=\"contentblock__image-right__container\">\r\n            <div class=\"contentblock__image-right\">\r\n                <div class=\"row\">\r\n                    <div class=\"col-12 col-lg-7 p-lg-1 d-flex align-items-center\">\r\n                        <div class=\"contentblock__image-right__content\">\r\n                                                            <p class=\"introtext\">Ein Abend des Geschmacks und der Erfahrung<\/p>\r\n                                                        <h2>Osteressen<\/h2>\r\n                            <div class=\"contentblock__image-right__content-text\">\r\n                                <p>Beenden Sie Ihren Ostertag mit einem 5-G\u00e4nge-Gourmet-Dinner, bei dem Raffinesse und Erfahrung zusammenkommen. Im warmen Ambiente des Mon R\u00eave pr\u00e4sentieren unsere K\u00fcchenchefs ein sorgf\u00e4ltig zusammengestelltes Men\u00fc, in dem jeder Gang ein neues Kapitel des Fr\u00fchlings erz\u00e4hlt. <\/p>\n<ul>\n<li>5. April &amp; 6. April 2026<\/li>\n<li>ab 18 Uhr<\/li>\n<li>75 \u20ac p.P.<\/li>\n<\/ul>\n                            <\/div>\r\n\r\n                                                                                                <a href=\"https:\/\/kasteeloostvalkenburg.com\/de\/restaurant\/menue\/#paasmenu-section\"                                            class=\"btn btn-primary\">Bekijk het paasmenu<\/a>\r\n                                                            \r\n                        <\/div>\r\n                    <\/div>\r\n                    <div class=\"col-12 col-lg-5 p-lg-1\">\r\n                        <div class=\"contentblock__image-right__image\">\r\n                            <img decoding=\"async\" data-speed=\"1.5\" src=\"https:\/\/kasteeloostvalkenburg.com\/wp-content\/uploads\/2025\/09\/3X7A2371.jpg\" alt=\"\">\r\n                        <\/div>\r\n                    <\/div>\r\n                <\/div>\r\n            <\/div>\r\n        <\/div>\r\n    <\/div>\r\n\r\n\r\n<div class=\"eye-block empty-space empty-space--medium pt-md-4 pb-md-4 pt-3 pb-3\" ><\/div>\r\n    <div class=\"eye-block contentblock fade-in-animation\">\r\n        <div class=\"contentblock__colored-bg alt\">\r\n            <div class=\"row gx-6\">\r\n                <div class=\"col-12 col-lg-6\">\r\n                    <div class=\"contentblock__colored-bg__image alt\">\r\n                        <img decoding=\"async\" src=\"https:\/\/kasteeloostvalkenburg.com\/wp-content\/uploads\/2025\/11\/kuppens_fotografie_5261_1-scaled.jpg\" alt=\"\" data-speed=\".5\">\r\n                    <\/div>\r\n                <\/div>\r\n                <div class=\"col-12 col-lg-6\">\r\n                    <div class=\"contentblock__colored-bg__content-alt\">\r\n                        <div class=\"filled-block\">\r\n                                                        <h2>Fr\u00fchling im Kasteel Oost<\/h2>\r\n                        <\/div>\r\n                        <div class=\"contentblock__colored-bg__content-text\">\r\n                            <p>Der Fr\u00fchling bringt neue Energie und viele festliche Momente mit sich, und auf Kasteel Oost feiern wir diese wunderbare Zeit mit Ihnen! Vom K\u00f6nigstag bis Ostern, vom Muttertag bis zur Spargelsaison. Bei Kasteel Oost gibt es immer etwas Besonderes zu erleben.  <\/p>\n<p>Kommen Sie und genie\u00dfen Sie kulinarische Mahlzeiten, lustige Aktivit\u00e4ten und die einzigartige Atmosph\u00e4re von Kasteel Oost. Ob Sie nun auf einen besonderen Tag ansto\u00dfen, gem\u00fctlich mit Freunden und Familie speisen oder einfach nur die Saison genie\u00dfen m\u00f6chten, Kasteel Oost hei\u00dft Sie immer willkommen. <\/p>\n                        <\/div>\r\n\r\n                                                                                    <a href=\"#valentijnsbeleving\"                                        class=\"btn btn-primary\">Reserveer jouw tafeltje<\/a>\r\n                                                                        <\/div>\r\n                <\/div>\r\n            <\/div>\r\n        <\/div>\r\n    <\/div>\r\n","protected":false},"excerpt":{"rendered":"","protected":false},"author":2,"featured_media":0,"parent":0,"menu_order":0,"comment_status":"closed","ping_status":"closed","template":"","meta":{"_acf_changed":false,"ghostkit_customizer_options":"","ghostkit_custom_css":"","ghostkit_custom_js_head":"","ghostkit_custom_js_foot":"","ghostkit_typography":"","footnotes":""},"class_list":["post-6349","page","type-page","status-publish","hentry"],"acf":[],"yoast_head":"<!-- This site is optimized with the Yoast SEO plugin v27.3 - https:\/\/yoast.com\/product\/yoast-seo-wordpress\/ -->\n<title>Ostern - Kasteel Oost<\/title>\n<meta name=\"description\" content=\"Bei Mon R\u00eave ist Ostern ein Fest f\u00fcr die ganze Familie. Buchen Sie bald Ihren Platz und schaffen Sie gemeinsam sch\u00f6ne Erinnerungen!\" \/>\n<meta name=\"robots\" content=\"index, follow, max-snippet:-1, max-image-preview:large, max-video-preview:-1\" \/>\n<link rel=\"canonical\" href=\"https:\/\/kasteeloostvalkenburg.com\/de\/tag-des-konigs\/\" \/>\n<meta property=\"og:locale\" content=\"de_DE\" \/>\n<meta property=\"og:type\" content=\"article\" \/>\n<meta property=\"og:title\" content=\"Ostern - Kasteel Oost\" \/>\n<meta property=\"og:description\" content=\"Bei Mon R\u00eave ist Ostern ein Fest f\u00fcr die ganze Familie. Buchen Sie bald Ihren Platz und schaffen Sie gemeinsam sch\u00f6ne Erinnerungen!\" \/>\n<meta property=\"og:url\" content=\"https:\/\/kasteeloostvalkenburg.com\/de\/tag-des-konigs\/\" \/>\n<meta property=\"og:site_name\" content=\"Kasteel Oost\" \/>\n<meta property=\"article:publisher\" content=\"https:\/\/www.facebook.com\/Kooningstheweddingpalace\" \/>\n<meta property=\"article:modified_time\" content=\"2026-04-07T11:49:23+00:00\" \/>\n<meta name=\"twitter:card\" content=\"summary_large_image\" \/>\n<script type=\"application\/ld+json\" class=\"yoast-schema-graph\">{\"@context\":\"https:\\\/\\\/schema.org\",\"@graph\":[{\"@type\":\"WebPage\",\"@id\":\"https:\\\/\\\/kasteeloostvalkenburg.com\\\/de\\\/tag-des-konigs\\\/\",\"url\":\"https:\\\/\\\/kasteeloostvalkenburg.com\\\/de\\\/tag-des-konigs\\\/\",\"name\":\"Ostern - Kasteel Oost\",\"isPartOf\":{\"@id\":\"https:\\\/\\\/kasteeloostvalkenburg.com\\\/de\\\/#website\"},\"datePublished\":\"2026-01-30T14:55:35+00:00\",\"dateModified\":\"2026-04-07T11:49:23+00:00\",\"description\":\"Bei Mon R\u00eave ist Ostern ein Fest f\u00fcr die ganze Familie. Buchen Sie bald Ihren Platz und schaffen Sie gemeinsam sch\u00f6ne Erinnerungen!\",\"breadcrumb\":{\"@id\":\"https:\\\/\\\/kasteeloostvalkenburg.com\\\/de\\\/tag-des-konigs\\\/#breadcrumb\"},\"inLanguage\":\"de\",\"potentialAction\":[{\"@type\":\"ReadAction\",\"target\":[\"https:\\\/\\\/kasteeloostvalkenburg.com\\\/de\\\/tag-des-konigs\\\/\"]}]},{\"@type\":\"BreadcrumbList\",\"@id\":\"https:\\\/\\\/kasteeloostvalkenburg.com\\\/de\\\/tag-des-konigs\\\/#breadcrumb\",\"itemListElement\":[{\"@type\":\"ListItem\",\"position\":1,\"name\":\"Startseite\",\"item\":\"https:\\\/\\\/kasteeloostvalkenburg.com\\\/de\\\/\"},{\"@type\":\"ListItem\",\"position\":2,\"name\":\"Ostern\"}]},{\"@type\":\"WebSite\",\"@id\":\"https:\\\/\\\/kasteeloostvalkenburg.com\\\/de\\\/#website\",\"url\":\"https:\\\/\\\/kasteeloostvalkenburg.com\\\/de\\\/\",\"name\":\"Kasteel Oost\",\"description\":\"\",\"publisher\":{\"@id\":\"https:\\\/\\\/kasteeloostvalkenburg.com\\\/de\\\/#organization\"},\"potentialAction\":[{\"@type\":\"SearchAction\",\"target\":{\"@type\":\"EntryPoint\",\"urlTemplate\":\"https:\\\/\\\/kasteeloostvalkenburg.com\\\/de\\\/?s={search_term_string}\"},\"query-input\":{\"@type\":\"PropertyValueSpecification\",\"valueRequired\":true,\"valueName\":\"search_term_string\"}}],\"inLanguage\":\"de\"},{\"@type\":\"Organization\",\"@id\":\"https:\\\/\\\/kasteeloostvalkenburg.com\\\/de\\\/#organization\",\"name\":\"Kasteel Oost\",\"url\":\"https:\\\/\\\/kasteeloostvalkenburg.com\\\/de\\\/\",\"logo\":{\"@type\":\"ImageObject\",\"inLanguage\":\"de\",\"@id\":\"https:\\\/\\\/kasteeloostvalkenburg.com\\\/de\\\/#\\\/schema\\\/logo\\\/image\\\/\",\"url\":\"https:\\\/\\\/kasteeloostvalkenburg.com\\\/wp-content\\\/uploads\\\/2025\\\/04\\\/KasteelOost-logo-darkgray.png\",\"contentUrl\":\"https:\\\/\\\/kasteeloostvalkenburg.com\\\/wp-content\\\/uploads\\\/2025\\\/04\\\/KasteelOost-logo-darkgray.png\",\"width\":413,\"height\":318,\"caption\":\"Kasteel Oost\"},\"image\":{\"@id\":\"https:\\\/\\\/kasteeloostvalkenburg.com\\\/de\\\/#\\\/schema\\\/logo\\\/image\\\/\"},\"sameAs\":[\"https:\\\/\\\/www.facebook.com\\\/Kooningstheweddingpalace\",\"https:\\\/\\\/www.instagram.com\\\/kasteeloost\\\/\",\"https:\\\/\\\/www.tiktok.com\\\/@kooningstheweddingpalace\",\"https:\\\/\\\/nl.pinterest.com\\\/koonings\\\/\"]}]}<\/script>\n<!-- \/ Yoast SEO plugin. -->","yoast_head_json":{"title":"Ostern - Kasteel Oost","description":"Bei Mon R\u00eave ist Ostern ein Fest f\u00fcr die ganze Familie. Buchen Sie bald Ihren Platz und schaffen Sie gemeinsam sch\u00f6ne Erinnerungen!","robots":{"index":"index","follow":"follow","max-snippet":"max-snippet:-1","max-image-preview":"max-image-preview:large","max-video-preview":"max-video-preview:-1"},"canonical":"https:\/\/kasteeloostvalkenburg.com\/de\/tag-des-konigs\/","og_locale":"de_DE","og_type":"article","og_title":"Ostern - Kasteel Oost","og_description":"Bei Mon R\u00eave ist Ostern ein Fest f\u00fcr die ganze Familie. Buchen Sie bald Ihren Platz und schaffen Sie gemeinsam sch\u00f6ne Erinnerungen!","og_url":"https:\/\/kasteeloostvalkenburg.com\/de\/tag-des-konigs\/","og_site_name":"Kasteel Oost","article_publisher":"https:\/\/www.facebook.com\/Kooningstheweddingpalace","article_modified_time":"2026-04-07T11:49:23+00:00","twitter_card":"summary_large_image","schema":{"@context":"https:\/\/schema.org","@graph":[{"@type":"WebPage","@id":"https:\/\/kasteeloostvalkenburg.com\/de\/tag-des-konigs\/","url":"https:\/\/kasteeloostvalkenburg.com\/de\/tag-des-konigs\/","name":"Ostern - Kasteel Oost","isPartOf":{"@id":"https:\/\/kasteeloostvalkenburg.com\/de\/#website"},"datePublished":"2026-01-30T14:55:35+00:00","dateModified":"2026-04-07T11:49:23+00:00","description":"Bei Mon R\u00eave ist Ostern ein Fest f\u00fcr die ganze Familie. Buchen Sie bald Ihren Platz und schaffen Sie gemeinsam sch\u00f6ne Erinnerungen!","breadcrumb":{"@id":"https:\/\/kasteeloostvalkenburg.com\/de\/tag-des-konigs\/#breadcrumb"},"inLanguage":"de","potentialAction":[{"@type":"ReadAction","target":["https:\/\/kasteeloostvalkenburg.com\/de\/tag-des-konigs\/"]}]},{"@type":"BreadcrumbList","@id":"https:\/\/kasteeloostvalkenburg.com\/de\/tag-des-konigs\/#breadcrumb","itemListElement":[{"@type":"ListItem","position":1,"name":"Startseite","item":"https:\/\/kasteeloostvalkenburg.com\/de\/"},{"@type":"ListItem","position":2,"name":"Ostern"}]},{"@type":"WebSite","@id":"https:\/\/kasteeloostvalkenburg.com\/de\/#website","url":"https:\/\/kasteeloostvalkenburg.com\/de\/","name":"Kasteel Oost","description":"","publisher":{"@id":"https:\/\/kasteeloostvalkenburg.com\/de\/#organization"},"potentialAction":[{"@type":"SearchAction","target":{"@type":"EntryPoint","urlTemplate":"https:\/\/kasteeloostvalkenburg.com\/de\/?s={search_term_string}"},"query-input":{"@type":"PropertyValueSpecification","valueRequired":true,"valueName":"search_term_string"}}],"inLanguage":"de"},{"@type":"Organization","@id":"https:\/\/kasteeloostvalkenburg.com\/de\/#organization","name":"Kasteel Oost","url":"https:\/\/kasteeloostvalkenburg.com\/de\/","logo":{"@type":"ImageObject","inLanguage":"de","@id":"https:\/\/kasteeloostvalkenburg.com\/de\/#\/schema\/logo\/image\/","url":"https:\/\/kasteeloostvalkenburg.com\/wp-content\/uploads\/2025\/04\/KasteelOost-logo-darkgray.png","contentUrl":"https:\/\/kasteeloostvalkenburg.com\/wp-content\/uploads\/2025\/04\/KasteelOost-logo-darkgray.png","width":413,"height":318,"caption":"Kasteel Oost"},"image":{"@id":"https:\/\/kasteeloostvalkenburg.com\/de\/#\/schema\/logo\/image\/"},"sameAs":["https:\/\/www.facebook.com\/Kooningstheweddingpalace","https:\/\/www.instagram.com\/kasteeloost\/","https:\/\/www.tiktok.com\/@kooningstheweddingpalace","https:\/\/nl.pinterest.com\/koonings\/"]}]}},"_links":{"self":[{"href":"https:\/\/kasteeloostvalkenburg.com\/de\/wp-json\/wp\/v2\/pages\/6349","targetHints":{"allow":["GET"]}}],"collection":[{"href":"https:\/\/kasteeloostvalkenburg.com\/de\/wp-json\/wp\/v2\/pages"}],"about":[{"href":"https:\/\/kasteeloostvalkenburg.com\/de\/wp-json\/wp\/v2\/types\/page"}],"author":[{"embeddable":true,"href":"https:\/\/kasteeloostvalkenburg.com\/de\/wp-json\/wp\/v2\/users\/2"}],"replies":[{"embeddable":true,"href":"https:\/\/kasteeloostvalkenburg.com\/de\/wp-json\/wp\/v2\/comments?post=6349"}],"version-history":[{"count":15,"href":"https:\/\/kasteeloostvalkenburg.com\/de\/wp-json\/wp\/v2\/pages\/6349\/revisions"}],"predecessor-version":[{"id":6756,"href":"https:\/\/kasteeloostvalkenburg.com\/de\/wp-json\/wp\/v2\/pages\/6349\/revisions\/6756"}],"wp:attachment":[{"href":"https:\/\/kasteeloostvalkenburg.com\/de\/wp-json\/wp\/v2\/media?parent=6349"}],"curies":[{"name":"wp","href":"https:\/\/api.w.org\/{rel}","templated":true}]}}