{"id":4816,"date":"2025-10-29T13:44:12","date_gmt":"2025-10-29T13:44:12","guid":{"rendered":"https:\/\/kasteeloostvalkenburg.com\/weihnachten\/"},"modified":"2025-11-12T15:14:42","modified_gmt":"2025-11-12T15:14:42","slug":"weihnachten","status":"publish","type":"page","link":"https:\/\/kasteeloostvalkenburg.com\/de\/weihnachten\/","title":{"rendered":"Weihnachten"},"content":{"rendered":"\r\n    <section class=\"hero image-right\">\r\n        <div class=\"row d-flex align-items-center\">\r\n            <div class=\"col-12 col-lg-7\">\r\n                <div class=\"hero__intro\">\r\n                                            <div class=\"eye-block breadcrumbs-wrapper\">\r\n                            \r\n            <ul class=\"site-breadcrumbs\">\r\n                <li class=\"crumb\">\r\n                    <a class=\"disable-line\" href=\"https:\/\/kasteeloostvalkenburg.com\">\r\n                        <i class=\"fa-regular fa-home\"><\/i>\r\n                    <\/a>\r\n                <\/li>\r\n                                    <div class=\"divider\"><\/div>\r\n                    <li class=\"crumb first\">\r\n                        <a class=\"disable-line\" href=\"https:\/\/kasteeloostvalkenburg.com\/de\/weihnachten\/\">Weihnachten<\/a>\r\n                    <\/li>\r\n                                <\/ul>\r\n        \r\n                                        <\/div>\r\n                                        <p class=\"hero__intro-subtitle\"><\/p>\r\n                    <h1>Feiern Sie den Zauber von Weihnachten im Kasteel Oost<\/h1>\r\n                    <div class=\"hero__intro-content\">\r\n                        <p><p>Weihnachten ist eine Zeit der Verbundenheit, der W\u00e4rme und des Genusses. Und wo k\u00f6nnte man das besser erleben als an einem Ort, an dem Geschichte, Romantik und Gastfreundschaft zusammenkommen? In dieser Weihnachtszeit laden wir Sie ein, Weihnachten an einem der zauberhaftesten Orte in S\u00fcdlimburg zu feiern: <strong>Kasteel Oost in Valkenburg<\/strong>.  <\/p>\n<p>M\u00f6chten Sie wirklich dem Trubel entfliehen und in weihnachtliche W\u00e4rme und Eleganz eintauchen? Dann w\u00e4hlen Sie unser exklusives <strong>Weihnachtspaket<\/strong>: drei Tage und N\u00e4chte voller Ruhe, Geschmack und Erfahrung. <\/p>\n<\/p>\r\n\r\n                        \r\n                    <\/div>\r\n                <\/div>\r\n            <\/div>\r\n            <div class=\"col-12 col-lg-5\">\r\n                                    <div class=\"hero__image\">\r\n                        <img decoding=\"async\" src=\"https:\/\/kasteeloostvalkenburg.com\/wp-content\/uploads\/2025\/10\/DSC_6420-2-scaled.jpg\" alt=\"\">\r\n                    <\/div>\r\n                            <\/div>\r\n        <\/div>\r\n    <\/section>\r\n\r\n\r\n<div class=\"eye-block bsbutton text-start \" >\r\n            <a class=\"btn btn-primary\" onclick=\"_gstpln.openWidget();\">\r\n            Reservieren Sie jetzt Ihren Tisch        <\/a>\r\n    <\/div>\r\n\r\n<div class=\"eye-block empty-space empty-space--large pt-md-5 pb-md-5 pt-4 pb-4\" ><\/div>\n<h2 class=\"wp-block-heading has-text-align-center\">Entspannen Sie sich mit einem Weihnachtspaket<\/h2>\n\n<p class=\"has-text-align-center\">Dieses Weihnachten laden wir Sie ein, die Feiertage an einem Ort zu feiern, an dem die Zeit f\u00fcr einen Moment stillzustehen scheint. Ganz gleich, ob Sie einen stimmungsvollen Abend, eine kurze Winterpause oder einen Weihnachtsaufenthalt mit Vollverpflegung suchen, bei Kasteel Oost finden Sie das passende Angebot f\u00fcr Ihre Bed\u00fcrfnisse. <\/p>\n\r\n    <div class=\"eye-block contentblock fade-in-animation\">\r\n        <div class=\"contentblock__text-over-image-filled\">\r\n            <div class=\"contentblock__text-over-image-filled__content\">\r\n                                <h2>Weihnachtsmarkt Paket<\/h2>\r\n                <div class=\"contentblock__text-over-image-filled__content-text\">\r\n                    <ul id=\"kerstmarkt\">\n<li>1x \u00dcbernachtung<\/li>\n<li>1x Fr\u00fchst\u00fcck<\/li>\n<li>1x Abendessen<\/li>\n<li>Begr\u00fc\u00dfungsgetr\u00e4nk<\/li>\n<\/ul>\n<p data-start=\"211\" data-end=\"415\">Valkenburg ist die Weihnachtsstadt der Niederlande. Schlendern Sie durch beleuchtete H\u00f6hlen, riechen Sie den Duft von Gl\u00fchwein und lassen Sie sich von der weihnachtlichen Atmosph\u00e4re erw\u00e4rmen. <\/p>\n<p data-start=\"417\" data-end=\"656\">Erleben Sie seine Magie hautnah und kommen Sie nach Hause in die Ruhe von Kasteel Oost, wo ein Willkommensdrink, ein Abendessen und eine komfortable \u00dcbernachtung auf Sie warten.<\/p>\n<p>Das Weihnachtsmarkt-Paket kann vom 14. November bis zum 23. Dezember gebucht werden.<\/p>\n                <\/div>\r\n\r\n                                                            <a href=\"https:\/\/booking.roomraccoon.nl\/kasteel-oost\/nl\/\"                                class=\"btn btn-primary\">Reserveer jouw arrangement<\/a>\r\n                                    \r\n            <\/div>\r\n\r\n            <div class=\"contentblock__text-over-image-filled__image\">\r\n                <img decoding=\"async\" src=\"https:\/\/kasteeloostvalkenburg.com\/wp-content\/uploads\/2025\/09\/3X7A2233.jpg\" alt=\"\" data-speed=\".5\">\r\n            <\/div>\r\n        <\/div>\r\n    <\/div>\r\n\r\n\r\n<div class=\"eye-block empty-space empty-space--medium pt-md-4 pb-md-4 pt-3 pb-3\" ><\/div>\r\n    <div class=\"eye-block contentblock fade-in-animation\">\r\n        <div class=\"contentblock__colored-bg alt\">\r\n            <div class=\"row gx-6\">\r\n                <div class=\"col-12 col-lg-6\">\r\n                    <div class=\"contentblock__colored-bg__image alt\">\r\n                        <img decoding=\"async\" src=\"https:\/\/kasteeloostvalkenburg.com\/wp-content\/uploads\/2025\/10\/DSC_6381-scaled.jpg\" alt=\"\" data-speed=\".5\">\r\n                    <\/div>\r\n                <\/div>\r\n                <div class=\"col-12 col-lg-6\">\r\n                    <div class=\"contentblock__colored-bg__content-alt\">\r\n                        <div class=\"filled-block\">\r\n                                                        <h2>Weihnachts-Paket<\/h2>\r\n                        <\/div>\r\n                        <div class=\"contentblock__colored-bg__content-text\">\r\n                            <ul id=\"kerstarrangement\">\n<li>1x\/2x \u00dcbernachtung<\/li>\n<li>1x\/2x franz\u00f6sisches Fr\u00fchst\u00fcck<\/li>\n<li>1x\/2x 5-G\u00e4nge-Weihnachtsmen\u00fc<\/li>\n<li>Begr\u00fc\u00dfungsgetr\u00e4nk<\/li>\n<li>(Optional) Weihnachtsbrunch am ersten oder zweiten Weihnachtsfeiertag<\/li>\n<\/ul>\n<p>Erleben Sie die Weihnachtszeit in einer einzigartigen, warmen Atmosph\u00e4re. Mit diesem exklusiven Weihnachtspaket genie\u00dfen Sie zwischen dem 24. und 26. Dezember eine stilvolle \u00dcbernachtung in unserem Schloss, ein franz\u00f6sisches Fr\u00fchst\u00fcck und ein festliches 5-G\u00e4nge-Weihnachtsessen im Restaurant Mon R\u00eave. <\/p>\n<p>Sie m\u00f6chten Ihr Weihnachten komplett machen? Dann f\u00fcgen Sie einen Weihnachtsbrunch am ersten oder zweiten Weihnachtsfeiertag hinzu.  Wenn Sie sich f\u00fcr 2 N\u00e4chte entscheiden, ist der Weihnachtsbrunch am zweiten Weihnachtsfeiertag standardm\u00e4\u00dfig inbegriffen.<\/p>\n                        <\/div>\r\n\r\n                                                                                    <a href=\"https:\/\/booking.roomraccoon.nl\/kasteel-oost\/nl\/\"                                        class=\"btn btn-primary\">Reserveer jouw arrangement<\/a>\r\n                                                                        <\/div>\r\n                <\/div>\r\n            <\/div>\r\n        <\/div>\r\n    <\/div>\r\n\r\n    <div class=\"eye-block contentblock fade-in-animation\">\r\n        <div class=\"contentblock__text-over-image-filled\">\r\n            <div class=\"contentblock__text-over-image-filled__content\">\r\n                                <h2>Voller Weihnachtszauber<\/h2>\r\n                <div class=\"contentblock__text-over-image-filled__content-text\">\r\n                    <ul id=\"kerstmagie\">\n<li>3x \u00dcbernachtung<\/li>\n<li>3x Franz\u00f6sisches Fr\u00fchst\u00fcck<\/li>\n<li>2x Schloss Brunch<\/li>\n<li>2x 5-G\u00e4nge-Weihnachtsessen<\/li>\n<li>1x Flasche Prosecco auf dem Zimmer<\/li>\n<li>F\u00fchrung durch die Schlossg\u00e4rten am ersten Weihnachtstag<\/li>\n<\/ul>\n<p data-start=\"250\" data-end=\"462\">Drei Tage voller Weihnachtszauber mit Zeit f\u00fcreinander, geschmackvollen Momenten und winterlicher Ruhe. Mit dem Weihnachts-Komplettpaket von Kasteel Oost feiern Sie die Feiertage stilvoll, von der Ankunft bis zur Abreise. <\/p>\n<p data-start=\"464\" data-end=\"687\">Genie\u00dfen Sie drei \u00dcbernachtungen im Kasteel Oost, raffinierte Abendessen, Brunch und franz\u00f6sisches Fr\u00fchst\u00fcck.<\/p>\n                <\/div>\r\n\r\n                                                            <a href=\"https:\/\/booking.roomraccoon.nl\/kasteel-oost\/nl\/\"                                class=\"btn btn-primary\">Reserveer jouw arrangement<\/a>\r\n                                    \r\n            <\/div>\r\n\r\n            <div class=\"contentblock__text-over-image-filled__image\">\r\n                <img decoding=\"async\" src=\"https:\/\/kasteeloostvalkenburg.com\/wp-content\/uploads\/2025\/07\/AfterlightImage-18-scaled.jpg\" alt=\"\" data-speed=\".5\">\r\n            <\/div>\r\n        <\/div>\r\n    <\/div>\r\n\r\n\r\n<div class=\"eye-block empty-space empty-space--large pt-md-5 pb-md-5 pt-4 pb-4\" ><\/div>\r\n    <div class=\"eye-block contentblock fade-in-animation\">\r\n        <div class=\"contentblock__image-right__container\">\r\n            <div class=\"contentblock__image-right\">\r\n                <div class=\"row\">\r\n                    <div class=\"col-12 col-lg-7 p-lg-1 d-flex align-items-center\">\r\n                        <div class=\"contentblock__image-right__content\">\r\n                                                        <h2>Gemeinsam speisen<\/h2>\r\n                            <div class=\"contentblock__image-right__content-text\">\r\n                                <p>Auch ohne \u00dcbernachtung sind Sie am 25. oder 26. Dezember in unserem Restaurant <strong>Mon R\u00eave<\/strong> zu einem stimmungsvollen Weihnachtsessen willkommen.<\/p>\n<p>Der K\u00fcchenchef und sein Team servieren ein raffiniertes <strong>Weihnachtsmen\u00fc<\/strong>, das lokale Zutaten, klassische Aromen und kulinarische Kreativit\u00e4t miteinander verbindet. Jeder Gang ist eine Ode an Geschmack, Atmosph\u00e4re und die Kunst des Genie\u00dfens. <\/p>\n                            <\/div>\r\n\r\n                                                                                                <a                                            class=\"btn btn-primary\" onclick=\"_gstpln.openWidget();\">Reserveer jouw tafeltje<\/a>\r\n                                                            \r\n                        <\/div>\r\n                    <\/div>\r\n                    <div class=\"col-12 col-lg-5 p-lg-1\">\r\n                        <div class=\"contentblock__image-right__image\">\r\n                            <img decoding=\"async\" data-speed=\"1.5\" src=\"https:\/\/kasteeloostvalkenburg.com\/wp-content\/uploads\/2025\/03\/Fotos-Kasteel-Oost-7-scaled.jpg\" alt=\"\">\r\n                        <\/div>\r\n                    <\/div>\r\n                <\/div>\r\n            <\/div>\r\n        <\/div>\r\n    <\/div>\r\n\r\n\r\n<div class=\"eye-block empty-space empty-space--small pt-md-3 pb-md-3 pt-2 pb-2\" ><\/div>\r\n    <div class=\"eye-block contentblock fade-in-animation\">\r\n        <div class=\"contentblock__colored-bg alt\">\r\n            <div class=\"row gx-6\">\r\n                <div class=\"col-12 col-lg-6\">\r\n                    <div class=\"contentblock__colored-bg__image alt\">\r\n                        <img decoding=\"async\" src=\"https:\/\/kasteeloostvalkenburg.com\/wp-content\/uploads\/2025\/09\/3X7A2306.jpg\" alt=\"\" data-speed=\".5\">\r\n                    <\/div>\r\n                <\/div>\r\n                <div class=\"col-12 col-lg-6\">\r\n                    <div class=\"contentblock__colored-bg__content-alt\">\r\n                        <div class=\"filled-block\">\r\n                                                        <h2>Romantische Nacht im Hotel Kasteel Oost<\/h2>\r\n                        <\/div>\r\n                        <div class=\"contentblock__colored-bg__content-text\">\r\n                            <p>Weihnachten ist die perfekte Zeit, um dem Trubel zu entfliehen. Kombinieren Sie Ihr Abendessen mit einer <strong>\u00dcbernachtung im Hotel Kasteel Oost.<\/strong> Genie\u00dfen Sie luxuri\u00f6se Zimmer mit historischen Details, ein k\u00f6nigliches Fr\u00fchst\u00fcck und, wenn Sie m\u00f6chten, einen Spaziergang durch den Winterpark in der morgendlichen Ruhe. <\/p>\n                        <\/div>\r\n\r\n                                                                                    <a href=\"https:\/\/booking.roomraccoon.nl\/kasteel-oost\/nl\/\"                                        class=\"btn btn-primary\">Boek jouw overnachting<\/a>\r\n                                                                        <\/div>\r\n                <\/div>\r\n            <\/div>\r\n        <\/div>\r\n    <\/div>\r\n\r\n<div class=\"eye-block empty-space empty-space--small pt-md-3 pb-md-3 pt-2 pb-2\" ><\/div>\r\n    <div class=\"eye-block contentblock fade-in-animation\">\r\n        <div class=\"contentblock__image-right__container\">\r\n            <div class=\"contentblock__image-right\">\r\n                <div class=\"row\">\r\n                    <div class=\"col-12 col-lg-7 p-lg-1 d-flex align-items-center\">\r\n                        <div class=\"contentblock__image-right__content\">\r\n                                                        <h2>Mit der Aktion Token speichern<\/h2>\r\n                            <div class=\"contentblock__image-right__content-text\">\r\n                                <p>Speziell f\u00fcr die festlichen Monate f\u00fchren wir die <strong>Weihnachtsmarken-Aktion<\/strong> ein:<\/p>\n<p><strong>Und so funktioniert es:<\/strong><\/p>\n<ul>\n<li>F\u00fcr jede 10 \u20ac, die Sie im Restaurant Mon R\u00eave im November und Dezember 2025 ausgeben, erhalten Sie <strong>1 Weihnachtsgutschein<\/strong><\/li>\n<li>Sie k\u00f6nnen bis zu <strong>10 Jetons pro Besuch<\/strong> sparen<\/li>\n<li>Jede M\u00fcnze ist <strong>1 \u20ac<\/strong> wert und kann vom <strong>1. Januar bis 28. Februar 2026<\/strong> im Restaurant Mon R\u00eave abgegeben werden.<\/li>\n<\/ul>\n<p>Ob Sie zum Mittagessen, Abendessen oder nur auf eine Tasse Kaffee kommen &#8211; sparen Sie sich das Geld.<\/p>\n                            <\/div>\r\n\r\n                            \r\n                        <\/div>\r\n                    <\/div>\r\n                    <div class=\"col-12 col-lg-5 p-lg-1\">\r\n                        <div class=\"contentblock__image-right__image\">\r\n                            <img decoding=\"async\" data-speed=\"1.5\" src=\"https:\/\/kasteeloostvalkenburg.com\/wp-content\/uploads\/2025\/10\/3X7A9670.jpg\" alt=\"\">\r\n                        <\/div>\r\n                    <\/div>\r\n                <\/div>\r\n            <\/div>\r\n        <\/div>\r\n    <\/div>\r\n\r\n\r\n<div class=\"eye-block empty-space empty-space--small pt-md-3 pb-md-3 pt-2 pb-2\" ><\/div>\r\n    <div class=\"eye-block contentblock fade-in-animation\">\r\n        <div class=\"contentblock__colored-bg bg--lightbeige\">\r\n            <div class=\"row gx-6\">\r\n                <div class=\"col-12 col-lg-6\">\r\n                    <div class=\"contentblock__colored-bg__image\">\r\n                        <img decoding=\"async\" src=\"https:\/\/kasteeloostvalkenburg.com\/wp-content\/uploads\/2025\/09\/IMG_9216.jpg\" alt=\"\">\r\n                    <\/div>\r\n                <\/div>\r\n                <div class=\"col-12 col-lg-6 d-flex align-items-center\">\r\n                    <div class=\"contentblock__colored-bg__content\">\r\n                                                <h2>Die Weihnachtsstadt der Niederlande<\/h2>\r\n                        <div class=\"contentblock__colored-bg__content-text\">\r\n                            <p>Valkenburg ist bekannt als die Weihnachtsstadt der Niederlande mit stimmungsvollen Weihnachtsh\u00f6hlen, funkelnden Lichtern und dem ber\u00fchmtesten unterirdischen Weihnachtsmarkt Europas. Weniger als f\u00fcnf Minuten von diesem Winterwunderland entfernt finden Sie Kasteel Oost: ein Ort, an dem der Charme der Weihnacht lebendig wird. <\/p>\n                        <\/div>\r\n\r\n                        \r\n                    <\/div>\r\n                <\/div>\r\n            <\/div>\r\n        <\/div>\r\n    <\/div>\r\n\r\n\r\n<div class=\"eye-block empty-space empty-space--small pt-md-3 pb-md-3 pt-2 pb-2\" ><\/div>\n<h2 class=\"wp-block-heading has-text-align-center\">Warten Sie nicht zu lange<\/h2>\n\n<p class=\"has-text-align-center\">Ob Sie mit Ihrem Partner, mit Freunden, Familie oder Kollegen kommen. Auf Kasteel Oost erleben Sie Weihnachten in der ultimativen Atmosph\u00e4re. Weihnachten in Valkenburg ist sehr beliebt. M\u00f6chten Sie sich einen Platz an der Tafel oder ein Zimmer im Hotel sichern? Dann buchen Sie schnell Ihr Abendessen oder Paket.    <\/p>\n\n<p><\/p>\n","protected":false},"excerpt":{"rendered":"<p>Entspannen Sie sich mit einem Weihnachtspaket Dieses Weihnachten laden wir Sie ein, die Feiertage an einem Ort zu feiern, an dem die Zeit f\u00fcr einen Moment stillzustehen scheint. Ganz gleich, ob Sie einen stimmungsvollen Abend, eine kurze Winterpause oder einen Weihnachtsaufenthalt mit Vollverpflegung suchen, bei Kasteel Oost finden Sie das passende Angebot f\u00fcr Ihre Bed\u00fcrfnisse. [&hellip;]<\/p>\n","protected":false},"author":2,"featured_media":0,"parent":0,"menu_order":0,"comment_status":"closed","ping_status":"closed","template":"","meta":{"_acf_changed":false,"ghostkit_customizer_options":"","ghostkit_custom_css":"","ghostkit_custom_js_head":"","ghostkit_custom_js_foot":"","ghostkit_typography":"","footnotes":""},"class_list":["post-4816","page","type-page","status-publish","hentry"],"acf":[],"yoast_head":"<!-- This site is optimized with the Yoast SEO plugin v27.3 - https:\/\/yoast.com\/product\/yoast-seo-wordpress\/ -->\n<title>Weihnachten - Kasteel Oost<\/title>\n<meta name=\"description\" content=\"Erleben Sie Weihnachten mit Stil in Kasteel Oost in Valkenburg. Genie\u00dfen Sie ein kulinarisches Abendessen, eine romantische \u00dcbernachtung oder ein komplettes Weihnachtspaket in einem historischen Schloss.\" \/>\n<meta name=\"robots\" content=\"index, follow, max-snippet:-1, max-image-preview:large, max-video-preview:-1\" \/>\n<link rel=\"canonical\" href=\"https:\/\/kasteeloostvalkenburg.com\/de\/weihnachten\/\" \/>\n<meta property=\"og:locale\" content=\"de_DE\" \/>\n<meta property=\"og:type\" content=\"article\" \/>\n<meta property=\"og:title\" content=\"Weihnachten - Kasteel Oost\" \/>\n<meta property=\"og:description\" content=\"Erleben Sie Weihnachten mit Stil in Kasteel Oost in Valkenburg. Genie\u00dfen Sie ein kulinarisches Abendessen, eine romantische \u00dcbernachtung oder ein komplettes Weihnachtspaket in einem historischen Schloss.\" \/>\n<meta property=\"og:url\" content=\"https:\/\/kasteeloostvalkenburg.com\/de\/weihnachten\/\" \/>\n<meta property=\"og:site_name\" content=\"Kasteel Oost\" \/>\n<meta property=\"article:publisher\" content=\"https:\/\/www.facebook.com\/Kooningstheweddingpalace\" \/>\n<meta property=\"article:modified_time\" content=\"2025-11-12T15:14:42+00:00\" \/>\n<meta name=\"twitter:card\" content=\"summary_large_image\" \/>\n<meta name=\"twitter:label1\" content=\"Gesch\u00e4tzte Lesezeit\" \/>\n\t<meta name=\"twitter:data1\" content=\"1\u00a0Minute\" \/>\n<script type=\"application\/ld+json\" class=\"yoast-schema-graph\">{\"@context\":\"https:\\\/\\\/schema.org\",\"@graph\":[{\"@type\":\"WebPage\",\"@id\":\"https:\\\/\\\/kasteeloostvalkenburg.com\\\/de\\\/weihnachten\\\/\",\"url\":\"https:\\\/\\\/kasteeloostvalkenburg.com\\\/de\\\/weihnachten\\\/\",\"name\":\"Weihnachten - Kasteel Oost\",\"isPartOf\":{\"@id\":\"https:\\\/\\\/kasteeloostvalkenburg.com\\\/de\\\/#website\"},\"datePublished\":\"2025-10-29T13:44:12+00:00\",\"dateModified\":\"2025-11-12T15:14:42+00:00\",\"description\":\"Erleben Sie Weihnachten mit Stil in Kasteel Oost in Valkenburg. Genie\u00dfen Sie ein kulinarisches Abendessen, eine romantische \u00dcbernachtung oder ein komplettes Weihnachtspaket in einem historischen Schloss.\",\"breadcrumb\":{\"@id\":\"https:\\\/\\\/kasteeloostvalkenburg.com\\\/de\\\/weihnachten\\\/#breadcrumb\"},\"inLanguage\":\"de\",\"potentialAction\":[{\"@type\":\"ReadAction\",\"target\":[\"https:\\\/\\\/kasteeloostvalkenburg.com\\\/de\\\/weihnachten\\\/\"]}]},{\"@type\":\"BreadcrumbList\",\"@id\":\"https:\\\/\\\/kasteeloostvalkenburg.com\\\/de\\\/weihnachten\\\/#breadcrumb\",\"itemListElement\":[{\"@type\":\"ListItem\",\"position\":1,\"name\":\"Startseite\",\"item\":\"https:\\\/\\\/kasteeloostvalkenburg.com\\\/de\\\/\"},{\"@type\":\"ListItem\",\"position\":2,\"name\":\"Weihnachten\"}]},{\"@type\":\"WebSite\",\"@id\":\"https:\\\/\\\/kasteeloostvalkenburg.com\\\/de\\\/#website\",\"url\":\"https:\\\/\\\/kasteeloostvalkenburg.com\\\/de\\\/\",\"name\":\"Kasteel Oost\",\"description\":\"\",\"publisher\":{\"@id\":\"https:\\\/\\\/kasteeloostvalkenburg.com\\\/de\\\/#organization\"},\"potentialAction\":[{\"@type\":\"SearchAction\",\"target\":{\"@type\":\"EntryPoint\",\"urlTemplate\":\"https:\\\/\\\/kasteeloostvalkenburg.com\\\/de\\\/?s={search_term_string}\"},\"query-input\":{\"@type\":\"PropertyValueSpecification\",\"valueRequired\":true,\"valueName\":\"search_term_string\"}}],\"inLanguage\":\"de\"},{\"@type\":\"Organization\",\"@id\":\"https:\\\/\\\/kasteeloostvalkenburg.com\\\/de\\\/#organization\",\"name\":\"Kasteel Oost\",\"url\":\"https:\\\/\\\/kasteeloostvalkenburg.com\\\/de\\\/\",\"logo\":{\"@type\":\"ImageObject\",\"inLanguage\":\"de\",\"@id\":\"https:\\\/\\\/kasteeloostvalkenburg.com\\\/de\\\/#\\\/schema\\\/logo\\\/image\\\/\",\"url\":\"https:\\\/\\\/kasteeloostvalkenburg.com\\\/wp-content\\\/uploads\\\/2025\\\/04\\\/KasteelOost-logo-darkgray.png\",\"contentUrl\":\"https:\\\/\\\/kasteeloostvalkenburg.com\\\/wp-content\\\/uploads\\\/2025\\\/04\\\/KasteelOost-logo-darkgray.png\",\"width\":413,\"height\":318,\"caption\":\"Kasteel Oost\"},\"image\":{\"@id\":\"https:\\\/\\\/kasteeloostvalkenburg.com\\\/de\\\/#\\\/schema\\\/logo\\\/image\\\/\"},\"sameAs\":[\"https:\\\/\\\/www.facebook.com\\\/Kooningstheweddingpalace\",\"https:\\\/\\\/www.instagram.com\\\/kasteeloost\\\/\",\"https:\\\/\\\/www.tiktok.com\\\/@kooningstheweddingpalace\",\"https:\\\/\\\/nl.pinterest.com\\\/koonings\\\/\"]}]}<\/script>\n<!-- \/ Yoast SEO plugin. -->","yoast_head_json":{"title":"Weihnachten - Kasteel Oost","description":"Erleben Sie Weihnachten mit Stil in Kasteel Oost in Valkenburg. Genie\u00dfen Sie ein kulinarisches Abendessen, eine romantische \u00dcbernachtung oder ein komplettes Weihnachtspaket in einem historischen Schloss.","robots":{"index":"index","follow":"follow","max-snippet":"max-snippet:-1","max-image-preview":"max-image-preview:large","max-video-preview":"max-video-preview:-1"},"canonical":"https:\/\/kasteeloostvalkenburg.com\/de\/weihnachten\/","og_locale":"de_DE","og_type":"article","og_title":"Weihnachten - Kasteel Oost","og_description":"Erleben Sie Weihnachten mit Stil in Kasteel Oost in Valkenburg. Genie\u00dfen Sie ein kulinarisches Abendessen, eine romantische \u00dcbernachtung oder ein komplettes Weihnachtspaket in einem historischen Schloss.","og_url":"https:\/\/kasteeloostvalkenburg.com\/de\/weihnachten\/","og_site_name":"Kasteel Oost","article_publisher":"https:\/\/www.facebook.com\/Kooningstheweddingpalace","article_modified_time":"2025-11-12T15:14:42+00:00","twitter_card":"summary_large_image","twitter_misc":{"Gesch\u00e4tzte Lesezeit":"1\u00a0Minute"},"schema":{"@context":"https:\/\/schema.org","@graph":[{"@type":"WebPage","@id":"https:\/\/kasteeloostvalkenburg.com\/de\/weihnachten\/","url":"https:\/\/kasteeloostvalkenburg.com\/de\/weihnachten\/","name":"Weihnachten - Kasteel Oost","isPartOf":{"@id":"https:\/\/kasteeloostvalkenburg.com\/de\/#website"},"datePublished":"2025-10-29T13:44:12+00:00","dateModified":"2025-11-12T15:14:42+00:00","description":"Erleben Sie Weihnachten mit Stil in Kasteel Oost in Valkenburg. Genie\u00dfen Sie ein kulinarisches Abendessen, eine romantische \u00dcbernachtung oder ein komplettes Weihnachtspaket in einem historischen Schloss.","breadcrumb":{"@id":"https:\/\/kasteeloostvalkenburg.com\/de\/weihnachten\/#breadcrumb"},"inLanguage":"de","potentialAction":[{"@type":"ReadAction","target":["https:\/\/kasteeloostvalkenburg.com\/de\/weihnachten\/"]}]},{"@type":"BreadcrumbList","@id":"https:\/\/kasteeloostvalkenburg.com\/de\/weihnachten\/#breadcrumb","itemListElement":[{"@type":"ListItem","position":1,"name":"Startseite","item":"https:\/\/kasteeloostvalkenburg.com\/de\/"},{"@type":"ListItem","position":2,"name":"Weihnachten"}]},{"@type":"WebSite","@id":"https:\/\/kasteeloostvalkenburg.com\/de\/#website","url":"https:\/\/kasteeloostvalkenburg.com\/de\/","name":"Kasteel Oost","description":"","publisher":{"@id":"https:\/\/kasteeloostvalkenburg.com\/de\/#organization"},"potentialAction":[{"@type":"SearchAction","target":{"@type":"EntryPoint","urlTemplate":"https:\/\/kasteeloostvalkenburg.com\/de\/?s={search_term_string}"},"query-input":{"@type":"PropertyValueSpecification","valueRequired":true,"valueName":"search_term_string"}}],"inLanguage":"de"},{"@type":"Organization","@id":"https:\/\/kasteeloostvalkenburg.com\/de\/#organization","name":"Kasteel Oost","url":"https:\/\/kasteeloostvalkenburg.com\/de\/","logo":{"@type":"ImageObject","inLanguage":"de","@id":"https:\/\/kasteeloostvalkenburg.com\/de\/#\/schema\/logo\/image\/","url":"https:\/\/kasteeloostvalkenburg.com\/wp-content\/uploads\/2025\/04\/KasteelOost-logo-darkgray.png","contentUrl":"https:\/\/kasteeloostvalkenburg.com\/wp-content\/uploads\/2025\/04\/KasteelOost-logo-darkgray.png","width":413,"height":318,"caption":"Kasteel Oost"},"image":{"@id":"https:\/\/kasteeloostvalkenburg.com\/de\/#\/schema\/logo\/image\/"},"sameAs":["https:\/\/www.facebook.com\/Kooningstheweddingpalace","https:\/\/www.instagram.com\/kasteeloost\/","https:\/\/www.tiktok.com\/@kooningstheweddingpalace","https:\/\/nl.pinterest.com\/koonings\/"]}]}},"_links":{"self":[{"href":"https:\/\/kasteeloostvalkenburg.com\/de\/wp-json\/wp\/v2\/pages\/4816","targetHints":{"allow":["GET"]}}],"collection":[{"href":"https:\/\/kasteeloostvalkenburg.com\/de\/wp-json\/wp\/v2\/pages"}],"about":[{"href":"https:\/\/kasteeloostvalkenburg.com\/de\/wp-json\/wp\/v2\/types\/page"}],"author":[{"embeddable":true,"href":"https:\/\/kasteeloostvalkenburg.com\/de\/wp-json\/wp\/v2\/users\/2"}],"replies":[{"embeddable":true,"href":"https:\/\/kasteeloostvalkenburg.com\/de\/wp-json\/wp\/v2\/comments?post=4816"}],"version-history":[{"count":22,"href":"https:\/\/kasteeloostvalkenburg.com\/de\/wp-json\/wp\/v2\/pages\/4816\/revisions"}],"predecessor-version":[{"id":5624,"href":"https:\/\/kasteeloostvalkenburg.com\/de\/wp-json\/wp\/v2\/pages\/4816\/revisions\/5624"}],"wp:attachment":[{"href":"https:\/\/kasteeloostvalkenburg.com\/de\/wp-json\/wp\/v2\/media?parent=4816"}],"curies":[{"name":"wp","href":"https:\/\/api.w.org\/{rel}","templated":true}]}}