{"id":4481,"date":"2025-09-30T11:45:59","date_gmt":"2025-09-30T11:45:59","guid":{"rendered":"https:\/\/kasteeloostvalkenburg.com\/haustier-politik\/"},"modified":"2025-09-30T11:48:19","modified_gmt":"2025-09-30T11:48:19","slug":"haustier-politik","status":"publish","type":"page","link":"https:\/\/kasteeloostvalkenburg.com\/de\/haustier-politik\/","title":{"rendered":"Haustier-Politik"},"content":{"rendered":"\n<h1 class=\"wp-block-heading has-text-align-center\">Haustier-Politik  <\/h1>\n\n<p class=\"has-text-align-center\">Im Kasteel Oost hei\u00dfen wir nicht nur unsere G\u00e4ste, sondern auch ihre treuen vierbeinigen Freunde herzlich willkommen. Ihr Hund ist f\u00fcr uns ein <strong>w\u00fcrdiger Hotelgast<\/strong>, der mit Sorgfalt und Aufmerksamkeit begr\u00fc\u00dft wird. <\/p>\n\r\n    <div class=\"eye-block contentblock fade-in-animation\">\r\n        <div class=\"contentblock__image-right__container\">\r\n            <div class=\"contentblock__image-right\">\r\n                <div class=\"row\">\r\n                    <div class=\"col-12 col-lg-7 p-lg-1 d-flex align-items-center\">\r\n                        <div class=\"contentblock__image-right__content\">\r\n                                                        <h2>Aufenthalt &amp; Tarif<\/h2>\r\n                            <div class=\"contentblock__image-right__content-text\">\r\n                                <p><!-- wp:list --><\/p>\n<ul class=\"wp-block-list\"><!-- wp:list-item --><\/p>\n<li>F\u00fcr unsere G\u00e4ste mit Hund berechnen wir einen Aufpreis von <strong>25 \u20ac pro Nacht<\/strong>.<\/li>\n<p><!-- \/wp:list-item --> <!-- wp:list-item --><\/p>\n<li>Hunde bis zu einem Gewicht <strong>von 15 kg<\/strong> sind willkommen.<\/li>\n<p><!-- \/wp:list-item --> <!-- wp:list-item --><\/p>\n<li>Wir begr\u00fc\u00dfen <strong>maximal zwei Hunde<\/strong> pro Zimmer.<\/li>\n<p><!-- \/wp:list-item --><\/ul>\n<p><!-- \/wp:list --><\/p>\n                            <\/div>\r\n\r\n                            \r\n                        <\/div>\r\n                    <\/div>\r\n                    <div class=\"col-12 col-lg-5 p-lg-1\">\r\n                        <div class=\"contentblock__image-right__image\">\r\n                            <img decoding=\"async\" data-speed=\"1.5\" src=\"https:\/\/kasteeloostvalkenburg.com\/wp-content\/uploads\/2025\/09\/pexels-nicolecedik-10467645-scaled.jpg\" alt=\"\">\r\n                        <\/div>\r\n                    <\/div>\r\n                <\/div>\r\n            <\/div>\r\n        <\/div>\r\n    <\/div>\r\n\r\n\r\n<div class=\"eye-block empty-space empty-space--klein \" ><\/div>\r\n    <div class=\"eye-block contentblock fade-in-animation\">\r\n        <div class=\"contentblock__colored-bg alt\">\r\n            <div class=\"row gx-6\">\r\n                <div class=\"col-12 col-lg-6\">\r\n                    <div class=\"contentblock__colored-bg__image alt\">\r\n                        <img decoding=\"async\" src=\"https:\/\/kasteeloostvalkenburg.com\/wp-content\/uploads\/2025\/07\/AfterlightImage-15-scaled.jpg\" alt=\"\" data-speed=\".5\">\r\n                    <\/div>\r\n                <\/div>\r\n                <div class=\"col-12 col-lg-6\">\r\n                    <div class=\"contentblock__colored-bg__content-alt\">\r\n                        <div class=\"filled-block\">\r\n                                                        <h2>Zimmer &amp; Suiten<\/h2>\r\n                        <\/div>\r\n                        <div class=\"contentblock__colored-bg__content-text\">\r\n                            <p><!-- wp:list --><\/p>\n<ul class=\"wp-block-list\"><!-- wp:list-item --><\/p>\n<li>Ihr Hund bleibt mit Ihnen im Zimmer, wo wir eine <strong>bequeme Hundematte<\/strong>, einen <strong>Trink- und Fressnapf<\/strong> und ein <strong>kleines Willkommensgeschenk<\/strong> in Form von leckeren Hundeleckerlis bereitstellen.<\/li>\n<p><!-- \/wp:list-item --> <!-- wp:list-item --><\/p>\n<li>In unserer <strong>Hochzeitssuite<\/strong> sind Hunde leider nicht erlaubt, um die Exklusivit\u00e4t und das feine Dekor dieser Suite zu bewahren.<\/li>\n<p><!-- \/wp:list-item --><\/ul>\n<p><!-- \/wp:list --><\/p>\n                        <\/div>\r\n\r\n                                            <\/div>\r\n                <\/div>\r\n            <\/div>\r\n        <\/div>\r\n    <\/div>\r\n\r\n<div class=\"eye-block empty-space empty-space--klein \" ><\/div>\r\n    <div class=\"eye-block contentblock fade-in-animation\">\r\n        <div class=\"contentblock__image-right__container\">\r\n            <div class=\"contentblock__image-right\">\r\n                <div class=\"row\">\r\n                    <div class=\"col-12 col-lg-7 p-lg-1 d-flex align-items-center\">\r\n                        <div class=\"contentblock__image-right__content\">\r\n                                                        <h2>Fr\u00fchst\u00fcck &amp; Abendessen<\/h2>\r\n                            <div class=\"contentblock__image-right__content-text\">\r\n                                <p><!-- wp:list --><\/p>\n<ul class=\"wp-block-list\"><!-- wp:list-item --><\/p>\n<li>Um ein entspanntes Erlebnis f\u00fcr alle unsere G\u00e4ste in den Restaurants und Lounges zu gew\u00e4hrleisten, sind Hunde dort nicht erlaubt.<\/li>\n<p><!-- \/wp:list-item --> <!-- wp:list-item --><\/p>\n<li>Wir bieten Ihnen jedoch gerne eine geeignete Alternative an:<!-- wp:list -->\n<ul class=\"wp-block-list\"><!-- wp:list-item --><\/p>\n<li>Sie k\u00f6nnen <strong>in aller Ruhe in Ihrem Zimmer fr\u00fchst\u00fccken oder zu Abend essen<\/strong>, wo wir Ihnen gerne die Gerichte servieren.<\/li>\n<p><!-- \/wp:list-item --> <!-- wp:list-item --><\/p>\n<li>So kann Ihr Hund gem\u00fctlich bei Ihnen bleiben, oder, wenn Sie m\u00f6chten, sich im Zimmer entspannen, w\u00e4hrend Sie unser Restaurant genie\u00dfen.<\/li>\n<p><!-- \/wp:list-item --><\/ul>\n<p><!-- \/wp:list --><\/li>\n<p><!-- \/wp:list-item --><\/ul>\n<p><!-- \/wp:list --><\/p>\n                            <\/div>\r\n\r\n                            \r\n                        <\/div>\r\n                    <\/div>\r\n                    <div class=\"col-12 col-lg-5 p-lg-1\">\r\n                        <div class=\"contentblock__image-right__image\">\r\n                            <img decoding=\"async\" data-speed=\"1.5\" src=\"https:\/\/kasteeloostvalkenburg.com\/wp-content\/uploads\/2025\/09\/3X7A2238.jpg\" alt=\"\">\r\n                        <\/div>\r\n                    <\/div>\r\n                <\/div>\r\n            <\/div>\r\n        <\/div>\r\n    <\/div>\r\n\r\n\n<p class=\"has-text-align-center\">Bei Kasteel Oost glauben wir, dass Gastfreundschaft keine Grenzen kennt. Deshalb tun wir alles daf\u00fcr, dass auch Ihr Hund einen <strong>warmen, stilvollen und angenehmen Aufenthalt<\/strong> in unserem Haus hat. <\/p>\n","protected":false},"excerpt":{"rendered":"<p>Haustier-Politik Im Kasteel Oost hei\u00dfen wir nicht nur unsere G\u00e4ste, sondern auch ihre treuen vierbeinigen Freunde herzlich willkommen. Ihr Hund ist f\u00fcr uns ein w\u00fcrdiger Hotelgast, der mit Sorgfalt und Aufmerksamkeit begr\u00fc\u00dft wird. Bei Kasteel Oost glauben wir, dass Gastfreundschaft keine Grenzen kennt. Deshalb tun wir alles daf\u00fcr, dass auch Ihr Hund einen warmen, stilvollen [&hellip;]<\/p>\n","protected":false},"author":2,"featured_media":0,"parent":0,"menu_order":0,"comment_status":"closed","ping_status":"closed","template":"","meta":{"_acf_changed":false,"ghostkit_customizer_options":"","ghostkit_custom_css":"","ghostkit_custom_js_head":"","ghostkit_custom_js_foot":"","ghostkit_typography":"","footnotes":""},"class_list":["post-4481","page","type-page","status-publish","hentry"],"acf":[],"yoast_head":"<!-- This site is optimized with the Yoast SEO plugin v27.3 - https:\/\/yoast.com\/product\/yoast-seo-wordpress\/ -->\n<title>Haustier-Politik - Kasteel Oost<\/title>\n<meta name=\"description\" content=\"Auf Kasteel Oost hei\u00dfen wir nicht nur unsere G\u00e4ste willkommen, sondern auch ihre treuen vierbeinigen Freunde. Lesen Sie hier alles \u00fcber Hunde auf Kasteel Oost.\" \/>\n<meta name=\"robots\" content=\"index, follow, max-snippet:-1, max-image-preview:large, max-video-preview:-1\" \/>\n<link rel=\"canonical\" href=\"https:\/\/kasteeloostvalkenburg.com\/de\/haustier-politik\/\" \/>\n<meta property=\"og:locale\" content=\"de_DE\" \/>\n<meta property=\"og:type\" content=\"article\" \/>\n<meta property=\"og:title\" content=\"Haustier-Politik - Kasteel Oost\" \/>\n<meta property=\"og:description\" content=\"Auf Kasteel Oost hei\u00dfen wir nicht nur unsere G\u00e4ste willkommen, sondern auch ihre treuen vierbeinigen Freunde. Lesen Sie hier alles \u00fcber Hunde auf Kasteel Oost.\" \/>\n<meta property=\"og:url\" content=\"https:\/\/kasteeloostvalkenburg.com\/de\/haustier-politik\/\" \/>\n<meta property=\"og:site_name\" content=\"Kasteel Oost\" \/>\n<meta property=\"article:publisher\" content=\"https:\/\/www.facebook.com\/Kooningstheweddingpalace\" \/>\n<meta property=\"article:modified_time\" content=\"2025-09-30T11:48:19+00:00\" \/>\n<meta name=\"twitter:card\" content=\"summary_large_image\" \/>\n<script type=\"application\/ld+json\" class=\"yoast-schema-graph\">{\"@context\":\"https:\\\/\\\/schema.org\",\"@graph\":[{\"@type\":\"WebPage\",\"@id\":\"https:\\\/\\\/kasteeloostvalkenburg.com\\\/de\\\/haustier-politik\\\/\",\"url\":\"https:\\\/\\\/kasteeloostvalkenburg.com\\\/de\\\/haustier-politik\\\/\",\"name\":\"Haustier-Politik - Kasteel Oost\",\"isPartOf\":{\"@id\":\"https:\\\/\\\/kasteeloostvalkenburg.com\\\/de\\\/#website\"},\"datePublished\":\"2025-09-30T11:45:59+00:00\",\"dateModified\":\"2025-09-30T11:48:19+00:00\",\"description\":\"Auf Kasteel Oost hei\u00dfen wir nicht nur unsere G\u00e4ste willkommen, sondern auch ihre treuen vierbeinigen Freunde. Lesen Sie hier alles \u00fcber Hunde auf Kasteel Oost.\",\"breadcrumb\":{\"@id\":\"https:\\\/\\\/kasteeloostvalkenburg.com\\\/de\\\/haustier-politik\\\/#breadcrumb\"},\"inLanguage\":\"de\",\"potentialAction\":[{\"@type\":\"ReadAction\",\"target\":[\"https:\\\/\\\/kasteeloostvalkenburg.com\\\/de\\\/haustier-politik\\\/\"]}]},{\"@type\":\"BreadcrumbList\",\"@id\":\"https:\\\/\\\/kasteeloostvalkenburg.com\\\/de\\\/haustier-politik\\\/#breadcrumb\",\"itemListElement\":[{\"@type\":\"ListItem\",\"position\":1,\"name\":\"Startseite\",\"item\":\"https:\\\/\\\/kasteeloostvalkenburg.com\\\/de\\\/\"},{\"@type\":\"ListItem\",\"position\":2,\"name\":\"Haustier-Politik\"}]},{\"@type\":\"WebSite\",\"@id\":\"https:\\\/\\\/kasteeloostvalkenburg.com\\\/de\\\/#website\",\"url\":\"https:\\\/\\\/kasteeloostvalkenburg.com\\\/de\\\/\",\"name\":\"Kasteel Oost\",\"description\":\"\",\"publisher\":{\"@id\":\"https:\\\/\\\/kasteeloostvalkenburg.com\\\/de\\\/#organization\"},\"potentialAction\":[{\"@type\":\"SearchAction\",\"target\":{\"@type\":\"EntryPoint\",\"urlTemplate\":\"https:\\\/\\\/kasteeloostvalkenburg.com\\\/de\\\/?s={search_term_string}\"},\"query-input\":{\"@type\":\"PropertyValueSpecification\",\"valueRequired\":true,\"valueName\":\"search_term_string\"}}],\"inLanguage\":\"de\"},{\"@type\":\"Organization\",\"@id\":\"https:\\\/\\\/kasteeloostvalkenburg.com\\\/de\\\/#organization\",\"name\":\"Kasteel Oost\",\"url\":\"https:\\\/\\\/kasteeloostvalkenburg.com\\\/de\\\/\",\"logo\":{\"@type\":\"ImageObject\",\"inLanguage\":\"de\",\"@id\":\"https:\\\/\\\/kasteeloostvalkenburg.com\\\/de\\\/#\\\/schema\\\/logo\\\/image\\\/\",\"url\":\"https:\\\/\\\/kasteeloostvalkenburg.com\\\/wp-content\\\/uploads\\\/2025\\\/04\\\/KasteelOost-logo-darkgray.png\",\"contentUrl\":\"https:\\\/\\\/kasteeloostvalkenburg.com\\\/wp-content\\\/uploads\\\/2025\\\/04\\\/KasteelOost-logo-darkgray.png\",\"width\":413,\"height\":318,\"caption\":\"Kasteel Oost\"},\"image\":{\"@id\":\"https:\\\/\\\/kasteeloostvalkenburg.com\\\/de\\\/#\\\/schema\\\/logo\\\/image\\\/\"},\"sameAs\":[\"https:\\\/\\\/www.facebook.com\\\/Kooningstheweddingpalace\",\"https:\\\/\\\/www.instagram.com\\\/kasteeloost\\\/\",\"https:\\\/\\\/www.tiktok.com\\\/@kooningstheweddingpalace\",\"https:\\\/\\\/nl.pinterest.com\\\/koonings\\\/\"]}]}<\/script>\n<!-- \/ Yoast SEO plugin. -->","yoast_head_json":{"title":"Haustier-Politik - Kasteel Oost","description":"Auf Kasteel Oost hei\u00dfen wir nicht nur unsere G\u00e4ste willkommen, sondern auch ihre treuen vierbeinigen Freunde. Lesen Sie hier alles \u00fcber Hunde auf Kasteel Oost.","robots":{"index":"index","follow":"follow","max-snippet":"max-snippet:-1","max-image-preview":"max-image-preview:large","max-video-preview":"max-video-preview:-1"},"canonical":"https:\/\/kasteeloostvalkenburg.com\/de\/haustier-politik\/","og_locale":"de_DE","og_type":"article","og_title":"Haustier-Politik - Kasteel Oost","og_description":"Auf Kasteel Oost hei\u00dfen wir nicht nur unsere G\u00e4ste willkommen, sondern auch ihre treuen vierbeinigen Freunde. Lesen Sie hier alles \u00fcber Hunde auf Kasteel Oost.","og_url":"https:\/\/kasteeloostvalkenburg.com\/de\/haustier-politik\/","og_site_name":"Kasteel Oost","article_publisher":"https:\/\/www.facebook.com\/Kooningstheweddingpalace","article_modified_time":"2025-09-30T11:48:19+00:00","twitter_card":"summary_large_image","schema":{"@context":"https:\/\/schema.org","@graph":[{"@type":"WebPage","@id":"https:\/\/kasteeloostvalkenburg.com\/de\/haustier-politik\/","url":"https:\/\/kasteeloostvalkenburg.com\/de\/haustier-politik\/","name":"Haustier-Politik - Kasteel Oost","isPartOf":{"@id":"https:\/\/kasteeloostvalkenburg.com\/de\/#website"},"datePublished":"2025-09-30T11:45:59+00:00","dateModified":"2025-09-30T11:48:19+00:00","description":"Auf Kasteel Oost hei\u00dfen wir nicht nur unsere G\u00e4ste willkommen, sondern auch ihre treuen vierbeinigen Freunde. Lesen Sie hier alles \u00fcber Hunde auf Kasteel Oost.","breadcrumb":{"@id":"https:\/\/kasteeloostvalkenburg.com\/de\/haustier-politik\/#breadcrumb"},"inLanguage":"de","potentialAction":[{"@type":"ReadAction","target":["https:\/\/kasteeloostvalkenburg.com\/de\/haustier-politik\/"]}]},{"@type":"BreadcrumbList","@id":"https:\/\/kasteeloostvalkenburg.com\/de\/haustier-politik\/#breadcrumb","itemListElement":[{"@type":"ListItem","position":1,"name":"Startseite","item":"https:\/\/kasteeloostvalkenburg.com\/de\/"},{"@type":"ListItem","position":2,"name":"Haustier-Politik"}]},{"@type":"WebSite","@id":"https:\/\/kasteeloostvalkenburg.com\/de\/#website","url":"https:\/\/kasteeloostvalkenburg.com\/de\/","name":"Kasteel Oost","description":"","publisher":{"@id":"https:\/\/kasteeloostvalkenburg.com\/de\/#organization"},"potentialAction":[{"@type":"SearchAction","target":{"@type":"EntryPoint","urlTemplate":"https:\/\/kasteeloostvalkenburg.com\/de\/?s={search_term_string}"},"query-input":{"@type":"PropertyValueSpecification","valueRequired":true,"valueName":"search_term_string"}}],"inLanguage":"de"},{"@type":"Organization","@id":"https:\/\/kasteeloostvalkenburg.com\/de\/#organization","name":"Kasteel Oost","url":"https:\/\/kasteeloostvalkenburg.com\/de\/","logo":{"@type":"ImageObject","inLanguage":"de","@id":"https:\/\/kasteeloostvalkenburg.com\/de\/#\/schema\/logo\/image\/","url":"https:\/\/kasteeloostvalkenburg.com\/wp-content\/uploads\/2025\/04\/KasteelOost-logo-darkgray.png","contentUrl":"https:\/\/kasteeloostvalkenburg.com\/wp-content\/uploads\/2025\/04\/KasteelOost-logo-darkgray.png","width":413,"height":318,"caption":"Kasteel Oost"},"image":{"@id":"https:\/\/kasteeloostvalkenburg.com\/de\/#\/schema\/logo\/image\/"},"sameAs":["https:\/\/www.facebook.com\/Kooningstheweddingpalace","https:\/\/www.instagram.com\/kasteeloost\/","https:\/\/www.tiktok.com\/@kooningstheweddingpalace","https:\/\/nl.pinterest.com\/koonings\/"]}]}},"_links":{"self":[{"href":"https:\/\/kasteeloostvalkenburg.com\/de\/wp-json\/wp\/v2\/pages\/4481","targetHints":{"allow":["GET"]}}],"collection":[{"href":"https:\/\/kasteeloostvalkenburg.com\/de\/wp-json\/wp\/v2\/pages"}],"about":[{"href":"https:\/\/kasteeloostvalkenburg.com\/de\/wp-json\/wp\/v2\/types\/page"}],"author":[{"embeddable":true,"href":"https:\/\/kasteeloostvalkenburg.com\/de\/wp-json\/wp\/v2\/users\/2"}],"replies":[{"embeddable":true,"href":"https:\/\/kasteeloostvalkenburg.com\/de\/wp-json\/wp\/v2\/comments?post=4481"}],"version-history":[{"count":1,"href":"https:\/\/kasteeloostvalkenburg.com\/de\/wp-json\/wp\/v2\/pages\/4481\/revisions"}],"predecessor-version":[{"id":4482,"href":"https:\/\/kasteeloostvalkenburg.com\/de\/wp-json\/wp\/v2\/pages\/4481\/revisions\/4482"}],"wp:attachment":[{"href":"https:\/\/kasteeloostvalkenburg.com\/de\/wp-json\/wp\/v2\/media?parent=4481"}],"curies":[{"name":"wp","href":"https:\/\/api.w.org\/{rel}","templated":true}]}}