{"id":4068,"date":"2025-09-12T09:36:32","date_gmt":"2025-09-12T09:36:32","guid":{"rendered":"https:\/\/kasteeloostvalkenburg.com\/hochzeitsbroschuere-anfordern\/"},"modified":"2025-11-05T10:35:59","modified_gmt":"2025-11-05T10:35:59","slug":"hochzeitsbroschuere-anfordern","status":"publish","type":"page","link":"https:\/\/kasteeloostvalkenburg.com\/de\/hochzeitsbroschuere-anfordern\/","title":{"rendered":"Hochzeitsbrosch\u00fcre anfordern"},"content":{"rendered":"\n<h1 class=\"wp-block-heading has-text-align-center\">Kostenlose Hochzeitsbrosch\u00fcre<br\/>Ihre m\u00e4rchenhafte Hochzeit beginnt hier<\/h1>\n\n<p class=\"has-text-align-center\">Tr\u00e4umen Sie von einer romantischen Hochzeit an einem Ort, an dem Geschichte und Eleganz zusammenkommen? Bei Kasteel Oost kreieren wir nicht nur Hochzeiten, sondern Erlebnisse, die Ihnen f\u00fcr immer in Erinnerung bleiben werden. Von einer intimen Zeremonie im Schlossgarten bis hin zu einem festlichen Abend im Ballsaal: jedes Detail ist auf Ihre Geschichte zugeschnitten.  <\/p>\n\r\n    <div class=\"eye-block contentblock fade-in-animation\">\r\n        <div class=\"contentblock__colored-bg alt\">\r\n            <div class=\"row gx-6\">\r\n                <div class=\"col-12 col-lg-6\">\r\n                    <div class=\"contentblock__colored-bg__image alt\">\r\n                        <img decoding=\"async\" src=\"https:\/\/kasteeloostvalkenburg.com\/wp-content\/uploads\/2025\/09\/Coen-Nikki-Lois-van-Valkenburg-Photography624-scaled.jpg\" alt=\"\" data-speed=\".5\">\r\n                    <\/div>\r\n                <\/div>\r\n                <div class=\"col-12 col-lg-6\">\r\n                    <div class=\"contentblock__colored-bg__content-alt\">\r\n                        <div class=\"filled-block\">\r\n                                                        <h2>Fordern Sie Ihre kostenlose Hochzeitsbrosch\u00fcre an<\/h2>\r\n                        <\/div>\r\n                        <div class=\"contentblock__colored-bg__content-text\">\r\n                            <p>In unserer Hochzeitsbrosch\u00fcre erfahren Sie alles \u00fcber das Heiraten auf Kasteel Oost &#8211; die M\u00f6glichkeiten, die Atmosph\u00e4re, die Preisklassen und vor allem den Zauber, der unseren Veranstaltungsort so einzigartig macht.<\/p>\n                        <\/div>\r\n\r\n                                                                                    <a href=\"https:\/\/mailings.koonings.com\/lp\/trouwbrochure_kasteeloost\"                                        class=\"btn btn-primary\">Laden Sie Ihre KOSTENLOSE Brosch\u00fcre herunter<\/a>\r\n                                                                        <\/div>\r\n                <\/div>\r\n            <\/div>\r\n        <\/div>\r\n    <\/div>\r\n\r\n<div class=\"eye-block empty-space empty-space--large pt-md-5 pb-md-5 pt-4 pb-4\" ><\/div>\n<div class=\"ghostkit-grid ghostkit-grid-gap-md\"><div class=\"ghostkit-grid-inner\">\n<div class=\"ghostkit-col ghostkit-col-lg-12 ghostkit-col-2 is-layout-flow wp-block-ghostkit-grid-column-is-layout-flow\"><div class=\"ghostkit-col-content\"><\/div><\/div>\n\n\n\n<div class=\"ghostkit-col ghostkit-col-lg-12 ghostkit-col-8\"><div class=\"ghostkit-col-content is-layout-flow wp-block-ghostkit-grid-column-is-layout-flow\">\r\n<div class=\"eye-block custom-card bg--lightbeige\">\r\n    <div class=\"custom-card__content\">\r\n        <div class=\"acf-innerblocks-container\">\n\r\n<div class=\"eye-block quote-block\">\r\n    <div class=\"quote-content\">\r\n        <blockquote>\r\n            <h2 class=\"content\">Wir hatten einen unvergesslichen und fantastischen Tag an einem m\u00e4rchenhaften Ort auf Kasteel Oost.\r\nWir h\u00e4tten uns keinen besseren Tag w\u00fcnschen k\u00f6nnen!<\/h2>\r\n            <p class=\"author\">Coen und Nikki<\/p>\r\n            <p class=\"subtitle\">Braut und Br\u00e4utigam &#8211; geheiratet am 12. Juli 2025<\/p>\r\n        <\/blockquote>\r\n    <\/div>\r\n<\/div>\r\n\n<\/div>\r\n    <\/div>\r\n    <\/div><\/div><\/div>\n\n\n\n<div class=\"ghostkit-col ghostkit-col-lg-12 ghostkit-col-2 is-layout-flow wp-block-ghostkit-grid-column-is-layout-flow\"><div class=\"ghostkit-col-content\"><\/div><\/div>\n<\/div><\/div>\n\r\n<div class=\"eye-block empty-space empty-space--large pt-md-5 pb-md-5 pt-4 pb-4\" ><\/div>\r\n    <div class=\"eye-block contentblock fade-in-animation\">\r\n        <div class=\"contentblock__overlapping-images\">\r\n            <div class=\"row\">\r\n                <div class=\"col-12 col-lg-7\">\r\n                    <div class=\"contentblock__overlapping-images__content\">\r\n                                                <h2>Diese finden Sie in der Hochzeitsbrosch\u00fcre<\/h2>\r\n                        <div class=\"contentblock__overlapping-images__content-text\">\r\n                            <ul>\n<li>Ein Blick auf unsere sch\u00f6nen R\u00e4ume: von der Zeremonie bis zur Party<\/li>\n<li>Inspirierende, stimmungsvolle Bilder von echten Hochzeiten<\/li>\n<li>Beispiele f\u00fcr komplette Hochzeitstage &amp; Preisklassen<\/li>\n<li>Informationen zu unserer Hochzeitssuite und den Hotelzimmern<\/li>\n<li>Kulinarische Optionen durch das Restaurant Mon R\u00eave<\/li>\n<li>Unser Ansatz: pers\u00f6nlich, ma\u00dfgeschneidert und perfekt betreut<\/li>\n<\/ul>\n<p>\"Kasteel Oost ist keine Hochzeitslocation &#8211; es ist der Schauplatz Ihrer Liebesgeschichte.\"<\/p>\n                        <\/div>\r\n\r\n                        \r\n                    <\/div>\r\n                <\/div>\r\n                <div class=\"col-12 col-lg-5 overlap\">\r\n                    <div class=\"contentblock__overlapping-images__images\">\r\n                        <img decoding=\"async\" class=\"skip-lazy\" src=\"https:\/\/kasteeloostvalkenburg.com\/wp-content\/uploads\/2025\/09\/Coen-Nikki-Lois-van-Valkenburg-Photography513-scaled.jpg\" alt=\"\">\r\n                        <img decoding=\"async\" class=\"skip-lazy\" src=\"https:\/\/kasteeloostvalkenburg.com\/wp-content\/uploads\/2025\/09\/Koonings-Demi_s-Design-72-scaled.jpg\" alt=\"\">\r\n                        <img decoding=\"async\" class=\"skip-lazy\" src=\"https:\/\/kasteeloostvalkenburg.com\/wp-content\/uploads\/2025\/09\/Coen-Nikki-Lois-van-Valkenburg-Photography71-scaled.jpg\" alt=\"\">\r\n                    <\/div>\r\n                <\/div>\r\n            <\/div>\r\n        <\/div>\r\n    <\/div>\r\n\r\n\r\n\r\n<div class=\"eye-block empty-space empty-space--large pt-md-5 pb-md-5 pt-4 pb-4\" ><\/div>\r\n    <div class=\"eye-block contentblock fade-in-animation\">\r\n        <div class=\"contentblock__colored-bg alt\">\r\n            <div class=\"row gx-6\">\r\n                <div class=\"col-12 col-lg-6\">\r\n                    <div class=\"contentblock__colored-bg__image alt\">\r\n                        <img decoding=\"async\" src=\"https:\/\/kasteeloostvalkenburg.com\/wp-content\/uploads\/2025\/04\/Marleen--e1745404047837.png\" alt=\"\" data-speed=\".5\">\r\n                    <\/div>\r\n                <\/div>\r\n                <div class=\"col-12 col-lg-6\">\r\n                    <div class=\"contentblock__colored-bg__content-alt\">\r\n                        <div class=\"filled-block\">\r\n                                                        <h2>Bereit zum Kennenlernen?<\/h2>\r\n                        <\/div>\r\n                        <div class=\"contentblock__colored-bg__content-text\">\r\n                            <p>Zus\u00e4tzlich zu der Brosch\u00fcre bieten wir Ihnen auch:<\/p>\n<ul>\n<li>Eine pers\u00f6nliche Tour<\/li>\n<li>Ein unverbindliches Einf\u00fchrungsgespr\u00e4ch<\/li>\n<li>Direkter Kontakt mit unserer Hochzeitsplanerin<\/li>\n<\/ul>\n                        <\/div>\r\n\r\n                                            <\/div>\r\n                <\/div>\r\n            <\/div>\r\n        <\/div>\r\n    <\/div>\r\n\n<div class=\"ghostkit-grid ghostkit-grid-gap-md\"><div class=\"ghostkit-grid-inner\">\n<div class=\"ghostkit-col ghostkit-col-lg-12 ghostkit-col-3 is-layout-flow wp-block-ghostkit-grid-column-is-layout-flow\"><div class=\"ghostkit-col-content\"><\/div><\/div>\n\n\n\n<div class=\"ghostkit-col ghostkit-col-lg-12 ghostkit-col-6\"><div class=\"ghostkit-col-content is-layout-flow wp-block-ghostkit-grid-column-is-layout-flow\">\n<h2 class=\"wp-block-heading has-text-align-center\">Kontaktieren Sie uns unverbindlich<\/h2>\n\n\n\n<p class=\"has-text-align-center\">M\u00f6chten Sie wissen, was auf Kasteel Oost sonst noch m\u00f6glich ist? Nehmen Sie Kontakt mit uns auf! <\/p>\n\n\n\n<iframe id=\"contact\" src=\"https:\/\/app.eventtemple.com\/lead_intakes\/f203cf1a42c8b9e101002e8f056ed4fb\/13373\/new\" width=\"100%\" height=\"800px\" frameborder=\"0\"><\/iframe>\n<\/div><\/div>\n\n\n\n<div class=\"ghostkit-col ghostkit-col-lg-12 ghostkit-col-3 is-layout-flow wp-block-ghostkit-grid-column-is-layout-flow\"><div class=\"ghostkit-col-content\"><\/div><\/div>\n<\/div><\/div>\n","protected":false},"excerpt":{"rendered":"<p>Kostenlose Hochzeitsbrosch\u00fcreIhre m\u00e4rchenhafte Hochzeit beginnt hier Tr\u00e4umen Sie von einer romantischen Hochzeit an einem Ort, an dem Geschichte und Eleganz zusammenkommen? Bei Kasteel Oost kreieren wir nicht nur Hochzeiten, sondern Erlebnisse, die Ihnen f\u00fcr immer in Erinnerung bleiben werden. Von einer intimen Zeremonie im Schlossgarten bis hin zu einem festlichen Abend im Ballsaal: jedes Detail [&hellip;]<\/p>\n","protected":false},"author":2,"featured_media":0,"parent":0,"menu_order":0,"comment_status":"closed","ping_status":"closed","template":"","meta":{"_acf_changed":false,"ghostkit_customizer_options":"","ghostkit_custom_css":"","ghostkit_custom_js_head":"","ghostkit_custom_js_foot":"","ghostkit_typography":"","footnotes":""},"class_list":["post-4068","page","type-page","status-publish","hentry"],"acf":[],"yoast_head":"<!-- This site is optimized with the Yoast SEO plugin v27.3 - https:\/\/yoast.com\/product\/yoast-seo-wordpress\/ -->\n<title>Hochzeitsbrosch\u00fcre anfordern - Kasteel Oost<\/title>\n<meta name=\"description\" content=\"In der kostenlosen Hochzeitsbrosch\u00fcre erfahren Sie alles \u00fcber das Heiraten auf Kasteel Oost. Die M\u00f6glichkeiten, die Atmosph\u00e4re und der Zauber, der unseren Ort so einzigartig macht.\" \/>\n<meta name=\"robots\" content=\"index, follow, max-snippet:-1, max-image-preview:large, max-video-preview:-1\" \/>\n<link rel=\"canonical\" href=\"https:\/\/kasteeloostvalkenburg.com\/de\/hochzeitsbroschuere-anfordern\/\" \/>\n<meta property=\"og:locale\" content=\"de_DE\" \/>\n<meta property=\"og:type\" content=\"article\" \/>\n<meta property=\"og:title\" content=\"Hochzeitsbrosch\u00fcre anfordern - Kasteel Oost\" \/>\n<meta property=\"og:description\" content=\"In der kostenlosen Hochzeitsbrosch\u00fcre erfahren Sie alles \u00fcber das Heiraten auf Kasteel Oost. Die M\u00f6glichkeiten, die Atmosph\u00e4re und der Zauber, der unseren Ort so einzigartig macht.\" \/>\n<meta property=\"og:url\" content=\"https:\/\/kasteeloostvalkenburg.com\/de\/hochzeitsbroschuere-anfordern\/\" \/>\n<meta property=\"og:site_name\" content=\"Kasteel Oost\" \/>\n<meta property=\"article:publisher\" content=\"https:\/\/www.facebook.com\/Kooningstheweddingpalace\" \/>\n<meta property=\"article:modified_time\" content=\"2025-11-05T10:35:59+00:00\" \/>\n<meta name=\"twitter:card\" content=\"summary_large_image\" \/>\n<script type=\"application\/ld+json\" class=\"yoast-schema-graph\">{\"@context\":\"https:\\\/\\\/schema.org\",\"@graph\":[{\"@type\":\"WebPage\",\"@id\":\"https:\\\/\\\/kasteeloostvalkenburg.com\\\/de\\\/hochzeitsbroschuere-anfordern\\\/\",\"url\":\"https:\\\/\\\/kasteeloostvalkenburg.com\\\/de\\\/hochzeitsbroschuere-anfordern\\\/\",\"name\":\"Hochzeitsbrosch\u00fcre anfordern - Kasteel Oost\",\"isPartOf\":{\"@id\":\"https:\\\/\\\/kasteeloostvalkenburg.com\\\/de\\\/#website\"},\"datePublished\":\"2025-09-12T09:36:32+00:00\",\"dateModified\":\"2025-11-05T10:35:59+00:00\",\"description\":\"In der kostenlosen Hochzeitsbrosch\u00fcre erfahren Sie alles \u00fcber das Heiraten auf Kasteel Oost. Die M\u00f6glichkeiten, die Atmosph\u00e4re und der Zauber, der unseren Ort so einzigartig macht.\",\"breadcrumb\":{\"@id\":\"https:\\\/\\\/kasteeloostvalkenburg.com\\\/de\\\/hochzeitsbroschuere-anfordern\\\/#breadcrumb\"},\"inLanguage\":\"de\",\"potentialAction\":[{\"@type\":\"ReadAction\",\"target\":[\"https:\\\/\\\/kasteeloostvalkenburg.com\\\/de\\\/hochzeitsbroschuere-anfordern\\\/\"]}]},{\"@type\":\"BreadcrumbList\",\"@id\":\"https:\\\/\\\/kasteeloostvalkenburg.com\\\/de\\\/hochzeitsbroschuere-anfordern\\\/#breadcrumb\",\"itemListElement\":[{\"@type\":\"ListItem\",\"position\":1,\"name\":\"Startseite\",\"item\":\"https:\\\/\\\/kasteeloostvalkenburg.com\\\/de\\\/\"},{\"@type\":\"ListItem\",\"position\":2,\"name\":\"Hochzeitsbrosch\u00fcre anfordern\"}]},{\"@type\":\"WebSite\",\"@id\":\"https:\\\/\\\/kasteeloostvalkenburg.com\\\/de\\\/#website\",\"url\":\"https:\\\/\\\/kasteeloostvalkenburg.com\\\/de\\\/\",\"name\":\"Kasteel Oost\",\"description\":\"\",\"publisher\":{\"@id\":\"https:\\\/\\\/kasteeloostvalkenburg.com\\\/de\\\/#organization\"},\"potentialAction\":[{\"@type\":\"SearchAction\",\"target\":{\"@type\":\"EntryPoint\",\"urlTemplate\":\"https:\\\/\\\/kasteeloostvalkenburg.com\\\/de\\\/?s={search_term_string}\"},\"query-input\":{\"@type\":\"PropertyValueSpecification\",\"valueRequired\":true,\"valueName\":\"search_term_string\"}}],\"inLanguage\":\"de\"},{\"@type\":\"Organization\",\"@id\":\"https:\\\/\\\/kasteeloostvalkenburg.com\\\/de\\\/#organization\",\"name\":\"Kasteel Oost\",\"url\":\"https:\\\/\\\/kasteeloostvalkenburg.com\\\/de\\\/\",\"logo\":{\"@type\":\"ImageObject\",\"inLanguage\":\"de\",\"@id\":\"https:\\\/\\\/kasteeloostvalkenburg.com\\\/de\\\/#\\\/schema\\\/logo\\\/image\\\/\",\"url\":\"https:\\\/\\\/kasteeloostvalkenburg.com\\\/wp-content\\\/uploads\\\/2025\\\/04\\\/KasteelOost-logo-darkgray.png\",\"contentUrl\":\"https:\\\/\\\/kasteeloostvalkenburg.com\\\/wp-content\\\/uploads\\\/2025\\\/04\\\/KasteelOost-logo-darkgray.png\",\"width\":413,\"height\":318,\"caption\":\"Kasteel Oost\"},\"image\":{\"@id\":\"https:\\\/\\\/kasteeloostvalkenburg.com\\\/de\\\/#\\\/schema\\\/logo\\\/image\\\/\"},\"sameAs\":[\"https:\\\/\\\/www.facebook.com\\\/Kooningstheweddingpalace\",\"https:\\\/\\\/www.instagram.com\\\/kasteeloost\\\/\",\"https:\\\/\\\/www.tiktok.com\\\/@kooningstheweddingpalace\",\"https:\\\/\\\/nl.pinterest.com\\\/koonings\\\/\"]}]}<\/script>\n<!-- \/ Yoast SEO plugin. -->","yoast_head_json":{"title":"Hochzeitsbrosch\u00fcre anfordern - Kasteel Oost","description":"In der kostenlosen Hochzeitsbrosch\u00fcre erfahren Sie alles \u00fcber das Heiraten auf Kasteel Oost. Die M\u00f6glichkeiten, die Atmosph\u00e4re und der Zauber, der unseren Ort so einzigartig macht.","robots":{"index":"index","follow":"follow","max-snippet":"max-snippet:-1","max-image-preview":"max-image-preview:large","max-video-preview":"max-video-preview:-1"},"canonical":"https:\/\/kasteeloostvalkenburg.com\/de\/hochzeitsbroschuere-anfordern\/","og_locale":"de_DE","og_type":"article","og_title":"Hochzeitsbrosch\u00fcre anfordern - Kasteel Oost","og_description":"In der kostenlosen Hochzeitsbrosch\u00fcre erfahren Sie alles \u00fcber das Heiraten auf Kasteel Oost. Die M\u00f6glichkeiten, die Atmosph\u00e4re und der Zauber, der unseren Ort so einzigartig macht.","og_url":"https:\/\/kasteeloostvalkenburg.com\/de\/hochzeitsbroschuere-anfordern\/","og_site_name":"Kasteel Oost","article_publisher":"https:\/\/www.facebook.com\/Kooningstheweddingpalace","article_modified_time":"2025-11-05T10:35:59+00:00","twitter_card":"summary_large_image","schema":{"@context":"https:\/\/schema.org","@graph":[{"@type":"WebPage","@id":"https:\/\/kasteeloostvalkenburg.com\/de\/hochzeitsbroschuere-anfordern\/","url":"https:\/\/kasteeloostvalkenburg.com\/de\/hochzeitsbroschuere-anfordern\/","name":"Hochzeitsbrosch\u00fcre anfordern - Kasteel Oost","isPartOf":{"@id":"https:\/\/kasteeloostvalkenburg.com\/de\/#website"},"datePublished":"2025-09-12T09:36:32+00:00","dateModified":"2025-11-05T10:35:59+00:00","description":"In der kostenlosen Hochzeitsbrosch\u00fcre erfahren Sie alles \u00fcber das Heiraten auf Kasteel Oost. Die M\u00f6glichkeiten, die Atmosph\u00e4re und der Zauber, der unseren Ort so einzigartig macht.","breadcrumb":{"@id":"https:\/\/kasteeloostvalkenburg.com\/de\/hochzeitsbroschuere-anfordern\/#breadcrumb"},"inLanguage":"de","potentialAction":[{"@type":"ReadAction","target":["https:\/\/kasteeloostvalkenburg.com\/de\/hochzeitsbroschuere-anfordern\/"]}]},{"@type":"BreadcrumbList","@id":"https:\/\/kasteeloostvalkenburg.com\/de\/hochzeitsbroschuere-anfordern\/#breadcrumb","itemListElement":[{"@type":"ListItem","position":1,"name":"Startseite","item":"https:\/\/kasteeloostvalkenburg.com\/de\/"},{"@type":"ListItem","position":2,"name":"Hochzeitsbrosch\u00fcre anfordern"}]},{"@type":"WebSite","@id":"https:\/\/kasteeloostvalkenburg.com\/de\/#website","url":"https:\/\/kasteeloostvalkenburg.com\/de\/","name":"Kasteel Oost","description":"","publisher":{"@id":"https:\/\/kasteeloostvalkenburg.com\/de\/#organization"},"potentialAction":[{"@type":"SearchAction","target":{"@type":"EntryPoint","urlTemplate":"https:\/\/kasteeloostvalkenburg.com\/de\/?s={search_term_string}"},"query-input":{"@type":"PropertyValueSpecification","valueRequired":true,"valueName":"search_term_string"}}],"inLanguage":"de"},{"@type":"Organization","@id":"https:\/\/kasteeloostvalkenburg.com\/de\/#organization","name":"Kasteel Oost","url":"https:\/\/kasteeloostvalkenburg.com\/de\/","logo":{"@type":"ImageObject","inLanguage":"de","@id":"https:\/\/kasteeloostvalkenburg.com\/de\/#\/schema\/logo\/image\/","url":"https:\/\/kasteeloostvalkenburg.com\/wp-content\/uploads\/2025\/04\/KasteelOost-logo-darkgray.png","contentUrl":"https:\/\/kasteeloostvalkenburg.com\/wp-content\/uploads\/2025\/04\/KasteelOost-logo-darkgray.png","width":413,"height":318,"caption":"Kasteel Oost"},"image":{"@id":"https:\/\/kasteeloostvalkenburg.com\/de\/#\/schema\/logo\/image\/"},"sameAs":["https:\/\/www.facebook.com\/Kooningstheweddingpalace","https:\/\/www.instagram.com\/kasteeloost\/","https:\/\/www.tiktok.com\/@kooningstheweddingpalace","https:\/\/nl.pinterest.com\/koonings\/"]}]}},"_links":{"self":[{"href":"https:\/\/kasteeloostvalkenburg.com\/de\/wp-json\/wp\/v2\/pages\/4068","targetHints":{"allow":["GET"]}}],"collection":[{"href":"https:\/\/kasteeloostvalkenburg.com\/de\/wp-json\/wp\/v2\/pages"}],"about":[{"href":"https:\/\/kasteeloostvalkenburg.com\/de\/wp-json\/wp\/v2\/types\/page"}],"author":[{"embeddable":true,"href":"https:\/\/kasteeloostvalkenburg.com\/de\/wp-json\/wp\/v2\/users\/2"}],"replies":[{"embeddable":true,"href":"https:\/\/kasteeloostvalkenburg.com\/de\/wp-json\/wp\/v2\/comments?post=4068"}],"version-history":[{"count":16,"href":"https:\/\/kasteeloostvalkenburg.com\/de\/wp-json\/wp\/v2\/pages\/4068\/revisions"}],"predecessor-version":[{"id":5184,"href":"https:\/\/kasteeloostvalkenburg.com\/de\/wp-json\/wp\/v2\/pages\/4068\/revisions\/5184"}],"wp:attachment":[{"href":"https:\/\/kasteeloostvalkenburg.com\/de\/wp-json\/wp\/v2\/media?parent=4068"}],"curies":[{"name":"wp","href":"https:\/\/api.w.org\/{rel}","templated":true}]}}