{"id":3441,"date":"2025-07-07T13:48:05","date_gmt":"2025-07-07T13:48:05","guid":{"rendered":"https:\/\/kasteeloostvalkenburg.com\/hotel\/schloss-fruehstueck\/"},"modified":"2026-04-08T14:47:55","modified_gmt":"2026-04-08T14:47:55","slug":"schloss-fruehstueck","status":"publish","type":"page","link":"https:\/\/kasteeloostvalkenburg.com\/de\/hotel\/schloss-fruehstueck\/","title":{"rendered":"Schloss Fr\u00fchst\u00fcck"},"content":{"rendered":"\n<h1 class=\"wp-block-heading has-text-align-center\" id=\"kasteel-ontbijt-start-jouw-dag-vorstelijk\">Schlossfr\u00fchst\u00fcck &#8211; Beginnen Sie Ihren Tag k\u00f6niglich<\/h1>\n\n<p class=\"has-text-align-center\">Eine \u00dcbernachtung auf Kasteel Oost ist an sich schon ein Erlebnis &#8211; aber mit unserem Schlossfr\u00fchst\u00fcck runden Sie Ihren Aufenthalt ab. Genie\u00dfen Sie in aller Ruhe einen raffinierten Morgen voller Geschmack, Charme und Komfort: das ist der Luxus, in einem historischen Schloss aufzuwachen. <\/p>\n\n<p class=\"has-text-align-center\">Ob Sie den Tag voller Energie beginnen oder sich f\u00fcr einen entspannten Start entscheiden, unser serviertes Fr\u00fchst\u00fcck ist ein t\u00e4glicher Genuss. Sie werden eine reiche Palette an Aromen entdecken, die auf Etageren und in eleganten Gl\u00e4sern pr\u00e4sentiert werden, in einem Ambiente, das zum Verweilen einl\u00e4dt. <\/p>\n\r\n<div class=\"eye-block empty-space empty-space--small pt-md-3 pb-md-3 pt-2 pb-2\" ><\/div>\r\n    <div class=\"eye-block contentblock fade-in-animation\">\r\n        <div class=\"contentblock__image-right__container\">\r\n            <div class=\"contentblock__image-right\">\r\n                <div class=\"row\">\r\n                    <div class=\"col-12 col-lg-7 p-lg-1 d-flex align-items-center\">\r\n                        <div class=\"contentblock__image-right__content\">\r\n                                                        <h2>Beginnen Sie den Tag mit Stil<\/h2>\r\n                            <div class=\"contentblock__image-right__content-text\">\r\n                                <p>Wachen Sie in der bezaubernden Atmosph\u00e4re von Kasteel Oost auf und beginnen Sie den Tag mit einem Fr\u00fchst\u00fcck, das nicht nur nahrhaft, sondern auch \u00e4u\u00dferst stilvoll ist. Unser Schlossfr\u00fchst\u00fcck am Tisch wird t\u00e4glich zwischen 07:30 und 10:30 Uhr im exklusiven Fr\u00fchst\u00fccksraum serviert, in dem sich Geschichte und Ruhe vereinen. <\/p>\n<p>Lassen Sie sich von einer gro\u00dfz\u00fcgigen Auswahl an hausgemachten K\u00f6stlichkeiten \u00fcberraschen, die auf Etageren, in K\u00f6rbchen und Gl\u00e4sern delikat pr\u00e4sentiert werden &#8211; ein Fr\u00fchst\u00fcck, wie Sie es nur bei uns erleben.<\/p>\n                            <\/div>\r\n\r\n                                                                                                <a href=\"https:\/\/booking.roomraccoon.nl\/kasteel-oost\/nl\/\"                                            class=\"btn btn-primary\">Boek jouw kamer<\/a>\r\n                                                            \r\n                        <\/div>\r\n                    <\/div>\r\n                    <div class=\"col-12 col-lg-5 p-lg-1\">\r\n                        <div class=\"contentblock__image-right__image\">\r\n                            <img decoding=\"async\" data-speed=\"1.5\" src=\"https:\/\/kasteeloostvalkenburg.com\/wp-content\/uploads\/2025\/09\/3X7A2238-kopie.jpg\" alt=\"\">\r\n                        <\/div>\r\n                    <\/div>\r\n                <\/div>\r\n            <\/div>\r\n        <\/div>\r\n    <\/div>\r\n\r\n\r\n<div class=\"eye-block empty-space empty-space--large pt-md-5 pb-md-5 pt-4 pb-4\" ><\/div>\r\n    <div class=\"eye-block contentblock fade-in-animation\">\r\n        <div class=\"contentblock__colored-bg alt\">\r\n            <div class=\"row gx-6\">\r\n                <div class=\"col-12 col-lg-6\">\r\n                    <div class=\"contentblock__colored-bg__image alt\">\r\n                        <img decoding=\"async\" src=\"https:\/\/kasteeloostvalkenburg.com\/wp-content\/uploads\/2025\/09\/3X7A2273.jpg\" alt=\"\" data-speed=\".5\">\r\n                    <\/div>\r\n                <\/div>\r\n                <div class=\"col-12 col-lg-6\">\r\n                    <div class=\"contentblock__colored-bg__content-alt\">\r\n                        <div class=\"filled-block\">\r\n                                                        <h2>Zum Genie\u00dfen<\/h2>\r\n                        <\/div>\r\n                        <div class=\"contentblock__colored-bg__content-text\">\r\n                            <p>M\u00f6chten Sie einen Vorgeschmack auf all die Leckereien, die Sie beim Fr\u00fchst\u00fcck erwarten?<\/p>\n<ul>\n<li>Ofenfrische Sandwiches<\/li>\n<li>R\u00fchrei<\/li>\n<li>Verschiedene Aufschnitte, K\u00e4se und S\u00fc\u00dfigkeiten<\/li>\n<li>Frisches Obst<\/li>\n<li>Joghurt mit Granola, M\u00fcsli und Honig<\/li>\n<li>Unbegrenzt Kaffee und Tee<\/li>\n<\/ul>\n                        <\/div>\r\n\r\n                                            <\/div>\r\n                <\/div>\r\n            <\/div>\r\n        <\/div>\r\n    <\/div>\r\n\r\n<div class=\"eye-block empty-space empty-space--large pt-md-5 pb-md-5 pt-4 pb-4\" ><\/div>\r\n    <div class=\"eye-block contentblock fade-in-animation\">\r\n        <div class=\"contentblock__arrow-split__container\">\r\n            <div class=\"contentblock__arrow-split\">\r\n                <div class=\"contentblock__arrow-split__title\">\r\n                                        <h2>Buchen Sie Ihr Fr\u00fchst\u00fcck im Hotel Kasteel Oost<\/h2>\r\n                <\/div>\r\n                <div class=\"contentblock__arrow-split__seperator\">\r\n                    <img decoding=\"async\" src=\"https:\/\/kasteeloostvalkenburg.com\/wp-content\/themes\/kasteeloost\/images\/arrow-decoration.svg\" alt=\"Arrow seperator\">\r\n                <\/div>\r\n                <div class=\"contentblock__arrow-split__text\">\r\n                    <p>Beginnen Sie auch Ihren Tag richtig? Buchen Sie Ihr Fr\u00fchst\u00fcck direkt bei der Buchung Ihres Zimmers und profitieren Sie von dem vorteilhaften Preis.<br \/>\n&#8211; Im Voraus gebucht: \u20ac 20,00 pro Person<br \/>\n&#8211; Vor Ort: \u20ac 24,50 pro Person <\/p>\n<p><strong>Extra-Genuss<\/strong><br \/>\nSie m\u00f6chten das Fr\u00fchst\u00fcck noch festlicher gestalten? Dann g\u00f6nnen Sie sich ein Glas Prosecco und einen Teller R\u00e4ucherlachs mit Dillcreme f\u00fcr nur 12,50 \u20ac pro Person. <\/p>\n                                                                        <a href=\"https:\/\/booking.roomraccoon.nl\/kasteel-oost\/nl\/\"                                    class=\"btn btn-primary\">Boek jouw kamer<\/a>\r\n                                                            <\/div>\r\n            <\/div>\r\n        <\/div>\r\n    <\/div>\r\n\r\n","protected":false},"excerpt":{"rendered":"<p>Schlossfr\u00fchst\u00fcck &#8211; Beginnen Sie Ihren Tag k\u00f6niglich Eine \u00dcbernachtung auf Kasteel Oost ist an sich schon ein Erlebnis &#8211; aber mit unserem Schlossfr\u00fchst\u00fcck runden Sie Ihren Aufenthalt ab. Genie\u00dfen Sie in aller Ruhe einen raffinierten Morgen voller Geschmack, Charme und Komfort: das ist der Luxus, in einem historischen Schloss aufzuwachen. Ob Sie den Tag voller [&hellip;]<\/p>\n","protected":false},"author":2,"featured_media":0,"parent":5178,"menu_order":0,"comment_status":"closed","ping_status":"closed","template":"","meta":{"_acf_changed":false,"ghostkit_customizer_options":"","ghostkit_custom_css":"","ghostkit_custom_js_head":"","ghostkit_custom_js_foot":"","ghostkit_typography":"","footnotes":""},"class_list":["post-3441","page","type-page","status-publish","hentry"],"acf":[],"yoast_head":"<!-- This site is optimized with the Yoast SEO plugin v27.3 - https:\/\/yoast.com\/product\/yoast-seo-wordpress\/ -->\n<title>Schloss Fr\u00fchst\u00fcck - Hotel Kasteel Oost<\/title>\n<meta name=\"description\" content=\"Eine \u00dcbernachtung auf Kasteel Oost ist an sich schon ein Erlebnis - aber mit unserem Schlossfr\u00fchst\u00fcck runden Sie Ihren Aufenthalt ab.\" \/>\n<meta name=\"robots\" content=\"index, follow, max-snippet:-1, max-image-preview:large, max-video-preview:-1\" \/>\n<link rel=\"canonical\" href=\"https:\/\/kasteeloostvalkenburg.com\/de\/hotel\/schloss-fruehstueck\/\" \/>\n<meta property=\"og:locale\" content=\"de_DE\" \/>\n<meta property=\"og:type\" content=\"article\" \/>\n<meta property=\"og:title\" content=\"Schloss Fr\u00fchst\u00fcck - Hotel Kasteel Oost\" \/>\n<meta property=\"og:description\" content=\"Eine \u00dcbernachtung auf Kasteel Oost ist an sich schon ein Erlebnis - aber mit unserem Schlossfr\u00fchst\u00fcck runden Sie Ihren Aufenthalt ab.\" \/>\n<meta property=\"og:url\" content=\"https:\/\/kasteeloostvalkenburg.com\/de\/hotel\/schloss-fruehstueck\/\" \/>\n<meta property=\"og:site_name\" content=\"Kasteel Oost\" \/>\n<meta property=\"article:publisher\" content=\"https:\/\/www.facebook.com\/Kooningstheweddingpalace\" \/>\n<meta property=\"article:modified_time\" content=\"2026-04-08T14:47:55+00:00\" \/>\n<meta name=\"twitter:card\" content=\"summary_large_image\" \/>\n<meta name=\"twitter:label1\" content=\"Gesch\u00e4tzte Lesezeit\" \/>\n\t<meta name=\"twitter:data1\" content=\"1\u00a0Minute\" \/>\n<script type=\"application\/ld+json\" class=\"yoast-schema-graph\">{\"@context\":\"https:\\\/\\\/schema.org\",\"@graph\":[{\"@type\":\"WebPage\",\"@id\":\"https:\\\/\\\/kasteeloostvalkenburg.com\\\/de\\\/hotel\\\/schloss-fruehstueck\\\/\",\"url\":\"https:\\\/\\\/kasteeloostvalkenburg.com\\\/de\\\/hotel\\\/schloss-fruehstueck\\\/\",\"name\":\"Schloss Fr\u00fchst\u00fcck - Hotel Kasteel Oost\",\"isPartOf\":{\"@id\":\"https:\\\/\\\/kasteeloostvalkenburg.com\\\/de\\\/#website\"},\"datePublished\":\"2025-07-07T13:48:05+00:00\",\"dateModified\":\"2026-04-08T14:47:55+00:00\",\"description\":\"Eine \u00dcbernachtung auf Kasteel Oost ist an sich schon ein Erlebnis - aber mit unserem Schlossfr\u00fchst\u00fcck runden Sie Ihren Aufenthalt ab.\",\"breadcrumb\":{\"@id\":\"https:\\\/\\\/kasteeloostvalkenburg.com\\\/de\\\/hotel\\\/schloss-fruehstueck\\\/#breadcrumb\"},\"inLanguage\":\"de\",\"potentialAction\":[{\"@type\":\"ReadAction\",\"target\":[\"https:\\\/\\\/kasteeloostvalkenburg.com\\\/de\\\/hotel\\\/schloss-fruehstueck\\\/\"]}]},{\"@type\":\"BreadcrumbList\",\"@id\":\"https:\\\/\\\/kasteeloostvalkenburg.com\\\/de\\\/hotel\\\/schloss-fruehstueck\\\/#breadcrumb\",\"itemListElement\":[{\"@type\":\"ListItem\",\"position\":1,\"name\":\"Startseite\",\"item\":\"https:\\\/\\\/kasteeloostvalkenburg.com\\\/de\\\/\"},{\"@type\":\"ListItem\",\"position\":2,\"name\":\"Hotel\",\"item\":\"https:\\\/\\\/kasteeloostvalkenburg.com\\\/de\\\/hotel\\\/\"},{\"@type\":\"ListItem\",\"position\":3,\"name\":\"Schloss Fr\u00fchst\u00fcck\"}]},{\"@type\":\"WebSite\",\"@id\":\"https:\\\/\\\/kasteeloostvalkenburg.com\\\/de\\\/#website\",\"url\":\"https:\\\/\\\/kasteeloostvalkenburg.com\\\/de\\\/\",\"name\":\"Kasteel Oost\",\"description\":\"\",\"publisher\":{\"@id\":\"https:\\\/\\\/kasteeloostvalkenburg.com\\\/de\\\/#organization\"},\"potentialAction\":[{\"@type\":\"SearchAction\",\"target\":{\"@type\":\"EntryPoint\",\"urlTemplate\":\"https:\\\/\\\/kasteeloostvalkenburg.com\\\/de\\\/?s={search_term_string}\"},\"query-input\":{\"@type\":\"PropertyValueSpecification\",\"valueRequired\":true,\"valueName\":\"search_term_string\"}}],\"inLanguage\":\"de\"},{\"@type\":\"Organization\",\"@id\":\"https:\\\/\\\/kasteeloostvalkenburg.com\\\/de\\\/#organization\",\"name\":\"Kasteel Oost\",\"url\":\"https:\\\/\\\/kasteeloostvalkenburg.com\\\/de\\\/\",\"logo\":{\"@type\":\"ImageObject\",\"inLanguage\":\"de\",\"@id\":\"https:\\\/\\\/kasteeloostvalkenburg.com\\\/de\\\/#\\\/schema\\\/logo\\\/image\\\/\",\"url\":\"https:\\\/\\\/kasteeloostvalkenburg.com\\\/wp-content\\\/uploads\\\/2025\\\/04\\\/KasteelOost-logo-darkgray.png\",\"contentUrl\":\"https:\\\/\\\/kasteeloostvalkenburg.com\\\/wp-content\\\/uploads\\\/2025\\\/04\\\/KasteelOost-logo-darkgray.png\",\"width\":413,\"height\":318,\"caption\":\"Kasteel Oost\"},\"image\":{\"@id\":\"https:\\\/\\\/kasteeloostvalkenburg.com\\\/de\\\/#\\\/schema\\\/logo\\\/image\\\/\"},\"sameAs\":[\"https:\\\/\\\/www.facebook.com\\\/Kooningstheweddingpalace\",\"https:\\\/\\\/www.instagram.com\\\/kasteeloost\\\/\",\"https:\\\/\\\/www.tiktok.com\\\/@kooningstheweddingpalace\",\"https:\\\/\\\/nl.pinterest.com\\\/koonings\\\/\"]}]}<\/script>\n<!-- \/ Yoast SEO plugin. -->","yoast_head_json":{"title":"Schloss Fr\u00fchst\u00fcck - Hotel Kasteel Oost","description":"Eine \u00dcbernachtung auf Kasteel Oost ist an sich schon ein Erlebnis - aber mit unserem Schlossfr\u00fchst\u00fcck runden Sie Ihren Aufenthalt ab.","robots":{"index":"index","follow":"follow","max-snippet":"max-snippet:-1","max-image-preview":"max-image-preview:large","max-video-preview":"max-video-preview:-1"},"canonical":"https:\/\/kasteeloostvalkenburg.com\/de\/hotel\/schloss-fruehstueck\/","og_locale":"de_DE","og_type":"article","og_title":"Schloss Fr\u00fchst\u00fcck - Hotel Kasteel Oost","og_description":"Eine \u00dcbernachtung auf Kasteel Oost ist an sich schon ein Erlebnis - aber mit unserem Schlossfr\u00fchst\u00fcck runden Sie Ihren Aufenthalt ab.","og_url":"https:\/\/kasteeloostvalkenburg.com\/de\/hotel\/schloss-fruehstueck\/","og_site_name":"Kasteel Oost","article_publisher":"https:\/\/www.facebook.com\/Kooningstheweddingpalace","article_modified_time":"2026-04-08T14:47:55+00:00","twitter_card":"summary_large_image","twitter_misc":{"Gesch\u00e4tzte Lesezeit":"1\u00a0Minute"},"schema":{"@context":"https:\/\/schema.org","@graph":[{"@type":"WebPage","@id":"https:\/\/kasteeloostvalkenburg.com\/de\/hotel\/schloss-fruehstueck\/","url":"https:\/\/kasteeloostvalkenburg.com\/de\/hotel\/schloss-fruehstueck\/","name":"Schloss Fr\u00fchst\u00fcck - Hotel Kasteel Oost","isPartOf":{"@id":"https:\/\/kasteeloostvalkenburg.com\/de\/#website"},"datePublished":"2025-07-07T13:48:05+00:00","dateModified":"2026-04-08T14:47:55+00:00","description":"Eine \u00dcbernachtung auf Kasteel Oost ist an sich schon ein Erlebnis - aber mit unserem Schlossfr\u00fchst\u00fcck runden Sie Ihren Aufenthalt ab.","breadcrumb":{"@id":"https:\/\/kasteeloostvalkenburg.com\/de\/hotel\/schloss-fruehstueck\/#breadcrumb"},"inLanguage":"de","potentialAction":[{"@type":"ReadAction","target":["https:\/\/kasteeloostvalkenburg.com\/de\/hotel\/schloss-fruehstueck\/"]}]},{"@type":"BreadcrumbList","@id":"https:\/\/kasteeloostvalkenburg.com\/de\/hotel\/schloss-fruehstueck\/#breadcrumb","itemListElement":[{"@type":"ListItem","position":1,"name":"Startseite","item":"https:\/\/kasteeloostvalkenburg.com\/de\/"},{"@type":"ListItem","position":2,"name":"Hotel","item":"https:\/\/kasteeloostvalkenburg.com\/de\/hotel\/"},{"@type":"ListItem","position":3,"name":"Schloss Fr\u00fchst\u00fcck"}]},{"@type":"WebSite","@id":"https:\/\/kasteeloostvalkenburg.com\/de\/#website","url":"https:\/\/kasteeloostvalkenburg.com\/de\/","name":"Kasteel Oost","description":"","publisher":{"@id":"https:\/\/kasteeloostvalkenburg.com\/de\/#organization"},"potentialAction":[{"@type":"SearchAction","target":{"@type":"EntryPoint","urlTemplate":"https:\/\/kasteeloostvalkenburg.com\/de\/?s={search_term_string}"},"query-input":{"@type":"PropertyValueSpecification","valueRequired":true,"valueName":"search_term_string"}}],"inLanguage":"de"},{"@type":"Organization","@id":"https:\/\/kasteeloostvalkenburg.com\/de\/#organization","name":"Kasteel Oost","url":"https:\/\/kasteeloostvalkenburg.com\/de\/","logo":{"@type":"ImageObject","inLanguage":"de","@id":"https:\/\/kasteeloostvalkenburg.com\/de\/#\/schema\/logo\/image\/","url":"https:\/\/kasteeloostvalkenburg.com\/wp-content\/uploads\/2025\/04\/KasteelOost-logo-darkgray.png","contentUrl":"https:\/\/kasteeloostvalkenburg.com\/wp-content\/uploads\/2025\/04\/KasteelOost-logo-darkgray.png","width":413,"height":318,"caption":"Kasteel Oost"},"image":{"@id":"https:\/\/kasteeloostvalkenburg.com\/de\/#\/schema\/logo\/image\/"},"sameAs":["https:\/\/www.facebook.com\/Kooningstheweddingpalace","https:\/\/www.instagram.com\/kasteeloost\/","https:\/\/www.tiktok.com\/@kooningstheweddingpalace","https:\/\/nl.pinterest.com\/koonings\/"]}]}},"_links":{"self":[{"href":"https:\/\/kasteeloostvalkenburg.com\/de\/wp-json\/wp\/v2\/pages\/3441","targetHints":{"allow":["GET"]}}],"collection":[{"href":"https:\/\/kasteeloostvalkenburg.com\/de\/wp-json\/wp\/v2\/pages"}],"about":[{"href":"https:\/\/kasteeloostvalkenburg.com\/de\/wp-json\/wp\/v2\/types\/page"}],"author":[{"embeddable":true,"href":"https:\/\/kasteeloostvalkenburg.com\/de\/wp-json\/wp\/v2\/users\/2"}],"replies":[{"embeddable":true,"href":"https:\/\/kasteeloostvalkenburg.com\/de\/wp-json\/wp\/v2\/comments?post=3441"}],"version-history":[{"count":12,"href":"https:\/\/kasteeloostvalkenburg.com\/de\/wp-json\/wp\/v2\/pages\/3441\/revisions"}],"predecessor-version":[{"id":7003,"href":"https:\/\/kasteeloostvalkenburg.com\/de\/wp-json\/wp\/v2\/pages\/3441\/revisions\/7003"}],"up":[{"embeddable":true,"href":"https:\/\/kasteeloostvalkenburg.com\/de\/wp-json\/wp\/v2\/pages\/5178"}],"wp:attachment":[{"href":"https:\/\/kasteeloostvalkenburg.com\/de\/wp-json\/wp\/v2\/media?parent=3441"}],"curies":[{"name":"wp","href":"https:\/\/api.w.org\/{rel}","templated":true}]}}