{"id":3282,"date":"2025-06-04T14:36:37","date_gmt":"2025-06-04T14:36:37","guid":{"rendered":"https:\/\/kasteeloostvalkenburg.com\/?page_id=3282"},"modified":"2025-11-11T08:04:53","modified_gmt":"2025-11-11T08:04:53","slug":"4-sterne-hotel-kasteel-oost","status":"publish","type":"page","link":"https:\/\/kasteeloostvalkenburg.com\/de\/i\/4-sterne-hotel-kasteel-oost\/","title":{"rendered":"4-Sterne-Hotel Superior"},"content":{"rendered":"\r\n    <section class=\"hero image-right\">\r\n        <div class=\"row d-flex align-items-center\">\r\n            <div class=\"col-12 col-lg-7\">\r\n                <div class=\"hero__intro\">\r\n                                            <div class=\"eye-block breadcrumbs-wrapper\">\r\n                            \r\n            <ul class=\"site-breadcrumbs\">\r\n                <li class=\"crumb\">\r\n                    <a class=\"disable-line\" href=\"https:\/\/kasteeloostvalkenburg.com\">\r\n                        <i class=\"fa-regular fa-home\"><\/i>\r\n                    <\/a>\r\n                <\/li>\r\n                                    <div class=\"divider\"><\/div>\r\n                    <li class=\"crumb first\">\r\n                        <a class=\"disable-line\" href=\"https:\/\/kasteeloostvalkenburg.com\/de\/i\/\">i<\/a>\r\n                    <\/li>\r\n                                        <div class=\"divider\"><\/div>\r\n                    <li class=\"crumb \">\r\n                        <a class=\"disable-line\" href=\"https:\/\/kasteeloostvalkenburg.com\/de\/i\/4-sterne-hotel-kasteel-oost\/\">4-Sterne-Hotel Superior<\/a>\r\n                    <\/li>\r\n                                <\/ul>\r\n        \r\n                                        <\/div>\r\n                                        <p class=\"hero__intro-subtitle\">Kasteel Oost | 4-Sterne-Superior-Hotel<\/p>\r\n                    <h1>Erleben Sie den Charme des Schlosshotels<\/h1>\r\n                    <div class=\"hero__intro-content\">\r\n                        <p><p>Willkommen bei Kasteel Oost in Valkenburg: das exklusives 4-Sterne-Hotel, in dem historische Klasse auf modernen Komfort trifft. Unser Hotel ist in einem charaktervollen Schloss untergebracht und bietet ein einzigartiges Erlebnis f\u00fcr G\u00e4ste, die Qualit\u00e4t, Ruhe und Raffinesse sch\u00e4tzen.<\/p>\n<p>Wir sind stolz darauf, uns seit Mai 2025 4-Sterne-Superior-Hotel nennen zu d\u00fcrfen &#8211; eine Klassifizierung, die unseren hohen Standard an Service, Ausstattung und Gastfreundschaft symbolisiert.<\/p>\n<\/p>\r\n\r\n                        \r\n                    <\/div>\r\n                <\/div>\r\n            <\/div>\r\n            <div class=\"col-12 col-lg-5\">\r\n                                    <div class=\"hero__image\">\r\n                        <img decoding=\"async\" src=\"https:\/\/kasteeloostvalkenburg.com\/wp-content\/uploads\/2025\/04\/BridalSuiteVisualization_1-1.jpg\" alt=\"\">\r\n                    <\/div>\r\n                            <\/div>\r\n        <\/div>\r\n    <\/section>\r\n\r\n\n\n\r\n<div class=\"eye-block empty-space empty-space--large pt-md-5 pb-md-5 pt-4 pb-4\" ><\/div>\n\n\r\n    <div class=\"eye-block contentblock fade-in-animation\">\r\n        <div class=\"contentblock__colored-bg alt\">\r\n            <div class=\"row gx-6\">\r\n                <div class=\"col-12 col-lg-6\">\r\n                    <div class=\"contentblock__colored-bg__image alt\">\r\n                        <img decoding=\"async\" src=\"https:\/\/kasteeloostvalkenburg.com\/wp-content\/uploads\/2025\/03\/KOO_kasteeloost_sfeerbeeld_familiekamer_kleinebedden-scaled.jpg\" alt=\"\" data-speed=\".5\">\r\n                    <\/div>\r\n                <\/div>\r\n                <div class=\"col-12 col-lg-6\">\r\n                    <div class=\"contentblock__colored-bg__content-alt\">\r\n                        <div class=\"filled-block\">\r\n                                                        <h2>Dies bietet unser 4-Sterne-Hotel<\/h2>\r\n                        <\/div>\r\n                        <div class=\"contentblock__colored-bg__content-text\">\r\n                            <p>Die offizielle 4-Sterne-Auszeichnung wird auf der Grundlage objektiver Kriterien wie Zimmerkomfort, Annehmlichkeiten, Service und G\u00e4steerlebnis vergeben. Ein 4-Sterne-Superior-Hotel erf\u00fcllt nicht nur diese Anforderungen, sondern \u00fcbertrifft sie in wichtigen Punkten.<\/p>\n<ul>\n<li><strong>Ger\u00e4umige, stilvoll eingerichtete Zimmer<\/strong> mit hochwertigen Betten, luxuri\u00f6sen B\u00e4dern und moderner Technik.<\/li>\n<li><strong>Pers\u00f6nlicher Service<\/strong> mit Liebe zum Detail.<\/li>\n<li><strong>Gute Erreichbarkeit der Rezeption und des Bewirtungsteams<\/strong>.<\/li>\n<li><strong>Kulinarische Qualit\u00e4t<\/strong> auf hohem Niveau.<\/li>\n<li><strong>Perfekte Hygiene und Komfort<\/strong> in jedem Raum.<\/li>\n<\/ul>\n<p>Auf Kasteel Oost f\u00fcgen wir noch etwas hinzu: einen historischen Rahmen, der jeder \u00dcbernachtung Bedeutung und Atmosph\u00e4re verleiht.<\/p>\n                        <\/div>\r\n\r\n                                                                                    <a href=\"https:\/\/booking.roomraccoon.nl\/kasteel-oost\/de\/?dateStart=2025-06-16&#038;dateEnd=2025-06-17\"                                        class=\"btn btn-primary\">Buchen Sie Ihren Aufenthalt<\/a>\r\n                                                                        <\/div>\r\n                <\/div>\r\n            <\/div>\r\n        <\/div>\r\n    <\/div>\r\n\n\n\r\n<div class=\"eye-block empty-space empty-space--large pt-md-5 pb-md-5 pt-4 pb-4\" ><\/div>\n\n\r\n    <div class=\"eye-block contentblock fade-in-animation\">\r\n        <div class=\"contentblock__text-over-image-filled\">\r\n            <div class=\"contentblock__text-over-image-filled__content\">\r\n                                <h2>Das Interieur von Kasteel Oost<\/h2>\r\n                <div class=\"contentblock__text-over-image-filled__content-text\">\r\n                    <p>Als 4-Sterne-Hotel verbinden wir modernen Luxus mit dem Charme eines monumentalen Ortes. Unsere Einrichtungen umfassen:<\/p>\n<ul>\n<li><strong>Luxuri\u00f6se Zimmer und Suiten<\/strong> im Schloss und in den Nebengeb\u00e4uden.<\/li>\n<li><strong>Restaurant Mon R\u00eave<\/strong> &#8211; feines Essen in einem intimen Ambiente.<\/li>\n<li><strong>Wellness- und Sch\u00f6nheitssalon<\/strong> f\u00fcr Entspannung mit Stil.<\/li>\n<li><strong>Kostenlose Parkpl\u00e4tze<\/strong> vor Ort.<\/li>\n<li><strong>Schnelles Wi-Fi<\/strong> und moderne Annehmlichkeiten.<\/li>\n<li><strong>Fr\u00fchst\u00fccksservice<\/strong> mit lokalen Produkten und saisonalen Angeboten.<\/li>\n<\/ul>\n<p>Egal, ob Sie nur eine Nacht bleiben oder Ihr Komplettpaket buchen, auf Kasteel Oost wird f\u00fcr jedes Detail gesorgt.<\/p>\n                <\/div>\r\n\r\n                                                            <a href=\"https:\/\/kasteeloostvalkenburg.com\/de\/restaurant\/menue\/\"                                class=\"link\">Verschaffen Sie sich gerne einen \u00dcberblick \u00fcber unser kulinarisches Angebot im Restaurant Mon R\u00eave<\/a>\r\n                                    \r\n            <\/div>\r\n\r\n            <div class=\"contentblock__text-over-image-filled__image\">\r\n                <img decoding=\"async\" src=\"https:\/\/kasteeloostvalkenburg.com\/wp-content\/uploads\/2025\/03\/Woensdag-4-december-2024-Beelden-Mon-Reve-najaar-2024-65-scaled.jpg\" alt=\"\" data-speed=\".5\">\r\n            <\/div>\r\n        <\/div>\r\n    <\/div>\r\n\r\n\n\n\r\n<div class=\"eye-block empty-space empty-space--large pt-md-5 pb-md-5 pt-4 pb-4\" ><\/div>\n\n\r\n    <div class=\"eye-block contentblock fade-in-animation\">\r\n        <div class=\"contentblock__colored-bg alt\">\r\n            <div class=\"row gx-6\">\r\n                <div class=\"col-12 col-lg-6\">\r\n                    <div class=\"contentblock__colored-bg__image alt\">\r\n                        <img decoding=\"async\" src=\"https:\/\/kasteeloostvalkenburg.com\/wp-content\/uploads\/2025\/03\/DSC_3290-scaled.jpg\" alt=\"\" data-speed=\".5\">\r\n                    <\/div>\r\n                <\/div>\r\n                <div class=\"col-12 col-lg-6\">\r\n                    <div class=\"contentblock__colored-bg__content-alt\">\r\n                        <div class=\"filled-block\">\r\n                                                        <h2>Gesch\u00e4ftsunterk\u00fcnfte &amp; Veranstaltungen<\/h2>\r\n                        <\/div>\r\n                        <div class=\"contentblock__colored-bg__content-text\">\r\n                            <p>Kasteel Oost ist mehr als ein Hotel: Es ist ein unverwechselbarer Ort f\u00fcr Gesch\u00e4ftsreisende mit der Qualit\u00e4t eines 4-Sterne-Hauses. Unsere Tagungsr\u00e4ume und Veranstaltungsfl\u00e4chen eignen sich ideal f\u00fcr Meetings, Gesundheitstage, Produktpr\u00e4sentationen und exklusive Abendessen.<\/p>\n<p>Das ist es, was Sie von uns erwarten k\u00f6nnen:<\/p>\n<ul>\n<li><strong>Stilvolle Zimmer<\/strong> mit nat\u00fcrlichem Licht und historischem Charme.<\/li>\n<li><strong>Hybride Tagungsr\u00e4ume<\/strong> mit audiovisueller Unterst\u00fctzung.<\/li>\n<li><strong>Ma\u00dfgeschneidertes Catering<\/strong>, von der Kaffeepause bis zum kulinarischen Abendessen.<\/li>\n<li><strong>\u00dcbernachtungsm\u00f6glichkeiten<\/strong> f\u00fcr Gesch\u00e4ftsreisende.<\/li>\n<li><strong>Ein professionelles Team<\/strong>, das von der Planung bis zur Ausf\u00fchrung mitdenkt.<\/li>\n<\/ul>\n<p>Dank seiner zentralen Lage in Valkenburg ist Kasteel Oost auch f\u00fcr internationale G\u00e4ste leicht erreichbar.<\/p>\n                        <\/div>\r\n\r\n                                                                                    <a href=\"https:\/\/kasteeloostvalkenburg.com\/de\/events\/geschaeftliche-veranstaltungen\/#contactform\"                                        class=\"link\">Ihr Angebot anfragen<\/a>\r\n                                                                        <\/div>\r\n                <\/div>\r\n            <\/div>\r\n        <\/div>\r\n    <\/div>\r\n\n\n\r\n<div class=\"eye-block empty-space empty-space--large pt-md-5 pb-md-5 pt-4 pb-4\" ><\/div>\n\n\r\n<div class=\"eye-block empty-space empty-space--large pt-md-5 pb-md-5 pt-4 pb-4\" ><\/div>\n\n\r\n    <div class=\"eye-block contentblock fade-in-animation\">\r\n        <div class=\"contentblock__overlapping-images\">\r\n            <div class=\"row\">\r\n                <div class=\"col-12 col-lg-7\">\r\n                    <div class=\"contentblock__overlapping-images__content\">\r\n                                                <h2>Ein denkw\u00fcrdiger Aufenthalt<\/h2>\r\n                        <div class=\"contentblock__overlapping-images__content-text\">\r\n                            <p>Ganz gleich, ob Sie einen inspirierenden Gesch\u00e4ftsaufenthalt, ein romantisches Wochenende oder einen einzigartigen Ort f\u00fcr einen besonderen Anlass suchen: Auf Kasteel Oost erleben Sie den Luxus eines 4-Sterne-Hotels mit besonderer Geschichte. Hier zelebrieren Sie das Leben mit Stil &#8211; umgeben von Geschichte, Ruhe und zeitloser Eleganz.<\/p>\n                        <\/div>\r\n\r\n                                                                                    <a href=\"https:\/\/booking.roomraccoon.nl\/kasteel-oost\/de\/?dateStart=2025-06-16&#038;dateEnd=2025-06-17\"                                        class=\"btn btn-tertiary\">Buchen Sie Ihr Zimmer<\/a>\r\n                                                    \r\n                    <\/div>\r\n                <\/div>\r\n                <div class=\"col-12 col-lg-5 overlap\">\r\n                    <div class=\"contentblock__overlapping-images__images\">\r\n                        <img decoding=\"async\" class=\"skip-lazy\" src=\"https:\/\/kasteeloostvalkenburg.com\/wp-content\/uploads\/2025\/04\/Fotos-Kasteel-Oost-6-scaled.jpg\" alt=\"\">\r\n                        <img decoding=\"async\" class=\"skip-lazy\" src=\"https:\/\/kasteeloostvalkenburg.com\/wp-content\/uploads\/2025\/03\/KOO_kasteeloost_sfeerbeeld_bruidssuite_bad-scaled.jpg\" alt=\"\">\r\n                        <img decoding=\"async\" class=\"skip-lazy\" src=\"https:\/\/kasteeloostvalkenburg.com\/wp-content\/uploads\/2025\/04\/High-Tea-en-High-Wine-31-scaled-e1744614474225.jpg\" alt=\"\">\r\n                    <\/div>\r\n                <\/div>\r\n            <\/div>\r\n        <\/div>\r\n    <\/div>\r\n\r\n\r\n\n\n\r\n<div class=\"eye-block empty-space empty-space--large pt-md-5 pb-md-5 pt-4 pb-4\" ><\/div>\n\n\r\n<div class=\"eye-block empty-space empty-space--large pt-md-5 pb-md-5 pt-4 pb-4\" ><\/div>\n\n\r\n    <div class=\"eye-block contentblock fade-in-animation\">\r\n        <div class=\"contentblock__arrow-split__container\">\r\n            <div class=\"contentblock__arrow-split\">\r\n                <div class=\"contentblock__arrow-split__title\">\r\n                                        <h2>Buchen Sie Ihren Aufenthalt<\/h2>\r\n                <\/div>\r\n                <div class=\"contentblock__arrow-split__seperator\">\r\n                    <img decoding=\"async\" src=\"https:\/\/kasteeloostvalkenburg.com\/wp-content\/themes\/kasteeloost\/images\/arrow-decoration.svg\" alt=\"Arrow seperator\">\r\n                <\/div>\r\n                <div class=\"contentblock__arrow-split__text\">\r\n                    <p>Entdecken Sie den Zauber von Kasteel Oost. Buchen Sie noch heute Ihre \u00dcbernachtung in unserem 4-Sterne-Superior-Hotel in Valkenburg. <\/p>\n<p>&nbsp;<\/p>\n                                                                        <a href=\"https:\/\/booking.roomraccoon.nl\/kasteel-oost\/de\/?dateStart=2025-06-16&#038;dateEnd=2025-06-17\"                                    class=\"link\">Buchen Sie Ihr Zimmer<\/a>\r\n                                                            <\/div>\r\n            <\/div>\r\n        <\/div>\r\n    <\/div>\r\n\r\n\n\n\r\n<div class=\"eye-block empty-space empty-space--large pt-md-5 pb-md-5 pt-4 pb-4\" ><\/div>\n\n\r\n<div class=\"eye-block empty-space empty-space--large pt-md-5 pb-md-5 pt-4 pb-4\" ><\/div>\n\n\r\n<div class=\"eye-block end-of-page-link\">\r\n    <div class=\"end-of-page-link__intro\">\r\n        <p>Entdecken Sie<\/p>\r\n        <h2 class=\"no-fancy-letter\">Kasteel Oost<\/h2>\r\n        <a href=\"\/album\" class=\"btn btn-primary\">Galerij<\/a>\r\n    <\/div>\r\n    <div class=\"end-of-page-link__images\">\r\n                    <a href=\"\/de\/hotel\" class=\"end-of-page-link__images-item\">\r\n                <p>Hotel<\/p>\r\n                <img decoding=\"async\" src=\"https:\/\/kasteeloostvalkenburg.com\/wp-content\/uploads\/2025\/03\/Suites-Thumbnail-scaled.webp\" alt=\"Hotel\">\r\n            <\/a>\r\n                    <a href=\"\/de\/restaurant\" class=\"end-of-page-link__images-item\">\r\n                <p>Restaurant<\/p>\r\n                <img decoding=\"async\" src=\"https:\/\/kasteeloostvalkenburg.com\/wp-content\/uploads\/2025\/03\/Restaurant-Thumbnail-scaled.webp\" alt=\"Restaurant\">\r\n            <\/a>\r\n            <\/div>\r\n<\/div>\r\n\n\n\r\n<div class=\"eye-block empty-space empty-space--large pt-md-5 pb-md-5 pt-4 pb-4\" ><\/div>\n\n\n<div class=\"ghostkit-grid ghostkit-grid-gap-md ghostkit-grid-justify-content-center\"><div class=\"ghostkit-grid-inner\">\n<div class=\"ghostkit-col ghostkit-col-lg-12 ghostkit-col-xl-12 ghostkit-col-4\"><div class=\"ghostkit-col-content is-layout-flow wp-block-ghostkit-grid-column-is-layout-flow\">\r\n<div class=\"colored-bg-container\">\r\n    <div class=\"eye-block colored-bg bg--lightbeige\">\r\n        <div class=\"container\">\r\n            <div class=\"row\">\r\n                <div class=\"col-12 p-0\">\r\n                    <div class=\"acf-innerblocks-container\">\n\n<h4 class=\"wp-block-heading\" id=\"contact\">Kontakt<\/h4>\n\n\n\n<ul class=\"wp-block-list\">\n<li><a href=\"mailto:info@kasteeloostvalkenburg.com\"><a href=\"mailto:info@kasteeloostvalkenburg.com\">info@kasteeloostvalkenburg.com<\/a><\/a><\/li>\n\n\n\n<li>+31 (0) 432 &#8211; 005 127<br><\/li>\n<\/ul>\n\n<\/div>\r\n                <\/div>\r\n            <\/div>\r\n        <\/div>\r\n    <\/div>\r\n<\/div><\/div><\/div>\n<\/div><\/div>\n","protected":false},"excerpt":{"rendered":"","protected":false},"author":2,"featured_media":0,"parent":3274,"menu_order":0,"comment_status":"closed","ping_status":"closed","template":"","meta":{"_acf_changed":false,"ghostkit_customizer_options":"","ghostkit_custom_css":"","ghostkit_custom_js_head":"","ghostkit_custom_js_foot":"","ghostkit_typography":"","footnotes":""},"class_list":["post-3282","page","type-page","status-publish","hentry"],"acf":[],"yoast_head":"<!-- This site is optimized with the Yoast SEO plugin v27.3 - https:\/\/yoast.com\/product\/yoast-seo-wordpress\/ -->\n<title>4-Sterne-Hotel Superior | Hotel Kasteel Oost<\/title>\n<meta name=\"description\" content=\"Willkommen im Kasteel Oost in Valkenburg: ein exklusives 4-Sterne-Hotel, in dem historische Grandezza auf modernen Komfort trifft.\" \/>\n<meta name=\"robots\" content=\"index, follow, max-snippet:-1, max-image-preview:large, max-video-preview:-1\" \/>\n<link rel=\"canonical\" href=\"https:\/\/kasteeloostvalkenburg.com\/de\/i\/4-sterne-hotel-kasteel-oost\/\" \/>\n<meta property=\"og:locale\" content=\"de_DE\" \/>\n<meta property=\"og:type\" content=\"article\" \/>\n<meta property=\"og:title\" content=\"4-Sterne-Hotel Superior | Hotel Kasteel Oost\" \/>\n<meta property=\"og:description\" content=\"Willkommen im Kasteel Oost in Valkenburg: ein exklusives 4-Sterne-Hotel, in dem historische Grandezza auf modernen Komfort trifft.\" \/>\n<meta property=\"og:url\" content=\"https:\/\/kasteeloostvalkenburg.com\/de\/i\/4-sterne-hotel-kasteel-oost\/\" \/>\n<meta property=\"og:site_name\" content=\"Kasteel Oost\" \/>\n<meta property=\"article:publisher\" content=\"https:\/\/www.facebook.com\/Kooningstheweddingpalace\" \/>\n<meta property=\"article:modified_time\" content=\"2025-11-11T08:04:53+00:00\" \/>\n<meta name=\"twitter:card\" content=\"summary_large_image\" \/>\n<meta name=\"twitter:label1\" content=\"Gesch\u00e4tzte Lesezeit\" \/>\n\t<meta name=\"twitter:data1\" content=\"1\u00a0Minute\" \/>\n<script type=\"application\/ld+json\" class=\"yoast-schema-graph\">{\"@context\":\"https:\\\/\\\/schema.org\",\"@graph\":[{\"@type\":\"WebPage\",\"@id\":\"https:\\\/\\\/kasteeloostvalkenburg.com\\\/de\\\/i\\\/4-sterne-hotel-kasteel-oost\\\/\",\"url\":\"https:\\\/\\\/kasteeloostvalkenburg.com\\\/de\\\/i\\\/4-sterne-hotel-kasteel-oost\\\/\",\"name\":\"4-Sterne-Hotel Superior | Hotel Kasteel Oost\",\"isPartOf\":{\"@id\":\"https:\\\/\\\/kasteeloostvalkenburg.com\\\/de\\\/#website\"},\"datePublished\":\"2025-06-04T14:36:37+00:00\",\"dateModified\":\"2025-11-11T08:04:53+00:00\",\"description\":\"Willkommen im Kasteel Oost in Valkenburg: ein exklusives 4-Sterne-Hotel, in dem historische Grandezza auf modernen Komfort trifft.\",\"breadcrumb\":{\"@id\":\"https:\\\/\\\/kasteeloostvalkenburg.com\\\/de\\\/i\\\/4-sterne-hotel-kasteel-oost\\\/#breadcrumb\"},\"inLanguage\":\"de\",\"potentialAction\":[{\"@type\":\"ReadAction\",\"target\":[\"https:\\\/\\\/kasteeloostvalkenburg.com\\\/de\\\/i\\\/4-sterne-hotel-kasteel-oost\\\/\"]}]},{\"@type\":\"BreadcrumbList\",\"@id\":\"https:\\\/\\\/kasteeloostvalkenburg.com\\\/de\\\/i\\\/4-sterne-hotel-kasteel-oost\\\/#breadcrumb\",\"itemListElement\":[{\"@type\":\"ListItem\",\"position\":1,\"name\":\"Startseite\",\"item\":\"https:\\\/\\\/kasteeloostvalkenburg.com\\\/de\\\/\"},{\"@type\":\"ListItem\",\"position\":2,\"name\":\"i\",\"item\":\"https:\\\/\\\/kasteeloostvalkenburg.com\\\/de\\\/i\\\/\"},{\"@type\":\"ListItem\",\"position\":3,\"name\":\"4-Sterne-Hotel Superior\"}]},{\"@type\":\"WebSite\",\"@id\":\"https:\\\/\\\/kasteeloostvalkenburg.com\\\/de\\\/#website\",\"url\":\"https:\\\/\\\/kasteeloostvalkenburg.com\\\/de\\\/\",\"name\":\"Kasteel Oost\",\"description\":\"\",\"publisher\":{\"@id\":\"https:\\\/\\\/kasteeloostvalkenburg.com\\\/de\\\/#organization\"},\"potentialAction\":[{\"@type\":\"SearchAction\",\"target\":{\"@type\":\"EntryPoint\",\"urlTemplate\":\"https:\\\/\\\/kasteeloostvalkenburg.com\\\/de\\\/?s={search_term_string}\"},\"query-input\":{\"@type\":\"PropertyValueSpecification\",\"valueRequired\":true,\"valueName\":\"search_term_string\"}}],\"inLanguage\":\"de\"},{\"@type\":\"Organization\",\"@id\":\"https:\\\/\\\/kasteeloostvalkenburg.com\\\/de\\\/#organization\",\"name\":\"Kasteel Oost\",\"url\":\"https:\\\/\\\/kasteeloostvalkenburg.com\\\/de\\\/\",\"logo\":{\"@type\":\"ImageObject\",\"inLanguage\":\"de\",\"@id\":\"https:\\\/\\\/kasteeloostvalkenburg.com\\\/de\\\/#\\\/schema\\\/logo\\\/image\\\/\",\"url\":\"https:\\\/\\\/kasteeloostvalkenburg.com\\\/wp-content\\\/uploads\\\/2025\\\/04\\\/KasteelOost-logo-darkgray.png\",\"contentUrl\":\"https:\\\/\\\/kasteeloostvalkenburg.com\\\/wp-content\\\/uploads\\\/2025\\\/04\\\/KasteelOost-logo-darkgray.png\",\"width\":413,\"height\":318,\"caption\":\"Kasteel Oost\"},\"image\":{\"@id\":\"https:\\\/\\\/kasteeloostvalkenburg.com\\\/de\\\/#\\\/schema\\\/logo\\\/image\\\/\"},\"sameAs\":[\"https:\\\/\\\/www.facebook.com\\\/Kooningstheweddingpalace\",\"https:\\\/\\\/www.instagram.com\\\/kasteeloost\\\/\",\"https:\\\/\\\/www.tiktok.com\\\/@kooningstheweddingpalace\",\"https:\\\/\\\/nl.pinterest.com\\\/koonings\\\/\"]}]}<\/script>\n<!-- \/ Yoast SEO plugin. -->","yoast_head_json":{"title":"4-Sterne-Hotel Superior | Hotel Kasteel Oost","description":"Willkommen im Kasteel Oost in Valkenburg: ein exklusives 4-Sterne-Hotel, in dem historische Grandezza auf modernen Komfort trifft.","robots":{"index":"index","follow":"follow","max-snippet":"max-snippet:-1","max-image-preview":"max-image-preview:large","max-video-preview":"max-video-preview:-1"},"canonical":"https:\/\/kasteeloostvalkenburg.com\/de\/i\/4-sterne-hotel-kasteel-oost\/","og_locale":"de_DE","og_type":"article","og_title":"4-Sterne-Hotel Superior | Hotel Kasteel Oost","og_description":"Willkommen im Kasteel Oost in Valkenburg: ein exklusives 4-Sterne-Hotel, in dem historische Grandezza auf modernen Komfort trifft.","og_url":"https:\/\/kasteeloostvalkenburg.com\/de\/i\/4-sterne-hotel-kasteel-oost\/","og_site_name":"Kasteel Oost","article_publisher":"https:\/\/www.facebook.com\/Kooningstheweddingpalace","article_modified_time":"2025-11-11T08:04:53+00:00","twitter_card":"summary_large_image","twitter_misc":{"Gesch\u00e4tzte Lesezeit":"1\u00a0Minute"},"schema":{"@context":"https:\/\/schema.org","@graph":[{"@type":"WebPage","@id":"https:\/\/kasteeloostvalkenburg.com\/de\/i\/4-sterne-hotel-kasteel-oost\/","url":"https:\/\/kasteeloostvalkenburg.com\/de\/i\/4-sterne-hotel-kasteel-oost\/","name":"4-Sterne-Hotel Superior | Hotel Kasteel Oost","isPartOf":{"@id":"https:\/\/kasteeloostvalkenburg.com\/de\/#website"},"datePublished":"2025-06-04T14:36:37+00:00","dateModified":"2025-11-11T08:04:53+00:00","description":"Willkommen im Kasteel Oost in Valkenburg: ein exklusives 4-Sterne-Hotel, in dem historische Grandezza auf modernen Komfort trifft.","breadcrumb":{"@id":"https:\/\/kasteeloostvalkenburg.com\/de\/i\/4-sterne-hotel-kasteel-oost\/#breadcrumb"},"inLanguage":"de","potentialAction":[{"@type":"ReadAction","target":["https:\/\/kasteeloostvalkenburg.com\/de\/i\/4-sterne-hotel-kasteel-oost\/"]}]},{"@type":"BreadcrumbList","@id":"https:\/\/kasteeloostvalkenburg.com\/de\/i\/4-sterne-hotel-kasteel-oost\/#breadcrumb","itemListElement":[{"@type":"ListItem","position":1,"name":"Startseite","item":"https:\/\/kasteeloostvalkenburg.com\/de\/"},{"@type":"ListItem","position":2,"name":"i","item":"https:\/\/kasteeloostvalkenburg.com\/de\/i\/"},{"@type":"ListItem","position":3,"name":"4-Sterne-Hotel Superior"}]},{"@type":"WebSite","@id":"https:\/\/kasteeloostvalkenburg.com\/de\/#website","url":"https:\/\/kasteeloostvalkenburg.com\/de\/","name":"Kasteel Oost","description":"","publisher":{"@id":"https:\/\/kasteeloostvalkenburg.com\/de\/#organization"},"potentialAction":[{"@type":"SearchAction","target":{"@type":"EntryPoint","urlTemplate":"https:\/\/kasteeloostvalkenburg.com\/de\/?s={search_term_string}"},"query-input":{"@type":"PropertyValueSpecification","valueRequired":true,"valueName":"search_term_string"}}],"inLanguage":"de"},{"@type":"Organization","@id":"https:\/\/kasteeloostvalkenburg.com\/de\/#organization","name":"Kasteel Oost","url":"https:\/\/kasteeloostvalkenburg.com\/de\/","logo":{"@type":"ImageObject","inLanguage":"de","@id":"https:\/\/kasteeloostvalkenburg.com\/de\/#\/schema\/logo\/image\/","url":"https:\/\/kasteeloostvalkenburg.com\/wp-content\/uploads\/2025\/04\/KasteelOost-logo-darkgray.png","contentUrl":"https:\/\/kasteeloostvalkenburg.com\/wp-content\/uploads\/2025\/04\/KasteelOost-logo-darkgray.png","width":413,"height":318,"caption":"Kasteel Oost"},"image":{"@id":"https:\/\/kasteeloostvalkenburg.com\/de\/#\/schema\/logo\/image\/"},"sameAs":["https:\/\/www.facebook.com\/Kooningstheweddingpalace","https:\/\/www.instagram.com\/kasteeloost\/","https:\/\/www.tiktok.com\/@kooningstheweddingpalace","https:\/\/nl.pinterest.com\/koonings\/"]}]}},"_links":{"self":[{"href":"https:\/\/kasteeloostvalkenburg.com\/de\/wp-json\/wp\/v2\/pages\/3282","targetHints":{"allow":["GET"]}}],"collection":[{"href":"https:\/\/kasteeloostvalkenburg.com\/de\/wp-json\/wp\/v2\/pages"}],"about":[{"href":"https:\/\/kasteeloostvalkenburg.com\/de\/wp-json\/wp\/v2\/types\/page"}],"author":[{"embeddable":true,"href":"https:\/\/kasteeloostvalkenburg.com\/de\/wp-json\/wp\/v2\/users\/2"}],"replies":[{"embeddable":true,"href":"https:\/\/kasteeloostvalkenburg.com\/de\/wp-json\/wp\/v2\/comments?post=3282"}],"version-history":[{"count":5,"href":"https:\/\/kasteeloostvalkenburg.com\/de\/wp-json\/wp\/v2\/pages\/3282\/revisions"}],"predecessor-version":[{"id":3347,"href":"https:\/\/kasteeloostvalkenburg.com\/de\/wp-json\/wp\/v2\/pages\/3282\/revisions\/3347"}],"up":[{"embeddable":true,"href":"https:\/\/kasteeloostvalkenburg.com\/de\/wp-json\/wp\/v2\/pages\/3274"}],"wp:attachment":[{"href":"https:\/\/kasteeloostvalkenburg.com\/de\/wp-json\/wp\/v2\/media?parent=3282"}],"curies":[{"name":"wp","href":"https:\/\/api.w.org\/{rel}","templated":true}]}}