{"id":2947,"date":"2025-04-23T15:00:00","date_gmt":"2025-04-23T15:00:00","guid":{"rendered":"https:\/\/kasteeloostvalkenburg.com\/hausordnung\/"},"modified":"2025-10-08T12:42:04","modified_gmt":"2025-10-08T12:42:04","slug":"hausordnung","status":"publish","type":"page","link":"https:\/\/kasteeloostvalkenburg.com\/de\/hausordnung\/","title":{"rendered":"Hausordnung"},"content":{"rendered":"\n<div class=\"ghostkit-grid ghostkit-grid-gap-md ghostkit-grid-justify-content-center\"><div class=\"ghostkit-grid-inner\">\n<div class=\"ghostkit-col ghostkit-col-lg-12 ghostkit-col-8\"><div class=\"ghostkit-col-content is-layout-flow wp-block-ghostkit-grid-column-is-layout-flow\">\n<h2 class=\"wp-block-heading\" id=\"huisregels\">Hausordnung<\/h2>\n\n\n\n<p>Willkommen bei Kasteel Oost!<\/p>\n\n\n\n<p>Wir sind stolz auf unsere einzigartige Lage, in der unsere G\u00e4ste unser Hotel, Restaurant, Schloss, die G\u00e4rten und den Veranstaltungsort genie\u00dfen k\u00f6nnen. Um das Erlebnis f\u00fcr alle so angenehm und sicher wie m\u00f6glich zu gestalten, haben wir die folgenden Hausregeln. <\/p>\n\n\n\r\n<div class=\"eye-block empty-space empty-space--klein \" ><\/div>\n\n\n<h3 class=\"wp-block-heading\" id=\"algemeen\"><strong>Allgemein<\/strong><\/h3>\n\n\n\r\n<div class=\"eye-block empty-space empty-space--klein \" ><\/div>\n\n\n<h4 class=\"wp-block-heading no-fancy-letter\" id=\"respect-voor-de-locatie\"><strong>Respekt f\u00fcr den Standort<\/strong><\/h4>\n\n\n\n<p>Kasteel Oost ist ein historisches Geb\u00e4ude und wir bitten alle G\u00e4ste, es mit Sorgfalt und Respekt zu behandeln.<\/p>\n\n\n\n<h4 class=\"wp-block-heading no-fancy-letter\" id=\"respect-voor-de-locatie\"><strong><strong>Verhalten<\/strong><\/strong><\/h4>\n\n\n\n<p>Von Besuchern wird erwartet, dass sie sich respektvoll gegen\u00fcber anderen G\u00e4sten, dem Personal und der Umgebung verhalten. Aggressives oder st\u00f6rendes Verhalten wird nicht geduldet. <\/p>\n\n\n\n<h4 class=\"wp-block-heading no-fancy-letter\" id=\"respect-voor-de-locatie\"><strong><strong><strong>Haftung<\/strong><\/strong><\/strong><\/h4>\n\n\n\n<p>Kasteel Oost haftet nicht f\u00fcr Verlust, Diebstahl oder Sch\u00e4den an pers\u00f6nlichem Eigentum. Sch\u00e4den am Geb\u00e4ude, an der Einrichtung oder im Garten, die von Besuchern verursacht wurden, werden vom Verursacher zur\u00fcckgefordert. <\/p>\n\n\n\r\n<div class=\"eye-block empty-space empty-space--klein \" ><\/div>\n\n\n<h3 class=\"wp-block-heading\" id=\"kinderen-dieren\">Kinder &amp; Tiere<\/h3>\n\n\n\r\n<div class=\"eye-block empty-space empty-space--klein \" ><\/div>\n\n\n<h4 class=\"wp-block-heading no-fancy-letter\" id=\"respect-voor-de-locatie\"><strong><strong>Kinder<\/strong><\/strong><\/h4>\n\n\n\n<p>Kinder unter 18 Jahren sind willkommen, wenn sie von einem Erwachsenen beaufsichtigt werden. Bitte beachten Sie, dass das Gel\u00e4nde Teiche, Treppen und andere Elemente enth\u00e4lt, die besondere Vorsicht erfordern. <\/p>\n\n\n\n<h4 class=\"wp-block-heading no-fancy-letter\" id=\"respect-voor-de-locatie\"><strong><strong><strong>Haustiere<\/strong><\/strong><\/strong><\/h4>\n\n\n\n<p>Haustiere sind im Kasteel Oost erlaubt. Es gelten jedoch Bedingungen. Wenn Sie ein Tier mitbringen m\u00f6chten, lesen Sie bitte <a href=\"https:\/\/kasteeloostvalkenburg.com\/de\/haustier-politik\/\">die Richtlinien f\u00fcr Haustiere<\/a> hier.    <\/p>\n\n\n\r\n<div class=\"eye-block empty-space empty-space--klein \" ><\/div>\n\n\n<h3 class=\"wp-block-heading\" id=\"roken-alcohol-veiligheid\">Rauchen, Alkohol &amp; Sicherheit<\/h3>\n\n\n\r\n<div class=\"eye-block empty-space empty-space--klein \" ><\/div>\n\n\n<h4 class=\"wp-block-heading no-fancy-letter\" id=\"respect-voor-de-locatie\"><strong><strong>Rauchen<\/strong><\/strong><\/h4>\n\n\n\n<p><strong>Allgemeines Rauchverbot<\/strong><br\/>Im Hotel Kasteel Oost legen wir gro\u00dfen Wert auf die Gesundheit, die Sicherheit und den Komfort aller unserer G\u00e4ste. Daher gilt in allen Innenbereichen des Hotels ein <strong>striktes Rauchverbot<\/strong>, einschlie\u00dflich: <\/p>\n\n\n\n<ul class=\"wp-block-list\">\n<li>Hotelzimmer und Suiten<\/li>\n\n\n\n<li>B\u00e4der<\/li>\n\n\n\n<li>Korridore und Treppenh\u00e4user<\/li>\n\n\n\n<li>Tagungsr\u00e4ume und Banketts\u00e4le<\/li>\n\n\n\n<li>Alle anderen gemeinsamen Innenbereiche<\/li>\n<\/ul>\n\n\n\n<p><strong>Erlaubte Raucherbereiche<\/strong><br\/>Das Rauchen ist nur in ausgewiesenen Raucherbereichen au\u00dferhalb des Hotels erlaubt. Diese sind deutlich gekennzeichnet und mit Aschenbechern ausgestattet. Wir bitten unsere G\u00e4ste, nur diese Bereiche zu nutzen und die Zigarettenreste ordentlich in den Aschenbechern zu entsorgen.  <\/p>\n\n\n\n<p><strong>Strafe f\u00fcr Versto\u00df<\/strong><\/p>\n\n\n\n<p>Wenn das Rauchen in den Hotelzimmern oder anderen nicht genehmigten Bereichen festgestellt wird, wird eine <strong>Geldstrafe von 1000 \u20ac<\/strong> erhoben. Diese Geldstrafe umfasst unter anderem: <\/p>\n\n\n\n<ul class=\"wp-block-list\">\n<li>Zus\u00e4tzliche Reinigungskosten und Reinigung von Vorh\u00e4ngen, M\u00f6beln und B\u00f6den<\/li>\n\n\n\n<li>M\u00f6glicher Ersatz von Textilien und Inventar<\/li>\n\n\n\n<li>Vor\u00fcbergehende Sperrung des Zimmers aufgrund von Geruchsbel\u00e4stigung f\u00fcr nachfolgende G\u00e4ste<\/li>\n<\/ul>\n\n\n\n<p>Die Geldstrafe wird direkt von der Zimmerrechnung oder der Kreditkarte des Gastes abgebucht.<\/p>\n\n\n\n<p><strong>E-Zigaretten und andere Rauchger\u00e4te<\/strong><br\/>Der Gebrauch von E-Zigaretten, Vapes, Shishas oder \u00e4hnlichen Rauchger\u00e4ten f\u00e4llt ebenfalls unter dieses Rauchverbot und zieht bei Zuwiderhandlung die gleiche Geldstrafe nach sich.<\/p>\n\n\n\n<p><strong>Durchsetzung und Einhaltung<\/strong><br\/>Unsere Mitarbeiter sind befugt, Verst\u00f6\u00dfe festzustellen und entsprechende Ma\u00dfnahmen zu ergreifen. Bei wiederholten Verst\u00f6\u00dfen behalten wir uns das Recht vor, dem Gast den Zutritt zum Hotel ohne Erstattung der Geb\u00fchren zu verweigern. <\/p>\n\n\n\n<p><strong>Unsere gemeinsame Verantwortung<\/strong><br\/>Wir z\u00e4hlen auf Ihr Verst\u00e4ndnis und Ihre Mitarbeit, um eine rauchfreie, gesunde und komfortable Umgebung f\u00fcr alle unsere G\u00e4ste zu gew\u00e4hrleisten.<\/p>\n\n\n\n<h4 class=\"wp-block-heading no-fancy-letter\" id=\"respect-voor-de-locatie\"><strong><strong><strong>Alkohol &amp; Drogen<\/strong><\/strong><\/strong><\/h4>\n\n\n\n<p>Der Konsum von Alkohol ist in vern\u00fcnftigen Grenzen erlaubt. Der Konsum von Drogen oder \u00fcberm\u00e4\u00dfiger Alkoholkonsum ist nicht gestattet. Im Falle einer Bel\u00e4stigung behalten wir uns das Recht vor, einzugreifen.  <\/p>\n\n\n\n<h4 class=\"wp-block-heading no-fancy-letter\" id=\"respect-voor-de-locatie\"><strong><strong><strong><strong>Offenes Feuer\/Kerzen<\/strong><\/strong><\/strong><\/strong><\/h4>\n\n\n\n<p>Aus Gr\u00fcnden des Brandschutzes sind offene Feuer, Feuerstellen und Kerzen nur nach R\u00fccksprache und an von uns genehmigten Orten erlaubt.<\/p>\n\n\n\r\n<div class=\"eye-block empty-space empty-space--klein \" ><\/div>\n\n\n<h3 class=\"wp-block-heading\" id=\"evenementen-feesten\">Veranstaltungen &amp; Partys<\/h3>\n\n\n\r\n<div class=\"eye-block empty-space empty-space--klein \" ><\/div>\n\n\n<h4 class=\"wp-block-heading no-fancy-letter\" id=\"respect-voor-de-locatie\"><strong><strong><strong>Endzeit<\/strong><\/strong><\/strong><\/h4>\n\n\n\n<p>Die Partys dauern bis sp\u00e4testens 01:00 Uhr und enden um 01:30 Uhr mit der Abreise.<\/p>\n\n\n\n<h4 class=\"wp-block-heading no-fancy-letter\" id=\"respect-voor-de-locatie\"><strong><strong><strong><strong>Ton<\/strong><\/strong><\/strong><\/strong><\/h4>\n\n\n\n<p>Wir bem\u00fchen uns, f\u00fcr alle G\u00e4ste das richtige Gleichgewicht zwischen Party und Komfort zu finden. Bei Veranstaltungen darf der Ger\u00e4uschpegel auf der Tanzfl\u00e4che 95 dB(A) nicht \u00fcberschreiten. In anderen Innen- und Au\u00dfenbereichen darf der Ton f\u00fcr andere G\u00e4ste, z.B. Hotelbesucher, nicht st\u00f6rend h\u00f6rbar sein. Beschallungsanlagen werden in Absprache mit uns koordiniert. Im Falle einer Bel\u00e4stigung behalten wir uns das Recht vor, die Lautst\u00e4rke anzupassen.    <\/p>\n\n\n\n<h4 class=\"wp-block-heading no-fancy-letter\" id=\"respect-voor-de-locatie\"><strong><strong><strong><strong><strong>Beratung<\/strong><\/strong><\/strong><\/strong><\/strong><\/h4>\n\n\n\n<p>Bei Veranstaltungen sollte immer eine Kontaktperson der Organisation\/des Auftraggebers anwesend und erreichbar sein.<\/p>\n\n\n\n<h4 class=\"wp-block-heading no-fancy-letter\" id=\"respect-voor-de-locatie\"><strong><strong><strong><strong><strong><strong>Dekorationen &amp; Konfetti<\/strong><\/strong><\/strong><\/strong><\/strong><\/strong><\/h4>\n\n\n\n<p>Die Verwendung von Dekorationen wie Konfetti, Rosenbl\u00e4ttern oder Reis ist nur erlaubt, wenn sie aus umweltfreundlichem und biologisch abbaubarem Material bestehen. Die Verwendung von Plastik- oder Glitzerkonfetti ist nicht erlaubt. Wenn Sie Zweifel haben, kontaktieren Sie uns bitte.  <\/p>\n\n\n\r\n<div class=\"eye-block empty-space empty-space--klein \" ><\/div>\n\n\n<h3 class=\"wp-block-heading\" id=\"hotelgasten\">Hotelg\u00e4ste<\/h3>\n\n\n\r\n<div class=\"eye-block empty-space empty-space--klein \" ><\/div>\n\n\n<h4 class=\"wp-block-heading no-fancy-letter\" id=\"respect-voor-de-locatie\"><strong><strong><strong><strong>Ruhezeiten<\/strong><\/strong><\/strong><\/strong><\/h4>\n\n\n\n<p>Wir bitten unsere Hotelg\u00e4ste, sich nach 23:00 Uhr ruhig zu verhalten, damit alle G\u00e4ste einen angenehmen Aufenthalt verbringen k\u00f6nnen. L\u00e4rm auf den Fluren, Treppen oder in den Zimmern ist nicht gestattet. <\/p>\n\n\n\n<h4 class=\"wp-block-heading no-fancy-letter\" id=\"respect-voor-de-locatie\"><strong><strong><strong><strong><strong>Nutzung des Zimmers<\/strong><\/strong><\/strong><\/strong><\/strong><\/h4>\n\n\n\n<p>Die Hotelzimmer d\u00fcrfen nur f\u00fcr den Aufenthalt der gebuchten G\u00e4ste genutzt werden. Die Organisation von Veranstaltungen oder Partys in den Hotelzimmern ist ohne vorherige Genehmigung der Rezeption nicht gestattet. <\/p>\n\n\n\n<h4 class=\"wp-block-heading no-fancy-letter\" id=\"respect-voor-de-locatie\"><strong><strong><strong><strong><strong><strong>Rauchen<\/strong><\/strong><\/strong><\/strong><\/strong><\/strong><\/h4>\n\n\n\n<p>Das Rauchen ist in den Hotelzimmern nicht gestattet. Hierf\u00fcr stehen spezielle Raucherbereiche zur Verf\u00fcgung. <\/p>\n\n\n\n<h4 class=\"wp-block-heading no-fancy-letter\" id=\"respect-voor-de-locatie\"><strong><strong><strong><strong><strong><strong><strong>Haustiere<\/strong><\/strong><\/strong><\/strong><\/strong><\/strong><\/strong><\/h4>\n\n\n\n<p>Haustiere sind in den Hotelzimmern erlaubt, aber es gelten bestimmte Bedingungen. Lesen Sie <a href=\"https:\/\/kasteeloostvalkenburg.com\/de\/haustier-politik\/\">die Richtlinien f\u00fcr Haustiere<\/a> hier.   <\/p>\n\n\n\n<h4 class=\"wp-block-heading no-fancy-letter\" id=\"respect-voor-de-locatie\"><strong><strong><strong><strong><strong><strong>Schaden &amp; Haftung<\/strong><\/strong><\/strong><\/strong><\/strong><\/strong><\/h4>\n\n\n\n<p>Die G\u00e4ste sind f\u00fcr alle Sch\u00e4den an den Hotelzimmern oder anderen Teilen des Hotels verantwortlich. Alle Sch\u00e4den werden dem Gast in Rechnung gestellt. <\/p>\n\n\n\n<h4 class=\"wp-block-heading no-fancy-letter\" id=\"respect-voor-de-locatie\"><strong><strong><strong><strong><strong><strong><strong>Sicherheit<\/strong><\/strong><\/strong><\/strong><\/strong><\/strong><\/strong><\/h4>\n\n\n\n<p>Im Falle eines Notfalls sollten die Hotelg\u00e4ste sofort den Anweisungen des Personals folgen. Es ist wichtig, dass die Notausg\u00e4nge frei bleiben und keine Hindernisse in den Korridoren aufgestellt werden. <\/p>\n\n\n\r\n<div class=\"eye-block empty-space empty-space--klein \" ><\/div>\n\n\n<h3 class=\"wp-block-heading\" id=\"openbare-tuin\">\u00d6ffentlicher Garten<\/h3>\n\n\n\r\n<div class=\"eye-block empty-space empty-space--klein \" ><\/div>\n\n\n<h4 class=\"wp-block-heading no-fancy-letter\" id=\"respect-voor-de-locatie\"><strong><strong><strong><strong><strong><strong><strong>Zugang und Nutzung<\/strong><\/strong><\/strong><\/strong><\/strong><\/strong><\/strong><\/h4>\n\n\n\n<p>Der Garten ist \u00f6ffentlich und f\u00fcr alle G\u00e4ste von Kasteel Oost zug\u00e4nglich. Wir bitten unsere G\u00e4ste, den Garten mit Respekt zu behandeln und sich angemessen zu verhalten, damit alle seine Sch\u00f6nheit genie\u00dfen k\u00f6nnen. <\/p>\n\n\n\n<h4 class=\"wp-block-heading no-fancy-letter\" id=\"respect-voor-de-locatie\"><strong><strong><strong><strong><strong><strong><strong><strong>Verhalten im Garten<\/strong><\/strong><\/strong><\/strong><\/strong><\/strong><\/strong><\/strong><\/h4>\n\n\n\n<p>Bitte nehmen Sie R\u00fccksicht auf andere Besucher: L\u00e4rm, herumliegende Gegenst\u00e4nde oder st\u00f6rendes Verhalten sind nicht erlaubt. Die Nutzung des Gartens dient der Entspannung und Erholung, nicht f\u00fcr gro\u00dfe Veranstaltungen oder Partys ohne vorherige Genehmigung. <\/p>\n\n\n\n<h4 class=\"wp-block-heading no-fancy-letter\" id=\"respect-voor-de-locatie\"><strong><strong><strong><strong><strong><strong><strong>Schutz der Natur<\/strong><\/strong><\/strong><\/strong><\/strong><\/strong><\/strong><\/h4>\n\n\n\n<p>Der Garten besteht aus verschiedenen Pflanzen, Teichen und nat\u00fcrlichen Bereichen. Wir bitten unsere G\u00e4ste, keine Blumen, Pflanzen oder andere nat\u00fcrliche Materialien zu pfl\u00fccken oder zu besch\u00e4digen. Es d\u00fcrfen keine Abf\u00e4lle zur\u00fcckgelassen werden. Bitte benutzen Sie die bereitgestellten Abfalleimer.   <\/p>\n\n\n\n<h4 class=\"wp-block-heading no-fancy-letter\" id=\"respect-voor-de-locatie\"><strong><strong><strong><strong><strong><strong><strong><strong>Haustiere<\/strong><\/strong><\/strong><\/strong><\/strong><\/strong><\/strong><\/strong><\/h4>\n\n\n\n<p>Haustiere sind im Garten erlaubt, sofern sie beaufsichtigt werden und andere G\u00e4ste nicht st\u00f6ren. Haustiere m\u00fcssen jederzeit an der Leine gef\u00fchrt werden. <\/p>\n\n\n\r\n<div class=\"eye-block empty-space empty-space--klein \" ><\/div>\n\n\n<h3 class=\"wp-block-heading\" id=\"privacy-filmen-fotograferen\">Datenschutz, Filmen &amp; Fotografieren<\/h3>\n\n\n\r\n<div class=\"eye-block empty-space empty-space--klein \" ><\/div>\n\n\n<h4 class=\"wp-block-heading no-fancy-letter\" id=\"respect-voor-de-locatie\"><strong><strong><strong><strong><strong><strong><strong><strong><strong>Fotografie und Video<\/strong><\/strong><\/strong><\/strong><\/strong><\/strong><\/strong><\/strong><\/strong><\/h4>\n\n\n\n<p>Das Aufnehmen von Fotos und Videos ist am Veranstaltungsort erlaubt, aber wir bitten unsere G\u00e4ste, sich anderen gegen\u00fcber respektvoll zu verhalten. Es ist nicht gestattet, ohne Erlaubnis Bilder von anderen G\u00e4sten, Mitarbeitern oder Privateigentum zu machen. Wir stellen Ihnen unseren Veranstaltungsort gerne f\u00fcr Hochzeitsfotos zur Verf\u00fcgung: Kasteel Oost. Dieser Service ist f\u00fcr \u20ac250 erh\u00e4ltlich.   <\/p>\n\n\n\n<h4 class=\"wp-block-heading no-fancy-letter\" id=\"respect-voor-de-locatie\"><strong><strong><strong><strong><strong><strong><strong><strong>Soziale Medien<\/strong><\/strong><\/strong><\/strong><\/strong><\/strong><\/strong><\/strong><\/h4>\n\n\n\n<p>Es steht den G\u00e4sten frei, Fotos und Videos in den sozialen Medien zu teilen, solange dies keine Unannehmlichkeiten f\u00fcr andere G\u00e4ste verursacht. Bitte teilen Sie keine unangemessenen oder st\u00f6renden Inhalte, die andere in unangenehme Situationen bringen. <\/p>\n\n\n\n<h4 class=\"wp-block-heading no-fancy-letter\" id=\"respect-voor-de-locatie\"><strong><strong><strong><strong><strong><strong><strong><strong><strong>Privatleben<\/strong><\/strong><\/strong><\/strong><\/strong><\/strong><\/strong><\/strong><\/strong><\/h4>\n\n\n\n<p>Wir sch\u00e4tzen die Privatsph\u00e4re unserer G\u00e4ste. Es ist verboten, vertrauliche oder pers\u00f6nliche Informationen anderer ohne Erlaubnis aufzuzeichnen oder weiterzugeben. <\/p>\n\n\n\r\n<div class=\"eye-block empty-space empty-space--klein \" ><\/div>\n\n\n<h3 class=\"wp-block-heading\" id=\"overig\">Andere<\/h3>\n\n\n\r\n<div class=\"eye-block empty-space empty-space--klein \" ><\/div>\n\n\n<h4 class=\"wp-block-heading no-fancy-letter\" id=\"respect-voor-de-locatie\"><strong><strong><strong><strong><strong><strong><strong><strong><strong>Parken<\/strong><\/strong><\/strong><\/strong><\/strong><\/strong><\/strong><\/strong><\/strong><\/h4>\n\n\n\n<p>Das Parken ist auf den ausgewiesenen Pl\u00e4tzen m\u00f6glich. Das Parken erfolgt auf eigene Gefahr. <\/p>\n\n\n\n<h4 class=\"wp-block-heading no-fancy-letter\" id=\"respect-voor-de-locatie\"><strong><strong><strong><strong><strong><strong><strong><strong><strong><strong>Einhaltung der Regeln<\/strong><\/strong><\/strong><\/strong><\/strong><\/strong><\/strong><\/strong><\/strong><\/strong><\/h4>\n\n\n\n<p>Indem Sie die R\u00e4umlichkeiten von Kasteel Oost betreten, erkl\u00e4ren Sie sich mit diesen Hausregeln einverstanden. Im Falle eines Versto\u00dfes behalten wir uns das Recht vor, Ma\u00dfnahmen zu ergreifen oder den Zugang zu verweigern. <\/p>\n<\/div><\/div>\n<\/div><\/div>\n","protected":false},"excerpt":{"rendered":"","protected":false},"author":1,"featured_media":0,"parent":0,"menu_order":0,"comment_status":"closed","ping_status":"closed","template":"","meta":{"_acf_changed":false,"ghostkit_customizer_options":"","ghostkit_custom_css":"","ghostkit_custom_js_head":"","ghostkit_custom_js_foot":"","ghostkit_typography":"","footnotes":""},"class_list":["post-2947","page","type-page","status-publish","hentry"],"acf":[],"yoast_head":"<!-- This site is optimized with the Yoast SEO plugin v27.3 - https:\/\/yoast.com\/product\/yoast-seo-wordpress\/ -->\n<title>Hausordnung - Kasteel Oost<\/title>\n<meta name=\"description\" content=\"Wir sind stolz auf unsere einzigartige Lage, in der unsere G\u00e4ste unser Hotel, Restaurant, Schloss, die G\u00e4rten und den Veranstaltungsort genie\u00dfen k\u00f6nnen. Um das Erlebnis f\u00fcr alle so angenehm und sicher wie m\u00f6glich zu gestalten, haben wir die folgenden Hausregeln.\" \/>\n<meta name=\"robots\" content=\"index, follow, max-snippet:-1, max-image-preview:large, max-video-preview:-1\" \/>\n<link rel=\"canonical\" href=\"https:\/\/kasteeloostvalkenburg.com\/de\/hausordnung\/\" \/>\n<meta property=\"og:locale\" content=\"de_DE\" \/>\n<meta property=\"og:type\" content=\"article\" \/>\n<meta property=\"og:title\" content=\"Hausordnung - Kasteel Oost\" \/>\n<meta property=\"og:description\" content=\"Wir sind stolz auf unsere einzigartige Lage, in der unsere G\u00e4ste unser Hotel, Restaurant, Schloss, die G\u00e4rten und den Veranstaltungsort genie\u00dfen k\u00f6nnen. Um das Erlebnis f\u00fcr alle so angenehm und sicher wie m\u00f6glich zu gestalten, haben wir die folgenden Hausregeln.\" \/>\n<meta property=\"og:url\" content=\"https:\/\/kasteeloostvalkenburg.com\/de\/hausordnung\/\" \/>\n<meta property=\"og:site_name\" content=\"Kasteel Oost\" \/>\n<meta property=\"article:publisher\" content=\"https:\/\/www.facebook.com\/Kooningstheweddingpalace\" \/>\n<meta property=\"article:modified_time\" content=\"2025-10-08T12:42:04+00:00\" \/>\n<meta name=\"twitter:card\" content=\"summary_large_image\" \/>\n<meta name=\"twitter:label1\" content=\"Gesch\u00e4tzte Lesezeit\" \/>\n\t<meta name=\"twitter:data1\" content=\"6\u00a0Minute\" \/>\n<script type=\"application\/ld+json\" class=\"yoast-schema-graph\">{\"@context\":\"https:\\\/\\\/schema.org\",\"@graph\":[{\"@type\":\"WebPage\",\"@id\":\"https:\\\/\\\/kasteeloostvalkenburg.com\\\/de\\\/hausordnung\\\/\",\"url\":\"https:\\\/\\\/kasteeloostvalkenburg.com\\\/de\\\/hausordnung\\\/\",\"name\":\"Hausordnung - Kasteel Oost\",\"isPartOf\":{\"@id\":\"https:\\\/\\\/kasteeloostvalkenburg.com\\\/de\\\/#website\"},\"datePublished\":\"2025-04-23T15:00:00+00:00\",\"dateModified\":\"2025-10-08T12:42:04+00:00\",\"description\":\"Wir sind stolz auf unsere einzigartige Lage, in der unsere G\u00e4ste unser Hotel, Restaurant, Schloss, die G\u00e4rten und den Veranstaltungsort genie\u00dfen k\u00f6nnen. Um das Erlebnis f\u00fcr alle so angenehm und sicher wie m\u00f6glich zu gestalten, haben wir die folgenden Hausregeln.\",\"breadcrumb\":{\"@id\":\"https:\\\/\\\/kasteeloostvalkenburg.com\\\/de\\\/hausordnung\\\/#breadcrumb\"},\"inLanguage\":\"de\",\"potentialAction\":[{\"@type\":\"ReadAction\",\"target\":[\"https:\\\/\\\/kasteeloostvalkenburg.com\\\/de\\\/hausordnung\\\/\"]}]},{\"@type\":\"BreadcrumbList\",\"@id\":\"https:\\\/\\\/kasteeloostvalkenburg.com\\\/de\\\/hausordnung\\\/#breadcrumb\",\"itemListElement\":[{\"@type\":\"ListItem\",\"position\":1,\"name\":\"Startseite\",\"item\":\"https:\\\/\\\/kasteeloostvalkenburg.com\\\/de\\\/\"},{\"@type\":\"ListItem\",\"position\":2,\"name\":\"Hausordnung\"}]},{\"@type\":\"WebSite\",\"@id\":\"https:\\\/\\\/kasteeloostvalkenburg.com\\\/de\\\/#website\",\"url\":\"https:\\\/\\\/kasteeloostvalkenburg.com\\\/de\\\/\",\"name\":\"Kasteel Oost\",\"description\":\"\",\"publisher\":{\"@id\":\"https:\\\/\\\/kasteeloostvalkenburg.com\\\/de\\\/#organization\"},\"potentialAction\":[{\"@type\":\"SearchAction\",\"target\":{\"@type\":\"EntryPoint\",\"urlTemplate\":\"https:\\\/\\\/kasteeloostvalkenburg.com\\\/de\\\/?s={search_term_string}\"},\"query-input\":{\"@type\":\"PropertyValueSpecification\",\"valueRequired\":true,\"valueName\":\"search_term_string\"}}],\"inLanguage\":\"de\"},{\"@type\":\"Organization\",\"@id\":\"https:\\\/\\\/kasteeloostvalkenburg.com\\\/de\\\/#organization\",\"name\":\"Kasteel Oost\",\"url\":\"https:\\\/\\\/kasteeloostvalkenburg.com\\\/de\\\/\",\"logo\":{\"@type\":\"ImageObject\",\"inLanguage\":\"de\",\"@id\":\"https:\\\/\\\/kasteeloostvalkenburg.com\\\/de\\\/#\\\/schema\\\/logo\\\/image\\\/\",\"url\":\"https:\\\/\\\/kasteeloostvalkenburg.com\\\/wp-content\\\/uploads\\\/2025\\\/04\\\/KasteelOost-logo-darkgray.png\",\"contentUrl\":\"https:\\\/\\\/kasteeloostvalkenburg.com\\\/wp-content\\\/uploads\\\/2025\\\/04\\\/KasteelOost-logo-darkgray.png\",\"width\":413,\"height\":318,\"caption\":\"Kasteel Oost\"},\"image\":{\"@id\":\"https:\\\/\\\/kasteeloostvalkenburg.com\\\/de\\\/#\\\/schema\\\/logo\\\/image\\\/\"},\"sameAs\":[\"https:\\\/\\\/www.facebook.com\\\/Kooningstheweddingpalace\",\"https:\\\/\\\/www.instagram.com\\\/kasteeloost\\\/\",\"https:\\\/\\\/www.tiktok.com\\\/@kooningstheweddingpalace\",\"https:\\\/\\\/nl.pinterest.com\\\/koonings\\\/\"]}]}<\/script>\n<!-- \/ Yoast SEO plugin. -->","yoast_head_json":{"title":"Hausordnung - Kasteel Oost","description":"Wir sind stolz auf unsere einzigartige Lage, in der unsere G\u00e4ste unser Hotel, Restaurant, Schloss, die G\u00e4rten und den Veranstaltungsort genie\u00dfen k\u00f6nnen. Um das Erlebnis f\u00fcr alle so angenehm und sicher wie m\u00f6glich zu gestalten, haben wir die folgenden Hausregeln.","robots":{"index":"index","follow":"follow","max-snippet":"max-snippet:-1","max-image-preview":"max-image-preview:large","max-video-preview":"max-video-preview:-1"},"canonical":"https:\/\/kasteeloostvalkenburg.com\/de\/hausordnung\/","og_locale":"de_DE","og_type":"article","og_title":"Hausordnung - Kasteel Oost","og_description":"Wir sind stolz auf unsere einzigartige Lage, in der unsere G\u00e4ste unser Hotel, Restaurant, Schloss, die G\u00e4rten und den Veranstaltungsort genie\u00dfen k\u00f6nnen. Um das Erlebnis f\u00fcr alle so angenehm und sicher wie m\u00f6glich zu gestalten, haben wir die folgenden Hausregeln.","og_url":"https:\/\/kasteeloostvalkenburg.com\/de\/hausordnung\/","og_site_name":"Kasteel Oost","article_publisher":"https:\/\/www.facebook.com\/Kooningstheweddingpalace","article_modified_time":"2025-10-08T12:42:04+00:00","twitter_card":"summary_large_image","twitter_misc":{"Gesch\u00e4tzte Lesezeit":"6\u00a0Minute"},"schema":{"@context":"https:\/\/schema.org","@graph":[{"@type":"WebPage","@id":"https:\/\/kasteeloostvalkenburg.com\/de\/hausordnung\/","url":"https:\/\/kasteeloostvalkenburg.com\/de\/hausordnung\/","name":"Hausordnung - Kasteel Oost","isPartOf":{"@id":"https:\/\/kasteeloostvalkenburg.com\/de\/#website"},"datePublished":"2025-04-23T15:00:00+00:00","dateModified":"2025-10-08T12:42:04+00:00","description":"Wir sind stolz auf unsere einzigartige Lage, in der unsere G\u00e4ste unser Hotel, Restaurant, Schloss, die G\u00e4rten und den Veranstaltungsort genie\u00dfen k\u00f6nnen. Um das Erlebnis f\u00fcr alle so angenehm und sicher wie m\u00f6glich zu gestalten, haben wir die folgenden Hausregeln.","breadcrumb":{"@id":"https:\/\/kasteeloostvalkenburg.com\/de\/hausordnung\/#breadcrumb"},"inLanguage":"de","potentialAction":[{"@type":"ReadAction","target":["https:\/\/kasteeloostvalkenburg.com\/de\/hausordnung\/"]}]},{"@type":"BreadcrumbList","@id":"https:\/\/kasteeloostvalkenburg.com\/de\/hausordnung\/#breadcrumb","itemListElement":[{"@type":"ListItem","position":1,"name":"Startseite","item":"https:\/\/kasteeloostvalkenburg.com\/de\/"},{"@type":"ListItem","position":2,"name":"Hausordnung"}]},{"@type":"WebSite","@id":"https:\/\/kasteeloostvalkenburg.com\/de\/#website","url":"https:\/\/kasteeloostvalkenburg.com\/de\/","name":"Kasteel Oost","description":"","publisher":{"@id":"https:\/\/kasteeloostvalkenburg.com\/de\/#organization"},"potentialAction":[{"@type":"SearchAction","target":{"@type":"EntryPoint","urlTemplate":"https:\/\/kasteeloostvalkenburg.com\/de\/?s={search_term_string}"},"query-input":{"@type":"PropertyValueSpecification","valueRequired":true,"valueName":"search_term_string"}}],"inLanguage":"de"},{"@type":"Organization","@id":"https:\/\/kasteeloostvalkenburg.com\/de\/#organization","name":"Kasteel Oost","url":"https:\/\/kasteeloostvalkenburg.com\/de\/","logo":{"@type":"ImageObject","inLanguage":"de","@id":"https:\/\/kasteeloostvalkenburg.com\/de\/#\/schema\/logo\/image\/","url":"https:\/\/kasteeloostvalkenburg.com\/wp-content\/uploads\/2025\/04\/KasteelOost-logo-darkgray.png","contentUrl":"https:\/\/kasteeloostvalkenburg.com\/wp-content\/uploads\/2025\/04\/KasteelOost-logo-darkgray.png","width":413,"height":318,"caption":"Kasteel Oost"},"image":{"@id":"https:\/\/kasteeloostvalkenburg.com\/de\/#\/schema\/logo\/image\/"},"sameAs":["https:\/\/www.facebook.com\/Kooningstheweddingpalace","https:\/\/www.instagram.com\/kasteeloost\/","https:\/\/www.tiktok.com\/@kooningstheweddingpalace","https:\/\/nl.pinterest.com\/koonings\/"]}]}},"_links":{"self":[{"href":"https:\/\/kasteeloostvalkenburg.com\/de\/wp-json\/wp\/v2\/pages\/2947","targetHints":{"allow":["GET"]}}],"collection":[{"href":"https:\/\/kasteeloostvalkenburg.com\/de\/wp-json\/wp\/v2\/pages"}],"about":[{"href":"https:\/\/kasteeloostvalkenburg.com\/de\/wp-json\/wp\/v2\/types\/page"}],"author":[{"embeddable":true,"href":"https:\/\/kasteeloostvalkenburg.com\/de\/wp-json\/wp\/v2\/users\/1"}],"replies":[{"embeddable":true,"href":"https:\/\/kasteeloostvalkenburg.com\/de\/wp-json\/wp\/v2\/comments?post=2947"}],"version-history":[{"count":5,"href":"https:\/\/kasteeloostvalkenburg.com\/de\/wp-json\/wp\/v2\/pages\/2947\/revisions"}],"predecessor-version":[{"id":4696,"href":"https:\/\/kasteeloostvalkenburg.com\/de\/wp-json\/wp\/v2\/pages\/2947\/revisions\/4696"}],"wp:attachment":[{"href":"https:\/\/kasteeloostvalkenburg.com\/de\/wp-json\/wp\/v2\/media?parent=2947"}],"curies":[{"name":"wp","href":"https:\/\/api.w.org\/{rel}","templated":true}]}}