{"id":2625,"date":"2025-04-14T12:41:45","date_gmt":"2025-04-14T12:41:45","guid":{"rendered":"https:\/\/kasteeloostvalkenburg.com\/datenschutzbestimmungen\/"},"modified":"2025-04-30T13:48:16","modified_gmt":"2025-04-30T13:48:16","slug":"datenschutzbestimmungen","status":"publish","type":"page","link":"https:\/\/kasteeloostvalkenburg.com\/de\/datenschutzbestimmungen\/","title":{"rendered":"Datenschutzbestimmungen"},"content":{"rendered":"\n<div class=\"ghostkit-grid ghostkit-grid-gap-md ghostkit-grid-justify-content-center\"><div class=\"ghostkit-grid-inner\">\n<div class=\"ghostkit-col ghostkit-col-lg-12 ghostkit-col-8\"><div class=\"ghostkit-col-content is-layout-flow wp-block-ghostkit-grid-column-is-layout-flow\">\n<h2 class=\"wp-block-heading\" id=\"privacybeleid\">Datenschutzbestimmungen<\/h2>\n\n\n\n<p>Koonings Horeca Valkenburg BV mit Sitz in Dukaat 5A, 5751 PW in Deurne, ist f\u00fcr die Verarbeitung personenbezogener Daten verantwortlich, wie unter<br\/>in dieser Datenschutzerkl\u00e4rung angegeben.<\/p>\n\n\n\r\n<div class=\"eye-block empty-space empty-space--klein \" ><\/div>\n\n\n<h3 class=\"wp-block-heading\" id=\"contactgegevens\">Kontaktangaben<\/h3>\n\n\n\n<p><br\/>Koonings Horeca Valkenburg BV<br\/><a href=\"https:\/\/www.koonings.com\/\">https:\/\/www.kasteeloostvalkenburg.com<br\/><\/a>Dukaat 5A<br\/>5751 PW, Deurne<br\/>0493 313 220<\/p>\n\n\n\n<p>Ramona Poels ist die Datenschutzbeauftragte von Koonings Horeca Valkenburg BV.<br\/>Sie ist erreichbar unter info@koonings.com<\/p>\n\n\n\r\n<div class=\"eye-block empty-space empty-space--klein \" ><\/div>\n\n\n<h3 class=\"wp-block-heading\" id=\"persoonsgegevens-die-wij-verwerken\">Pers\u00f6nliche Daten, die wir verarbeiten<\/h3>\n\n\n\n<p>Koonings Horeca Valkenburg BV verarbeitet Ihre personenbezogenen Daten, weil Sie unsere Dienste nutzen und\/oder weil Sie uns diese Daten selbst zur Verf\u00fcgung stellen.<\/p>\n\n\n\n<p>Nachstehend finden Sie eine \u00dcbersicht \u00fcber die von uns verarbeiteten personenbezogenen Daten:<\/p>\n\n\n\n<ul class=\"wp-block-list\">\n<li>Vorname und Nachname<\/li>\n\n\n\n<li>Rufnummer<\/li>\n\n\n\n<li>E-Mail Adresse<\/li>\n\n\n\n<li>IP-Adresse<\/li>\n\n\n\n<li>Daten \u00fcber Ihre Aktivit\u00e4ten auf unserer Website<\/li>\n\n\n\n<li>Internet-Browser und Ger\u00e4tetyp<\/li>\n<\/ul>\n\n\n\r\n<div class=\"eye-block empty-space empty-space--klein \" ><\/div>\n\n\n<h3 class=\"wp-block-heading\" id=\"bijzondere-en-of-gevoelige-persoonsgegevens-die-wij-verwerken\">Besondere und\/oder sensible pers\u00f6nliche Daten, die wir verarbeiten<\/h3>\n\n\n\n<p>Unsere Website und\/oder unser Service beabsichtigt nicht, Daten von Website-Besuchern<br\/>zu sammeln, die unter 16 Jahre alt sind. Es sei denn, sie haben die Zustimmung ihrer Eltern oder Erziehungsberechtigten. Allerdings k\u00f6nnen wir<br\/>nicht \u00fcberpr\u00fcfen, ob ein Besucher \u00e4lter als 16 Jahre ist. Wir raten Eltern daher,<br\/>in die Online-Aktivit\u00e4ten ihrer Kinder einzubeziehen, um zu vermeiden, dass Daten \u00fcber Kinder<br\/>ohne elterliche Zustimmung gesammelt werden. Wenn Sie glauben, dass wir pers\u00f6nliche Daten \u00fcber einen Minderj\u00e4hrigen ohne eine solche<br\/>Zustimmung gesammelt haben, kontaktieren Sie uns bitte<br\/>unter info@koonings.com und wir werden diese Informationen l\u00f6schen. Zu welchem Zweck und auf<br\/>welcher Grundlage wir personenbezogene Daten verarbeiten.     <\/p>\n\n\n\n<p>Koonings Horeca Valkenburg BV verarbeitet Ihre personenbezogenen Daten f\u00fcr die folgenden Zwecke:<\/p>\n\n\n\n<ul class=\"wp-block-list\">\n<li>Sie anzurufen oder per E-Mail zu kontaktieren, wenn dies zur Erbringung unserer Dienstleistungen erforderlich ist<\/li>\n<\/ul>\n\n\n\r\n<div class=\"eye-block empty-space empty-space--klein \" ><\/div>\n\n\n<h3 class=\"wp-block-heading\" id=\"geautomatiseerde-besluitvorming\">Automatisierte Entscheidungsfindung<\/h3>\n\n\n\n<p>Koonings Horeca Valkenburg BV trifft keine Entscheidungen<br\/>\u00fcber Angelegenheiten, die Personen (erheblich) beeintr\u00e4chtigen k\u00f6nnten, auf der Grundlage einer automatisierten Verarbeitung. Dabei handelt es sich um Entscheidungen<br\/>, die von Computerprogrammen oder -systemen getroffen werden, ohne dass eine Person<br\/>(z.B. ein Mitarbeiter von Koonings Horeca Valkenburg BV) zwischen ihnen steht. <\/p>\n\n\n\r\n<div class=\"eye-block empty-space empty-space--klein \" ><\/div>\n\n\n<h3 class=\"wp-block-heading\" id=\"hoe-lang-we-persoonsgegevens-bewaren\">Wie lange wir pers\u00f6nliche Daten aufbewahren<\/h3>\n\n\n\n<p>Koonings Horeca Valkenburg BV bewahrt Ihre personenbezogenen Daten nicht l\u00e4nger auf, als es f\u00fcr die Erf\u00fcllung der Zwecke, f\u00fcr die Ihre Daten erhoben wurden, unbedingt erforderlich ist. Wir verwenden die folgenden Aufbewahrungsfristen f\u00fcr die folgenden (Kategorien von) personenbezogenen Daten. <\/p>\n\n\n\n<figure class=\"wp-block-table\"><table class=\"has-fixed-layout\"><tbody><tr><td>Website mit pers\u00f6nlichen Daten<\/td><td>+\/ 6 Monate &gt; um zu kommunizieren<\/td><\/tr><tr><td>Pers\u00f6nliche Daten<\/td><td>+\/ 3 Monate &gt; Im Zusammenhang mit der Kommunikation<\/td><\/tr><tr><td>Etc.<\/td><td>+\/ 3 Monate<\/td><\/tr><\/tbody><\/table><\/figure>\n\n\n\n<p>Alle \u00fcber die Website bereitgestellten Daten werden durchschnittlich 3 Monate lang aufbewahrt. Die \u00fcber die Website bereitgestellten Daten werden ausschlie\u00dflich f\u00fcr die Kommunikation \u00fcber unsere Website und\/oder Dienstleistungen verwendet. <\/p>\n\n\n\r\n<div class=\"eye-block empty-space empty-space--klein \" ><\/div>\n\n\n<h3 class=\"wp-block-heading\" id=\"delen-van-persoonsgegevens-met-derden\">Weitergabe pers\u00f6nlicher Daten an Dritte<\/h3>\n\n\n\n<p>Koonings Horeca Valkenburg BV verkauft Ihre Daten nicht an Dritte und gibt sie nur weiter, wenn dies f\u00fcr die Ausf\u00fchrung unseres Vertrags mit Ihnen erforderlich ist oder um<br\/>einer gesetzlichen Verpflichtung nachzukommen. Mit Unternehmen, die Ihre Daten in unserem Auftrag verarbeiten, schlie\u00dfen wir einen Verarbeitungsvertrag ab, um das gleiche Ma\u00df an Sicherheit und Vertraulichkeit Ihrer Daten zu gew\u00e4hrleisten. Koonings Horeca Valkenburg BV bleibt f\u00fcr diese Verarbeitung verantwortlich.  <\/p>\n\n\n\r\n<div class=\"eye-block empty-space empty-space--klein \" ><\/div>\n\n\n<h3 class=\"wp-block-heading\" id=\"gegevens-inzien-aanpassen-of-verwijderen\">Daten ansehen, \u00e4ndern oder l\u00f6schen<\/h3>\n\n\n\n<p>Sie haben das Recht, Ihre personenbezogenen Daten einzusehen, zu korrigieren oder zu l\u00f6schen. Dar\u00fcber hinaus haben Sie das Recht, Ihre eventuelle Zustimmung zur Datenverarbeitung zur\u00fcckzuziehen oder<br\/>der Verarbeitung Ihrer personenbezogenen Daten durch Koonings Horeca Valkenburg BV zu widersprechen, und Sie haben das Recht auf Daten\u00fcbertragbarkeit. Das bedeutet, dass Sie bei uns beantragen k\u00f6nnen, dass die personenbezogenen Daten, die wir \u00fcber Sie in einer Computerdatei gespeichert haben, an Sie oder eine andere von Ihnen benannte Organisation \u00fcbermittelt werden.  <\/p>\n\n\n\n<p>Sie k\u00f6nnen einen Antrag auf Zugriff, Berichtigung, L\u00f6schung, \u00dcbertragung Ihrer personenbezogenen Daten oder auf Widerruf Ihrer Einwilligung oder Widerspruch gegen die Verarbeitung Ihrer personenbezogenen Daten an info@koonings.com senden.<\/p>\n\n\n\n<p>Um sicherzustellen, dass der Antrag auf Einsichtnahme von Ihnen gestellt wird, bitten wir Sie, dem Antrag eine Kopie Ihres Identit\u00e4tsnachweises beizuf\u00fcgen. Schw\u00e4rzen Sie in dieser Kopie Ihr Passfoto, die MRZ<br\/>(maschinenlesbare Zone, der Streifen mit Zahlen am unteren Rand des Passes), die Passnummer und die B\u00fcrgerservicenummer (BSN). Dies dient dem Schutz Ihrer Privatsph\u00e4re. Wir werden Ihren Antrag so schnell wie m\u00f6glich, jedoch innerhalb von vier Wochen, beantworten.   <\/p>\n\n\n\n<p>Koonings Horeca Valkenburg BV m\u00f6chte Sie au\u00dferdem dar\u00fcber informieren, dass Sie die M\u00f6glichkeit haben, eine Beschwerde bei der nationalen Aufsichtsbeh\u00f6rde, der Beh\u00f6rde f\u00fcr personenbezogene Daten, einzureichen. Dies k\u00f6nnen Sie \u00fcber<br\/>unter folgendem Link tun: <a href=\"https:\/\/autoriteitpersoonsgegevens.nl\/nl\/contact-met-de-autoriteit-persoonsgegevens\/tip-ons\">https:\/\/autoriteitpersoonsgegevens.nl\/nl\/contact-met-de-autoriteit-persoonsgegevens\/tip-ons<\/a> <\/p>\n\n\n\r\n<div class=\"eye-block empty-space empty-space--klein \" ><\/div>\n\n\n<h3 class=\"wp-block-heading\" id=\"hoe-wij-persoonsgegevens-beveiligen\">Wie wir pers\u00f6nliche Daten sch\u00fctzen<\/h3>\n\n\n\n<p>Koonings Horeca Valkenburg BV nimmt den Schutz Ihrer Daten ernst und ergreift geeignete Ma\u00dfnahmen, um Missbrauch, Verlust, unbefugtem Zugriff, unerw\u00fcnschter Offenlegung<br\/>und unbefugter \u00c4nderung entgegenzuwirken. Wenn Sie den Eindruck haben, dass Ihre Daten nicht ordnungsgem\u00e4\u00df gesichert sind oder es Anzeichen f\u00fcr einen Missbrauch gibt, wenden Sie sich bitte an unseren Kundendienst oder \u00fcber info@koonings.com. <\/p>\n\n\n\n<p>Dies ist das Ende unserer Datenschutzrichtlinie.<\/p>\n<\/div><\/div>\n<\/div><\/div>\n","protected":false},"excerpt":{"rendered":"","protected":false},"author":1,"featured_media":0,"parent":0,"menu_order":0,"comment_status":"closed","ping_status":"closed","template":"","meta":{"_acf_changed":false,"ghostkit_customizer_options":"","ghostkit_custom_css":"","ghostkit_custom_js_head":"","ghostkit_custom_js_foot":"","ghostkit_typography":"","footnotes":""},"class_list":["post-2625","page","type-page","status-publish","hentry"],"acf":[],"yoast_head":"<!-- This site is optimized with the Yoast SEO plugin v27.3 - https:\/\/yoast.com\/product\/yoast-seo-wordpress\/ -->\n<title>Datenschutzbestimmungen - Kasteel Oost<\/title>\n<meta name=\"robots\" content=\"index, follow, max-snippet:-1, max-image-preview:large, max-video-preview:-1\" \/>\n<link rel=\"canonical\" href=\"https:\/\/kasteeloostvalkenburg.com\/de\/datenschutzbestimmungen\/\" \/>\n<meta property=\"og:locale\" content=\"de_DE\" \/>\n<meta property=\"og:type\" content=\"article\" \/>\n<meta property=\"og:title\" content=\"Datenschutzbestimmungen - Kasteel Oost\" \/>\n<meta property=\"og:url\" content=\"https:\/\/kasteeloostvalkenburg.com\/de\/datenschutzbestimmungen\/\" \/>\n<meta property=\"og:site_name\" content=\"Kasteel Oost\" \/>\n<meta property=\"article:publisher\" content=\"https:\/\/www.facebook.com\/Kooningstheweddingpalace\" \/>\n<meta property=\"article:modified_time\" content=\"2025-04-30T13:48:16+00:00\" \/>\n<meta name=\"twitter:card\" content=\"summary_large_image\" \/>\n<meta name=\"twitter:label1\" content=\"Gesch\u00e4tzte Lesezeit\" \/>\n\t<meta name=\"twitter:data1\" content=\"4\u00a0Minute\" \/>\n<script type=\"application\/ld+json\" class=\"yoast-schema-graph\">{\"@context\":\"https:\\\/\\\/schema.org\",\"@graph\":[{\"@type\":\"WebPage\",\"@id\":\"https:\\\/\\\/kasteeloostvalkenburg.com\\\/de\\\/datenschutzbestimmungen\\\/\",\"url\":\"https:\\\/\\\/kasteeloostvalkenburg.com\\\/de\\\/datenschutzbestimmungen\\\/\",\"name\":\"Datenschutzbestimmungen - Kasteel Oost\",\"isPartOf\":{\"@id\":\"https:\\\/\\\/kasteeloostvalkenburg.com\\\/de\\\/#website\"},\"datePublished\":\"2025-04-14T12:41:45+00:00\",\"dateModified\":\"2025-04-30T13:48:16+00:00\",\"breadcrumb\":{\"@id\":\"https:\\\/\\\/kasteeloostvalkenburg.com\\\/de\\\/datenschutzbestimmungen\\\/#breadcrumb\"},\"inLanguage\":\"de\",\"potentialAction\":[{\"@type\":\"ReadAction\",\"target\":[\"https:\\\/\\\/kasteeloostvalkenburg.com\\\/de\\\/datenschutzbestimmungen\\\/\"]}]},{\"@type\":\"BreadcrumbList\",\"@id\":\"https:\\\/\\\/kasteeloostvalkenburg.com\\\/de\\\/datenschutzbestimmungen\\\/#breadcrumb\",\"itemListElement\":[{\"@type\":\"ListItem\",\"position\":1,\"name\":\"Startseite\",\"item\":\"https:\\\/\\\/kasteeloostvalkenburg.com\\\/de\\\/\"},{\"@type\":\"ListItem\",\"position\":2,\"name\":\"Datenschutzbestimmungen\"}]},{\"@type\":\"WebSite\",\"@id\":\"https:\\\/\\\/kasteeloostvalkenburg.com\\\/de\\\/#website\",\"url\":\"https:\\\/\\\/kasteeloostvalkenburg.com\\\/de\\\/\",\"name\":\"Kasteel Oost\",\"description\":\"\",\"publisher\":{\"@id\":\"https:\\\/\\\/kasteeloostvalkenburg.com\\\/de\\\/#organization\"},\"potentialAction\":[{\"@type\":\"SearchAction\",\"target\":{\"@type\":\"EntryPoint\",\"urlTemplate\":\"https:\\\/\\\/kasteeloostvalkenburg.com\\\/de\\\/?s={search_term_string}\"},\"query-input\":{\"@type\":\"PropertyValueSpecification\",\"valueRequired\":true,\"valueName\":\"search_term_string\"}}],\"inLanguage\":\"de\"},{\"@type\":\"Organization\",\"@id\":\"https:\\\/\\\/kasteeloostvalkenburg.com\\\/de\\\/#organization\",\"name\":\"Kasteel Oost\",\"url\":\"https:\\\/\\\/kasteeloostvalkenburg.com\\\/de\\\/\",\"logo\":{\"@type\":\"ImageObject\",\"inLanguage\":\"de\",\"@id\":\"https:\\\/\\\/kasteeloostvalkenburg.com\\\/de\\\/#\\\/schema\\\/logo\\\/image\\\/\",\"url\":\"https:\\\/\\\/kasteeloostvalkenburg.com\\\/wp-content\\\/uploads\\\/2025\\\/04\\\/KasteelOost-logo-darkgray.png\",\"contentUrl\":\"https:\\\/\\\/kasteeloostvalkenburg.com\\\/wp-content\\\/uploads\\\/2025\\\/04\\\/KasteelOost-logo-darkgray.png\",\"width\":413,\"height\":318,\"caption\":\"Kasteel Oost\"},\"image\":{\"@id\":\"https:\\\/\\\/kasteeloostvalkenburg.com\\\/de\\\/#\\\/schema\\\/logo\\\/image\\\/\"},\"sameAs\":[\"https:\\\/\\\/www.facebook.com\\\/Kooningstheweddingpalace\",\"https:\\\/\\\/www.instagram.com\\\/kasteeloost\\\/\",\"https:\\\/\\\/www.tiktok.com\\\/@kooningstheweddingpalace\",\"https:\\\/\\\/nl.pinterest.com\\\/koonings\\\/\"]}]}<\/script>\n<!-- \/ Yoast SEO plugin. -->","yoast_head_json":{"title":"Datenschutzbestimmungen - Kasteel Oost","robots":{"index":"index","follow":"follow","max-snippet":"max-snippet:-1","max-image-preview":"max-image-preview:large","max-video-preview":"max-video-preview:-1"},"canonical":"https:\/\/kasteeloostvalkenburg.com\/de\/datenschutzbestimmungen\/","og_locale":"de_DE","og_type":"article","og_title":"Datenschutzbestimmungen - Kasteel Oost","og_url":"https:\/\/kasteeloostvalkenburg.com\/de\/datenschutzbestimmungen\/","og_site_name":"Kasteel Oost","article_publisher":"https:\/\/www.facebook.com\/Kooningstheweddingpalace","article_modified_time":"2025-04-30T13:48:16+00:00","twitter_card":"summary_large_image","twitter_misc":{"Gesch\u00e4tzte Lesezeit":"4\u00a0Minute"},"schema":{"@context":"https:\/\/schema.org","@graph":[{"@type":"WebPage","@id":"https:\/\/kasteeloostvalkenburg.com\/de\/datenschutzbestimmungen\/","url":"https:\/\/kasteeloostvalkenburg.com\/de\/datenschutzbestimmungen\/","name":"Datenschutzbestimmungen - Kasteel Oost","isPartOf":{"@id":"https:\/\/kasteeloostvalkenburg.com\/de\/#website"},"datePublished":"2025-04-14T12:41:45+00:00","dateModified":"2025-04-30T13:48:16+00:00","breadcrumb":{"@id":"https:\/\/kasteeloostvalkenburg.com\/de\/datenschutzbestimmungen\/#breadcrumb"},"inLanguage":"de","potentialAction":[{"@type":"ReadAction","target":["https:\/\/kasteeloostvalkenburg.com\/de\/datenschutzbestimmungen\/"]}]},{"@type":"BreadcrumbList","@id":"https:\/\/kasteeloostvalkenburg.com\/de\/datenschutzbestimmungen\/#breadcrumb","itemListElement":[{"@type":"ListItem","position":1,"name":"Startseite","item":"https:\/\/kasteeloostvalkenburg.com\/de\/"},{"@type":"ListItem","position":2,"name":"Datenschutzbestimmungen"}]},{"@type":"WebSite","@id":"https:\/\/kasteeloostvalkenburg.com\/de\/#website","url":"https:\/\/kasteeloostvalkenburg.com\/de\/","name":"Kasteel Oost","description":"","publisher":{"@id":"https:\/\/kasteeloostvalkenburg.com\/de\/#organization"},"potentialAction":[{"@type":"SearchAction","target":{"@type":"EntryPoint","urlTemplate":"https:\/\/kasteeloostvalkenburg.com\/de\/?s={search_term_string}"},"query-input":{"@type":"PropertyValueSpecification","valueRequired":true,"valueName":"search_term_string"}}],"inLanguage":"de"},{"@type":"Organization","@id":"https:\/\/kasteeloostvalkenburg.com\/de\/#organization","name":"Kasteel Oost","url":"https:\/\/kasteeloostvalkenburg.com\/de\/","logo":{"@type":"ImageObject","inLanguage":"de","@id":"https:\/\/kasteeloostvalkenburg.com\/de\/#\/schema\/logo\/image\/","url":"https:\/\/kasteeloostvalkenburg.com\/wp-content\/uploads\/2025\/04\/KasteelOost-logo-darkgray.png","contentUrl":"https:\/\/kasteeloostvalkenburg.com\/wp-content\/uploads\/2025\/04\/KasteelOost-logo-darkgray.png","width":413,"height":318,"caption":"Kasteel Oost"},"image":{"@id":"https:\/\/kasteeloostvalkenburg.com\/de\/#\/schema\/logo\/image\/"},"sameAs":["https:\/\/www.facebook.com\/Kooningstheweddingpalace","https:\/\/www.instagram.com\/kasteeloost\/","https:\/\/www.tiktok.com\/@kooningstheweddingpalace","https:\/\/nl.pinterest.com\/koonings\/"]}]}},"_links":{"self":[{"href":"https:\/\/kasteeloostvalkenburg.com\/de\/wp-json\/wp\/v2\/pages\/2625","targetHints":{"allow":["GET"]}}],"collection":[{"href":"https:\/\/kasteeloostvalkenburg.com\/de\/wp-json\/wp\/v2\/pages"}],"about":[{"href":"https:\/\/kasteeloostvalkenburg.com\/de\/wp-json\/wp\/v2\/types\/page"}],"author":[{"embeddable":true,"href":"https:\/\/kasteeloostvalkenburg.com\/de\/wp-json\/wp\/v2\/users\/1"}],"replies":[{"embeddable":true,"href":"https:\/\/kasteeloostvalkenburg.com\/de\/wp-json\/wp\/v2\/comments?post=2625"}],"version-history":[{"count":5,"href":"https:\/\/kasteeloostvalkenburg.com\/de\/wp-json\/wp\/v2\/pages\/2625\/revisions"}],"predecessor-version":[{"id":2987,"href":"https:\/\/kasteeloostvalkenburg.com\/de\/wp-json\/wp\/v2\/pages\/2625\/revisions\/2987"}],"wp:attachment":[{"href":"https:\/\/kasteeloostvalkenburg.com\/de\/wp-json\/wp\/v2\/media?parent=2625"}],"curies":[{"name":"wp","href":"https:\/\/api.w.org\/{rel}","templated":true}]}}