{"id":2119,"date":"2025-03-18T13:23:34","date_gmt":"2025-03-18T13:23:34","guid":{"rendered":"https:\/\/kasteeloostvalkenburg.com\/andere\/karriere-im-schloss-oost\/"},"modified":"2025-05-08T08:47:17","modified_gmt":"2025-05-08T08:47:17","slug":"karriere-im-schloss-oost","status":"publish","type":"page","link":"https:\/\/kasteeloostvalkenburg.com\/de\/andere\/karriere-im-schloss-oost\/","title":{"rendered":"Karriere im Schloss Oost"},"content":{"rendered":"\r\n    <section class=\"hero image-right\">\r\n        <div class=\"row d-flex align-items-center\">\r\n            <div class=\"col-12 col-lg-7\">\r\n                <div class=\"hero__intro\">\r\n                                            <div class=\"eye-block breadcrumbs-wrapper\">\r\n                            \r\n            <ul class=\"site-breadcrumbs\">\r\n                <li class=\"crumb\">\r\n                    <a class=\"disable-line\" href=\"https:\/\/kasteeloostvalkenburg.com\">\r\n                        <i class=\"fa-regular fa-home\"><\/i>\r\n                    <\/a>\r\n                <\/li>\r\n                                    <div class=\"divider\"><\/div>\r\n                    <li class=\"crumb first\">\r\n                        <a class=\"disable-line\" href=\"https:\/\/kasteeloostvalkenburg.com\/de\/andere\/\">Andere<\/a>\r\n                    <\/li>\r\n                                        <div class=\"divider\"><\/div>\r\n                    <li class=\"crumb \">\r\n                        <a class=\"disable-line\" href=\"https:\/\/kasteeloostvalkenburg.com\/de\/andere\/karriere-im-schloss-oost\/\">Karriere im Schloss Oost<\/a>\r\n                    <\/li>\r\n                                <\/ul>\r\n        \r\n                                        <\/div>\r\n                                        <p class=\"hero__intro-subtitle\">Karriere im Schloss Oost<\/p>\r\n                    <h1>Arbeiten bei Kasteel Oost<\/h1>\r\n                    <div class=\"hero__intro-content\">\r\n                        <p><p>Bei Kasteel Oost dreht sich alles um Gastfreundschaft, Erfahrung und Qualit\u00e4t. Ob Sie in der K\u00fcche stehen, G\u00e4ste empfangen oder Veranstaltungen organisieren, Sie tragen zu einem einzigartigen Erlebnis f\u00fcr unsere Besucher bei. Wir sind immer auf der Suche nach begeisterten Kollegen, die mit Leidenschaft und Freude an einem besonderen Ort arbeiten m\u00f6chten. Vollzeit, Teilzeit oder als Nebenjob &#8211; es gibt immer einen Platz f\u00fcr Talente.   <\/p>\n<\/p>\r\n\r\n                        \r\n                    <\/div>\r\n                <\/div>\r\n            <\/div>\r\n            <div class=\"col-12 col-lg-5\">\r\n                                    <div class=\"hero__image\">\r\n                        <img decoding=\"async\" src=\"https:\/\/kasteeloostvalkenburg.com\/wp-content\/uploads\/2025\/03\/High-Tea-en-High-Wine-31-scaled.jpg\" alt=\"\">\r\n                    <\/div>\r\n                            <\/div>\r\n        <\/div>\r\n    <\/section>\r\n\r\n\r\n<div class=\"eye-block empty-space empty-space--large pt-md-5 pb-md-5 pt-4 pb-4\" ><\/div>\n<div class=\"ghostkit-grid ghostkit-grid-gap-md ghostkit-grid-justify-content-center\"><div class=\"ghostkit-grid-inner\">\n<div class=\"ghostkit-col ghostkit-col-lg-12 ghostkit-col-8\"><div class=\"ghostkit-col-content is-layout-flow wp-block-ghostkit-grid-column-is-layout-flow\">\n<h2 class=\"wp-block-heading has-text-align-center\" id=\"vacatures\">Offene Stellen<\/h2>\n<\/div><\/div>\n<\/div><\/div>\n\r\n<div class=\"eye-block empty-space empty-space--klein \" ><\/div>\r\n    <div class=\"eye-block vacancies-grid\">\r\n        <div class=\"row\">\r\n                            <div class=\"col-12 col-md-6 mb-4\">\r\n                    <a href=\"https:\/\/kasteeloostvalkenburg.com\/de\/overig\/werken-bij\/innenreiniger\/\" class=\"vacancies-grid__item\">\r\n                        <div class=\"vacancies-grid__item-content\">\r\n                            <h5>Innenreiniger<\/h5>\r\n                                                            <p>Shop<\/p>\r\n                                                    <\/div>\r\n                        <img decoding=\"async\" class=\"vacancies-grid__item-arrow\"\r\n                             src=\"https:\/\/kasteeloostvalkenburg.com\/wp-content\/themes\/kasteeloost\/images\/fancy-arrow.svg\"\r\n                             alt=\"Arrow right\">\r\n                    <\/a>\r\n                <\/div>\r\n                            <div class=\"col-12 col-md-6 mb-4\">\r\n                    <a href=\"https:\/\/kasteeloostvalkenburg.com\/de\/overig\/werken-bij\/selbststaendiger-koch\/\" class=\"vacancies-grid__item\">\r\n                        <div class=\"vacancies-grid__item-content\">\r\n                            <h5>Selbstst\u00e4ndiger Koch<\/h5>\r\n                                                            <p>Horeca<\/p>\r\n                                                    <\/div>\r\n                        <img decoding=\"async\" class=\"vacancies-grid__item-arrow\"\r\n                             src=\"https:\/\/kasteeloostvalkenburg.com\/wp-content\/themes\/kasteeloost\/images\/fancy-arrow.svg\"\r\n                             alt=\"Arrow right\">\r\n                    <\/a>\r\n                <\/div>\r\n                            <div class=\"col-12 col-md-6 mb-4\">\r\n                    <a href=\"https:\/\/kasteeloostvalkenburg.com\/de\/overig\/werken-bij\/operation\/\" class=\"vacancies-grid__item\">\r\n                        <div class=\"vacancies-grid__item-content\">\r\n                            <h5>Operation<\/h5>\r\n                                                            <p>Horeca<\/p>\r\n                                                    <\/div>\r\n                        <img decoding=\"async\" class=\"vacancies-grid__item-arrow\"\r\n                             src=\"https:\/\/kasteeloostvalkenburg.com\/wp-content\/themes\/kasteeloost\/images\/fancy-arrow.svg\"\r\n                             alt=\"Arrow right\">\r\n                    <\/a>\r\n                <\/div>\r\n                            <div class=\"col-12 col-md-6 mb-4\">\r\n                    <a href=\"https:\/\/kasteeloostvalkenburg.com\/de\/overig\/werken-bij\/coupeuse-handwerker\/\" class=\"vacancies-grid__item\">\r\n                        <div class=\"vacancies-grid__item-content\">\r\n                            <h5>Coupeuse\/Handwerker<\/h5>\r\n                                                            <p>Atelier<\/p>\r\n                                                    <\/div>\r\n                        <img decoding=\"async\" class=\"vacancies-grid__item-arrow\"\r\n                             src=\"https:\/\/kasteeloostvalkenburg.com\/wp-content\/themes\/kasteeloost\/images\/fancy-arrow.svg\"\r\n                             alt=\"Arrow right\">\r\n                    <\/a>\r\n                <\/div>\r\n                            <div class=\"col-12 col-md-6 mb-4\">\r\n                    <a href=\"https:\/\/kasteeloostvalkenburg.com\/de\/overig\/werken-bij\/rezeptionistin\/\" class=\"vacancies-grid__item\">\r\n                        <div class=\"vacancies-grid__item-content\">\r\n                            <h5>Rezeptionistin<\/h5>\r\n                                                            <p>Horeca<\/p>\r\n                                                    <\/div>\r\n                        <img decoding=\"async\" class=\"vacancies-grid__item-arrow\"\r\n                             src=\"https:\/\/kasteeloostvalkenburg.com\/wp-content\/themes\/kasteeloost\/images\/fancy-arrow.svg\"\r\n                             alt=\"Arrow right\">\r\n                    <\/a>\r\n                <\/div>\r\n                            <div class=\"col-12 col-md-6 mb-4\">\r\n                    <a href=\"https:\/\/kasteeloostvalkenburg.com\/de\/overig\/werken-bij\/hauswirtschaftsassistentin\/\" class=\"vacancies-grid__item\">\r\n                        <div class=\"vacancies-grid__item-content\">\r\n                            <h5>Hauswirtschaftsassistentin<\/h5>\r\n                                                            <p>Horeca<\/p>\r\n                                                    <\/div>\r\n                        <img decoding=\"async\" class=\"vacancies-grid__item-arrow\"\r\n                             src=\"https:\/\/kasteeloostvalkenburg.com\/wp-content\/themes\/kasteeloost\/images\/fancy-arrow.svg\"\r\n                             alt=\"Arrow right\">\r\n                    <\/a>\r\n                <\/div>\r\n                            <div class=\"col-12 col-md-6 mb-4\">\r\n                    <a href=\"https:\/\/kasteeloostvalkenburg.com\/de\/overig\/werken-bij\/hostess-stylistin-4\/\" class=\"vacancies-grid__item\">\r\n                        <div class=\"vacancies-grid__item-content\">\r\n                            <h5>Betriebsleiter<\/h5>\r\n                                                            <p>Horeca<\/p>\r\n                                                    <\/div>\r\n                        <img decoding=\"async\" class=\"vacancies-grid__item-arrow\"\r\n                             src=\"https:\/\/kasteeloostvalkenburg.com\/wp-content\/themes\/kasteeloost\/images\/fancy-arrow.svg\"\r\n                             alt=\"Arrow right\">\r\n                    <\/a>\r\n                <\/div>\r\n                            <div class=\"col-12 col-md-6 mb-4\">\r\n                    <a href=\"https:\/\/kasteeloostvalkenburg.com\/de\/overig\/werken-bij\/selbststandiger-koch\/\" class=\"vacancies-grid__item\">\r\n                        <div class=\"vacancies-grid__item-content\">\r\n                            <h5>Chef de Partie<\/h5>\r\n                                                            <p>Horeca<\/p>\r\n                                                    <\/div>\r\n                        <img decoding=\"async\" class=\"vacancies-grid__item-arrow\"\r\n                             src=\"https:\/\/kasteeloostvalkenburg.com\/wp-content\/themes\/kasteeloost\/images\/fancy-arrow.svg\"\r\n                             alt=\"Arrow right\">\r\n                    <\/a>\r\n                <\/div>\r\n                            <div class=\"col-12 col-md-6 mb-4\">\r\n                    <a href=\"https:\/\/kasteeloostvalkenburg.com\/de\/overig\/werken-bij\/kombinierte-stelle-fruehstuecksassistentin-rezeptionistin\/\" class=\"vacancies-grid__item\">\r\n                        <div class=\"vacancies-grid__item-content\">\r\n                            <h5>Kombinierte Stelle Fr\u00fchst\u00fccksassistentin &amp; Rezeptionistin<\/h5>\r\n                                                            <p>Horeca<\/p>\r\n                                                    <\/div>\r\n                        <img decoding=\"async\" class=\"vacancies-grid__item-arrow\"\r\n                             src=\"https:\/\/kasteeloostvalkenburg.com\/wp-content\/themes\/kasteeloost\/images\/fancy-arrow.svg\"\r\n                             alt=\"Arrow right\">\r\n                    <\/a>\r\n                <\/div>\r\n                            <div class=\"col-12 col-md-6 mb-4\">\r\n                    <a href=\"https:\/\/kasteeloostvalkenburg.com\/de\/overig\/werken-bij\/senior-content-marketer\/\" class=\"vacancies-grid__item\">\r\n                        <div class=\"vacancies-grid__item-content\">\r\n                            <h5>Veranstaltungskoordinator (Praktikum)<\/h5>\r\n                                                            <p>Horeca, Marketing<\/p>\r\n                                                    <\/div>\r\n                        <img decoding=\"async\" class=\"vacancies-grid__item-arrow\"\r\n                             src=\"https:\/\/kasteeloostvalkenburg.com\/wp-content\/themes\/kasteeloost\/images\/fancy-arrow.svg\"\r\n                             alt=\"Arrow right\">\r\n                    <\/a>\r\n                <\/div>\r\n                            <div class=\"col-12 col-md-6 mb-4\">\r\n                    <a href=\"https:\/\/kasteeloostvalkenburg.com\/de\/overig\/werken-bij\/chef-de-partie\/\" class=\"vacancies-grid__item\">\r\n                        <div class=\"vacancies-grid__item-content\">\r\n                            <h5>Restaurant Supervisor (gehobene K\u00fcche) Mon R\u00eave<\/h5>\r\n                                                            <p>Horeca<\/p>\r\n                                                    <\/div>\r\n                        <img decoding=\"async\" class=\"vacancies-grid__item-arrow\"\r\n                             src=\"https:\/\/kasteeloostvalkenburg.com\/wp-content\/themes\/kasteeloost\/images\/fancy-arrow.svg\"\r\n                             alt=\"Arrow right\">\r\n                    <\/a>\r\n                <\/div>\r\n                    <\/div>\r\n    <\/div>\r\n\r\n<div class=\"eye-block empty-space empty-space--large pt-md-5 pb-md-5 pt-4 pb-4\" ><\/div>\n<div class=\"ghostkit-grid ghostkit-grid-gap-md ghostkit-grid-justify-content-center\"><div class=\"ghostkit-grid-inner\">\n<div class=\"ghostkit-col ghostkit-col-lg-12 ghostkit-col-8\"><div class=\"ghostkit-col-content is-layout-flow wp-block-ghostkit-grid-column-is-layout-flow\">\n<h3 class=\"wp-block-heading has-text-align-center no-fancy-letter\" id=\"vacatures\">Offene Bewerbung<\/h3>\n\n\n\n<p class=\"has-text-align-center\">Sie sehen keine freie Stelle, die zu Ihnen passt, sind aber \u00fcberzeugt, dass Sie unser Team bereichern w\u00fcrden? Wir w\u00fcrden Sie gerne kennenlernen! Schicken Sie Ihre Bewerbung mit Lebenslauf und Motivation an <a href=\"mailto:vacature@koonings.com\">vacature@koonings.com, und<\/a> wer wei\u00df, vielleicht sind Sie schon bald Teil von Kasteel Oost.  <\/p>\n<\/div><\/div>\n<\/div><\/div>\n","protected":false},"excerpt":{"rendered":"","protected":false},"author":1,"featured_media":0,"parent":1886,"menu_order":0,"comment_status":"closed","ping_status":"closed","template":"","meta":{"_acf_changed":false,"ghostkit_customizer_options":"","ghostkit_custom_css":"","ghostkit_custom_js_head":"","ghostkit_custom_js_foot":"","ghostkit_typography":"","footnotes":""},"class_list":["post-2119","page","type-page","status-publish","hentry"],"acf":[],"yoast_head":"<!-- This site is optimized with the Yoast SEO plugin v27.3 - https:\/\/yoast.com\/product\/yoast-seo-wordpress\/ -->\n<title>Arbeiten bei Kasteel Oost | Valkenburg<\/title>\n<meta name=\"description\" content=\"Bei Kasteel Oost sind wir immer auf der Suche nach begeisterten Kollegen. Ob in Vollzeit, Teilzeit oder als Nebenjob, es gibt immer einen Platz f\u00fcr Talente. Sehen Sie die offenen Stellen &gt;\" \/>\n<meta name=\"robots\" content=\"index, follow, max-snippet:-1, max-image-preview:large, max-video-preview:-1\" \/>\n<link rel=\"canonical\" href=\"https:\/\/kasteeloostvalkenburg.com\/de\/andere\/karriere-im-schloss-oost\/\" \/>\n<meta property=\"og:locale\" content=\"de_DE\" \/>\n<meta property=\"og:type\" content=\"article\" \/>\n<meta property=\"og:title\" content=\"Arbeiten bei Kasteel Oost | Valkenburg\" \/>\n<meta property=\"og:description\" content=\"Bei Kasteel Oost sind wir immer auf der Suche nach begeisterten Kollegen. Ob in Vollzeit, Teilzeit oder als Nebenjob, es gibt immer einen Platz f\u00fcr Talente. Sehen Sie die offenen Stellen &gt;\" \/>\n<meta property=\"og:url\" content=\"https:\/\/kasteeloostvalkenburg.com\/de\/andere\/karriere-im-schloss-oost\/\" \/>\n<meta property=\"og:site_name\" content=\"Kasteel Oost\" \/>\n<meta property=\"article:publisher\" content=\"https:\/\/www.facebook.com\/Kooningstheweddingpalace\" \/>\n<meta property=\"article:modified_time\" content=\"2025-05-08T08:47:17+00:00\" \/>\n<meta name=\"twitter:card\" content=\"summary_large_image\" \/>\n<script type=\"application\/ld+json\" class=\"yoast-schema-graph\">{\"@context\":\"https:\\\/\\\/schema.org\",\"@graph\":[{\"@type\":\"WebPage\",\"@id\":\"https:\\\/\\\/kasteeloostvalkenburg.com\\\/de\\\/andere\\\/karriere-im-schloss-oost\\\/\",\"url\":\"https:\\\/\\\/kasteeloostvalkenburg.com\\\/de\\\/andere\\\/karriere-im-schloss-oost\\\/\",\"name\":\"Arbeiten bei Kasteel Oost | Valkenburg\",\"isPartOf\":{\"@id\":\"https:\\\/\\\/kasteeloostvalkenburg.com\\\/de\\\/#website\"},\"datePublished\":\"2025-03-18T13:23:34+00:00\",\"dateModified\":\"2025-05-08T08:47:17+00:00\",\"description\":\"Bei Kasteel Oost sind wir immer auf der Suche nach begeisterten Kollegen. Ob in Vollzeit, Teilzeit oder als Nebenjob, es gibt immer einen Platz f\u00fcr Talente. Sehen Sie die offenen Stellen >\",\"breadcrumb\":{\"@id\":\"https:\\\/\\\/kasteeloostvalkenburg.com\\\/de\\\/andere\\\/karriere-im-schloss-oost\\\/#breadcrumb\"},\"inLanguage\":\"de\",\"potentialAction\":[{\"@type\":\"ReadAction\",\"target\":[\"https:\\\/\\\/kasteeloostvalkenburg.com\\\/de\\\/andere\\\/karriere-im-schloss-oost\\\/\"]}]},{\"@type\":\"BreadcrumbList\",\"@id\":\"https:\\\/\\\/kasteeloostvalkenburg.com\\\/de\\\/andere\\\/karriere-im-schloss-oost\\\/#breadcrumb\",\"itemListElement\":[{\"@type\":\"ListItem\",\"position\":1,\"name\":\"Startseite\",\"item\":\"https:\\\/\\\/kasteeloostvalkenburg.com\\\/de\\\/\"},{\"@type\":\"ListItem\",\"position\":2,\"name\":\"Andere\",\"item\":\"https:\\\/\\\/kasteeloostvalkenburg.com\\\/de\\\/andere\\\/\"},{\"@type\":\"ListItem\",\"position\":3,\"name\":\"Karriere im Schloss Oost\"}]},{\"@type\":\"WebSite\",\"@id\":\"https:\\\/\\\/kasteeloostvalkenburg.com\\\/de\\\/#website\",\"url\":\"https:\\\/\\\/kasteeloostvalkenburg.com\\\/de\\\/\",\"name\":\"Kasteel Oost\",\"description\":\"\",\"publisher\":{\"@id\":\"https:\\\/\\\/kasteeloostvalkenburg.com\\\/de\\\/#organization\"},\"potentialAction\":[{\"@type\":\"SearchAction\",\"target\":{\"@type\":\"EntryPoint\",\"urlTemplate\":\"https:\\\/\\\/kasteeloostvalkenburg.com\\\/de\\\/?s={search_term_string}\"},\"query-input\":{\"@type\":\"PropertyValueSpecification\",\"valueRequired\":true,\"valueName\":\"search_term_string\"}}],\"inLanguage\":\"de\"},{\"@type\":\"Organization\",\"@id\":\"https:\\\/\\\/kasteeloostvalkenburg.com\\\/de\\\/#organization\",\"name\":\"Kasteel Oost\",\"url\":\"https:\\\/\\\/kasteeloostvalkenburg.com\\\/de\\\/\",\"logo\":{\"@type\":\"ImageObject\",\"inLanguage\":\"de\",\"@id\":\"https:\\\/\\\/kasteeloostvalkenburg.com\\\/de\\\/#\\\/schema\\\/logo\\\/image\\\/\",\"url\":\"https:\\\/\\\/kasteeloostvalkenburg.com\\\/wp-content\\\/uploads\\\/2025\\\/04\\\/KasteelOost-logo-darkgray.png\",\"contentUrl\":\"https:\\\/\\\/kasteeloostvalkenburg.com\\\/wp-content\\\/uploads\\\/2025\\\/04\\\/KasteelOost-logo-darkgray.png\",\"width\":413,\"height\":318,\"caption\":\"Kasteel Oost\"},\"image\":{\"@id\":\"https:\\\/\\\/kasteeloostvalkenburg.com\\\/de\\\/#\\\/schema\\\/logo\\\/image\\\/\"},\"sameAs\":[\"https:\\\/\\\/www.facebook.com\\\/Kooningstheweddingpalace\",\"https:\\\/\\\/www.instagram.com\\\/kasteeloost\\\/\",\"https:\\\/\\\/www.tiktok.com\\\/@kooningstheweddingpalace\",\"https:\\\/\\\/nl.pinterest.com\\\/koonings\\\/\"]}]}<\/script>\n<!-- \/ Yoast SEO plugin. -->","yoast_head_json":{"title":"Arbeiten bei Kasteel Oost | Valkenburg","description":"Bei Kasteel Oost sind wir immer auf der Suche nach begeisterten Kollegen. Ob in Vollzeit, Teilzeit oder als Nebenjob, es gibt immer einen Platz f\u00fcr Talente. Sehen Sie die offenen Stellen >","robots":{"index":"index","follow":"follow","max-snippet":"max-snippet:-1","max-image-preview":"max-image-preview:large","max-video-preview":"max-video-preview:-1"},"canonical":"https:\/\/kasteeloostvalkenburg.com\/de\/andere\/karriere-im-schloss-oost\/","og_locale":"de_DE","og_type":"article","og_title":"Arbeiten bei Kasteel Oost | Valkenburg","og_description":"Bei Kasteel Oost sind wir immer auf der Suche nach begeisterten Kollegen. Ob in Vollzeit, Teilzeit oder als Nebenjob, es gibt immer einen Platz f\u00fcr Talente. Sehen Sie die offenen Stellen >","og_url":"https:\/\/kasteeloostvalkenburg.com\/de\/andere\/karriere-im-schloss-oost\/","og_site_name":"Kasteel Oost","article_publisher":"https:\/\/www.facebook.com\/Kooningstheweddingpalace","article_modified_time":"2025-05-08T08:47:17+00:00","twitter_card":"summary_large_image","schema":{"@context":"https:\/\/schema.org","@graph":[{"@type":"WebPage","@id":"https:\/\/kasteeloostvalkenburg.com\/de\/andere\/karriere-im-schloss-oost\/","url":"https:\/\/kasteeloostvalkenburg.com\/de\/andere\/karriere-im-schloss-oost\/","name":"Arbeiten bei Kasteel Oost | Valkenburg","isPartOf":{"@id":"https:\/\/kasteeloostvalkenburg.com\/de\/#website"},"datePublished":"2025-03-18T13:23:34+00:00","dateModified":"2025-05-08T08:47:17+00:00","description":"Bei Kasteel Oost sind wir immer auf der Suche nach begeisterten Kollegen. Ob in Vollzeit, Teilzeit oder als Nebenjob, es gibt immer einen Platz f\u00fcr Talente. Sehen Sie die offenen Stellen >","breadcrumb":{"@id":"https:\/\/kasteeloostvalkenburg.com\/de\/andere\/karriere-im-schloss-oost\/#breadcrumb"},"inLanguage":"de","potentialAction":[{"@type":"ReadAction","target":["https:\/\/kasteeloostvalkenburg.com\/de\/andere\/karriere-im-schloss-oost\/"]}]},{"@type":"BreadcrumbList","@id":"https:\/\/kasteeloostvalkenburg.com\/de\/andere\/karriere-im-schloss-oost\/#breadcrumb","itemListElement":[{"@type":"ListItem","position":1,"name":"Startseite","item":"https:\/\/kasteeloostvalkenburg.com\/de\/"},{"@type":"ListItem","position":2,"name":"Andere","item":"https:\/\/kasteeloostvalkenburg.com\/de\/andere\/"},{"@type":"ListItem","position":3,"name":"Karriere im Schloss Oost"}]},{"@type":"WebSite","@id":"https:\/\/kasteeloostvalkenburg.com\/de\/#website","url":"https:\/\/kasteeloostvalkenburg.com\/de\/","name":"Kasteel Oost","description":"","publisher":{"@id":"https:\/\/kasteeloostvalkenburg.com\/de\/#organization"},"potentialAction":[{"@type":"SearchAction","target":{"@type":"EntryPoint","urlTemplate":"https:\/\/kasteeloostvalkenburg.com\/de\/?s={search_term_string}"},"query-input":{"@type":"PropertyValueSpecification","valueRequired":true,"valueName":"search_term_string"}}],"inLanguage":"de"},{"@type":"Organization","@id":"https:\/\/kasteeloostvalkenburg.com\/de\/#organization","name":"Kasteel Oost","url":"https:\/\/kasteeloostvalkenburg.com\/de\/","logo":{"@type":"ImageObject","inLanguage":"de","@id":"https:\/\/kasteeloostvalkenburg.com\/de\/#\/schema\/logo\/image\/","url":"https:\/\/kasteeloostvalkenburg.com\/wp-content\/uploads\/2025\/04\/KasteelOost-logo-darkgray.png","contentUrl":"https:\/\/kasteeloostvalkenburg.com\/wp-content\/uploads\/2025\/04\/KasteelOost-logo-darkgray.png","width":413,"height":318,"caption":"Kasteel Oost"},"image":{"@id":"https:\/\/kasteeloostvalkenburg.com\/de\/#\/schema\/logo\/image\/"},"sameAs":["https:\/\/www.facebook.com\/Kooningstheweddingpalace","https:\/\/www.instagram.com\/kasteeloost\/","https:\/\/www.tiktok.com\/@kooningstheweddingpalace","https:\/\/nl.pinterest.com\/koonings\/"]}]}},"_links":{"self":[{"href":"https:\/\/kasteeloostvalkenburg.com\/de\/wp-json\/wp\/v2\/pages\/2119","targetHints":{"allow":["GET"]}}],"collection":[{"href":"https:\/\/kasteeloostvalkenburg.com\/de\/wp-json\/wp\/v2\/pages"}],"about":[{"href":"https:\/\/kasteeloostvalkenburg.com\/de\/wp-json\/wp\/v2\/types\/page"}],"author":[{"embeddable":true,"href":"https:\/\/kasteeloostvalkenburg.com\/de\/wp-json\/wp\/v2\/users\/1"}],"replies":[{"embeddable":true,"href":"https:\/\/kasteeloostvalkenburg.com\/de\/wp-json\/wp\/v2\/comments?post=2119"}],"version-history":[{"count":7,"href":"https:\/\/kasteeloostvalkenburg.com\/de\/wp-json\/wp\/v2\/pages\/2119\/revisions"}],"predecessor-version":[{"id":3195,"href":"https:\/\/kasteeloostvalkenburg.com\/de\/wp-json\/wp\/v2\/pages\/2119\/revisions\/3195"}],"up":[{"embeddable":true,"href":"https:\/\/kasteeloostvalkenburg.com\/de\/wp-json\/wp\/v2\/pages\/1886"}],"wp:attachment":[{"href":"https:\/\/kasteeloostvalkenburg.com\/de\/wp-json\/wp\/v2\/media?parent=2119"}],"curies":[{"name":"wp","href":"https:\/\/api.w.org\/{rel}","templated":true}]}}