{"id":1882,"date":"2025-03-18T13:24:16","date_gmt":"2025-03-18T13:24:16","guid":{"rendered":"https:\/\/kasteeloostvalkenburg.com\/koonings\/"},"modified":"2025-10-31T11:02:36","modified_gmt":"2025-10-31T11:02:36","slug":"koonings","status":"publish","type":"page","link":"https:\/\/kasteeloostvalkenburg.com\/de\/andere\/koonings\/","title":{"rendered":"Koonings"},"content":{"rendered":"\r\n    <section class=\"hero image-right\">\r\n        <div class=\"row d-flex align-items-center\">\r\n            <div class=\"col-12 col-lg-7\">\r\n                <div class=\"hero__intro\">\r\n                                            <div class=\"eye-block breadcrumbs-wrapper\">\r\n                            \r\n            <ul class=\"site-breadcrumbs\">\r\n                <li class=\"crumb\">\r\n                    <a class=\"disable-line\" href=\"https:\/\/kasteeloostvalkenburg.com\">\r\n                        <i class=\"fa-regular fa-home\"><\/i>\r\n                    <\/a>\r\n                <\/li>\r\n                                    <div class=\"divider\"><\/div>\r\n                    <li class=\"crumb first\">\r\n                        <a class=\"disable-line\" href=\"https:\/\/kasteeloostvalkenburg.com\/de\/andere\/\">Andere<\/a>\r\n                    <\/li>\r\n                                        <div class=\"divider\"><\/div>\r\n                    <li class=\"crumb \">\r\n                        <a class=\"disable-line\" href=\"https:\/\/kasteeloostvalkenburg.com\/de\/andere\/koonings\/\">Koonings<\/a>\r\n                    <\/li>\r\n                                <\/ul>\r\n        \r\n                                        <\/div>\r\n                                        <p class=\"hero__intro-subtitle\">Koonings<\/p>\r\n                    <h1>Brautmode in bezaubernder Form<\/h1>\r\n                    <div class=\"hero__intro-content\">\r\n                        <p><p>Zeg jij ja tegen je grote liefde? Droom jij van een trouwjurk passen op een plek die voelt als een sprookje? Bij Koonings in Valkenburg beleef je de magie van bruidsmode in een onge\u00ebvenaarde setting: een historisch kasteel, omgeven door rust en romantiek.<\/p>\n<\/p>\r\n\r\n                                                                                    <a href=\"https:\/\/www.koonings.com\/afspraak-maken\/\" target=\"_blank\"\r\n                                   class=\"btn btn-primary\">Vereinbaren Sie Ihren Anprobetermin<\/a>\r\n                                                    \r\n                    <\/div>\r\n                <\/div>\r\n            <\/div>\r\n            <div class=\"col-12 col-lg-5\">\r\n                                    <div class=\"hero__image\">\r\n                        <img decoding=\"async\" src=\"https:\/\/kasteeloostvalkenburg.com\/wp-content\/uploads\/2025\/04\/thumbnail_IMG_2224-scaled-1.jpg\" alt=\"\">\r\n                    <\/div>\r\n                            <\/div>\r\n        <\/div>\r\n    <\/section>\r\n\r\n\r\n<div class=\"eye-block empty-space empty-space--large pt-md-5 pb-md-5 pt-4 pb-4\" ><\/div>\n<div class=\"ghostkit-grid ghostkit-grid-gap-md ghostkit-grid-justify-content-center\"><div class=\"ghostkit-grid-inner\">\n<div class=\"ghostkit-col ghostkit-col-lg-12 ghostkit-col-8\"><div class=\"ghostkit-col-content is-layout-flow wp-block-ghostkit-grid-column-is-layout-flow\">\n<h2 class=\"wp-block-heading has-text-align-center\" id=\"koonings-valkenburg\">Koonings Valkenburg<\/h2>\n\n\n\n<p class=\"has-text-align-center\">Ist eine exklusive Suche nach Ihrem Hochzeitskleid in einer malerischen Umgebung genau das, was Sie sich f\u00fcr diesen besonderen Tag w\u00fcnschen?<\/p>\n\n\n\n<p class=\"has-text-align-center\">Im Brautmodengesch\u00e4ft Koonings in Valkenburg probieren Sie Hochzeitskleider in einzigartiger Form an. Nirgendwo sonst in den Niederlanden k\u00f6nnen Sie Brautkleider in bezaubernden Schlossr\u00e4umen anprobieren. Erleben Sie die VIP-Behandlung der Extraklasse mit Getr\u00e4nken und Snacks, w\u00e4hrend Sie von Ihrem pers\u00f6nlichen und erfahrenen Stylisten gef\u00fchrt werden. Nach einem Spaziergang durch die Schlossg\u00e4rten genie\u00dfen Sie k\u00f6stliche Gerichte in einem unserer Restaurants. Und f\u00fcr alle, die von einer m\u00e4rchenhaften Hochzeit tr\u00e4umen, k\u00f6nnen diese einzigartigen R\u00e4ume auch als Veranstaltungsort gebucht werden.    <\/p>\n<\/div><\/div>\n<\/div><\/div>\n\r\n<div class=\"eye-block empty-space empty-space--klein \" ><\/div>\r\n<div class=\"room-facilities__container\">\r\n    <div class=\"eye-block room-facilities\">\r\n        <div class=\"row d-flex justify-content-center\">\r\n                            <div class=\"col-12 col-lg-6 mb-4\">\r\n                    <div class=\"room-facilities__item d-flex flex-column align-items-center text-center\">\r\n                                                    <i class=\"fas fa-clothes-hanger fa-2x mb-3\"><\/i>\r\n                                                <p>Passen in een romantisch kasteel<\/p>\n                    <\/div>\r\n                <\/div>\r\n                            <div class=\"col-12 col-lg-6 mb-4\">\r\n                    <div class=\"room-facilities__item d-flex flex-column align-items-center text-center\">\r\n                                                    <i class=\"fas fa-Champagner-Gl\u00e4ser fa-2x mb-3\"><\/i>\r\n                                                <p>Bubbels tijdens je afspraak<\/p>\n                    <\/div>\r\n                <\/div>\r\n                            <div class=\"col-12 col-lg-6 mb-4\">\r\n                    <div class=\"room-facilities__item d-flex flex-column align-items-center text-center\">\r\n                                                    <i class=\"fas fa-Benutzer-Sperre fa-2x mb-3\"><\/i>\r\n                                                <p>Intieme salon als paskamer<\/p>\n                    <\/div>\r\n                <\/div>\r\n                            <div class=\"col-12 col-lg-6 mb-4\">\r\n                    <div class=\"room-facilities__item d-flex flex-column align-items-center text-center\">\r\n                                                    <i class=\"fas fa-fork-knife fa-2x mb-3\"><\/i>\r\n                                                <p>Gastronomisch genieten bij Mon R\u00eave<\/p>\n                    <\/div>\r\n                <\/div>\r\n                    <\/div>\r\n    <\/div>\r\n<\/div>\r\n\r\n<div class=\"eye-block empty-space empty-space--large pt-md-5 pb-md-5 pt-4 pb-4\" ><\/div>\r\n<div class=\"eye-block photo-block\">\r\n    <div class=\"row g-6 mb-6 d-flex align-items-center\">\r\n        <div class=\"col-12 col-md-6\">\r\n            <div class=\"photo-block__image first\" data-speed=\"1.2\">\r\n                <img decoding=\"async\" src=\"https:\/\/kasteeloostvalkenburg.com\/wp-content\/uploads\/2025\/04\/thumbnail_IMG_2224-scaled-1.jpg\" alt=\"\">\r\n            <\/div>\r\n        <\/div>\r\n        <div class=\"col-12 col-md-6\">\r\n            <div class=\"photo-block__image second\" data-speed=\"1.5\">\r\n                <img decoding=\"async\" src=\"https:\/\/kasteeloostvalkenburg.com\/wp-content\/uploads\/2025\/04\/Koonings_jurk.jpg\" alt=\"\">\r\n            <\/div>\r\n        <\/div>\r\n    <\/div>\r\n\r\n    <\/div>\r\n<div class=\"eye-block empty-space empty-space--large pt-md-5 pb-md-5 pt-4 pb-4\" ><\/div>\n<div class=\"ghostkit-grid ghostkit-grid-gap-md ghostkit-grid-justify-content-center\"><div class=\"ghostkit-grid-inner\">\n<div class=\"ghostkit-col ghostkit-col-lg-12 ghostkit-col-8\"><div class=\"ghostkit-col-content is-layout-flow wp-block-ghostkit-grid-column-is-layout-flow\">\n<h2 class=\"wp-block-heading has-text-align-center\" id=\"koonings-valkenburg\">Koonings Deurne<\/h2>\n\n\n\n<p class=\"has-text-align-center\"><strong><em>The Wedding Palace<\/em><\/strong><\/p>\n\n\n\n<p class=\"has-text-align-center\">M\u00f6chten Sie ein einzigartiges Erlebnis genie\u00dfen und aus der weltweit gr\u00f6\u00dften Auswahl an Brautkleidern w\u00e4hlen? Buchen Sie Ihren Termin in der gr\u00f6\u00dften Brautmodenboutique der Welt bei Koonings. In einem stilvollen Ambiente finden Sie unter mehr als 4.500 Brautkleidern auf \u00fcber 11.000 m\u00b2 Modelle in verschiedensten Stilen, Gr\u00f6\u00dfen und Preisklassen. Machen Sie Erinnerungsfotos auf unserer ber\u00fchmten Treppe aus der TV-Show Say Yes to the Dress und sto\u00dfen Sie in unserem Restaurant auf Ihren Erfolg an oder lassen Sie sich in unserem Sch\u00f6nheitssalon verw\u00f6hnen.   <\/p>\n<\/div><\/div>\n<\/div><\/div>\n\r\n<div class=\"eye-block empty-space empty-space--klein \" ><\/div>\r\n<div class=\"room-facilities__container\">\r\n    <div class=\"eye-block room-facilities\">\r\n        <div class=\"row d-flex justify-content-center\">\r\n                            <div class=\"col-12 col-lg-6 mb-4\">\r\n                    <div class=\"room-facilities__item d-flex flex-column align-items-center text-center\">\r\n                                                    <i class=\"fas fa-earth-americas fa-2x mb-3\"><\/i>\r\n                                                <p>Grootste ter wereld<\/p>\n                    <\/div>\r\n                <\/div>\r\n                            <div class=\"col-12 col-lg-6 mb-4\">\r\n                    <div class=\"room-facilities__item d-flex flex-column align-items-center text-center\">\r\n                                                    <div class=\"custom-icon mb-3\">\r\n                                <svg xmlns=\"http:\/\/www.w3.org\/2000\/svg\" shape-rendering=\"geometricPrecision\" text-rendering=\"geometricPrecision\" image-rendering=\"optimizeQuality\" fill-rule=\"evenodd\" clip-rule=\"evenodd\" viewBox=\"0 0 351 511.31\"><path d=\"M176.72 66.38c14.91-16.17 31.24-22.87 45.48-23.09V0h23.7v49.9c12.88 8.54 18.96 24.34 11.23 41.39l-24.06 53.09c-4.11 10.44-6.34 20.76-3.69 30.79 1.8 6.78 5.82 13.42 13 19.88 55.58 51.13 99.88 110.47 107.53 196.46 0 24.81 5.79 62.1-9.31 82.49-11.97 16.17-29.13 17.92-50.66 7.46-19.16 24.44-44.38 30.16-76.52 14.48-24.55 21.62-49.74 19.97-75.48-2.07-26.41 15.8-52.3 13.09-77.54-12.41-12.65 3.31-25.01 4.46-36.7.43C-5.1 471.94.43 455.71.43 430.64c0-46.77 9.08-83.51 27.48-127.04 17.81-42.11 35.26-65.17 61.01-92.75 23.79-25.48 45.21-32.37 25.24-71.64l-18.6-45.74c-7.51-18.45.63-35.33 15.37-43.87V0h23.69v43.79c13.9.44 29.12 7.07 42.1 22.59z\"\/><\/svg>                            <\/div>\r\n                                                <p>+ 4.500 trouwjurken<\/p>\n                    <\/div>\r\n                <\/div>\r\n                            <div class=\"col-12 col-lg-6 mb-4\">\r\n                    <div class=\"room-facilities__item d-flex flex-column align-items-center text-center\">\r\n                                                    <i class=\"fas fa-TV fa-2x mb-3\"><\/i>\r\n                                                <p>Bekend van Say Yes to the Dress<\/p>\n                    <\/div>\r\n                <\/div>\r\n                            <div class=\"col-12 col-lg-6 mb-4\">\r\n                    <div class=\"room-facilities__item d-flex flex-column align-items-center text-center\">\r\n                                                    <i class=\"fas fa-fork-knife fa-2x mb-3\"><\/i>\r\n                                                <p>Roze restaurant<\/p>\n                    <\/div>\r\n                <\/div>\r\n                    <\/div>\r\n    <\/div>\r\n<\/div>\r\n\r\n<div class=\"eye-block empty-space empty-space--large pt-md-5 pb-md-5 pt-4 pb-4\" ><\/div>\r\n<div class=\"eye-block photo-block\">\r\n    <div class=\"row g-6 mb-6 d-flex align-items-center\">\r\n        <div class=\"col-12 col-md-6\">\r\n            <div class=\"photo-block__image first\" data-speed=\"1.2\">\r\n                <img decoding=\"async\" src=\"https:\/\/kasteeloostvalkenburg.com\/wp-content\/uploads\/2025\/03\/koonings_palace_deurne_thumb.jpg\" alt=\"\">\r\n            <\/div>\r\n        <\/div>\r\n        <div class=\"col-12 col-md-6\">\r\n            <div class=\"photo-block__image second\" data-speed=\"1.5\">\r\n                <img decoding=\"async\" src=\"https:\/\/kasteeloostvalkenburg.com\/wp-content\/uploads\/2025\/04\/Restaurant_Inekes.jpg\" alt=\"\">\r\n            <\/div>\r\n        <\/div>\r\n    <\/div>\r\n\r\n            <div class=\"w-100 d-flex justify-content-center\">\r\n            <div class=\"photo-block__image third\" data-speed=\"1.5\">\r\n                <img decoding=\"async\" src=\"https:\/\/kasteeloostvalkenburg.com\/wp-content\/uploads\/2025\/04\/Koonings_grotehal.jpg\" alt=\"\">\r\n            <\/div>\r\n        <\/div>\r\n    <\/div>\r\n<div class=\"eye-block empty-space empty-space--medium pt-md-4 pb-md-4 pt-3 pb-3\" ><\/div>\n<div class=\"ghostkit-grid ghostkit-grid-gap-md ghostkit-grid-justify-content-center\"><div class=\"ghostkit-grid-inner\">\n<div class=\"ghostkit-col ghostkit-col-lg-12 ghostkit-col-4\"><div class=\"ghostkit-col-content is-layout-flow wp-block-ghostkit-grid-column-is-layout-flow\">\r\n<div class=\"eye-block custom-card bg--lightbeige\">\r\n    <div class=\"custom-card__content\">\r\n        <div class=\"acf-innerblocks-container\">\n\n<h3 class=\"wp-block-heading has-text-align-center\" id=\"meer-lezen-over-koonings\">M\u00f6chten Sie mehr \u00fcber Koonings lesen?<\/h3>\n\n\n\r\n<div class=\"eye-block empty-space empty-space--klein \" ><\/div>\n\n\r\n<div class=\"eye-block bsbutton text-center \" >\r\n            <a class=\"btn btn-primary\" href=\"https:\/\/www.koonings.com\/\" target=\"_blank\">\r\n            Zur Website gehen        <\/a>\r\n    <\/div>\r\n\n<\/div>\r\n    <\/div>\r\n    <\/div><\/div><\/div>\n<\/div><\/div>\n","protected":false},"excerpt":{"rendered":"","protected":false},"author":1,"featured_media":0,"parent":1886,"menu_order":0,"comment_status":"closed","ping_status":"closed","template":"","meta":{"_acf_changed":false,"ghostkit_customizer_options":"","ghostkit_custom_css":"","ghostkit_custom_js_head":"","ghostkit_custom_js_foot":"","ghostkit_typography":"","footnotes":""},"class_list":["post-1882","page","type-page","status-publish","hentry"],"acf":[],"yoast_head":"<!-- This site is optimized with the Yoast SEO plugin v27.3 - https:\/\/yoast.com\/product\/yoast-seo-wordpress\/ -->\n<title>Das gr\u00f6\u00dfte Brautmodengesch\u00e4ft der Welt | Koonings<\/title>\n<meta name=\"description\" content=\"Sagen Sie Ja zu Ihrer gro\u00dfen Liebe? Bei Koonings in Kasteel Oost Valkenburg probieren Sie Brautkleider in einem der bezaubernden Schlosszimmer an.\" \/>\n<meta name=\"robots\" content=\"index, follow, max-snippet:-1, max-image-preview:large, max-video-preview:-1\" \/>\n<link rel=\"canonical\" href=\"https:\/\/kasteeloostvalkenburg.com\/de\/andere\/koonings\/\" \/>\n<meta property=\"og:locale\" content=\"de_DE\" \/>\n<meta property=\"og:type\" content=\"article\" \/>\n<meta property=\"og:title\" content=\"Das gr\u00f6\u00dfte Brautmodengesch\u00e4ft der Welt | Koonings\" \/>\n<meta property=\"og:description\" content=\"Sagen Sie Ja zu Ihrer gro\u00dfen Liebe? Bei Koonings in Kasteel Oost Valkenburg probieren Sie Brautkleider in einem der bezaubernden Schlosszimmer an.\" \/>\n<meta property=\"og:url\" content=\"https:\/\/kasteeloostvalkenburg.com\/de\/andere\/koonings\/\" \/>\n<meta property=\"og:site_name\" content=\"Kasteel Oost\" \/>\n<meta property=\"article:publisher\" content=\"https:\/\/www.facebook.com\/Kooningstheweddingpalace\" \/>\n<meta property=\"article:modified_time\" content=\"2025-10-31T11:02:36+00:00\" \/>\n<meta name=\"twitter:card\" content=\"summary_large_image\" \/>\n<meta name=\"twitter:label1\" content=\"Gesch\u00e4tzte Lesezeit\" \/>\n\t<meta name=\"twitter:data1\" content=\"1\u00a0Minute\" \/>\n<script type=\"application\/ld+json\" class=\"yoast-schema-graph\">{\"@context\":\"https:\\\/\\\/schema.org\",\"@graph\":[{\"@type\":\"WebPage\",\"@id\":\"https:\\\/\\\/kasteeloostvalkenburg.com\\\/de\\\/andere\\\/koonings\\\/\",\"url\":\"https:\\\/\\\/kasteeloostvalkenburg.com\\\/de\\\/andere\\\/koonings\\\/\",\"name\":\"Das gr\u00f6\u00dfte Brautmodengesch\u00e4ft der Welt | Koonings\",\"isPartOf\":{\"@id\":\"https:\\\/\\\/kasteeloostvalkenburg.com\\\/de\\\/#website\"},\"datePublished\":\"2025-03-18T13:24:16+00:00\",\"dateModified\":\"2025-10-31T11:02:36+00:00\",\"description\":\"Sagen Sie Ja zu Ihrer gro\u00dfen Liebe? Bei Koonings in Kasteel Oost Valkenburg probieren Sie Brautkleider in einem der bezaubernden Schlosszimmer an.\",\"breadcrumb\":{\"@id\":\"https:\\\/\\\/kasteeloostvalkenburg.com\\\/de\\\/andere\\\/koonings\\\/#breadcrumb\"},\"inLanguage\":\"de\",\"potentialAction\":[{\"@type\":\"ReadAction\",\"target\":[\"https:\\\/\\\/kasteeloostvalkenburg.com\\\/de\\\/andere\\\/koonings\\\/\"]}]},{\"@type\":\"BreadcrumbList\",\"@id\":\"https:\\\/\\\/kasteeloostvalkenburg.com\\\/de\\\/andere\\\/koonings\\\/#breadcrumb\",\"itemListElement\":[{\"@type\":\"ListItem\",\"position\":1,\"name\":\"Startseite\",\"item\":\"https:\\\/\\\/kasteeloostvalkenburg.com\\\/de\\\/\"},{\"@type\":\"ListItem\",\"position\":2,\"name\":\"Andere\",\"item\":\"https:\\\/\\\/kasteeloostvalkenburg.com\\\/de\\\/andere\\\/\"},{\"@type\":\"ListItem\",\"position\":3,\"name\":\"Koonings\"}]},{\"@type\":\"WebSite\",\"@id\":\"https:\\\/\\\/kasteeloostvalkenburg.com\\\/de\\\/#website\",\"url\":\"https:\\\/\\\/kasteeloostvalkenburg.com\\\/de\\\/\",\"name\":\"Kasteel Oost\",\"description\":\"\",\"publisher\":{\"@id\":\"https:\\\/\\\/kasteeloostvalkenburg.com\\\/de\\\/#organization\"},\"potentialAction\":[{\"@type\":\"SearchAction\",\"target\":{\"@type\":\"EntryPoint\",\"urlTemplate\":\"https:\\\/\\\/kasteeloostvalkenburg.com\\\/de\\\/?s={search_term_string}\"},\"query-input\":{\"@type\":\"PropertyValueSpecification\",\"valueRequired\":true,\"valueName\":\"search_term_string\"}}],\"inLanguage\":\"de\"},{\"@type\":\"Organization\",\"@id\":\"https:\\\/\\\/kasteeloostvalkenburg.com\\\/de\\\/#organization\",\"name\":\"Kasteel Oost\",\"url\":\"https:\\\/\\\/kasteeloostvalkenburg.com\\\/de\\\/\",\"logo\":{\"@type\":\"ImageObject\",\"inLanguage\":\"de\",\"@id\":\"https:\\\/\\\/kasteeloostvalkenburg.com\\\/de\\\/#\\\/schema\\\/logo\\\/image\\\/\",\"url\":\"https:\\\/\\\/kasteeloostvalkenburg.com\\\/wp-content\\\/uploads\\\/2025\\\/04\\\/KasteelOost-logo-darkgray.png\",\"contentUrl\":\"https:\\\/\\\/kasteeloostvalkenburg.com\\\/wp-content\\\/uploads\\\/2025\\\/04\\\/KasteelOost-logo-darkgray.png\",\"width\":413,\"height\":318,\"caption\":\"Kasteel Oost\"},\"image\":{\"@id\":\"https:\\\/\\\/kasteeloostvalkenburg.com\\\/de\\\/#\\\/schema\\\/logo\\\/image\\\/\"},\"sameAs\":[\"https:\\\/\\\/www.facebook.com\\\/Kooningstheweddingpalace\",\"https:\\\/\\\/www.instagram.com\\\/kasteeloost\\\/\",\"https:\\\/\\\/www.tiktok.com\\\/@kooningstheweddingpalace\",\"https:\\\/\\\/nl.pinterest.com\\\/koonings\\\/\"]}]}<\/script>\n<!-- \/ Yoast SEO plugin. -->","yoast_head_json":{"title":"Das gr\u00f6\u00dfte Brautmodengesch\u00e4ft der Welt | Koonings","description":"Sagen Sie Ja zu Ihrer gro\u00dfen Liebe? Bei Koonings in Kasteel Oost Valkenburg probieren Sie Brautkleider in einem der bezaubernden Schlosszimmer an.","robots":{"index":"index","follow":"follow","max-snippet":"max-snippet:-1","max-image-preview":"max-image-preview:large","max-video-preview":"max-video-preview:-1"},"canonical":"https:\/\/kasteeloostvalkenburg.com\/de\/andere\/koonings\/","og_locale":"de_DE","og_type":"article","og_title":"Das gr\u00f6\u00dfte Brautmodengesch\u00e4ft der Welt | Koonings","og_description":"Sagen Sie Ja zu Ihrer gro\u00dfen Liebe? Bei Koonings in Kasteel Oost Valkenburg probieren Sie Brautkleider in einem der bezaubernden Schlosszimmer an.","og_url":"https:\/\/kasteeloostvalkenburg.com\/de\/andere\/koonings\/","og_site_name":"Kasteel Oost","article_publisher":"https:\/\/www.facebook.com\/Kooningstheweddingpalace","article_modified_time":"2025-10-31T11:02:36+00:00","twitter_card":"summary_large_image","twitter_misc":{"Gesch\u00e4tzte Lesezeit":"1\u00a0Minute"},"schema":{"@context":"https:\/\/schema.org","@graph":[{"@type":"WebPage","@id":"https:\/\/kasteeloostvalkenburg.com\/de\/andere\/koonings\/","url":"https:\/\/kasteeloostvalkenburg.com\/de\/andere\/koonings\/","name":"Das gr\u00f6\u00dfte Brautmodengesch\u00e4ft der Welt | Koonings","isPartOf":{"@id":"https:\/\/kasteeloostvalkenburg.com\/de\/#website"},"datePublished":"2025-03-18T13:24:16+00:00","dateModified":"2025-10-31T11:02:36+00:00","description":"Sagen Sie Ja zu Ihrer gro\u00dfen Liebe? Bei Koonings in Kasteel Oost Valkenburg probieren Sie Brautkleider in einem der bezaubernden Schlosszimmer an.","breadcrumb":{"@id":"https:\/\/kasteeloostvalkenburg.com\/de\/andere\/koonings\/#breadcrumb"},"inLanguage":"de","potentialAction":[{"@type":"ReadAction","target":["https:\/\/kasteeloostvalkenburg.com\/de\/andere\/koonings\/"]}]},{"@type":"BreadcrumbList","@id":"https:\/\/kasteeloostvalkenburg.com\/de\/andere\/koonings\/#breadcrumb","itemListElement":[{"@type":"ListItem","position":1,"name":"Startseite","item":"https:\/\/kasteeloostvalkenburg.com\/de\/"},{"@type":"ListItem","position":2,"name":"Andere","item":"https:\/\/kasteeloostvalkenburg.com\/de\/andere\/"},{"@type":"ListItem","position":3,"name":"Koonings"}]},{"@type":"WebSite","@id":"https:\/\/kasteeloostvalkenburg.com\/de\/#website","url":"https:\/\/kasteeloostvalkenburg.com\/de\/","name":"Kasteel Oost","description":"","publisher":{"@id":"https:\/\/kasteeloostvalkenburg.com\/de\/#organization"},"potentialAction":[{"@type":"SearchAction","target":{"@type":"EntryPoint","urlTemplate":"https:\/\/kasteeloostvalkenburg.com\/de\/?s={search_term_string}"},"query-input":{"@type":"PropertyValueSpecification","valueRequired":true,"valueName":"search_term_string"}}],"inLanguage":"de"},{"@type":"Organization","@id":"https:\/\/kasteeloostvalkenburg.com\/de\/#organization","name":"Kasteel Oost","url":"https:\/\/kasteeloostvalkenburg.com\/de\/","logo":{"@type":"ImageObject","inLanguage":"de","@id":"https:\/\/kasteeloostvalkenburg.com\/de\/#\/schema\/logo\/image\/","url":"https:\/\/kasteeloostvalkenburg.com\/wp-content\/uploads\/2025\/04\/KasteelOost-logo-darkgray.png","contentUrl":"https:\/\/kasteeloostvalkenburg.com\/wp-content\/uploads\/2025\/04\/KasteelOost-logo-darkgray.png","width":413,"height":318,"caption":"Kasteel Oost"},"image":{"@id":"https:\/\/kasteeloostvalkenburg.com\/de\/#\/schema\/logo\/image\/"},"sameAs":["https:\/\/www.facebook.com\/Kooningstheweddingpalace","https:\/\/www.instagram.com\/kasteeloost\/","https:\/\/www.tiktok.com\/@kooningstheweddingpalace","https:\/\/nl.pinterest.com\/koonings\/"]}]}},"_links":{"self":[{"href":"https:\/\/kasteeloostvalkenburg.com\/de\/wp-json\/wp\/v2\/pages\/1882","targetHints":{"allow":["GET"]}}],"collection":[{"href":"https:\/\/kasteeloostvalkenburg.com\/de\/wp-json\/wp\/v2\/pages"}],"about":[{"href":"https:\/\/kasteeloostvalkenburg.com\/de\/wp-json\/wp\/v2\/types\/page"}],"author":[{"embeddable":true,"href":"https:\/\/kasteeloostvalkenburg.com\/de\/wp-json\/wp\/v2\/users\/1"}],"replies":[{"embeddable":true,"href":"https:\/\/kasteeloostvalkenburg.com\/de\/wp-json\/wp\/v2\/comments?post=1882"}],"version-history":[{"count":15,"href":"https:\/\/kasteeloostvalkenburg.com\/de\/wp-json\/wp\/v2\/pages\/1882\/revisions"}],"predecessor-version":[{"id":5041,"href":"https:\/\/kasteeloostvalkenburg.com\/de\/wp-json\/wp\/v2\/pages\/1882\/revisions\/5041"}],"up":[{"embeddable":true,"href":"https:\/\/kasteeloostvalkenburg.com\/de\/wp-json\/wp\/v2\/pages\/1886"}],"wp:attachment":[{"href":"https:\/\/kasteeloostvalkenburg.com\/de\/wp-json\/wp\/v2\/media?parent=1882"}],"curies":[{"name":"wp","href":"https:\/\/api.w.org\/{rel}","templated":true}]}}