{"id":1867,"date":"2025-03-18T13:23:50","date_gmt":"2025-03-18T13:23:50","guid":{"rendered":"https:\/\/kasteeloostvalkenburg.com\/kontakt\/"},"modified":"2025-07-30T09:14:28","modified_gmt":"2025-07-30T09:14:28","slug":"kontakt","status":"publish","type":"page","link":"https:\/\/kasteeloostvalkenburg.com\/de\/andere\/kontakt\/","title":{"rendered":"Kontakt"},"content":{"rendered":"\r\n    <section class=\"hero image-right\">\r\n        <div class=\"row d-flex align-items-center\">\r\n            <div class=\"col-12 col-lg-7\">\r\n                <div class=\"hero__intro\">\r\n                                            <div class=\"eye-block breadcrumbs-wrapper\">\r\n                            \r\n            <ul class=\"site-breadcrumbs\">\r\n                <li class=\"crumb\">\r\n                    <a class=\"disable-line\" href=\"https:\/\/kasteeloostvalkenburg.com\">\r\n                        <i class=\"fa-regular fa-home\"><\/i>\r\n                    <\/a>\r\n                <\/li>\r\n                                    <div class=\"divider\"><\/div>\r\n                    <li class=\"crumb first\">\r\n                        <a class=\"disable-line\" href=\"https:\/\/kasteeloostvalkenburg.com\/de\/andere\/\">Andere<\/a>\r\n                    <\/li>\r\n                                        <div class=\"divider\"><\/div>\r\n                    <li class=\"crumb \">\r\n                        <a class=\"disable-line\" href=\"https:\/\/kasteeloostvalkenburg.com\/de\/andere\/kontakt\/\">Kontakt<\/a>\r\n                    <\/li>\r\n                                <\/ul>\r\n        \r\n                                        <\/div>\r\n                                        <p class=\"hero__intro-subtitle\">Kontakt<\/p>\r\n                    <h1>Kontakt Kasteel Oost<\/h1>\r\n                    <div class=\"hero__intro-content\">\r\n                        <p><p>Haben Sie Fragen zu unserer Location, unserem Service oder m\u00f6chten Sie eine Reservierung vornehmen? Wir helfen Ihnen gerne weiter! Ob Sie eine Veranstaltung planen, mehr \u00fcber unsere Arrangements erfahren m\u00f6chten oder einfach vorbeischauen wollen \u2013 unser Team hilft Ihnen gern weiter.  <\/p>\n<\/p>\r\n\r\n                        \r\n                    <\/div>\r\n                <\/div>\r\n            <\/div>\r\n            <div class=\"col-12 col-lg-5\">\r\n                                    <div class=\"hero__image\">\r\n                        <img decoding=\"async\" src=\"https:\/\/kasteeloostvalkenburg.com\/wp-content\/uploads\/2025\/03\/rijksmonument_36828_kasteel_oost_valkenburg_0-scaled-e1720178932176.png\" alt=\"\">\r\n                    <\/div>\r\n                            <\/div>\r\n        <\/div>\r\n    <\/section>\r\n\r\n\r\n<div class=\"eye-block empty-space empty-space--large pt-md-5 pb-md-5 pt-4 pb-4\" ><\/div>\n<div class=\"ghostkit-grid ghostkit-grid-gap-md ghostkit-grid-justify-content-center equal-height-columns\"><div class=\"ghostkit-grid-inner\">\n<div class=\"ghostkit-col ghostkit-col-md-12 ghostkit-col-4\"><div class=\"ghostkit-col-content is-layout-flow wp-block-ghostkit-grid-column-is-layout-flow\">\r\n<div class=\"eye-block custom-card bg--lightbeige\">\r\n    <div class=\"custom-card__content\">\r\n        <div class=\"acf-innerblocks-container\">\n\n<h5 class=\"wp-block-heading\" id=\"kasteel-oost-valkenburg\"><strong>Kasteel Oost, Valkenburg<\/strong><\/h5>\n\n\n\r\n<div class=\"eye-block empty-space empty-space--custom \" style=\"height: .5rem\"><\/div>\n\n\n<ul class=\"wp-block-list\">\n<li>Oosterweg 36<\/li>\n\n\n\n<li>6301 PX Valkenburg<\/li>\n\n\n\n<li>Niederlande<\/li>\n<\/ul>\n\n\n\n<p><a href=\"https:\/\/maps.app.goo.gl\/bsgBU93DXcirLdhg6\" data-type=\"link\" data-id=\"https:\/\/maps.app.goo.gl\/bsgBU93DXcirLdhg6\" target=\"_blank\" rel=\"noreferrer noopener\">Anfahrtsbeschreibung<\/a><\/p>\n\n<\/div>\r\n    <\/div>\r\n    <\/div><\/div><\/div>\n\n\n\n<div class=\"ghostkit-col ghostkit-col-md-12 ghostkit-col-4\"><div class=\"ghostkit-col-content is-layout-flow wp-block-ghostkit-grid-column-is-layout-flow\">\n<div class=\"ghostkit-google-maps m-0\" style=\"min-height:350px\" data-lat=\"50.86497472692648\" data-lng=\"5.841822309893394\" data-zoom=\"10\" data-show-zoom-buttons=\"true\" data-show-map-type-buttons=\"true\" data-show-street-view-button=\"true\" data-show-fullscreen-button=\"true\" data-option-scroll-wheel=\"true\" data-option-draggable=\"true\" data-styles=\"\"><div class=\"ghostkit-google-maps-marker\" data-title=\"Kasteel Oost\" data-lat=\"50.8620043\" data-lng=\"5.841919499999999\" data-address=\"Oost, Oosterweg 36, 6301 PX Valkenburg, Nederland\"><\/div><\/div>\n<\/div><\/div>\n<\/div><\/div>\n\r\n<div class=\"eye-block empty-space empty-space--large pt-md-5 pb-md-5 pt-4 pb-4\" ><\/div>\n<h3 class=\"wp-block-heading has-text-align-center\" id=\"contact\">Kontakt<\/h3>\n\r\n<div class=\"eye-block empty-space empty-space--klein \" ><\/div>\n<div class=\"ghostkit-grid ghostkit-grid-gap-md ghostkit-grid-justify-content-center equal-height-columns\"><div class=\"ghostkit-grid-inner\">\n<div class=\"ghostkit-col ghostkit-col-md-12 ghostkit-col-lg-6 ghostkit-col-xl-6 ghostkit-col-4\"><div class=\"ghostkit-col-content is-layout-flow wp-block-ghostkit-grid-column-is-layout-flow\">\r\n<div class=\"eye-block custom-card bg--lightbeige\">\r\n    <div class=\"custom-card__content\">\r\n        <div class=\"acf-innerblocks-container\">\n\n<h5 class=\"wp-block-heading no-fancy-letter\" id=\"kasteel-oost-valkenburg\"><strong>Kasteel Oost<\/strong><\/h5>\n\n\n\r\n<div class=\"eye-block empty-space empty-space--custom \" style=\"height: .5rem\"><\/div>\n\n\n<p><strong>Kontakt<\/strong><\/p>\n\n\n\n<ul class=\"wp-block-list\">\n<li><a href=\"mailto:info@monrevevalkenburg.com\"><\/a><a href=\"mailto:info@kasteeloostvalkenburg.com\">info@kasteeloostvalkenburg.com<\/a><\/li>\n\n\n\n<li>+31 (0)432 &#8211; 005 127<\/li>\n<\/ul>\n\n<\/div>\r\n    <\/div>\r\n    <\/div><\/div><\/div>\n\n\n\n<div class=\"ghostkit-col ghostkit-col-md-12 ghostkit-col-lg-6 ghostkit-col-xl-6 ghostkit-col-4\"><div class=\"ghostkit-col-content is-layout-flow wp-block-ghostkit-grid-column-is-layout-flow\">\r\n<div class=\"eye-block custom-card bg--lightbeige\">\r\n    <div class=\"custom-card__content\">\r\n        <div class=\"acf-innerblocks-container\">\n\n<h5 class=\"wp-block-heading no-fancy-letter\" id=\"kasteel-oost-valkenburg\"><strong>Restaurant Mon R\u00eave<\/strong><\/h5>\n\n\n\r\n<div class=\"eye-block empty-space empty-space--custom \" style=\"height: .5rem\"><\/div>\n\n\n<p><strong>Kontakt<\/strong><\/p>\n\n\n\n<ul class=\"wp-block-list\">\n<li><a href=\"mailto:info@monrevevalkenburg.com\">info@monrevevalkenburg.com<\/a><\/li>\n\n\n\n<li>+31 (0)432 &#8211; 050 292<\/li>\n<\/ul>\n\n\n\n<p><strong>\u00d6ffnungszeiten:<\/strong><\/p>\n\n\n\n<ul class=\"wp-block-list m-0\">\n<li class=\"m-0\">Montag bis Freitag: 12.00 &#8211; 00.00<\/li>\n\n\n\n<li>Samstag und Sonntag: 10.00 &#8211; 00.00<\/li>\n<\/ul>\n\n<\/div>\r\n    <\/div>\r\n    <\/div><\/div><\/div>\n\n\n\n<div class=\"ghostkit-col ghostkit-col-md-12 ghostkit-col-lg-6 ghostkit-col-xl-6 ghostkit-col-4\"><div class=\"ghostkit-col-content is-layout-flow wp-block-ghostkit-grid-column-is-layout-flow\">\r\n<div class=\"eye-block custom-card bg--lightbeige\">\r\n    <div class=\"custom-card__content\">\r\n        <div class=\"acf-innerblocks-container\">\n\n<h5 class=\"wp-block-heading no-fancy-letter\" id=\"kasteel-oost-valkenburg\"><strong>Ereignisse Kasteel Oost<\/strong><\/h5>\n\n\n\r\n<div class=\"eye-block empty-space empty-space--custom \" style=\"height: .5rem\"><\/div>\n\n\n<p><strong>Kontakt<\/strong><\/p>\n\n\n\n<ul class=\"wp-block-list\">\n<li><a href=\"mailto:info@koonings.com\"><\/a><a href=\"mailto:events@kasteeloostvalkenburg.com\">events@kasteeloostvalkenburg.com<\/a><\/li>\n\n\n\n<li>+31 (0)493 \u2013 313 220<\/li>\n<\/ul>\n\n\n\n<p><strong>\u00d6ffnungszeiten:<\/strong><\/p>\n\n\n\n<p>Auf Anfrage<\/p>\n\n<\/div>\r\n    <\/div>\r\n    <\/div><\/div><\/div>\n\n\n\n<div class=\"ghostkit-col ghostkit-col-md-12 ghostkit-col-lg-6 ghostkit-col-xl-6 ghostkit-col-4 ghostkit-col-3\"><div class=\"ghostkit-col-content is-layout-flow wp-block-ghostkit-grid-column-is-layout-flow\">\r\n<div class=\"eye-block custom-card bg--lightbeige\">\r\n    <div class=\"custom-card__content\">\r\n        <div class=\"acf-innerblocks-container\">\n\n<h5 class=\"wp-block-heading no-fancy-letter\" id=\"kasteel-oost-valkenburg\"><strong>Koonings Brautmode Valkenburg<\/strong><\/h5>\n\n\n\r\n<div class=\"eye-block empty-space empty-space--custom \" style=\"height: .5rem\"><\/div>\n\n\n<p><strong>Kontakt<\/strong><\/p>\n\n\n\n<ul class=\"wp-block-list\">\n<li><a href=\"mailto:info@koonings.com\">info@koonings.com<\/a> <\/li>\n\n\n\n<li>+31 (0)432 &#8211; 050 291<\/li>\n<\/ul>\n\n\n\n<p class=\"m-0\"><strong>\u00d6ffnungszeiten:<\/strong><\/p>\n\n\n\n<p class=\"m-0\">Montag &#8211; Samstag: 10.00 &#8211; 17.30 Uhr.<\/p>\n\n\n\n<p class=\"m-0\">Sonntag: 11.00 -16.00<\/p>\n\n<\/div>\r\n    <\/div>\r\n    <\/div><\/div><\/div>\n\n\n\n<div class=\"ghostkit-col ghostkit-col-md-12 ghostkit-col-lg-6 ghostkit-col-xl-6 ghostkit-col-4 ghostkit-col-3\"><div class=\"ghostkit-col-content is-layout-flow wp-block-ghostkit-grid-column-is-layout-flow\">\r\n<div class=\"eye-block custom-card bg--lightbeige\">\r\n    <div class=\"custom-card__content\">\r\n        <div class=\"acf-innerblocks-container\">\n\n<h5 class=\"wp-block-heading no-fancy-letter\" id=\"kasteel-oost-valkenburg\"><strong>Hotel Kasteel Oost<\/strong><\/h5>\n\n\n\r\n<div class=\"eye-block empty-space empty-space--custom \" style=\"height: .5rem\"><\/div>\n\n\n<p><strong>Kontakt<\/strong><\/p>\n\n\n\n<ul class=\"wp-block-list\">\n<li><a href=\"mailto:info@kasteeloostvalkenburg.com\">info@kasteeloostvalkenburg.com<\/a><\/li>\n\n\n\n<li>+31 (0)432 &#8211; 005 127<\/li>\n<\/ul>\n\n<\/div>\r\n    <\/div>\r\n    <\/div><\/div><\/div>\n<\/div><\/div>\n\r\n<div class=\"eye-block empty-space empty-space--large pt-md-5 pb-md-5 pt-4 pb-4\" ><\/div>\r\n    <div class=\"eye-block contentblock fade-in-animation\">\r\n        <div class=\"contentblock__image-right__container\">\r\n            <div class=\"contentblock__image-right\">\r\n                <div class=\"row\">\r\n                    <div class=\"col-12 col-lg-7 p-lg-1 d-flex align-items-center\">\r\n                        <div class=\"contentblock__image-right__content\">\r\n                                                        <h2>Presse, Medien und Kooperationen<\/h2>\r\n                            <div class=\"contentblock__image-right__content-text\">\r\n                                <p>F\u00fcr Interviews, Pressemitteilungen, Kooperationen und allgemeine Medienanfragen, kontaktieren Sie uns bitte unter <span class=\"no-capital-letters\"><a href=\"mailto:marketing@koonings.com\">marketing@koonings.com<\/a><\/span>. Wir helfen Ihnen gerne mit Informationen \u00fcber Kasteel Oost, Presseanfragen und aktuelle Entwicklungen. <\/p>\n<p><strong>Reaktionszeit<\/strong><\/p>\n<p>Wir bem\u00fchen uns, Presse- und Kooperationsanfragen innerhalb von 3 Arbeitstagen zu beantworten. Bei dringenden Anfragen geben Sie dies bitte in der Betreffzeile Ihrer E-Mail an, damit wir sofort antworten k\u00f6nnen. <\/p>\n                            <\/div>\r\n\r\n                            \r\n                        <\/div>\r\n                    <\/div>\r\n                    <div class=\"col-12 col-lg-5 p-lg-1\">\r\n                        <div class=\"contentblock__image-right__image\">\r\n                            <img decoding=\"async\" data-speed=\"1.5\" src=\"https:\/\/kasteeloostvalkenburg.com\/wp-content\/uploads\/2025\/03\/Koonings-Demi_s-Design-261-scaled.jpg\" alt=\"\">\r\n                        <\/div>\r\n                    <\/div>\r\n                <\/div>\r\n            <\/div>\r\n        <\/div>\r\n    <\/div>\r\n\r\n","protected":false},"excerpt":{"rendered":"<p>Kontakt<\/p>\n","protected":false},"author":1,"featured_media":0,"parent":1886,"menu_order":0,"comment_status":"closed","ping_status":"closed","template":"","meta":{"_acf_changed":false,"ghostkit_customizer_options":"","ghostkit_custom_css":"","ghostkit_custom_js_head":"","ghostkit_custom_js_foot":"","ghostkit_typography":"","footnotes":""},"class_list":["post-1867","page","type-page","status-publish","hentry"],"acf":[],"yoast_head":"<!-- This site is optimized with the Yoast SEO plugin v27.3 - https:\/\/yoast.com\/product\/yoast-seo-wordpress\/ -->\n<title>Kontakt Kasteel Oost | Valkenburg<\/title>\n<meta name=\"description\" content=\"Haben Sie Fragen zu unseren Dienstleistungen oder m\u00f6chten Sie einen Besuchstermin vereinbaren? Kontaktieren Sie einfach Kasteel Oost. Wir helfen Ihnen gerne weiter!\" \/>\n<meta name=\"robots\" content=\"index, follow, max-snippet:-1, max-image-preview:large, max-video-preview:-1\" \/>\n<link rel=\"canonical\" href=\"https:\/\/kasteeloostvalkenburg.com\/de\/andere\/kontakt\/\" \/>\n<meta property=\"og:locale\" content=\"de_DE\" \/>\n<meta property=\"og:type\" content=\"article\" \/>\n<meta property=\"og:title\" content=\"Kontakt Kasteel Oost | Valkenburg\" \/>\n<meta property=\"og:description\" content=\"Haben Sie Fragen zu unseren Dienstleistungen oder m\u00f6chten Sie einen Besuchstermin vereinbaren? Kontaktieren Sie einfach Kasteel Oost. Wir helfen Ihnen gerne weiter!\" \/>\n<meta property=\"og:url\" content=\"https:\/\/kasteeloostvalkenburg.com\/de\/andere\/kontakt\/\" \/>\n<meta property=\"og:site_name\" content=\"Kasteel Oost\" \/>\n<meta property=\"article:publisher\" content=\"https:\/\/www.facebook.com\/Kooningstheweddingpalace\" \/>\n<meta property=\"article:modified_time\" content=\"2025-07-30T09:14:28+00:00\" \/>\n<meta name=\"twitter:card\" content=\"summary_large_image\" \/>\n<script type=\"application\/ld+json\" class=\"yoast-schema-graph\">{\"@context\":\"https:\\\/\\\/schema.org\",\"@graph\":[{\"@type\":\"WebPage\",\"@id\":\"https:\\\/\\\/kasteeloostvalkenburg.com\\\/de\\\/andere\\\/kontakt\\\/\",\"url\":\"https:\\\/\\\/kasteeloostvalkenburg.com\\\/de\\\/andere\\\/kontakt\\\/\",\"name\":\"Kontakt Kasteel Oost | Valkenburg\",\"isPartOf\":{\"@id\":\"https:\\\/\\\/kasteeloostvalkenburg.com\\\/de\\\/#website\"},\"datePublished\":\"2025-03-18T13:23:50+00:00\",\"dateModified\":\"2025-07-30T09:14:28+00:00\",\"description\":\"Haben Sie Fragen zu unseren Dienstleistungen oder m\u00f6chten Sie einen Besuchstermin vereinbaren? Kontaktieren Sie einfach Kasteel Oost. Wir helfen Ihnen gerne weiter!\",\"breadcrumb\":{\"@id\":\"https:\\\/\\\/kasteeloostvalkenburg.com\\\/de\\\/andere\\\/kontakt\\\/#breadcrumb\"},\"inLanguage\":\"de\",\"potentialAction\":[{\"@type\":\"ReadAction\",\"target\":[\"https:\\\/\\\/kasteeloostvalkenburg.com\\\/de\\\/andere\\\/kontakt\\\/\"]}]},{\"@type\":\"BreadcrumbList\",\"@id\":\"https:\\\/\\\/kasteeloostvalkenburg.com\\\/de\\\/andere\\\/kontakt\\\/#breadcrumb\",\"itemListElement\":[{\"@type\":\"ListItem\",\"position\":1,\"name\":\"Startseite\",\"item\":\"https:\\\/\\\/kasteeloostvalkenburg.com\\\/de\\\/\"},{\"@type\":\"ListItem\",\"position\":2,\"name\":\"Andere\",\"item\":\"https:\\\/\\\/kasteeloostvalkenburg.com\\\/de\\\/andere\\\/\"},{\"@type\":\"ListItem\",\"position\":3,\"name\":\"Kontakt\"}]},{\"@type\":\"WebSite\",\"@id\":\"https:\\\/\\\/kasteeloostvalkenburg.com\\\/de\\\/#website\",\"url\":\"https:\\\/\\\/kasteeloostvalkenburg.com\\\/de\\\/\",\"name\":\"Kasteel Oost\",\"description\":\"\",\"publisher\":{\"@id\":\"https:\\\/\\\/kasteeloostvalkenburg.com\\\/de\\\/#organization\"},\"potentialAction\":[{\"@type\":\"SearchAction\",\"target\":{\"@type\":\"EntryPoint\",\"urlTemplate\":\"https:\\\/\\\/kasteeloostvalkenburg.com\\\/de\\\/?s={search_term_string}\"},\"query-input\":{\"@type\":\"PropertyValueSpecification\",\"valueRequired\":true,\"valueName\":\"search_term_string\"}}],\"inLanguage\":\"de\"},{\"@type\":\"Organization\",\"@id\":\"https:\\\/\\\/kasteeloostvalkenburg.com\\\/de\\\/#organization\",\"name\":\"Kasteel Oost\",\"url\":\"https:\\\/\\\/kasteeloostvalkenburg.com\\\/de\\\/\",\"logo\":{\"@type\":\"ImageObject\",\"inLanguage\":\"de\",\"@id\":\"https:\\\/\\\/kasteeloostvalkenburg.com\\\/de\\\/#\\\/schema\\\/logo\\\/image\\\/\",\"url\":\"https:\\\/\\\/kasteeloostvalkenburg.com\\\/wp-content\\\/uploads\\\/2025\\\/04\\\/KasteelOost-logo-darkgray.png\",\"contentUrl\":\"https:\\\/\\\/kasteeloostvalkenburg.com\\\/wp-content\\\/uploads\\\/2025\\\/04\\\/KasteelOost-logo-darkgray.png\",\"width\":413,\"height\":318,\"caption\":\"Kasteel Oost\"},\"image\":{\"@id\":\"https:\\\/\\\/kasteeloostvalkenburg.com\\\/de\\\/#\\\/schema\\\/logo\\\/image\\\/\"},\"sameAs\":[\"https:\\\/\\\/www.facebook.com\\\/Kooningstheweddingpalace\",\"https:\\\/\\\/www.instagram.com\\\/kasteeloost\\\/\",\"https:\\\/\\\/www.tiktok.com\\\/@kooningstheweddingpalace\",\"https:\\\/\\\/nl.pinterest.com\\\/koonings\\\/\"]}]}<\/script>\n<!-- \/ Yoast SEO plugin. -->","yoast_head_json":{"title":"Kontakt Kasteel Oost | Valkenburg","description":"Haben Sie Fragen zu unseren Dienstleistungen oder m\u00f6chten Sie einen Besuchstermin vereinbaren? Kontaktieren Sie einfach Kasteel Oost. Wir helfen Ihnen gerne weiter!","robots":{"index":"index","follow":"follow","max-snippet":"max-snippet:-1","max-image-preview":"max-image-preview:large","max-video-preview":"max-video-preview:-1"},"canonical":"https:\/\/kasteeloostvalkenburg.com\/de\/andere\/kontakt\/","og_locale":"de_DE","og_type":"article","og_title":"Kontakt Kasteel Oost | Valkenburg","og_description":"Haben Sie Fragen zu unseren Dienstleistungen oder m\u00f6chten Sie einen Besuchstermin vereinbaren? Kontaktieren Sie einfach Kasteel Oost. Wir helfen Ihnen gerne weiter!","og_url":"https:\/\/kasteeloostvalkenburg.com\/de\/andere\/kontakt\/","og_site_name":"Kasteel Oost","article_publisher":"https:\/\/www.facebook.com\/Kooningstheweddingpalace","article_modified_time":"2025-07-30T09:14:28+00:00","twitter_card":"summary_large_image","schema":{"@context":"https:\/\/schema.org","@graph":[{"@type":"WebPage","@id":"https:\/\/kasteeloostvalkenburg.com\/de\/andere\/kontakt\/","url":"https:\/\/kasteeloostvalkenburg.com\/de\/andere\/kontakt\/","name":"Kontakt Kasteel Oost | Valkenburg","isPartOf":{"@id":"https:\/\/kasteeloostvalkenburg.com\/de\/#website"},"datePublished":"2025-03-18T13:23:50+00:00","dateModified":"2025-07-30T09:14:28+00:00","description":"Haben Sie Fragen zu unseren Dienstleistungen oder m\u00f6chten Sie einen Besuchstermin vereinbaren? Kontaktieren Sie einfach Kasteel Oost. Wir helfen Ihnen gerne weiter!","breadcrumb":{"@id":"https:\/\/kasteeloostvalkenburg.com\/de\/andere\/kontakt\/#breadcrumb"},"inLanguage":"de","potentialAction":[{"@type":"ReadAction","target":["https:\/\/kasteeloostvalkenburg.com\/de\/andere\/kontakt\/"]}]},{"@type":"BreadcrumbList","@id":"https:\/\/kasteeloostvalkenburg.com\/de\/andere\/kontakt\/#breadcrumb","itemListElement":[{"@type":"ListItem","position":1,"name":"Startseite","item":"https:\/\/kasteeloostvalkenburg.com\/de\/"},{"@type":"ListItem","position":2,"name":"Andere","item":"https:\/\/kasteeloostvalkenburg.com\/de\/andere\/"},{"@type":"ListItem","position":3,"name":"Kontakt"}]},{"@type":"WebSite","@id":"https:\/\/kasteeloostvalkenburg.com\/de\/#website","url":"https:\/\/kasteeloostvalkenburg.com\/de\/","name":"Kasteel Oost","description":"","publisher":{"@id":"https:\/\/kasteeloostvalkenburg.com\/de\/#organization"},"potentialAction":[{"@type":"SearchAction","target":{"@type":"EntryPoint","urlTemplate":"https:\/\/kasteeloostvalkenburg.com\/de\/?s={search_term_string}"},"query-input":{"@type":"PropertyValueSpecification","valueRequired":true,"valueName":"search_term_string"}}],"inLanguage":"de"},{"@type":"Organization","@id":"https:\/\/kasteeloostvalkenburg.com\/de\/#organization","name":"Kasteel Oost","url":"https:\/\/kasteeloostvalkenburg.com\/de\/","logo":{"@type":"ImageObject","inLanguage":"de","@id":"https:\/\/kasteeloostvalkenburg.com\/de\/#\/schema\/logo\/image\/","url":"https:\/\/kasteeloostvalkenburg.com\/wp-content\/uploads\/2025\/04\/KasteelOost-logo-darkgray.png","contentUrl":"https:\/\/kasteeloostvalkenburg.com\/wp-content\/uploads\/2025\/04\/KasteelOost-logo-darkgray.png","width":413,"height":318,"caption":"Kasteel Oost"},"image":{"@id":"https:\/\/kasteeloostvalkenburg.com\/de\/#\/schema\/logo\/image\/"},"sameAs":["https:\/\/www.facebook.com\/Kooningstheweddingpalace","https:\/\/www.instagram.com\/kasteeloost\/","https:\/\/www.tiktok.com\/@kooningstheweddingpalace","https:\/\/nl.pinterest.com\/koonings\/"]}]}},"_links":{"self":[{"href":"https:\/\/kasteeloostvalkenburg.com\/de\/wp-json\/wp\/v2\/pages\/1867","targetHints":{"allow":["GET"]}}],"collection":[{"href":"https:\/\/kasteeloostvalkenburg.com\/de\/wp-json\/wp\/v2\/pages"}],"about":[{"href":"https:\/\/kasteeloostvalkenburg.com\/de\/wp-json\/wp\/v2\/types\/page"}],"author":[{"embeddable":true,"href":"https:\/\/kasteeloostvalkenburg.com\/de\/wp-json\/wp\/v2\/users\/1"}],"replies":[{"embeddable":true,"href":"https:\/\/kasteeloostvalkenburg.com\/de\/wp-json\/wp\/v2\/comments?post=1867"}],"version-history":[{"count":18,"href":"https:\/\/kasteeloostvalkenburg.com\/de\/wp-json\/wp\/v2\/pages\/1867\/revisions"}],"predecessor-version":[{"id":3562,"href":"https:\/\/kasteeloostvalkenburg.com\/de\/wp-json\/wp\/v2\/pages\/1867\/revisions\/3562"}],"up":[{"embeddable":true,"href":"https:\/\/kasteeloostvalkenburg.com\/de\/wp-json\/wp\/v2\/pages\/1886"}],"wp:attachment":[{"href":"https:\/\/kasteeloostvalkenburg.com\/de\/wp-json\/wp\/v2\/media?parent=1867"}],"curies":[{"name":"wp","href":"https:\/\/api.w.org\/{rel}","templated":true}]}}