{"id":1865,"date":"2025-03-18T13:23:20","date_gmt":"2025-03-18T13:23:20","guid":{"rendered":"https:\/\/kasteeloostvalkenburg.com\/ueber-uns\/"},"modified":"2026-03-11T14:46:12","modified_gmt":"2026-03-11T14:46:12","slug":"ueber-uns","status":"publish","type":"page","link":"https:\/\/kasteeloostvalkenburg.com\/de\/andere\/ueber-uns\/","title":{"rendered":"\u00dcber uns"},"content":{"rendered":"\r\n        <section class=\"hero other\">\r\n            <div class=\"hero__intro\">\r\n                                    <div class=\"eye-block breadcrumbs-wrapper\">\r\n                        \r\n            <ul class=\"site-breadcrumbs\">\r\n                <li class=\"crumb\">\r\n                    <a class=\"disable-line\" href=\"https:\/\/kasteeloostvalkenburg.com\">\r\n                        <i class=\"fa-regular fa-home\"><\/i>\r\n                    <\/a>\r\n                <\/li>\r\n                                    <div class=\"divider\"><\/div>\r\n                    <li class=\"crumb first\">\r\n                        <a class=\"disable-line\" href=\"https:\/\/kasteeloostvalkenburg.com\/de\/andere\/\">Andere<\/a>\r\n                    <\/li>\r\n                                        <div class=\"divider\"><\/div>\r\n                    <li class=\"crumb \">\r\n                        <a class=\"disable-line\" href=\"https:\/\/kasteeloostvalkenburg.com\/de\/andere\/ueber-uns\/\">\u00dcber uns<\/a>\r\n                    <\/li>\r\n                                <\/ul>\r\n        \r\n                                    <\/div>\r\n                                <p class=\"m-0\">\u00dcber uns<\/p>\r\n                <h1>Die Geschichte hinter Kasteel Oost<\/h1>\r\n            <\/div>\r\n                            <div class=\"hero__image\">\r\n                    <img decoding=\"async\" src=\"https:\/\/kasteeloostvalkenburg.com\/wp-content\/uploads\/2025\/07\/Kasteel_oost_buitenkant_1-scaled.jpg\" alt=\"\">\r\n                <\/div>\r\n                    <\/section>\r\n\r\n\r\n<div class=\"eye-block empty-space empty-space--large pt-md-5 pb-md-5 pt-4 pb-4\" ><\/div>\r\n<div class=\"eye-block onpagenav \">\r\n    <div class=\"onpage-container\">\r\n        <nav id=\"onpage-nav\" aria-label=\"Inhoudsopgave\">\r\n            <ul class=\"onpage-nav-list\">\r\n                                    <li class=\"onpage-nav-item\">\r\n                        <a class=\"onpage-nav-link\" href=\"#ueber-kasteel-oost-section\">\u00dcber Kasteel Oost<\/a>\r\n                    <\/li>\r\n                                    <li class=\"onpage-nav-item\">\r\n                        <a class=\"onpage-nav-link\" href=\"#kasteel-oost-und-seine-geschichte-section\">Kasteel Oost und seine Geschichte<\/a>\r\n                    <\/li>\r\n                            <\/ul>\r\n        <\/nav>\r\n\r\n        <div id=\"mobile-nav-container\" class=\"d-flex d-md-none\">\r\n            <button id=\"mobile-nav-toggle\">Navigatie <i class=\"fas fa-angle-down\"><\/i><\/button>\r\n            <ul id=\"mobile-nav-list\">\r\n                                    <li class=\"onpage-nav-item\">\r\n                        <a class=\"onpage-nav-link\" href=\"#ueber-kasteel-oost-section\">\u00dcber Kasteel Oost<\/a>\r\n                    <\/li>\r\n                                    <li class=\"onpage-nav-item\">\r\n                        <a class=\"onpage-nav-link\" href=\"#kasteel-oost-und-seine-geschichte-section\">Kasteel Oost und seine Geschichte<\/a>\r\n                    <\/li>\r\n                            <\/ul>\r\n        <\/div>\r\n\r\n                    <nav id=\"onpage-nav-fixed\" aria-label=\"Inhoudsopgave\" class=\"fixed\">\r\n                <ul class=\"onpage-nav-list\">\r\n                                            <li class=\"onpage-nav-item\">\r\n                            <a class=\"onpage-nav-link\" href=\"#ueber-kasteel-oost-section\">\u00dcber Kasteel Oost<\/a>\r\n                        <\/li>\r\n                                            <li class=\"onpage-nav-item\">\r\n                            <a class=\"onpage-nav-link\" href=\"#kasteel-oost-und-seine-geschichte-section\">Kasteel Oost und seine Geschichte<\/a>\r\n                        <\/li>\r\n                                    <\/ul>\r\n            <\/nav>\r\n            <\/div>\r\n<\/div>\r\n\r\n<script>\r\n    document.addEventListener('DOMContentLoaded', function() {\r\n        const fixedNav = document.getElementById('onpage-nav-fixed');\r\n        const scrollThreshold = window.innerHeight;\r\n        const footerOffset = 780;\r\n        const mobileNavToggle = document.getElementById(\"mobile-nav-toggle\");\r\n        const mobileNavContainer = document.getElementById(\"mobile-nav-container\");\r\n        const mobileNavLinks = document.querySelectorAll(\".onpage-nav-link\");\r\n\r\n        const mobileNavContainerTop = mobileNavContainer.getBoundingClientRect().top + window.scrollY;\r\n\r\n        if (mobileNavToggle) {\r\n            mobileNavToggle.addEventListener(\"click\", function () {\r\n                mobileNavContainer.classList.toggle(\"active\");\r\n            });\r\n        }\r\n\r\n        if (mobileNavLinks) {\r\n            mobileNavLinks.forEach(link => {\r\n                link.addEventListener(\"click\", function () {\r\n                    mobileNavContainer.classList.remove(\"active\");\r\n                });\r\n            });\r\n        }\r\n\r\n        window.addEventListener('scroll', function() {\r\n            const scrollY = window.scrollY;\r\n            const pageHeight = document.documentElement.scrollHeight;\r\n            const windowHeight = window.innerHeight;\r\n            const distanceFromBottom = pageHeight - scrollY - windowHeight;\r\n\r\n            if (scrollY > mobileNavContainerTop) {\r\n                mobileNavContainer.classList.add(\"scrolled\");\r\n            } else {\r\n                mobileNavContainer.classList.remove(\"scrolled\");\r\n            }\r\n\r\n            if (scrollY > scrollThreshold) {\r\n                fixedNav.classList.add('visible');\r\n                mobileNavContainer.classList.add('scrolled');\r\n            } else {\r\n                fixedNav.classList.remove('visible');\r\n                mobileNavContainer.classList.remove('scrolled');\r\n            }\r\n\r\n            if (distanceFromBottom < footerOffset) {\r\n                fixedNav.classList.remove('visible');\r\n            }\r\n        });\r\n    });\r\n<\/script>\r\n\r\n\r\n\r\n\r\n<div class=\"eye-block empty-space empty-space--large pt-md-5 pb-md-5 pt-4 pb-4\" ><\/div>\r\n<div id=\"ueber-kasteel-oost-section\" class=\"eye-block menu-section\" title=\"ueber-kasteel-oost\" data-section-name=\"\u00dcber Kasteel Oost\"><\/div>\r\n\n<div class=\"ghostkit-grid ghostkit-grid-gap-md ghostkit-grid-justify-content-center\"><div class=\"ghostkit-grid-inner\">\n<div class=\"ghostkit-col ghostkit-col-lg-12 ghostkit-col-8\"><div class=\"ghostkit-col-content is-layout-flow wp-block-ghostkit-grid-column-is-layout-flow\">\n<h2 class=\"wp-block-heading has-text-align-center\" id=\"kasteel-oost-en-haar-geschiedenis\">\u00dcber Kasteel Oost<\/h2>\n\n\n\r\n<div class=\"eye-block empty-space empty-space--small pt-md-3 pb-md-3 pt-2 pb-2\" ><\/div>\n\n\n<p class=\"has-text-align-center\"><strong>Ein Ort, an dem Geschichte, Qualit\u00e4t und Erfahrung zusammenkommen<\/strong><\/p>\n\n\n\n<p class=\"has-text-align-center\">Am Ufer des Flusses Geul, etwas au\u00dferhalb des Zentrums von Valkenburg, liegt Kasteel Oost: ein majest\u00e4tisches Anwesen, in dem zeitlose Eleganz auf modernen Komfort trifft. In diesem unverwechselbaren Schloss finden Sie alles f\u00fcr ein unvergessliches Erlebnis unter einem Dach. <\/p>\n\n\n\n<p class=\"has-text-align-center\">Heute ist Kasteel Oost ein vielseitiges Reiseziel. Sie k\u00f6nnen stilvoll im Vier-Sterne-Superior-Hotel \u00fcbernachten, raffinierte Gerichte im Restaurant <em>Mon R\u00eave<\/em> genie\u00dfen und besondere Momente in einem stimmungsvollen Rahmen feiern. Ob es sich um eine romantische Hochzeit, ein intimes Familienessen oder eine gesch\u00e4ftliche Veranstaltung handelt, Kasteel Oost bietet den Rahmen und den Service, der jeden Moment zu etwas Besonderem macht.  <\/p>\n\n\n\n<p class=\"has-text-align-center\">Zus\u00e4tzlich zu diesen Erlebnissen finden Sie im Schloss auch eine Filiale von Koonings. Das einzige Brautmodengesch\u00e4ft in den Niederlanden, das sich in einem Denkmal befindet. Hier k\u00f6nnen Br\u00e4ute ihr Traumkleid finden und die einzigartige M\u00f6glichkeit nutzen, sich am selben Ort das Ja-Wort zu geben.  <\/p>\n\n\n\r\n<div class=\"eye-block empty-space empty-space--large pt-md-5 pb-md-5 pt-4 pb-4\" ><\/div><\/div><\/div>\n<\/div><\/div>\n\r\n<div class=\"eye-block photo-block\">\r\n    <div class=\"row g-6 mb-6 d-flex align-items-center\">\r\n        <div class=\"col-12 col-md-6\">\r\n            <div class=\"photo-block__image first\" data-speed=\"1.2\">\r\n                <img decoding=\"async\" src=\"https:\/\/kasteeloostvalkenburg.com\/wp-content\/uploads\/2025\/08\/kasteeloost-e1755525442391.jpg\" alt=\"\">\r\n            <\/div>\r\n        <\/div>\r\n        <div class=\"col-12 col-md-6\">\r\n            <div class=\"photo-block__image second\" data-speed=\"1.5\">\r\n                <img decoding=\"async\" src=\"https:\/\/kasteeloostvalkenburg.com\/wp-content\/uploads\/2025\/03\/Fotos-Kasteel-Oost-7-scaled.jpg\" alt=\"\">\r\n            <\/div>\r\n        <\/div>\r\n    <\/div>\r\n\r\n            <div class=\"w-100 d-flex justify-content-center\">\r\n            <div class=\"photo-block__image third\" data-speed=\"1.5\">\r\n                <img decoding=\"async\" src=\"https:\/\/kasteeloostvalkenburg.com\/wp-content\/uploads\/2025\/07\/2025_05_25_KOONINGS_KASTEELOOST_OPENING_193-scaled-e1751550190266.jpg\" alt=\"\">\r\n            <\/div>\r\n        <\/div>\r\n    <\/div>\r\n<div class=\"eye-block empty-space empty-space--large pt-md-5 pb-md-5 pt-4 pb-4\" ><\/div>\r\n<div id=\"kasteel-oost-und-seine-geschichte-section\" class=\"eye-block menu-section\" title=\"kasteel-oost-und-seine-geschichte\" data-section-name=\"Kasteel Oost und seine Geschichte\"><\/div>\r\n\n<div class=\"ghostkit-grid ghostkit-grid-gap-md ghostkit-grid-justify-content-center\"><div class=\"ghostkit-grid-inner\">\n<div class=\"ghostkit-col ghostkit-col-lg-12 ghostkit-col-8\"><div class=\"ghostkit-col-content is-layout-flow wp-block-ghostkit-grid-column-is-layout-flow\">\n<h2 class=\"wp-block-heading has-text-align-left\" id=\"kasteel-oost-en-haar-geschiedenis\">Kasteel Oost und seine Geschichte<\/h2>\n\n\n\r\n<div class=\"eye-block empty-space empty-space--small pt-md-3 pb-md-3 pt-2 pb-2\" ><\/div>\n\n\n<p>Kasteel Oost, an der Geul in Valkenburg gelegen, ist ein ockerfarbenes Herrenhaus mit einer reichen Geschichte, die bis in die zweite H\u00e4lfte des 16. Ein pr\u00e4chtiges Geb\u00e4ude, das stets im Besitz reicher Adelsfamilien war und in dem hochrangige Pers\u00f6nlichkeiten ein und aus gingen. In seiner Bl\u00fctezeit im Jahr 1626 war Kasteel Oost ein Ort, an dem tagelang pr\u00e4chtige Feste stattfanden und sich die High Society traf. Im Laufe der Jahrhunderte hat das Schloss eine bewegte Geschichte von Erbschaften und verschiedenen Besitz\u00fcbertragungen erlebt, die immer innerhalb des Hochadels stattfanden. Eines hatten sie jedoch alle gemeinsam: die Verbundenheit und Liebe zu Kasteel Oost und seinen L\u00e4ndereien.    <\/p>\n\n\n\n<p>Sein heutiges Erscheinungsbild, einschlie\u00dflich der markanten ockerfarbenen Fassade, stammt aus dem Jahr 1836. Das U-f\u00f6rmige Geb\u00e4ude umfasst einen malerischen Innenhof, ges\u00e4umt von S\u00e4ulen mit steinernen L\u00f6wen und ist von frei zug\u00e4nglichen Barockg\u00e4rten umgeben. \u00dcber die Jahrhunderte hinweg wurde das Schloss unterschiedlich genutzt, darunter als landwirtschaftliche Schule und literarisches Zentrum.  <\/p>\n\n\n\n<p>Ab 1978 erlebte das Schloss im unteren Stockwerk eine neue Wiederbelebung durch die Gemeinde Valkenburg selbst, als sie beschloss, hier einen 'romantischen Hochzeitspalast' zu bauen, in dem das erste Paar am 26. August 1978 das Eheversprechen ablegte.<\/p>\n\n\n\n<p>Im Jahr 2023 bekam Ramona Koonings, Inhaberin des gr\u00f6\u00dften Brautmodengesch\u00e4fts der Welt, die Chance, sich an der Ausschreibung f\u00fcr den Verkauf von Kasteel Oost zu beteiligen. Mit einem umfassenden und liebevoll entwickelten Gesamtkonzept f\u00fcr diese einzigartige Immobilie gewann sie die Ausschreibung und wurde 2024 Eigent\u00fcmerin von Kasteel Oost.   <\/p>\n\n\n\n<p>Mit einer Gesamtfl\u00e4che von 34.527 m\u00b2 bietet das Anwesen nun ein m\u00e4rchenhaftes Erlebnis f\u00fcr Besucher aus Valkenburg und weit dar\u00fcber hinaus. Mit einem Hotel, einem Restaurant, Wellness, einem Veranstaltungsort, einem Brautladen und einer Herrenboutique ist Kasteel Oost ein Ort, an dem Touristen, Partyg\u00e4ste, Unternehmen, zuk\u00fcnftige Br\u00e4ute und Familien vom Charme des Anwesens verzaubert werden. <\/p>\n\n\n\r\n<div class=\"eye-block empty-space empty-space--large pt-md-5 pb-md-5 pt-4 pb-4\" ><\/div><\/div><\/div>\n<\/div><\/div>\n\r\n<div class=\"eye-block photo-block\">\r\n    <div class=\"row g-6 mb-6 d-flex align-items-center\">\r\n        <div class=\"col-12 col-md-6\">\r\n            <div class=\"photo-block__image first\" data-speed=\"1.2\">\r\n                <img decoding=\"async\" src=\"https:\/\/kasteeloostvalkenburg.com\/wp-content\/uploads\/2025\/03\/KOO_Aad_Valkenburg.jpeg\" alt=\"\">\r\n            <\/div>\r\n        <\/div>\r\n        <div class=\"col-12 col-md-6\">\r\n            <div class=\"photo-block__image second\" data-speed=\"1.5\">\r\n                <img decoding=\"async\" src=\"https:\/\/kasteeloostvalkenburg.com\/wp-content\/uploads\/2025\/03\/Wit-Baron-van-Mettecoven-scaled.jpg\" alt=\"\">\r\n            <\/div>\r\n        <\/div>\r\n    <\/div>\r\n\r\n            <div class=\"w-100 d-flex justify-content-center\">\r\n            <div class=\"photo-block__image third\" data-speed=\"1.5\">\r\n                <img decoding=\"async\" src=\"https:\/\/kasteeloostvalkenburg.com\/wp-content\/uploads\/2025\/03\/Koonings-Demi_s-Design-274-scaled.jpg\" alt=\"\">\r\n            <\/div>\r\n        <\/div>\r\n    <\/div>","protected":false},"excerpt":{"rendered":"","protected":false},"author":1,"featured_media":0,"parent":1886,"menu_order":0,"comment_status":"closed","ping_status":"closed","template":"","meta":{"_acf_changed":false,"ghostkit_customizer_options":"","ghostkit_custom_css":"","ghostkit_custom_js_head":"","ghostkit_custom_js_foot":"","ghostkit_typography":"","footnotes":""},"class_list":["post-1865","page","type-page","status-publish","hentry"],"acf":[],"yoast_head":"<!-- This site is optimized with the Yoast SEO plugin v27.3 - https:\/\/yoast.com\/product\/yoast-seo-wordpress\/ -->\n<title>Die Geschichte hinter Kasteel Oost | Valkenburg<\/title>\n<meta name=\"description\" content=\"Entdecken Sie die Geschichte von Kasteel Oost und Ramona Koonings. Von der alten Geschichte zu einem modernen Konzept.\" \/>\n<meta name=\"robots\" content=\"index, follow, max-snippet:-1, max-image-preview:large, max-video-preview:-1\" \/>\n<link rel=\"canonical\" href=\"https:\/\/kasteeloostvalkenburg.com\/de\/andere\/ueber-uns\/\" \/>\n<meta property=\"og:locale\" content=\"de_DE\" \/>\n<meta property=\"og:type\" content=\"article\" \/>\n<meta property=\"og:title\" content=\"Die Geschichte hinter Kasteel Oost | Valkenburg\" \/>\n<meta property=\"og:description\" content=\"Entdecken Sie die Geschichte von Kasteel Oost und Ramona Koonings. Von der alten Geschichte zu einem modernen Konzept.\" \/>\n<meta property=\"og:url\" content=\"https:\/\/kasteeloostvalkenburg.com\/de\/andere\/ueber-uns\/\" \/>\n<meta property=\"og:site_name\" content=\"Kasteel Oost\" \/>\n<meta property=\"article:publisher\" content=\"https:\/\/www.facebook.com\/Kooningstheweddingpalace\" \/>\n<meta property=\"article:modified_time\" content=\"2026-03-11T14:46:12+00:00\" \/>\n<meta name=\"twitter:card\" content=\"summary_large_image\" \/>\n<meta name=\"twitter:label1\" content=\"Gesch\u00e4tzte Lesezeit\" \/>\n\t<meta name=\"twitter:data1\" content=\"2\u00a0Minute\" \/>\n<script type=\"application\/ld+json\" class=\"yoast-schema-graph\">{\"@context\":\"https:\\\/\\\/schema.org\",\"@graph\":[{\"@type\":\"WebPage\",\"@id\":\"https:\\\/\\\/kasteeloostvalkenburg.com\\\/de\\\/andere\\\/ueber-uns\\\/\",\"url\":\"https:\\\/\\\/kasteeloostvalkenburg.com\\\/de\\\/andere\\\/ueber-uns\\\/\",\"name\":\"Die Geschichte hinter Kasteel Oost | Valkenburg\",\"isPartOf\":{\"@id\":\"https:\\\/\\\/kasteeloostvalkenburg.com\\\/de\\\/#website\"},\"datePublished\":\"2025-03-18T13:23:20+00:00\",\"dateModified\":\"2026-03-11T14:46:12+00:00\",\"description\":\"Entdecken Sie die Geschichte von Kasteel Oost und Ramona Koonings. Von der alten Geschichte zu einem modernen Konzept.\",\"breadcrumb\":{\"@id\":\"https:\\\/\\\/kasteeloostvalkenburg.com\\\/de\\\/andere\\\/ueber-uns\\\/#breadcrumb\"},\"inLanguage\":\"de\",\"potentialAction\":[{\"@type\":\"ReadAction\",\"target\":[\"https:\\\/\\\/kasteeloostvalkenburg.com\\\/de\\\/andere\\\/ueber-uns\\\/\"]}]},{\"@type\":\"BreadcrumbList\",\"@id\":\"https:\\\/\\\/kasteeloostvalkenburg.com\\\/de\\\/andere\\\/ueber-uns\\\/#breadcrumb\",\"itemListElement\":[{\"@type\":\"ListItem\",\"position\":1,\"name\":\"Startseite\",\"item\":\"https:\\\/\\\/kasteeloostvalkenburg.com\\\/de\\\/\"},{\"@type\":\"ListItem\",\"position\":2,\"name\":\"Andere\",\"item\":\"https:\\\/\\\/kasteeloostvalkenburg.com\\\/de\\\/andere\\\/\"},{\"@type\":\"ListItem\",\"position\":3,\"name\":\"\u00dcber uns\"}]},{\"@type\":\"WebSite\",\"@id\":\"https:\\\/\\\/kasteeloostvalkenburg.com\\\/de\\\/#website\",\"url\":\"https:\\\/\\\/kasteeloostvalkenburg.com\\\/de\\\/\",\"name\":\"Kasteel Oost\",\"description\":\"\",\"publisher\":{\"@id\":\"https:\\\/\\\/kasteeloostvalkenburg.com\\\/de\\\/#organization\"},\"potentialAction\":[{\"@type\":\"SearchAction\",\"target\":{\"@type\":\"EntryPoint\",\"urlTemplate\":\"https:\\\/\\\/kasteeloostvalkenburg.com\\\/de\\\/?s={search_term_string}\"},\"query-input\":{\"@type\":\"PropertyValueSpecification\",\"valueRequired\":true,\"valueName\":\"search_term_string\"}}],\"inLanguage\":\"de\"},{\"@type\":\"Organization\",\"@id\":\"https:\\\/\\\/kasteeloostvalkenburg.com\\\/de\\\/#organization\",\"name\":\"Kasteel Oost\",\"url\":\"https:\\\/\\\/kasteeloostvalkenburg.com\\\/de\\\/\",\"logo\":{\"@type\":\"ImageObject\",\"inLanguage\":\"de\",\"@id\":\"https:\\\/\\\/kasteeloostvalkenburg.com\\\/de\\\/#\\\/schema\\\/logo\\\/image\\\/\",\"url\":\"https:\\\/\\\/kasteeloostvalkenburg.com\\\/wp-content\\\/uploads\\\/2025\\\/04\\\/KasteelOost-logo-darkgray.png\",\"contentUrl\":\"https:\\\/\\\/kasteeloostvalkenburg.com\\\/wp-content\\\/uploads\\\/2025\\\/04\\\/KasteelOost-logo-darkgray.png\",\"width\":413,\"height\":318,\"caption\":\"Kasteel Oost\"},\"image\":{\"@id\":\"https:\\\/\\\/kasteeloostvalkenburg.com\\\/de\\\/#\\\/schema\\\/logo\\\/image\\\/\"},\"sameAs\":[\"https:\\\/\\\/www.facebook.com\\\/Kooningstheweddingpalace\",\"https:\\\/\\\/www.instagram.com\\\/kasteeloost\\\/\",\"https:\\\/\\\/www.tiktok.com\\\/@kooningstheweddingpalace\",\"https:\\\/\\\/nl.pinterest.com\\\/koonings\\\/\"]}]}<\/script>\n<!-- \/ Yoast SEO plugin. -->","yoast_head_json":{"title":"Die Geschichte hinter Kasteel Oost | Valkenburg","description":"Entdecken Sie die Geschichte von Kasteel Oost und Ramona Koonings. Von der alten Geschichte zu einem modernen Konzept.","robots":{"index":"index","follow":"follow","max-snippet":"max-snippet:-1","max-image-preview":"max-image-preview:large","max-video-preview":"max-video-preview:-1"},"canonical":"https:\/\/kasteeloostvalkenburg.com\/de\/andere\/ueber-uns\/","og_locale":"de_DE","og_type":"article","og_title":"Die Geschichte hinter Kasteel Oost | Valkenburg","og_description":"Entdecken Sie die Geschichte von Kasteel Oost und Ramona Koonings. Von der alten Geschichte zu einem modernen Konzept.","og_url":"https:\/\/kasteeloostvalkenburg.com\/de\/andere\/ueber-uns\/","og_site_name":"Kasteel Oost","article_publisher":"https:\/\/www.facebook.com\/Kooningstheweddingpalace","article_modified_time":"2026-03-11T14:46:12+00:00","twitter_card":"summary_large_image","twitter_misc":{"Gesch\u00e4tzte Lesezeit":"2\u00a0Minute"},"schema":{"@context":"https:\/\/schema.org","@graph":[{"@type":"WebPage","@id":"https:\/\/kasteeloostvalkenburg.com\/de\/andere\/ueber-uns\/","url":"https:\/\/kasteeloostvalkenburg.com\/de\/andere\/ueber-uns\/","name":"Die Geschichte hinter Kasteel Oost | Valkenburg","isPartOf":{"@id":"https:\/\/kasteeloostvalkenburg.com\/de\/#website"},"datePublished":"2025-03-18T13:23:20+00:00","dateModified":"2026-03-11T14:46:12+00:00","description":"Entdecken Sie die Geschichte von Kasteel Oost und Ramona Koonings. Von der alten Geschichte zu einem modernen Konzept.","breadcrumb":{"@id":"https:\/\/kasteeloostvalkenburg.com\/de\/andere\/ueber-uns\/#breadcrumb"},"inLanguage":"de","potentialAction":[{"@type":"ReadAction","target":["https:\/\/kasteeloostvalkenburg.com\/de\/andere\/ueber-uns\/"]}]},{"@type":"BreadcrumbList","@id":"https:\/\/kasteeloostvalkenburg.com\/de\/andere\/ueber-uns\/#breadcrumb","itemListElement":[{"@type":"ListItem","position":1,"name":"Startseite","item":"https:\/\/kasteeloostvalkenburg.com\/de\/"},{"@type":"ListItem","position":2,"name":"Andere","item":"https:\/\/kasteeloostvalkenburg.com\/de\/andere\/"},{"@type":"ListItem","position":3,"name":"\u00dcber uns"}]},{"@type":"WebSite","@id":"https:\/\/kasteeloostvalkenburg.com\/de\/#website","url":"https:\/\/kasteeloostvalkenburg.com\/de\/","name":"Kasteel Oost","description":"","publisher":{"@id":"https:\/\/kasteeloostvalkenburg.com\/de\/#organization"},"potentialAction":[{"@type":"SearchAction","target":{"@type":"EntryPoint","urlTemplate":"https:\/\/kasteeloostvalkenburg.com\/de\/?s={search_term_string}"},"query-input":{"@type":"PropertyValueSpecification","valueRequired":true,"valueName":"search_term_string"}}],"inLanguage":"de"},{"@type":"Organization","@id":"https:\/\/kasteeloostvalkenburg.com\/de\/#organization","name":"Kasteel Oost","url":"https:\/\/kasteeloostvalkenburg.com\/de\/","logo":{"@type":"ImageObject","inLanguage":"de","@id":"https:\/\/kasteeloostvalkenburg.com\/de\/#\/schema\/logo\/image\/","url":"https:\/\/kasteeloostvalkenburg.com\/wp-content\/uploads\/2025\/04\/KasteelOost-logo-darkgray.png","contentUrl":"https:\/\/kasteeloostvalkenburg.com\/wp-content\/uploads\/2025\/04\/KasteelOost-logo-darkgray.png","width":413,"height":318,"caption":"Kasteel Oost"},"image":{"@id":"https:\/\/kasteeloostvalkenburg.com\/de\/#\/schema\/logo\/image\/"},"sameAs":["https:\/\/www.facebook.com\/Kooningstheweddingpalace","https:\/\/www.instagram.com\/kasteeloost\/","https:\/\/www.tiktok.com\/@kooningstheweddingpalace","https:\/\/nl.pinterest.com\/koonings\/"]}]}},"_links":{"self":[{"href":"https:\/\/kasteeloostvalkenburg.com\/de\/wp-json\/wp\/v2\/pages\/1865","targetHints":{"allow":["GET"]}}],"collection":[{"href":"https:\/\/kasteeloostvalkenburg.com\/de\/wp-json\/wp\/v2\/pages"}],"about":[{"href":"https:\/\/kasteeloostvalkenburg.com\/de\/wp-json\/wp\/v2\/types\/page"}],"author":[{"embeddable":true,"href":"https:\/\/kasteeloostvalkenburg.com\/de\/wp-json\/wp\/v2\/users\/1"}],"replies":[{"embeddable":true,"href":"https:\/\/kasteeloostvalkenburg.com\/de\/wp-json\/wp\/v2\/comments?post=1865"}],"version-history":[{"count":14,"href":"https:\/\/kasteeloostvalkenburg.com\/de\/wp-json\/wp\/v2\/pages\/1865\/revisions"}],"predecessor-version":[{"id":6621,"href":"https:\/\/kasteeloostvalkenburg.com\/de\/wp-json\/wp\/v2\/pages\/1865\/revisions\/6621"}],"up":[{"embeddable":true,"href":"https:\/\/kasteeloostvalkenburg.com\/de\/wp-json\/wp\/v2\/pages\/1886"}],"wp:attachment":[{"href":"https:\/\/kasteeloostvalkenburg.com\/de\/wp-json\/wp\/v2\/media?parent=1865"}],"curies":[{"name":"wp","href":"https:\/\/api.w.org\/{rel}","templated":true}]}}