{"id":1690,"date":"2025-03-21T10:13:13","date_gmt":"2025-03-21T10:13:13","guid":{"rendered":"https:\/\/kasteeloostvalkenburg.com\/events\/hochzeiten\/zeremonienmeister\/"},"modified":"2025-12-01T13:12:28","modified_gmt":"2025-12-01T13:12:28","slug":"zeremonienmeister","status":"publish","type":"page","link":"https:\/\/kasteeloostvalkenburg.com\/de\/events\/hochzeiten\/zeremonienmeister\/","title":{"rendered":"Zeremonienmeister"},"content":{"rendered":"\r\n    <section class=\"hero image-right\">\r\n        <div class=\"row d-flex align-items-center\">\r\n            <div class=\"col-12 col-lg-7\">\r\n                <div class=\"hero__intro\">\r\n                                            <div class=\"eye-block breadcrumbs-wrapper\">\r\n                            \r\n            <ul class=\"site-breadcrumbs\">\r\n                <li class=\"crumb\">\r\n                    <a class=\"disable-line\" href=\"https:\/\/kasteeloostvalkenburg.com\">\r\n                        <i class=\"fa-regular fa-home\"><\/i>\r\n                    <\/a>\r\n                <\/li>\r\n                                    <div class=\"divider\"><\/div>\r\n                    <li class=\"crumb first\">\r\n                        <a class=\"disable-line\" href=\"https:\/\/kasteeloostvalkenburg.com\/de\/events\/\">Events<\/a>\r\n                    <\/li>\r\n                                        <div class=\"divider\"><\/div>\r\n                    <li class=\"crumb \">\r\n                        <a class=\"disable-line\" href=\"https:\/\/kasteeloostvalkenburg.com\/de\/events\/hochzeiten\/\">Hochzeiten<\/a>\r\n                    <\/li>\r\n                                        <div class=\"divider\"><\/div>\r\n                    <li class=\"crumb \">\r\n                        <a class=\"disable-line\" href=\"https:\/\/kasteeloostvalkenburg.com\/de\/events\/hochzeiten\/zeremonienmeister\/\">Zeremonienmeister<\/a>\r\n                    <\/li>\r\n                                <\/ul>\r\n        \r\n                                        <\/div>\r\n                                        <p class=\"hero__intro-subtitle\">Zeremonienmeister<\/p>\r\n                    <h1>Unbeschwert genie\u00dfen mit unserem professionellen Zeremonienmeister<\/h1>\r\n                    <div class=\"hero__intro-content\">\r\n                        <p><p>Ihr Hochzeitstag ist einer der sch\u00f6nsten Momente in Ihrem Leben und sollte reibungslos verlaufen. Als Ihr Zeremonienmeister sorgen wir daf\u00fcr, dass alles bis ins kleinste Detail organisiert ist. Von der Erstellung eines detaillierten Ablaufplans \u00fcber die Koordination der Dienstleister bis hin zur Begleitung von Ihnen und Ihren G\u00e4sten \u2013 wir behalten den \u00dcberblick, damit Sie sich entspannt zur\u00fccklehnen k\u00f6nnen und sich voll und ganz auf die Feierlichkeiten konzentrieren k\u00f6nnen.  <\/p>\n<p>Dank unserer Erfahrung und unserem Blick f\u00fcrs Detail verl\u00e4uft Ihr gro\u00dfer Tag entspannt und ohne unerwartete \u00dcberraschungen.<\/p>\n<\/p>\r\n\r\n                        \r\n                    <\/div>\r\n                <\/div>\r\n            <\/div>\r\n            <div class=\"col-12 col-lg-5\">\r\n                                    <div class=\"hero__image\">\r\n                        <img decoding=\"async\" src=\"https:\/\/kasteeloostvalkenburg.com\/wp-content\/uploads\/2025\/03\/Koonings-Demi_s-Design-294-scaled.jpg\" alt=\"\">\r\n                    <\/div>\r\n                            <\/div>\r\n        <\/div>\r\n    <\/section>\r\n\r\n\r\n<div class=\"eye-block empty-space empty-space--large pt-md-5 pb-md-5 pt-4 pb-4\" ><\/div>\n<div class=\"ghostkit-grid ghostkit-grid-gap-md\"><div class=\"ghostkit-grid-inner\">\n<div class=\"ghostkit-col ghostkit-col-lg-12 ghostkit-col-2 is-layout-flow wp-block-ghostkit-grid-column-is-layout-flow\"><div class=\"ghostkit-col-content\"><\/div><\/div>\n\n\n\n<div class=\"ghostkit-col ghostkit-col-lg-12 ghostkit-col-8\"><div class=\"ghostkit-col-content is-layout-flow wp-block-ghostkit-grid-column-is-layout-flow\">\r\n<div class=\"eye-block custom-card bg--lightbeige\">\r\n    <div class=\"custom-card__content\">\r\n        <div class=\"acf-innerblocks-container\">\n\r\n<div class=\"eye-block quote-block\">\r\n    <div class=\"quote-content\">\r\n        <blockquote>\r\n            <h2 class=\"content\">Das Team von Kasteel Oost hat alles getan, um unsere Hochzeit perfekt zu machen. Alle sind super freundlich und es wurde an alles gedacht.   <\/h2>\r\n            <p class=\"author\">Joelle und Kamiel<\/p>\r\n            <p class=\"subtitle\">Brautpaar &#8211; geheiratet am 5 Sept 2025<\/p>\r\n        <\/blockquote>\r\n    <\/div>\r\n<\/div>\r\n\n<\/div>\r\n    <\/div>\r\n    <\/div><\/div><\/div>\n\n\n\n<div class=\"ghostkit-col ghostkit-col-lg-12 ghostkit-col-2 is-layout-flow wp-block-ghostkit-grid-column-is-layout-flow\"><div class=\"ghostkit-col-content\"><\/div><\/div>\n<\/div><\/div>\n\r\n<div class=\"eye-block empty-space empty-space--medium pt-md-4 pb-md-4 pt-3 pb-3\" ><\/div>\n<div class=\"ghostkit-grid ghostkit-grid-gap-md ghostkit-grid-justify-content-center\"><div class=\"ghostkit-grid-inner\">\n<div class=\"ghostkit-col ghostkit-col-lg-12 ghostkit-col-8\"><div class=\"ghostkit-col-content is-layout-flow wp-block-ghostkit-grid-column-is-layout-flow\">\n<h2 class=\"wp-block-heading has-text-align-center\" id=\"wat-kunnen-wij-voor-jullie-betekenen\">Was ein Zeremonienmeister f\u00fcr Sie erledigt<\/h2>\n\n\n\r\n<div class=\"eye-block empty-space empty-space--small pt-md-3 pb-md-3 pt-2 pb-2\" ><\/div><\/div><\/div>\n<\/div><\/div>\n\r\n<div class=\"room-facilities__container\">\r\n    <div class=\"eye-block room-facilities\">\r\n        <div class=\"row d-flex justify-content-center\">\r\n                            <div class=\"col-12 col-lg-4 mb-4\">\r\n                    <div class=\"room-facilities__item d-flex flex-column align-items-center text-center\">\r\n                                                    <i class=\"fas fa-Buch-\u00f6ffnen fa-2x mb-3\"><\/i>\r\n                                                <p><strong>Detaillierter Ablaufplan<br \/>\n<\/strong><br>Wir erstellen \u2013 Ihren W\u00fcnschen entsprechend &#8211; einen professionellen Zeitplan, in dem jeder Moment Ihres Hochzeitstags genau festgehalten wird. Dieser wird mit allen Beteiligten geteilt, sodass jeder genau wei\u00df, was wann passiert. <\/p>\n                    <\/div>\r\n                <\/div>\r\n                            <div class=\"col-12 col-lg-4 mb-4\">\r\n                    <div class=\"room-facilities__item d-flex flex-column align-items-center text-center\">\r\n                                                    <i class=\"fas fa-Liste fa-2x mb-3\"><\/i>\r\n                                                <p><strong>Letzte Vorbereitungen &amp; Detailbesprechung<\/strong><br><br \/>\nBei einem umfassenden Treffen auf Kasteel Oost gehen wir den gesamten Tag gemeinsam durch. So k\u00f6nnen Sie sicher sein, dass an alles gedacht wurde und wir gemeinsam den letzten Schliff geben k\u00f6nnen. <\/p>\n                    <\/div>\r\n                <\/div>\r\n                            <div class=\"col-12 col-lg-4 mb-4\">\r\n                    <div class=\"room-facilities__item d-flex flex-column align-items-center text-center\">\r\n                                                    <i class=\"fas fa-truck fa-2x mb-3\"><\/i>\r\n                                                <p><strong>Koordination der Dienstleister<br \/>\n<\/strong><br>Vom Fotografen bis zum Floristen \u2013 wir sorgen daf\u00fcr, dass alle Dienstleister p\u00fcnktlich eintreffen und genau wissen, was von ihnen erwartet wird. So stellen wir sicher, dass alles und jeder zur richtigen Zeit am richtigen Ort ist.<\/p>\n                    <\/div>\r\n                <\/div>\r\n                            <div class=\"col-12 col-lg-4 mb-4\">\r\n                    <div class=\"room-facilities__item d-flex flex-column align-items-center text-center\">\r\n                                                    <i class=\"fas fa-H\u00e4ndedruck fa-2x mb-3\"><\/i>\r\n                                                <p><strong>Empfang und Betreuung der G\u00e4ste<br \/>\n<\/strong><br>Ihre G\u00e4ste werden herzlich empfangen und begleitet, damit sie sich von Anfang an wohlf\u00fchlen. Im ausgelassenem Ambiente, kann die Feierlichkeit beginnen. <\/p>\n                    <\/div>\r\n                <\/div>\r\n                            <div class=\"col-12 col-lg-4 mb-4\">\r\n                    <div class=\"room-facilities__item d-flex flex-column align-items-center text-center\">\r\n                                                    <i class=\"fas fa-Blume fa-2x mb-3\"><\/i>\r\n                                                <p><strong>Dekoration der Location<br \/>\n<\/strong><br>Haben Sie eigene Dekorationen oder arbeiten Sie mit einem Dekorateur? Wir stellen sicher, dass alles perfekt arrangiert ist und die Location f\u00fcr Ihren gro\u00dfen Moment bereitsteht. <\/p>\n                    <\/div>\r\n                <\/div>\r\n                            <div class=\"col-12 col-lg-4 mb-4\">\r\n                    <div class=\"room-facilities__item d-flex flex-column align-items-center text-center\">\r\n                                                    <i class=\"fas fa-Musik fa-2x mb-3\"><\/i>\r\n                                                <p><strong>Musik und technische Unterst\u00fctzung<\/strong><br><br \/>\nFalls gew\u00fcnscht, k\u00fcmmern wir uns um Ihre Musikw\u00fcnsche w\u00e4hrend der Zeremonie und sorgen f\u00fcr einen reibungslosen Ablauf aller technischen Details.<\/p>\n                    <\/div>\r\n                <\/div>\r\n                            <div class=\"col-12 col-lg-4 mb-4\">\r\n                    <div class=\"room-facilities__item d-flex flex-column align-items-center text-center\">\r\n                                                    <i class=\"fas fa-Uhr fa-2x mb-3\"><\/i>\r\n                                                <p><strong>\u00dcberblick und Zeitmanagement<br \/>\n<\/strong><br>Wir behalten das gro\u00dfe Ganze im Auge und stellen sicher, dass alles nach Plan verl\u00e4uft \u2013 damit Sie sich um nichts k\u00fcmmern m\u00fcssen und sich stattdessen um das wesentliche konzentrieren k\u00f6nnen: auf einander.<\/p>\n                    <\/div>\r\n                <\/div>\r\n                            <div class=\"col-12 col-lg-4 mb-4\">\r\n                    <div class=\"room-facilities__item d-flex flex-column align-items-center text-center\">\r\n                                                    <i class=\"fas fa-Hand-halten-Herz fa-2x mb-3\"><\/i>\r\n                                                <p><strong>Support des Brautpaares<br \/>\n<\/strong><br>Ob das Richten der Schleppe, das Befestigen eines losen Knopfes oder eine kleine Notfallreparatur am Kleid \u2013 wir stehen der Braut und nat\u00fcrlich auch dem Br\u00e4utigam jederzeit zur Seite. <\/p>\n                    <\/div>\r\n                <\/div>\r\n                    <\/div>\r\n    <\/div>\r\n<\/div>\r\n\r\n<div class=\"eye-block empty-space empty-space--small pt-md-3 pb-md-3 pt-2 pb-2\" ><\/div>\n<div class=\"ghostkit-grid ghostkit-grid-gap-md ghostkit-grid-justify-content-center\"><div class=\"ghostkit-grid-inner\">\n<div class=\"ghostkit-col ghostkit-col-lg-12 ghostkit-col-8\"><div class=\"ghostkit-col-content is-layout-flow wp-block-ghostkit-grid-column-is-layout-flow\">\n<p class=\"has-text-align-center\">Mit einem professionellen Zeremonienmeister an Ihrer Seite k\u00f6nnen Sie sich ganz auf das konzentrieren, was wirklich z\u00e4hlt: Ihre Liebe an Ihrem gro\u00dfen Tag zu genie\u00dfen.<\/p>\n<\/div><\/div>\n<\/div><\/div>\n\r\n<div class=\"eye-block empty-space empty-space--large pt-md-5 pb-md-5 pt-4 pb-4\" ><\/div>\r\n    <div class=\"eye-block contentblock fade-in-animation\">\r\n        <div class=\"contentblock__colored-bg bg--darkgray\">\r\n            <div class=\"row gx-6\">\r\n                <div class=\"col-12 col-lg-6\">\r\n                    <div class=\"contentblock__colored-bg__image\">\r\n                        <img decoding=\"async\" src=\"https:\/\/kasteeloostvalkenburg.com\/wp-content\/uploads\/2025\/04\/Marleen--e1745404047837.png\" alt=\"\">\r\n                    <\/div>\r\n                <\/div>\r\n                <div class=\"col-12 col-lg-6 d-flex align-items-center\">\r\n                    <div class=\"contentblock__colored-bg__content\">\r\n                                                    <p class=\"introtext\">Hochzeits- und Veranstaltungsplaner<\/p>\r\n                                                <h2>Treffen Sie Lotte<\/h2>\r\n                        <div class=\"contentblock__colored-bg__content-text\">\r\n                            <p>\"Als Hochzeits- und Eventplanerin bei Kasteel Oost verbinde ich meine Liebe zum Organisieren mit meiner Leidenschaft, unvergessliche Momente zu schaffen. F\u00fcr mich geht es bei einer Hochzeit nicht nur um die Location, sondern um den Zauber, die Atmosph\u00e4re und die besonderen Momente, die Sie und Ihre G\u00e4ste f\u00fcr immer in Erinnerung behalten werden. Deshalb ist es ein ganz besonderes Gef\u00fchl, dazu beitragen zu k\u00f6nnen.  <\/p>\n<p>Jedes Paar ist einzigartig, und genau das macht meine Arbeit so besonders. Von der ersten Idee bis zum letzten Tanz gebe ich mir gro\u00dfe M\u00fche, einen Tag zu gestalten, der ganz und gar zu Ihnen passt. <\/p>\n<p>Ich freue mich darauf, Sie kennenzulernen und gemeinsam ein wunderbares Kapitel an diesem einzigartigen Ort zu schreiben.\"<\/p>\n                        <\/div>\r\n\r\n                        \r\n                    <\/div>\r\n                <\/div>\r\n            <\/div>\r\n        <\/div>\r\n    <\/div>\r\n\r\n\r\n<div class=\"eye-block empty-space empty-space--large pt-md-5 pb-md-5 pt-4 pb-4\" ><\/div>\n<div class=\"ghostkit-grid ghostkit-grid-gap-md\"><div class=\"ghostkit-grid-inner\">\n<div class=\"ghostkit-col ghostkit-col-lg-12 ghostkit-col-3 is-layout-flow wp-block-ghostkit-grid-column-is-layout-flow\"><div class=\"ghostkit-col-content\"><\/div><\/div>\n\n\n\n<div class=\"ghostkit-col ghostkit-col-lg-12 ghostkit-col-6\"><div class=\"ghostkit-col-content is-layout-flow wp-block-ghostkit-grid-column-is-layout-flow\">\n<h2 class=\"wp-block-heading has-text-align-center\">Kontaktieren Sie uns unverbindlich<\/h2>\n\n\n\n<p class=\"has-text-align-center\">M\u00f6chten Sie wissen, was auf Kasteel Oost sonst noch m\u00f6glich ist? Nehmen Sie Kontakt mit uns auf! <\/p>\n\n\n\n<iframe id=\"contact\" src=\"https:\/\/app.eventtemple.com\/lead_intakes\/f203cf1a42c8b9e101002e8f056ed4fb\/13373\/new\" width=\"100%\" height=\"800px\" frameborder=\"0\"><\/iframe>\n<\/div><\/div>\n\n\n\n<div class=\"ghostkit-col ghostkit-col-lg-12 ghostkit-col-3 is-layout-flow wp-block-ghostkit-grid-column-is-layout-flow\"><div class=\"ghostkit-col-content\"><\/div><\/div>\n<\/div><\/div>\n\r\n<div class=\"eye-block empty-space empty-space--large pt-md-5 pb-md-5 pt-4 pb-4\" ><\/div>\r\n<div class=\"eye-block end-of-page-link\">\r\n    <div class=\"end-of-page-link__intro\">\r\n        <p>Entdecken Sie<\/p>\r\n        <h2 class=\"no-fancy-letter\">Kasteel Oost<\/h2>\r\n        <a href=\"\/album\" class=\"btn btn-primary\">Galerij<\/a>\r\n    <\/div>\r\n    <div class=\"end-of-page-link__images\">\r\n                    <a href=\"\/de\/hotel\" class=\"end-of-page-link__images-item\">\r\n                <p>Hotel<\/p>\r\n                <img decoding=\"async\" src=\"https:\/\/kasteeloostvalkenburg.com\/wp-content\/uploads\/2025\/03\/Suites-Thumbnail-scaled.webp\" alt=\"Hotel\">\r\n            <\/a>\r\n                    <a href=\"\/de\/restaurant\" class=\"end-of-page-link__images-item\">\r\n                <p>Restaurant<\/p>\r\n                <img decoding=\"async\" src=\"https:\/\/kasteeloostvalkenburg.com\/wp-content\/uploads\/2025\/03\/Restaurant-Thumbnail-scaled.webp\" alt=\"Restaurant\">\r\n            <\/a>\r\n            <\/div>\r\n<\/div>\r\n","protected":false},"excerpt":{"rendered":"","protected":false},"author":1,"featured_media":0,"parent":1664,"menu_order":0,"comment_status":"closed","ping_status":"closed","template":"","meta":{"_acf_changed":false,"ghostkit_customizer_options":"","ghostkit_custom_css":"","ghostkit_custom_js_head":"","ghostkit_custom_js_foot":"","ghostkit_typography":"","footnotes":""},"class_list":["post-1690","page","type-page","status-publish","hentry"],"acf":[],"yoast_head":"<!-- This site is optimized with the Yoast SEO plugin v27.3 - https:\/\/yoast.com\/product\/yoast-seo-wordpress\/ -->\n<title>Zeremonienmeister Kasteel Oost | Unbeschwerter Hochzeitstag<\/title>\n<meta name=\"description\" content=\"Ein stressfreier Hochzeitstag? Wir sorgen f\u00fcr eine reibungslose Planung, koordinieren die Lieferanten und begleiten Ihre G\u00e4ste. Entdecken Sie unsere Dienstleistungen &gt;\" \/>\n<meta name=\"robots\" content=\"index, follow, max-snippet:-1, max-image-preview:large, max-video-preview:-1\" \/>\n<link rel=\"canonical\" href=\"https:\/\/kasteeloostvalkenburg.com\/de\/events\/hochzeiten\/zeremonienmeister\/\" \/>\n<meta property=\"og:locale\" content=\"de_DE\" \/>\n<meta property=\"og:type\" content=\"article\" \/>\n<meta property=\"og:title\" content=\"Zeremonienmeister Kasteel Oost | Unbeschwerter Hochzeitstag\" \/>\n<meta property=\"og:description\" content=\"Ein stressfreier Hochzeitstag? Wir sorgen f\u00fcr eine reibungslose Planung, koordinieren die Lieferanten und begleiten Ihre G\u00e4ste. Entdecken Sie unsere Dienstleistungen &gt;\" \/>\n<meta property=\"og:url\" content=\"https:\/\/kasteeloostvalkenburg.com\/de\/events\/hochzeiten\/zeremonienmeister\/\" \/>\n<meta property=\"og:site_name\" content=\"Kasteel Oost\" \/>\n<meta property=\"article:publisher\" content=\"https:\/\/www.facebook.com\/Kooningstheweddingpalace\" \/>\n<meta property=\"article:modified_time\" content=\"2025-12-01T13:12:28+00:00\" \/>\n<meta name=\"twitter:card\" content=\"summary_large_image\" \/>\n<script type=\"application\/ld+json\" class=\"yoast-schema-graph\">{\"@context\":\"https:\\\/\\\/schema.org\",\"@graph\":[{\"@type\":\"WebPage\",\"@id\":\"https:\\\/\\\/kasteeloostvalkenburg.com\\\/de\\\/events\\\/hochzeiten\\\/zeremonienmeister\\\/\",\"url\":\"https:\\\/\\\/kasteeloostvalkenburg.com\\\/de\\\/events\\\/hochzeiten\\\/zeremonienmeister\\\/\",\"name\":\"Zeremonienmeister Kasteel Oost | Unbeschwerter Hochzeitstag\",\"isPartOf\":{\"@id\":\"https:\\\/\\\/kasteeloostvalkenburg.com\\\/de\\\/#website\"},\"datePublished\":\"2025-03-21T10:13:13+00:00\",\"dateModified\":\"2025-12-01T13:12:28+00:00\",\"description\":\"Ein stressfreier Hochzeitstag? Wir sorgen f\u00fcr eine reibungslose Planung, koordinieren die Lieferanten und begleiten Ihre G\u00e4ste. Entdecken Sie unsere Dienstleistungen >\",\"breadcrumb\":{\"@id\":\"https:\\\/\\\/kasteeloostvalkenburg.com\\\/de\\\/events\\\/hochzeiten\\\/zeremonienmeister\\\/#breadcrumb\"},\"inLanguage\":\"de\",\"potentialAction\":[{\"@type\":\"ReadAction\",\"target\":[\"https:\\\/\\\/kasteeloostvalkenburg.com\\\/de\\\/events\\\/hochzeiten\\\/zeremonienmeister\\\/\"]}]},{\"@type\":\"BreadcrumbList\",\"@id\":\"https:\\\/\\\/kasteeloostvalkenburg.com\\\/de\\\/events\\\/hochzeiten\\\/zeremonienmeister\\\/#breadcrumb\",\"itemListElement\":[{\"@type\":\"ListItem\",\"position\":1,\"name\":\"Startseite\",\"item\":\"https:\\\/\\\/kasteeloostvalkenburg.com\\\/de\\\/\"},{\"@type\":\"ListItem\",\"position\":2,\"name\":\"Events\",\"item\":\"https:\\\/\\\/kasteeloostvalkenburg.com\\\/de\\\/events\\\/\"},{\"@type\":\"ListItem\",\"position\":3,\"name\":\"Hochzeiten\",\"item\":\"https:\\\/\\\/kasteeloostvalkenburg.com\\\/de\\\/events\\\/hochzeiten\\\/\"},{\"@type\":\"ListItem\",\"position\":4,\"name\":\"Zeremonienmeister\"}]},{\"@type\":\"WebSite\",\"@id\":\"https:\\\/\\\/kasteeloostvalkenburg.com\\\/de\\\/#website\",\"url\":\"https:\\\/\\\/kasteeloostvalkenburg.com\\\/de\\\/\",\"name\":\"Kasteel Oost\",\"description\":\"\",\"publisher\":{\"@id\":\"https:\\\/\\\/kasteeloostvalkenburg.com\\\/de\\\/#organization\"},\"potentialAction\":[{\"@type\":\"SearchAction\",\"target\":{\"@type\":\"EntryPoint\",\"urlTemplate\":\"https:\\\/\\\/kasteeloostvalkenburg.com\\\/de\\\/?s={search_term_string}\"},\"query-input\":{\"@type\":\"PropertyValueSpecification\",\"valueRequired\":true,\"valueName\":\"search_term_string\"}}],\"inLanguage\":\"de\"},{\"@type\":\"Organization\",\"@id\":\"https:\\\/\\\/kasteeloostvalkenburg.com\\\/de\\\/#organization\",\"name\":\"Kasteel Oost\",\"url\":\"https:\\\/\\\/kasteeloostvalkenburg.com\\\/de\\\/\",\"logo\":{\"@type\":\"ImageObject\",\"inLanguage\":\"de\",\"@id\":\"https:\\\/\\\/kasteeloostvalkenburg.com\\\/de\\\/#\\\/schema\\\/logo\\\/image\\\/\",\"url\":\"https:\\\/\\\/kasteeloostvalkenburg.com\\\/wp-content\\\/uploads\\\/2025\\\/04\\\/KasteelOost-logo-darkgray.png\",\"contentUrl\":\"https:\\\/\\\/kasteeloostvalkenburg.com\\\/wp-content\\\/uploads\\\/2025\\\/04\\\/KasteelOost-logo-darkgray.png\",\"width\":413,\"height\":318,\"caption\":\"Kasteel Oost\"},\"image\":{\"@id\":\"https:\\\/\\\/kasteeloostvalkenburg.com\\\/de\\\/#\\\/schema\\\/logo\\\/image\\\/\"},\"sameAs\":[\"https:\\\/\\\/www.facebook.com\\\/Kooningstheweddingpalace\",\"https:\\\/\\\/www.instagram.com\\\/kasteeloost\\\/\",\"https:\\\/\\\/www.tiktok.com\\\/@kooningstheweddingpalace\",\"https:\\\/\\\/nl.pinterest.com\\\/koonings\\\/\"]}]}<\/script>\n<!-- \/ Yoast SEO plugin. -->","yoast_head_json":{"title":"Zeremonienmeister Kasteel Oost | Unbeschwerter Hochzeitstag","description":"Ein stressfreier Hochzeitstag? Wir sorgen f\u00fcr eine reibungslose Planung, koordinieren die Lieferanten und begleiten Ihre G\u00e4ste. Entdecken Sie unsere Dienstleistungen >","robots":{"index":"index","follow":"follow","max-snippet":"max-snippet:-1","max-image-preview":"max-image-preview:large","max-video-preview":"max-video-preview:-1"},"canonical":"https:\/\/kasteeloostvalkenburg.com\/de\/events\/hochzeiten\/zeremonienmeister\/","og_locale":"de_DE","og_type":"article","og_title":"Zeremonienmeister Kasteel Oost | Unbeschwerter Hochzeitstag","og_description":"Ein stressfreier Hochzeitstag? Wir sorgen f\u00fcr eine reibungslose Planung, koordinieren die Lieferanten und begleiten Ihre G\u00e4ste. Entdecken Sie unsere Dienstleistungen >","og_url":"https:\/\/kasteeloostvalkenburg.com\/de\/events\/hochzeiten\/zeremonienmeister\/","og_site_name":"Kasteel Oost","article_publisher":"https:\/\/www.facebook.com\/Kooningstheweddingpalace","article_modified_time":"2025-12-01T13:12:28+00:00","twitter_card":"summary_large_image","schema":{"@context":"https:\/\/schema.org","@graph":[{"@type":"WebPage","@id":"https:\/\/kasteeloostvalkenburg.com\/de\/events\/hochzeiten\/zeremonienmeister\/","url":"https:\/\/kasteeloostvalkenburg.com\/de\/events\/hochzeiten\/zeremonienmeister\/","name":"Zeremonienmeister Kasteel Oost | Unbeschwerter Hochzeitstag","isPartOf":{"@id":"https:\/\/kasteeloostvalkenburg.com\/de\/#website"},"datePublished":"2025-03-21T10:13:13+00:00","dateModified":"2025-12-01T13:12:28+00:00","description":"Ein stressfreier Hochzeitstag? Wir sorgen f\u00fcr eine reibungslose Planung, koordinieren die Lieferanten und begleiten Ihre G\u00e4ste. Entdecken Sie unsere Dienstleistungen >","breadcrumb":{"@id":"https:\/\/kasteeloostvalkenburg.com\/de\/events\/hochzeiten\/zeremonienmeister\/#breadcrumb"},"inLanguage":"de","potentialAction":[{"@type":"ReadAction","target":["https:\/\/kasteeloostvalkenburg.com\/de\/events\/hochzeiten\/zeremonienmeister\/"]}]},{"@type":"BreadcrumbList","@id":"https:\/\/kasteeloostvalkenburg.com\/de\/events\/hochzeiten\/zeremonienmeister\/#breadcrumb","itemListElement":[{"@type":"ListItem","position":1,"name":"Startseite","item":"https:\/\/kasteeloostvalkenburg.com\/de\/"},{"@type":"ListItem","position":2,"name":"Events","item":"https:\/\/kasteeloostvalkenburg.com\/de\/events\/"},{"@type":"ListItem","position":3,"name":"Hochzeiten","item":"https:\/\/kasteeloostvalkenburg.com\/de\/events\/hochzeiten\/"},{"@type":"ListItem","position":4,"name":"Zeremonienmeister"}]},{"@type":"WebSite","@id":"https:\/\/kasteeloostvalkenburg.com\/de\/#website","url":"https:\/\/kasteeloostvalkenburg.com\/de\/","name":"Kasteel Oost","description":"","publisher":{"@id":"https:\/\/kasteeloostvalkenburg.com\/de\/#organization"},"potentialAction":[{"@type":"SearchAction","target":{"@type":"EntryPoint","urlTemplate":"https:\/\/kasteeloostvalkenburg.com\/de\/?s={search_term_string}"},"query-input":{"@type":"PropertyValueSpecification","valueRequired":true,"valueName":"search_term_string"}}],"inLanguage":"de"},{"@type":"Organization","@id":"https:\/\/kasteeloostvalkenburg.com\/de\/#organization","name":"Kasteel Oost","url":"https:\/\/kasteeloostvalkenburg.com\/de\/","logo":{"@type":"ImageObject","inLanguage":"de","@id":"https:\/\/kasteeloostvalkenburg.com\/de\/#\/schema\/logo\/image\/","url":"https:\/\/kasteeloostvalkenburg.com\/wp-content\/uploads\/2025\/04\/KasteelOost-logo-darkgray.png","contentUrl":"https:\/\/kasteeloostvalkenburg.com\/wp-content\/uploads\/2025\/04\/KasteelOost-logo-darkgray.png","width":413,"height":318,"caption":"Kasteel Oost"},"image":{"@id":"https:\/\/kasteeloostvalkenburg.com\/de\/#\/schema\/logo\/image\/"},"sameAs":["https:\/\/www.facebook.com\/Kooningstheweddingpalace","https:\/\/www.instagram.com\/kasteeloost\/","https:\/\/www.tiktok.com\/@kooningstheweddingpalace","https:\/\/nl.pinterest.com\/koonings\/"]}]}},"_links":{"self":[{"href":"https:\/\/kasteeloostvalkenburg.com\/de\/wp-json\/wp\/v2\/pages\/1690","targetHints":{"allow":["GET"]}}],"collection":[{"href":"https:\/\/kasteeloostvalkenburg.com\/de\/wp-json\/wp\/v2\/pages"}],"about":[{"href":"https:\/\/kasteeloostvalkenburg.com\/de\/wp-json\/wp\/v2\/types\/page"}],"author":[{"embeddable":true,"href":"https:\/\/kasteeloostvalkenburg.com\/de\/wp-json\/wp\/v2\/users\/1"}],"replies":[{"embeddable":true,"href":"https:\/\/kasteeloostvalkenburg.com\/de\/wp-json\/wp\/v2\/comments?post=1690"}],"version-history":[{"count":12,"href":"https:\/\/kasteeloostvalkenburg.com\/de\/wp-json\/wp\/v2\/pages\/1690\/revisions"}],"predecessor-version":[{"id":5727,"href":"https:\/\/kasteeloostvalkenburg.com\/de\/wp-json\/wp\/v2\/pages\/1690\/revisions\/5727"}],"up":[{"embeddable":true,"href":"https:\/\/kasteeloostvalkenburg.com\/de\/wp-json\/wp\/v2\/pages\/1664"}],"wp:attachment":[{"href":"https:\/\/kasteeloostvalkenburg.com\/de\/wp-json\/wp\/v2\/media?parent=1690"}],"curies":[{"name":"wp","href":"https:\/\/api.w.org\/{rel}","templated":true}]}}