{"id":1684,"date":"2025-03-18T13:25:59","date_gmt":"2025-03-18T13:25:59","guid":{"rendered":"https:\/\/kasteeloostvalkenburg.com\/restaurant\/lunch-dinner\/"},"modified":"2025-05-07T10:49:59","modified_gmt":"2025-05-07T10:49:59","slug":"lunch-dinner","status":"publish","type":"page","link":"https:\/\/kasteeloostvalkenburg.com\/de\/restaurant\/lunch-dinner\/","title":{"rendered":"Lunch &amp; Dinner"},"content":{"rendered":"\r\n    <section class=\"hero image-right\">\r\n        <div class=\"row d-flex align-items-center\">\r\n            <div class=\"col-12 col-lg-7\">\r\n                <div class=\"hero__intro\">\r\n                                            <div class=\"eye-block breadcrumbs-wrapper\">\r\n                            \r\n            <ul class=\"site-breadcrumbs\">\r\n                <li class=\"crumb\">\r\n                    <a class=\"disable-line\" href=\"https:\/\/kasteeloostvalkenburg.com\">\r\n                        <i class=\"fa-regular fa-home\"><\/i>\r\n                    <\/a>\r\n                <\/li>\r\n                                    <div class=\"divider\"><\/div>\r\n                    <li class=\"crumb first\">\r\n                        <a class=\"disable-line\" href=\"https:\/\/kasteeloostvalkenburg.com\/de\/restaurant\/\">Restaurant<\/a>\r\n                    <\/li>\r\n                                        <div class=\"divider\"><\/div>\r\n                    <li class=\"crumb \">\r\n                        <a class=\"disable-line\" href=\"https:\/\/kasteeloostvalkenburg.com\/de\/restaurant\/lunch-dinner\/\">Lunch &amp; Dinner<\/a>\r\n                    <\/li>\r\n                                <\/ul>\r\n        \r\n                                        <\/div>\r\n                                        <p class=\"hero__intro-subtitle\">Mittagessen und Abendessen im Mon R\u00eave<\/p>\r\n                    <h1>Mittagessen &amp; Abendessen<\/h1>\r\n                    <div class=\"hero__intro-content\">\r\n                        <p><p>Lassen Sie sich von raffinierten Gerichten in der bezaubernden Atmosph\u00e4re des Restaurants Mon R\u00eave \u00fcberraschen. Wir servieren saisonale Gerichte mit t\u00e4glich frischen Zutaten im Weinkeller unter Kasteel Oost. Egal, ob Sie zu einem entspannten Mittagessen oder einem ausgiebigen Abendessen kommen, im Mon R\u00eave erleben Sie kulinarische Klasse in einem stilvollen Ambiente. Ideal f\u00fcr ein romantisches Beisammensein, ein Gesch\u00e4ftsessen oder einen besonderen Abend.<\/p>\n<\/p>\r\n\r\n                        \r\n                    <\/div>\r\n                <\/div>\r\n            <\/div>\r\n            <div class=\"col-12 col-lg-5\">\r\n                                    <div class=\"hero__image\">\r\n                        <img decoding=\"async\" src=\"https:\/\/kasteeloostvalkenburg.com\/wp-content\/uploads\/2025\/03\/Woensdag-4-december-2024-Beelden-Mon-Reve-najaar-2024-64-scaled.jpg\" alt=\"\">\r\n                    <\/div>\r\n                            <\/div>\r\n        <\/div>\r\n    <\/section>\r\n\r\n\n\n\r\n<div class=\"eye-block empty-space empty-space--large pt-md-5 pb-md-5 pt-4 pb-4\" ><\/div>\n\n\r\n    <div class=\"eye-block contentblock fade-in-animation\">\r\n        <div class=\"contentblock__colored-bg alt\">\r\n            <div class=\"row gx-6\">\r\n                <div class=\"col-12 col-lg-6\">\r\n                    <div class=\"contentblock__colored-bg__image alt\">\r\n                        <img decoding=\"async\" src=\"https:\/\/kasteeloostvalkenburg.com\/wp-content\/uploads\/2025\/04\/lunchkaart-scaled.jpg\" alt=\"\" data-speed=\".5\">\r\n                    <\/div>\r\n                <\/div>\r\n                <div class=\"col-12 col-lg-6\">\r\n                    <div class=\"contentblock__colored-bg__content-alt\">\r\n                        <div class=\"filled-block\">\r\n                                                        <h2>Mittagskarte<\/h2>\r\n                        <\/div>\r\n                        <div class=\"contentblock__colored-bg__content-text\">\r\n                            <p>Von leichten, geschmackvollen Gerichten bis hin zu herzhaften Klassikern mit einer \u00fcberraschenden Note \u2013 entdecken Sie neuinterpretierte Favoriten auf unserer Mittagskarte.<\/p>\n                        <\/div>\r\n\r\n                                                                                    <a href=\"https:\/\/kasteeloostvalkenburg.com\/de\/restaurant\/menue\/#lunchkaart\"                                        class=\"link\">Zur Mittagskarte<\/a>\r\n                                                                        <\/div>\r\n                <\/div>\r\n            <\/div>\r\n        <\/div>\r\n    <\/div>\r\n\n\n\r\n<div class=\"eye-block empty-space empty-space--large pt-md-5 pb-md-5 pt-4 pb-4\" ><\/div>\n\n\r\n    <div class=\"eye-block contentblock fade-in-animation\">\r\n        <div class=\"contentblock__image-right__container\">\r\n            <div class=\"contentblock__image-right\">\r\n                <div class=\"row\">\r\n                    <div class=\"col-12 col-lg-7 p-lg-1 d-flex align-items-center\">\r\n                        <div class=\"contentblock__image-right__content\">\r\n                                                        <h2>Dinnerkarte<\/h2>\r\n                            <div class=\"contentblock__image-right__content-text\">\r\n                                <p>Lassen Sie sich von einem sorgf\u00e4ltig zusammengestellten Men\u00fc verw\u00f6hnen, das mit Liebe und handwerklichem K\u00f6nnen zubereitet wird.<\/p>\n                            <\/div>\r\n\r\n                                                                                                <a href=\"https:\/\/kasteeloostvalkenburg.com\/de\/restaurant\/menue\/#dinerkaart\"                                            class=\"link\">Zur Dinnerkarte<\/a>\r\n                                                            \r\n                        <\/div>\r\n                    <\/div>\r\n                    <div class=\"col-12 col-lg-5 p-lg-1\">\r\n                        <div class=\"contentblock__image-right__image\">\r\n                            <img decoding=\"async\" data-speed=\"1.5\" src=\"https:\/\/kasteeloostvalkenburg.com\/wp-content\/uploads\/2025\/04\/Dinerkaart-scaled.jpg\" alt=\"\">\r\n                        <\/div>\r\n                    <\/div>\r\n                <\/div>\r\n            <\/div>\r\n        <\/div>\r\n    <\/div>\r\n\r\n\n\n\r\n<div class=\"eye-block empty-space empty-space--large pt-md-5 pb-md-5 pt-4 pb-4\" ><\/div>\n\n\r\n    <div class=\"eye-block contentblock fade-in-animation\">\r\n        <div class=\"contentblock__overlapping-images\">\r\n            <div class=\"row\">\r\n                <div class=\"col-12 col-lg-7\">\r\n                    <div class=\"contentblock__overlapping-images__content\">\r\n                                                <h2>Arrangements<\/h2>\r\n                        <div class=\"contentblock__overlapping-images__content-text\">\r\n                            <p>Ob Sie etwas Besonderes feiern oder einfach nur eine genussvolle Auszeit nehmen m\u00f6chten \u2013 unsere Arrangements machen jedes Treffen unvergesslich. Lassen Sie sich mit einer sorgf\u00e4ltig zusammengestellten Auswahl an k\u00f6stlichen Speisen und Getr\u00e4nken verw\u00f6hnen. Von einer eleganten High Tea bis hin zu einem geselligen Umtrunk \u2013 wir sorgen f\u00fcr ein geschmackvolles Erlebnis, das perfekt zu Ihrem Anlass passt.  <\/p>\n                        <\/div>\r\n\r\n                                                                                    <a href=\"https:\/\/kasteeloostvalkenburg.com\/de\/restaurant\/arrangements\/\"                                        class=\"link\">Alle Arrangements entdecken<\/a>\r\n                                                    \r\n                    <\/div>\r\n                <\/div>\r\n                <div class=\"col-12 col-lg-5 overlap\">\r\n                    <div class=\"contentblock__overlapping-images__images\">\r\n                        <img decoding=\"async\" class=\"skip-lazy\" src=\"https:\/\/kasteeloostvalkenburg.com\/wp-content\/uploads\/2025\/04\/High-Tea-en-High-Wine-12-scaled.jpg\" alt=\"\">\r\n                        <img decoding=\"async\" class=\"skip-lazy\" src=\"https:\/\/kasteeloostvalkenburg.com\/wp-content\/uploads\/2025\/04\/High-Tea-en-High-Wine-31-scaled-e1744614474225.jpg\" alt=\"\">\r\n                        <img decoding=\"async\" class=\"skip-lazy\" src=\"https:\/\/kasteeloostvalkenburg.com\/wp-content\/uploads\/2025\/04\/Fotos-Kasteel-Oost-17-scaled-e1744617403745.jpg\" alt=\"\">\r\n                    <\/div>\r\n                <\/div>\r\n            <\/div>\r\n        <\/div>\r\n    <\/div>\r\n\r\n\r\n\n\n\r\n<div class=\"eye-block empty-space empty-space--large pt-md-5 pb-md-5 pt-4 pb-4\" ><\/div>\n\n\r\n<div class=\"eye-block end-of-page-link\">\r\n    <div class=\"end-of-page-link__intro\">\r\n        <p>Entdecken Sie<\/p>\r\n        <h2 class=\"no-fancy-letter\">Kasteel Oost<\/h2>\r\n        <a href=\"\/album\" class=\"btn btn-primary\">Galerij<\/a>\r\n    <\/div>\r\n    <div class=\"end-of-page-link__images\">\r\n                    <a href=\"\/de\/hotel\" class=\"end-of-page-link__images-item\">\r\n                <p>Hotel<\/p>\r\n                <img decoding=\"async\" src=\"https:\/\/kasteeloostvalkenburg.com\/wp-content\/uploads\/2025\/03\/Suites-Thumbnail-scaled.webp\" alt=\"Hotel\">\r\n            <\/a>\r\n                    <a href=\"\/de\/restaurant\" class=\"end-of-page-link__images-item\">\r\n                <p>Restaurant<\/p>\r\n                <img decoding=\"async\" src=\"https:\/\/kasteeloostvalkenburg.com\/wp-content\/uploads\/2025\/03\/Restaurant-Thumbnail-scaled.webp\" alt=\"Restaurant\">\r\n            <\/a>\r\n            <\/div>\r\n<\/div>\r\n","protected":false},"excerpt":{"rendered":"","protected":false},"author":1,"featured_media":0,"parent":1678,"menu_order":0,"comment_status":"closed","ping_status":"closed","template":"","meta":{"_acf_changed":false,"ghostkit_customizer_options":"","ghostkit_custom_css":"","ghostkit_custom_js_head":"","ghostkit_custom_js_foot":"","ghostkit_typography":"","footnotes":""},"class_list":["post-1684","page","type-page","status-publish","hentry"],"acf":[],"yoast_head":"<!-- This site is optimized with the Yoast SEO plugin v27.3 - https:\/\/yoast.com\/product\/yoast-seo-wordpress\/ -->\n<title>Mittagessen &amp; Abendessen im Restaurant Mon R\u00eave | Schloss Oost<\/title>\n<meta name=\"description\" content=\"Erleben Sie die Gourmet-Atmosph\u00e4re im Mon R\u00eave in Schloss Oost. Genie\u00dfen Sie ein Mittag- oder Abendessen, das mit t\u00e4glich frischen Zutaten zubereitet wird. Reservieren Sie jetzt Ihren Tisch!\" \/>\n<meta name=\"robots\" content=\"index, follow, max-snippet:-1, max-image-preview:large, max-video-preview:-1\" \/>\n<link rel=\"canonical\" href=\"https:\/\/kasteeloostvalkenburg.com\/de\/restaurant\/lunch-dinner\/\" \/>\n<meta property=\"og:locale\" content=\"de_DE\" \/>\n<meta property=\"og:type\" content=\"article\" \/>\n<meta property=\"og:title\" content=\"Mittagessen &amp; Abendessen im Restaurant Mon R\u00eave | Schloss Oost\" \/>\n<meta property=\"og:description\" content=\"Erleben Sie die Gourmet-Atmosph\u00e4re im Mon R\u00eave in Schloss Oost. Genie\u00dfen Sie ein Mittag- oder Abendessen, das mit t\u00e4glich frischen Zutaten zubereitet wird. Reservieren Sie jetzt Ihren Tisch!\" \/>\n<meta property=\"og:url\" content=\"https:\/\/kasteeloostvalkenburg.com\/de\/restaurant\/lunch-dinner\/\" \/>\n<meta property=\"og:site_name\" content=\"Kasteel Oost\" \/>\n<meta property=\"article:publisher\" content=\"https:\/\/www.facebook.com\/Kooningstheweddingpalace\" \/>\n<meta property=\"article:modified_time\" content=\"2025-05-07T10:49:59+00:00\" \/>\n<meta name=\"twitter:card\" content=\"summary_large_image\" \/>\n<script type=\"application\/ld+json\" class=\"yoast-schema-graph\">{\"@context\":\"https:\\\/\\\/schema.org\",\"@graph\":[{\"@type\":\"WebPage\",\"@id\":\"https:\\\/\\\/kasteeloostvalkenburg.com\\\/de\\\/restaurant\\\/lunch-dinner\\\/\",\"url\":\"https:\\\/\\\/kasteeloostvalkenburg.com\\\/de\\\/restaurant\\\/lunch-dinner\\\/\",\"name\":\"Mittagessen & Abendessen im Restaurant Mon R\u00eave | Schloss Oost\",\"isPartOf\":{\"@id\":\"https:\\\/\\\/kasteeloostvalkenburg.com\\\/de\\\/#website\"},\"datePublished\":\"2025-03-18T13:25:59+00:00\",\"dateModified\":\"2025-05-07T10:49:59+00:00\",\"description\":\"Erleben Sie die Gourmet-Atmosph\u00e4re im Mon R\u00eave in Schloss Oost. Genie\u00dfen Sie ein Mittag- oder Abendessen, das mit t\u00e4glich frischen Zutaten zubereitet wird. Reservieren Sie jetzt Ihren Tisch!\",\"breadcrumb\":{\"@id\":\"https:\\\/\\\/kasteeloostvalkenburg.com\\\/de\\\/restaurant\\\/lunch-dinner\\\/#breadcrumb\"},\"inLanguage\":\"de\",\"potentialAction\":[{\"@type\":\"ReadAction\",\"target\":[\"https:\\\/\\\/kasteeloostvalkenburg.com\\\/de\\\/restaurant\\\/lunch-dinner\\\/\"]}]},{\"@type\":\"BreadcrumbList\",\"@id\":\"https:\\\/\\\/kasteeloostvalkenburg.com\\\/de\\\/restaurant\\\/lunch-dinner\\\/#breadcrumb\",\"itemListElement\":[{\"@type\":\"ListItem\",\"position\":1,\"name\":\"Startseite\",\"item\":\"https:\\\/\\\/kasteeloostvalkenburg.com\\\/de\\\/\"},{\"@type\":\"ListItem\",\"position\":2,\"name\":\"Restaurant\",\"item\":\"https:\\\/\\\/kasteeloostvalkenburg.com\\\/de\\\/restaurant\\\/\"},{\"@type\":\"ListItem\",\"position\":3,\"name\":\"Lunch &amp; Dinner\"}]},{\"@type\":\"WebSite\",\"@id\":\"https:\\\/\\\/kasteeloostvalkenburg.com\\\/de\\\/#website\",\"url\":\"https:\\\/\\\/kasteeloostvalkenburg.com\\\/de\\\/\",\"name\":\"Kasteel Oost\",\"description\":\"\",\"publisher\":{\"@id\":\"https:\\\/\\\/kasteeloostvalkenburg.com\\\/de\\\/#organization\"},\"potentialAction\":[{\"@type\":\"SearchAction\",\"target\":{\"@type\":\"EntryPoint\",\"urlTemplate\":\"https:\\\/\\\/kasteeloostvalkenburg.com\\\/de\\\/?s={search_term_string}\"},\"query-input\":{\"@type\":\"PropertyValueSpecification\",\"valueRequired\":true,\"valueName\":\"search_term_string\"}}],\"inLanguage\":\"de\"},{\"@type\":\"Organization\",\"@id\":\"https:\\\/\\\/kasteeloostvalkenburg.com\\\/de\\\/#organization\",\"name\":\"Kasteel Oost\",\"url\":\"https:\\\/\\\/kasteeloostvalkenburg.com\\\/de\\\/\",\"logo\":{\"@type\":\"ImageObject\",\"inLanguage\":\"de\",\"@id\":\"https:\\\/\\\/kasteeloostvalkenburg.com\\\/de\\\/#\\\/schema\\\/logo\\\/image\\\/\",\"url\":\"https:\\\/\\\/kasteeloostvalkenburg.com\\\/wp-content\\\/uploads\\\/2025\\\/04\\\/KasteelOost-logo-darkgray.png\",\"contentUrl\":\"https:\\\/\\\/kasteeloostvalkenburg.com\\\/wp-content\\\/uploads\\\/2025\\\/04\\\/KasteelOost-logo-darkgray.png\",\"width\":413,\"height\":318,\"caption\":\"Kasteel Oost\"},\"image\":{\"@id\":\"https:\\\/\\\/kasteeloostvalkenburg.com\\\/de\\\/#\\\/schema\\\/logo\\\/image\\\/\"},\"sameAs\":[\"https:\\\/\\\/www.facebook.com\\\/Kooningstheweddingpalace\",\"https:\\\/\\\/www.instagram.com\\\/kasteeloost\\\/\",\"https:\\\/\\\/www.tiktok.com\\\/@kooningstheweddingpalace\",\"https:\\\/\\\/nl.pinterest.com\\\/koonings\\\/\"]}]}<\/script>\n<!-- \/ Yoast SEO plugin. -->","yoast_head_json":{"title":"Mittagessen & Abendessen im Restaurant Mon R\u00eave | Schloss Oost","description":"Erleben Sie die Gourmet-Atmosph\u00e4re im Mon R\u00eave in Schloss Oost. Genie\u00dfen Sie ein Mittag- oder Abendessen, das mit t\u00e4glich frischen Zutaten zubereitet wird. Reservieren Sie jetzt Ihren Tisch!","robots":{"index":"index","follow":"follow","max-snippet":"max-snippet:-1","max-image-preview":"max-image-preview:large","max-video-preview":"max-video-preview:-1"},"canonical":"https:\/\/kasteeloostvalkenburg.com\/de\/restaurant\/lunch-dinner\/","og_locale":"de_DE","og_type":"article","og_title":"Mittagessen & Abendessen im Restaurant Mon R\u00eave | Schloss Oost","og_description":"Erleben Sie die Gourmet-Atmosph\u00e4re im Mon R\u00eave in Schloss Oost. Genie\u00dfen Sie ein Mittag- oder Abendessen, das mit t\u00e4glich frischen Zutaten zubereitet wird. Reservieren Sie jetzt Ihren Tisch!","og_url":"https:\/\/kasteeloostvalkenburg.com\/de\/restaurant\/lunch-dinner\/","og_site_name":"Kasteel Oost","article_publisher":"https:\/\/www.facebook.com\/Kooningstheweddingpalace","article_modified_time":"2025-05-07T10:49:59+00:00","twitter_card":"summary_large_image","schema":{"@context":"https:\/\/schema.org","@graph":[{"@type":"WebPage","@id":"https:\/\/kasteeloostvalkenburg.com\/de\/restaurant\/lunch-dinner\/","url":"https:\/\/kasteeloostvalkenburg.com\/de\/restaurant\/lunch-dinner\/","name":"Mittagessen & Abendessen im Restaurant Mon R\u00eave | Schloss Oost","isPartOf":{"@id":"https:\/\/kasteeloostvalkenburg.com\/de\/#website"},"datePublished":"2025-03-18T13:25:59+00:00","dateModified":"2025-05-07T10:49:59+00:00","description":"Erleben Sie die Gourmet-Atmosph\u00e4re im Mon R\u00eave in Schloss Oost. Genie\u00dfen Sie ein Mittag- oder Abendessen, das mit t\u00e4glich frischen Zutaten zubereitet wird. Reservieren Sie jetzt Ihren Tisch!","breadcrumb":{"@id":"https:\/\/kasteeloostvalkenburg.com\/de\/restaurant\/lunch-dinner\/#breadcrumb"},"inLanguage":"de","potentialAction":[{"@type":"ReadAction","target":["https:\/\/kasteeloostvalkenburg.com\/de\/restaurant\/lunch-dinner\/"]}]},{"@type":"BreadcrumbList","@id":"https:\/\/kasteeloostvalkenburg.com\/de\/restaurant\/lunch-dinner\/#breadcrumb","itemListElement":[{"@type":"ListItem","position":1,"name":"Startseite","item":"https:\/\/kasteeloostvalkenburg.com\/de\/"},{"@type":"ListItem","position":2,"name":"Restaurant","item":"https:\/\/kasteeloostvalkenburg.com\/de\/restaurant\/"},{"@type":"ListItem","position":3,"name":"Lunch &amp; Dinner"}]},{"@type":"WebSite","@id":"https:\/\/kasteeloostvalkenburg.com\/de\/#website","url":"https:\/\/kasteeloostvalkenburg.com\/de\/","name":"Kasteel Oost","description":"","publisher":{"@id":"https:\/\/kasteeloostvalkenburg.com\/de\/#organization"},"potentialAction":[{"@type":"SearchAction","target":{"@type":"EntryPoint","urlTemplate":"https:\/\/kasteeloostvalkenburg.com\/de\/?s={search_term_string}"},"query-input":{"@type":"PropertyValueSpecification","valueRequired":true,"valueName":"search_term_string"}}],"inLanguage":"de"},{"@type":"Organization","@id":"https:\/\/kasteeloostvalkenburg.com\/de\/#organization","name":"Kasteel Oost","url":"https:\/\/kasteeloostvalkenburg.com\/de\/","logo":{"@type":"ImageObject","inLanguage":"de","@id":"https:\/\/kasteeloostvalkenburg.com\/de\/#\/schema\/logo\/image\/","url":"https:\/\/kasteeloostvalkenburg.com\/wp-content\/uploads\/2025\/04\/KasteelOost-logo-darkgray.png","contentUrl":"https:\/\/kasteeloostvalkenburg.com\/wp-content\/uploads\/2025\/04\/KasteelOost-logo-darkgray.png","width":413,"height":318,"caption":"Kasteel Oost"},"image":{"@id":"https:\/\/kasteeloostvalkenburg.com\/de\/#\/schema\/logo\/image\/"},"sameAs":["https:\/\/www.facebook.com\/Kooningstheweddingpalace","https:\/\/www.instagram.com\/kasteeloost\/","https:\/\/www.tiktok.com\/@kooningstheweddingpalace","https:\/\/nl.pinterest.com\/koonings\/"]}]}},"_links":{"self":[{"href":"https:\/\/kasteeloostvalkenburg.com\/de\/wp-json\/wp\/v2\/pages\/1684","targetHints":{"allow":["GET"]}}],"collection":[{"href":"https:\/\/kasteeloostvalkenburg.com\/de\/wp-json\/wp\/v2\/pages"}],"about":[{"href":"https:\/\/kasteeloostvalkenburg.com\/de\/wp-json\/wp\/v2\/types\/page"}],"author":[{"embeddable":true,"href":"https:\/\/kasteeloostvalkenburg.com\/de\/wp-json\/wp\/v2\/users\/1"}],"replies":[{"embeddable":true,"href":"https:\/\/kasteeloostvalkenburg.com\/de\/wp-json\/wp\/v2\/comments?post=1684"}],"version-history":[{"count":6,"href":"https:\/\/kasteeloostvalkenburg.com\/de\/wp-json\/wp\/v2\/pages\/1684\/revisions"}],"predecessor-version":[{"id":3152,"href":"https:\/\/kasteeloostvalkenburg.com\/de\/wp-json\/wp\/v2\/pages\/1684\/revisions\/3152"}],"up":[{"embeddable":true,"href":"https:\/\/kasteeloostvalkenburg.com\/de\/wp-json\/wp\/v2\/pages\/1678"}],"wp:attachment":[{"href":"https:\/\/kasteeloostvalkenburg.com\/de\/wp-json\/wp\/v2\/media?parent=1684"}],"curies":[{"name":"wp","href":"https:\/\/api.w.org\/{rel}","templated":true}]}}