{"id":1680,"date":"2025-03-18T13:26:32","date_gmt":"2025-03-18T13:26:32","guid":{"rendered":"https:\/\/kasteeloostvalkenburg.com\/restaurant\/arrangements\/"},"modified":"2026-04-07T12:04:38","modified_gmt":"2026-04-07T12:04:38","slug":"arrangements","status":"publish","type":"page","link":"https:\/\/kasteeloostvalkenburg.com\/de\/restaurant\/arrangements\/","title":{"rendered":"Arrangements"},"content":{"rendered":"\r\n    <section class=\"hero image-right\">\r\n        <div class=\"row d-flex align-items-center\">\r\n            <div class=\"col-12 col-lg-7\">\r\n                <div class=\"hero__intro\">\r\n                                            <div class=\"eye-block breadcrumbs-wrapper\">\r\n                            \r\n            <ul class=\"site-breadcrumbs\">\r\n                <li class=\"crumb\">\r\n                    <a class=\"disable-line\" href=\"https:\/\/kasteeloostvalkenburg.com\">\r\n                        <i class=\"fa-regular fa-home\"><\/i>\r\n                    <\/a>\r\n                <\/li>\r\n                                    <div class=\"divider\"><\/div>\r\n                    <li class=\"crumb first\">\r\n                        <a class=\"disable-line\" href=\"https:\/\/kasteeloostvalkenburg.com\/de\/restaurant\/\">Restaurant<\/a>\r\n                    <\/li>\r\n                                        <div class=\"divider\"><\/div>\r\n                    <li class=\"crumb \">\r\n                        <a class=\"disable-line\" href=\"https:\/\/kasteeloostvalkenburg.com\/de\/restaurant\/arrangements\/\">Arrangements<\/a>\r\n                    <\/li>\r\n                                <\/ul>\r\n        \r\n                                        <\/div>\r\n                                        <p class=\"hero__intro-subtitle\">Entdecken Sie die Pakete bei Mon R\u00eave<\/p>\r\n                    <h1>Kulinarische Gen\u00fcsse im Pauschalangebot<\/h1>\r\n                    <div class=\"hero__intro-content\">\r\n                        <p><p>Haben Sie Lust auf einen k\u00f6stlichen Nachmittag voller Geschmack und Geselligkeit? Im Mon R\u00eave k\u00f6nnen Sie ausgiebig dinieren. Und unsere Arrangements sind perfekt f\u00fcr jeden Anlass. Ob Sie einen Moment der Entspannung mit Freundinnen suchen, ein gem\u00fctliches Treffen mit Kollegen planen oder jemanden mit einem kulinarischen Erlebnis \u00fcberraschen wollen &#8211; wir bieten Ihnen ein unvergessliches Erlebnis.<\/p>\n<\/p>\r\n\r\n                        \r\n                    <\/div>\r\n                <\/div>\r\n            <\/div>\r\n            <div class=\"col-12 col-lg-5\">\r\n                                    <div class=\"hero__image\">\r\n                        <img decoding=\"async\" src=\"https:\/\/kasteeloostvalkenburg.com\/wp-content\/uploads\/2025\/04\/High-Tea-en-High-Wine-31-scaled-e1744614474225.jpg\" alt=\"\">\r\n                    <\/div>\r\n                            <\/div>\r\n        <\/div>\r\n    <\/section>\r\n\r\n\r\n<div class=\"eye-block empty-space empty-space--large pt-md-5 pb-md-5 pt-4 pb-4\" ><\/div>\r\n    <div class=\"eye-block contentblock fade-in-animation\">\r\n        <div class=\"contentblock__colored-bg alt\">\r\n            <div class=\"row gx-6\">\r\n                <div class=\"col-12 col-lg-6\">\r\n                    <div class=\"contentblock__colored-bg__image alt\">\r\n                        <img decoding=\"async\" src=\"https:\/\/kasteeloostvalkenburg.com\/wp-content\/uploads\/2025\/03\/High-Tea-en-High-Wine-18-scaled.jpg\" alt=\"\" data-speed=\".5\">\r\n                    <\/div>\r\n                <\/div>\r\n                <div class=\"col-12 col-lg-6\">\r\n                    <div class=\"contentblock__colored-bg__content-alt\">\r\n                        <div class=\"filled-block\">\r\n                                                        <h2>High Tea<\/h2>\r\n                        <\/div>\r\n                        <div class=\"contentblock__colored-bg__content-text\">\r\n                            <p>Unser High Tea ist ein Fest f\u00fcr Liebhaber von s\u00fc\u00dfen und herzhaften K\u00f6stlichkeiten. Genie\u00dfen Sie eine gro\u00dfe Auswahl an st\u00e4ndig wechselnden saisonalen Gerichten. Nat\u00fcrlich bleibt Ihre Tasse gef\u00fcllt und wir servieren unbegrenzt Kaffee und Tee. Die ideale Wahl f\u00fcr einen entspannten Nachmittag in geselliger Runde.   <\/p>\n<p>&#8211; S\u00fc\u00dfe Snacks<br \/>\n&#8211; Herzhafte Snacks<br \/>\n&#8211; Eine Tasse Suppe<br \/>\n&#8211; Unbegrenzt Kaffee und Tee<\/p>\n                        <\/div>\r\n\r\n                                                                                    <a                                        class=\"link\" onclick=\"_gstpln.openWidget();\">Reserveer jouw High Tea<\/a>\r\n                                                                        <\/div>\r\n                <\/div>\r\n            <\/div>\r\n        <\/div>\r\n    <\/div>\r\n\r\n<div class=\"eye-block empty-space empty-space--large pt-md-5 pb-md-5 pt-4 pb-4\" ><\/div>\r\n    <div class=\"eye-block contentblock fade-in-animation\">\r\n        <div class=\"contentblock__text-over-image-filled\">\r\n            <div class=\"contentblock__text-over-image-filled__content\">\r\n                                    <p class=\"introtext\">Sorglose Besuche bei Andr\u00e9 Rieu<\/p>\r\n                                <h2>3-G\u00e4nge-Men\u00fc + Transport<\/h2>\r\n                <div class=\"contentblock__text-over-image-filled__content-text\">\r\n                    <p class=\"has-text-align-center\" style=\"text-align: left;\">Manche Abende sind mehr als nur ein Ausflug. Es sind Momente, die Ihnen in Erinnerung bleiben. Ein Abend mit Andr\u00e9 Rieu ist ein solches Erlebnis.   Und bei Kasteel Oost machen wir dieses Erlebnis komplett, vom ersten Moment am Tisch bis zu den letzten Kl\u00e4ngen auf dem Vrijthof.<\/p>\n<p>Der Abend beginnt im Restaurant Mon R\u00eave, wo Sie mit einem raffinierten 3-G\u00e4nge-\u00dcberraschungsmen\u00fc \u00fcberrascht werden. Nach dem Abendessen steht alles f\u00fcr Sie bereit. Kein \u00c4rger mit Parken oder Navigation, sondern entspanntes Einsteigen und zum Konzert von Andr\u00e9 Rieu* gebracht werden.   Nach dem Konzert bringt Sie der Bus zur\u00fcck nach Kasteel Oost, wo Sie den Abend in Ruhe ausklingen lassen k\u00f6nnen.<\/p>\n<p>*Die Eintrittskarten<em>f\u00fcr das Konzert sind nicht im Paket enthalten.<\/em><\/p>\n                <\/div>\r\n\r\n                                                            <a href=\"https:\/\/kasteeloostvalkenburg.com\/de\/gute-vorsatze-fur-2026\/\"                                class=\"link\">Ontdek het arrangement<\/a>\r\n                                    \r\n            <\/div>\r\n\r\n            <div class=\"contentblock__text-over-image-filled__image\">\r\n                <img decoding=\"async\" src=\"https:\/\/kasteeloostvalkenburg.com\/wp-content\/uploads\/2025\/03\/High-Tea-en-High-Wine-18-scaled.jpg\" alt=\"\" data-speed=\".5\">\r\n            <\/div>\r\n        <\/div>\r\n    <\/div>\r\n\r\n\r\n<div class=\"eye-block empty-space empty-space--large pt-md-5 pb-md-5 pt-4 pb-4\" ><\/div>\r\n<div class=\"eye-block end-of-page-link\">\r\n    <div class=\"end-of-page-link__intro\">\r\n        <p>Entdecken Sie<\/p>\r\n        <h2 class=\"no-fancy-letter\">Kasteel Oost<\/h2>\r\n        <a href=\"\/album\" class=\"btn btn-primary\">Galerij<\/a>\r\n    <\/div>\r\n    <div class=\"end-of-page-link__images\">\r\n                    <a href=\"\/de\/hotel\" class=\"end-of-page-link__images-item\">\r\n                <p>Hotel<\/p>\r\n                <img decoding=\"async\" src=\"https:\/\/kasteeloostvalkenburg.com\/wp-content\/uploads\/2025\/03\/Suites-Thumbnail-scaled.webp\" alt=\"Hotel\">\r\n            <\/a>\r\n                    <a href=\"\/de\/restaurant\" class=\"end-of-page-link__images-item\">\r\n                <p>Restaurant<\/p>\r\n                <img decoding=\"async\" src=\"https:\/\/kasteeloostvalkenburg.com\/wp-content\/uploads\/2025\/03\/Restaurant-Thumbnail-scaled.webp\" alt=\"Restaurant\">\r\n            <\/a>\r\n            <\/div>\r\n<\/div>\r\n","protected":false},"excerpt":{"rendered":"","protected":false},"author":1,"featured_media":0,"parent":1678,"menu_order":0,"comment_status":"closed","ping_status":"closed","template":"","meta":{"_acf_changed":false,"ghostkit_customizer_options":"","ghostkit_custom_css":"","ghostkit_custom_js_head":"","ghostkit_custom_js_foot":"","ghostkit_typography":"","footnotes":""},"class_list":["post-1680","page","type-page","status-publish","hentry"],"acf":[],"yoast_head":"<!-- This site is optimized with the Yoast SEO plugin v27.3 - https:\/\/yoast.com\/product\/yoast-seo-wordpress\/ -->\n<title>Kulinarische Pakete | Mon R\u00eave Valkenburg<\/title>\n<meta name=\"description\" content=\"Lust auf einen k\u00f6stlichen Nachmittag voller Geschmack und Gem\u00fctlichkeit? Im Mon R\u00eave k\u00f6nnen Sie ausgiebig dinieren. Buchen Sie jetzt Ihr kulinarisches Paket bei Kasteel Oost &gt;\" \/>\n<meta name=\"robots\" content=\"index, follow, max-snippet:-1, max-image-preview:large, max-video-preview:-1\" \/>\n<link rel=\"canonical\" href=\"https:\/\/kasteeloostvalkenburg.com\/de\/restaurant\/arrangements\/\" \/>\n<meta property=\"og:locale\" content=\"de_DE\" \/>\n<meta property=\"og:type\" content=\"article\" \/>\n<meta property=\"og:title\" content=\"Kulinarische Pakete | Mon R\u00eave Valkenburg\" \/>\n<meta property=\"og:description\" content=\"Lust auf einen k\u00f6stlichen Nachmittag voller Geschmack und Gem\u00fctlichkeit? Im Mon R\u00eave k\u00f6nnen Sie ausgiebig dinieren. Buchen Sie jetzt Ihr kulinarisches Paket bei Kasteel Oost &gt;\" \/>\n<meta property=\"og:url\" content=\"https:\/\/kasteeloostvalkenburg.com\/de\/restaurant\/arrangements\/\" \/>\n<meta property=\"og:site_name\" content=\"Kasteel Oost\" \/>\n<meta property=\"article:publisher\" content=\"https:\/\/www.facebook.com\/Kooningstheweddingpalace\" \/>\n<meta property=\"article:modified_time\" content=\"2026-04-07T12:04:38+00:00\" \/>\n<meta name=\"twitter:card\" content=\"summary_large_image\" \/>\n<script type=\"application\/ld+json\" class=\"yoast-schema-graph\">{\"@context\":\"https:\\\/\\\/schema.org\",\"@graph\":[{\"@type\":\"WebPage\",\"@id\":\"https:\\\/\\\/kasteeloostvalkenburg.com\\\/de\\\/restaurant\\\/arrangements\\\/\",\"url\":\"https:\\\/\\\/kasteeloostvalkenburg.com\\\/de\\\/restaurant\\\/arrangements\\\/\",\"name\":\"Kulinarische Pakete | Mon R\u00eave Valkenburg\",\"isPartOf\":{\"@id\":\"https:\\\/\\\/kasteeloostvalkenburg.com\\\/de\\\/#website\"},\"datePublished\":\"2025-03-18T13:26:32+00:00\",\"dateModified\":\"2026-04-07T12:04:38+00:00\",\"description\":\"Lust auf einen k\u00f6stlichen Nachmittag voller Geschmack und Gem\u00fctlichkeit? Im Mon R\u00eave k\u00f6nnen Sie ausgiebig dinieren. Buchen Sie jetzt Ihr kulinarisches Paket bei Kasteel Oost >\",\"breadcrumb\":{\"@id\":\"https:\\\/\\\/kasteeloostvalkenburg.com\\\/de\\\/restaurant\\\/arrangements\\\/#breadcrumb\"},\"inLanguage\":\"de\",\"potentialAction\":[{\"@type\":\"ReadAction\",\"target\":[\"https:\\\/\\\/kasteeloostvalkenburg.com\\\/de\\\/restaurant\\\/arrangements\\\/\"]}]},{\"@type\":\"BreadcrumbList\",\"@id\":\"https:\\\/\\\/kasteeloostvalkenburg.com\\\/de\\\/restaurant\\\/arrangements\\\/#breadcrumb\",\"itemListElement\":[{\"@type\":\"ListItem\",\"position\":1,\"name\":\"Startseite\",\"item\":\"https:\\\/\\\/kasteeloostvalkenburg.com\\\/de\\\/\"},{\"@type\":\"ListItem\",\"position\":2,\"name\":\"Restaurant\",\"item\":\"https:\\\/\\\/kasteeloostvalkenburg.com\\\/de\\\/restaurant\\\/\"},{\"@type\":\"ListItem\",\"position\":3,\"name\":\"Arrangements\"}]},{\"@type\":\"WebSite\",\"@id\":\"https:\\\/\\\/kasteeloostvalkenburg.com\\\/de\\\/#website\",\"url\":\"https:\\\/\\\/kasteeloostvalkenburg.com\\\/de\\\/\",\"name\":\"Kasteel Oost\",\"description\":\"\",\"publisher\":{\"@id\":\"https:\\\/\\\/kasteeloostvalkenburg.com\\\/de\\\/#organization\"},\"potentialAction\":[{\"@type\":\"SearchAction\",\"target\":{\"@type\":\"EntryPoint\",\"urlTemplate\":\"https:\\\/\\\/kasteeloostvalkenburg.com\\\/de\\\/?s={search_term_string}\"},\"query-input\":{\"@type\":\"PropertyValueSpecification\",\"valueRequired\":true,\"valueName\":\"search_term_string\"}}],\"inLanguage\":\"de\"},{\"@type\":\"Organization\",\"@id\":\"https:\\\/\\\/kasteeloostvalkenburg.com\\\/de\\\/#organization\",\"name\":\"Kasteel Oost\",\"url\":\"https:\\\/\\\/kasteeloostvalkenburg.com\\\/de\\\/\",\"logo\":{\"@type\":\"ImageObject\",\"inLanguage\":\"de\",\"@id\":\"https:\\\/\\\/kasteeloostvalkenburg.com\\\/de\\\/#\\\/schema\\\/logo\\\/image\\\/\",\"url\":\"https:\\\/\\\/kasteeloostvalkenburg.com\\\/wp-content\\\/uploads\\\/2025\\\/04\\\/KasteelOost-logo-darkgray.png\",\"contentUrl\":\"https:\\\/\\\/kasteeloostvalkenburg.com\\\/wp-content\\\/uploads\\\/2025\\\/04\\\/KasteelOost-logo-darkgray.png\",\"width\":413,\"height\":318,\"caption\":\"Kasteel Oost\"},\"image\":{\"@id\":\"https:\\\/\\\/kasteeloostvalkenburg.com\\\/de\\\/#\\\/schema\\\/logo\\\/image\\\/\"},\"sameAs\":[\"https:\\\/\\\/www.facebook.com\\\/Kooningstheweddingpalace\",\"https:\\\/\\\/www.instagram.com\\\/kasteeloost\\\/\",\"https:\\\/\\\/www.tiktok.com\\\/@kooningstheweddingpalace\",\"https:\\\/\\\/nl.pinterest.com\\\/koonings\\\/\"]}]}<\/script>\n<!-- \/ Yoast SEO plugin. -->","yoast_head_json":{"title":"Kulinarische Pakete | Mon R\u00eave Valkenburg","description":"Lust auf einen k\u00f6stlichen Nachmittag voller Geschmack und Gem\u00fctlichkeit? Im Mon R\u00eave k\u00f6nnen Sie ausgiebig dinieren. Buchen Sie jetzt Ihr kulinarisches Paket bei Kasteel Oost >","robots":{"index":"index","follow":"follow","max-snippet":"max-snippet:-1","max-image-preview":"max-image-preview:large","max-video-preview":"max-video-preview:-1"},"canonical":"https:\/\/kasteeloostvalkenburg.com\/de\/restaurant\/arrangements\/","og_locale":"de_DE","og_type":"article","og_title":"Kulinarische Pakete | Mon R\u00eave Valkenburg","og_description":"Lust auf einen k\u00f6stlichen Nachmittag voller Geschmack und Gem\u00fctlichkeit? Im Mon R\u00eave k\u00f6nnen Sie ausgiebig dinieren. Buchen Sie jetzt Ihr kulinarisches Paket bei Kasteel Oost >","og_url":"https:\/\/kasteeloostvalkenburg.com\/de\/restaurant\/arrangements\/","og_site_name":"Kasteel Oost","article_publisher":"https:\/\/www.facebook.com\/Kooningstheweddingpalace","article_modified_time":"2026-04-07T12:04:38+00:00","twitter_card":"summary_large_image","schema":{"@context":"https:\/\/schema.org","@graph":[{"@type":"WebPage","@id":"https:\/\/kasteeloostvalkenburg.com\/de\/restaurant\/arrangements\/","url":"https:\/\/kasteeloostvalkenburg.com\/de\/restaurant\/arrangements\/","name":"Kulinarische Pakete | Mon R\u00eave Valkenburg","isPartOf":{"@id":"https:\/\/kasteeloostvalkenburg.com\/de\/#website"},"datePublished":"2025-03-18T13:26:32+00:00","dateModified":"2026-04-07T12:04:38+00:00","description":"Lust auf einen k\u00f6stlichen Nachmittag voller Geschmack und Gem\u00fctlichkeit? Im Mon R\u00eave k\u00f6nnen Sie ausgiebig dinieren. Buchen Sie jetzt Ihr kulinarisches Paket bei Kasteel Oost >","breadcrumb":{"@id":"https:\/\/kasteeloostvalkenburg.com\/de\/restaurant\/arrangements\/#breadcrumb"},"inLanguage":"de","potentialAction":[{"@type":"ReadAction","target":["https:\/\/kasteeloostvalkenburg.com\/de\/restaurant\/arrangements\/"]}]},{"@type":"BreadcrumbList","@id":"https:\/\/kasteeloostvalkenburg.com\/de\/restaurant\/arrangements\/#breadcrumb","itemListElement":[{"@type":"ListItem","position":1,"name":"Startseite","item":"https:\/\/kasteeloostvalkenburg.com\/de\/"},{"@type":"ListItem","position":2,"name":"Restaurant","item":"https:\/\/kasteeloostvalkenburg.com\/de\/restaurant\/"},{"@type":"ListItem","position":3,"name":"Arrangements"}]},{"@type":"WebSite","@id":"https:\/\/kasteeloostvalkenburg.com\/de\/#website","url":"https:\/\/kasteeloostvalkenburg.com\/de\/","name":"Kasteel Oost","description":"","publisher":{"@id":"https:\/\/kasteeloostvalkenburg.com\/de\/#organization"},"potentialAction":[{"@type":"SearchAction","target":{"@type":"EntryPoint","urlTemplate":"https:\/\/kasteeloostvalkenburg.com\/de\/?s={search_term_string}"},"query-input":{"@type":"PropertyValueSpecification","valueRequired":true,"valueName":"search_term_string"}}],"inLanguage":"de"},{"@type":"Organization","@id":"https:\/\/kasteeloostvalkenburg.com\/de\/#organization","name":"Kasteel Oost","url":"https:\/\/kasteeloostvalkenburg.com\/de\/","logo":{"@type":"ImageObject","inLanguage":"de","@id":"https:\/\/kasteeloostvalkenburg.com\/de\/#\/schema\/logo\/image\/","url":"https:\/\/kasteeloostvalkenburg.com\/wp-content\/uploads\/2025\/04\/KasteelOost-logo-darkgray.png","contentUrl":"https:\/\/kasteeloostvalkenburg.com\/wp-content\/uploads\/2025\/04\/KasteelOost-logo-darkgray.png","width":413,"height":318,"caption":"Kasteel Oost"},"image":{"@id":"https:\/\/kasteeloostvalkenburg.com\/de\/#\/schema\/logo\/image\/"},"sameAs":["https:\/\/www.facebook.com\/Kooningstheweddingpalace","https:\/\/www.instagram.com\/kasteeloost\/","https:\/\/www.tiktok.com\/@kooningstheweddingpalace","https:\/\/nl.pinterest.com\/koonings\/"]}]}},"_links":{"self":[{"href":"https:\/\/kasteeloostvalkenburg.com\/de\/wp-json\/wp\/v2\/pages\/1680","targetHints":{"allow":["GET"]}}],"collection":[{"href":"https:\/\/kasteeloostvalkenburg.com\/de\/wp-json\/wp\/v2\/pages"}],"about":[{"href":"https:\/\/kasteeloostvalkenburg.com\/de\/wp-json\/wp\/v2\/types\/page"}],"author":[{"embeddable":true,"href":"https:\/\/kasteeloostvalkenburg.com\/de\/wp-json\/wp\/v2\/users\/1"}],"replies":[{"embeddable":true,"href":"https:\/\/kasteeloostvalkenburg.com\/de\/wp-json\/wp\/v2\/comments?post=1680"}],"version-history":[{"count":21,"href":"https:\/\/kasteeloostvalkenburg.com\/de\/wp-json\/wp\/v2\/pages\/1680\/revisions"}],"predecessor-version":[{"id":6772,"href":"https:\/\/kasteeloostvalkenburg.com\/de\/wp-json\/wp\/v2\/pages\/1680\/revisions\/6772"}],"up":[{"embeddable":true,"href":"https:\/\/kasteeloostvalkenburg.com\/de\/wp-json\/wp\/v2\/pages\/1678"}],"wp:attachment":[{"href":"https:\/\/kasteeloostvalkenburg.com\/de\/wp-json\/wp\/v2\/media?parent=1680"}],"curies":[{"name":"wp","href":"https:\/\/api.w.org\/{rel}","templated":true}]}}