{"id":1678,"date":"2025-03-06T09:41:12","date_gmt":"2025-03-06T09:41:12","guid":{"rendered":"https:\/\/kasteeloostvalkenburg.com\/restaurant\/"},"modified":"2026-02-12T12:51:13","modified_gmt":"2026-02-12T12:51:13","slug":"restaurant","status":"publish","type":"page","link":"https:\/\/kasteeloostvalkenburg.com\/de\/restaurant\/","title":{"rendered":"Restaurant"},"content":{"rendered":"\r\n    <section class=\"hero image-right\">\r\n        <div class=\"row d-flex align-items-center\">\r\n            <div class=\"col-12 col-lg-7\">\r\n                <div class=\"hero__intro\">\r\n                                            <div class=\"eye-block breadcrumbs-wrapper\">\r\n                            \r\n            <ul class=\"site-breadcrumbs\">\r\n                <li class=\"crumb\">\r\n                    <a class=\"disable-line\" href=\"https:\/\/kasteeloostvalkenburg.com\">\r\n                        <i class=\"fa-regular fa-home\"><\/i>\r\n                    <\/a>\r\n                <\/li>\r\n                                    <div class=\"divider\"><\/div>\r\n                    <li class=\"crumb first\">\r\n                        <a class=\"disable-line\" href=\"https:\/\/kasteeloostvalkenburg.com\/de\/restaurant\/\">Restaurant<\/a>\r\n                    <\/li>\r\n                                        <div class=\"divider\"><\/div>\r\n                    <li class=\"crumb \">\r\n                        <a class=\"disable-line\" href=\"https:\/\/kasteeloostvalkenburg.com\/de\/restaurant\/menue\/\">Men\u00fc<\/a>\r\n                    <\/li>\r\n                                <\/ul>\r\n        \r\n                                        <\/div>\r\n                                        <p class=\"hero__intro-subtitle\">Restaurant Mon R\u00eave<\/p>\r\n                    <h1>Kulinarische Perfektion in einer bezaubernden Umgebung<\/h1>\r\n                    <div class=\"hero__intro-content\">\r\n                        <p><p>Treten Sie ein in die Gew\u00f6lbekeller von Kasteel Oost und entdecken Sie Mon R\u00eave, das Restaurant im Untergeschoss dieses historischen Denkmals. Hier speisen Sie in einem stimmungsvollen Weinkeller, in dem Geschichte und Gastronomie zusammenkommen. Lassen Sie sich von saisonalen Gerichten \u00fcberraschen, die mit Sorgfalt und Leidenschaft zubereitet werden, und genie\u00dfen Sie ein kulinarisches Erlebnis, das alle Ihre Sinne anregt.  <\/p>\n<div class=\"subpage-links-block\"><a class=\"btn btn-primary me-2 mb-2\" href=\"https:\/\/kasteeloostvalkenburg.com\/de\/restaurant\/arrangements\/\">Arrangements<\/a><a class=\"btn btn-primary me-2 mb-2\" href=\"https:\/\/kasteeloostvalkenburg.com\/de\/restaurant\/geschenkgutscheine\/\">Geschenkgutscheine<\/a><a class=\"btn btn-primary me-2 mb-2\" href=\"https:\/\/kasteeloostvalkenburg.com\/de\/restaurant\/lunch-dinner\/\">Lunch &amp; Dinner<\/a><a class=\"btn btn-primary me-2 mb-2\" href=\"https:\/\/kasteeloostvalkenburg.com\/de\/restaurant\/menue\/\">Men\u00fc<\/a><\/div>\n<\/p>\r\n\r\n                        \r\n                    <\/div>\r\n                <\/div>\r\n            <\/div>\r\n            <div class=\"col-12 col-lg-5\">\r\n                                    <div class=\"hero__image\">\r\n                        <img decoding=\"async\" src=\"https:\/\/kasteeloostvalkenburg.com\/wp-content\/uploads\/2025\/10\/kuppens_fotografie_3457-scaled.jpg\" alt=\"\">\r\n                    <\/div>\r\n                            <\/div>\r\n        <\/div>\r\n    <\/section>\r\n\r\n\r\n<div class=\"eye-block empty-space empty-space--large pt-md-5 pb-md-5 pt-4 pb-4\" ><\/div>\r\n    <div class=\"eye-block contentblock fade-in-animation\">\r\n        <div class=\"contentblock__overlapping-images\">\r\n            <div class=\"row\">\r\n                <div class=\"col-12 col-lg-7\">\r\n                    <div class=\"contentblock__overlapping-images__content\">\r\n                                                <h2>Lunch &amp; Dinner<\/h2>\r\n                        <div class=\"contentblock__overlapping-images__content-text\">\r\n                            <p>Genie\u00dfen Sie exquisite Gerichte in einer m\u00e4rchenhaften Atmosph\u00e4re. Im Mon R\u00eave servieren wir ein saisonales Men\u00fc mit t\u00e4glich frischen Zutaten, inspiriert von der franz\u00f6sischen K\u00fcche. Ob Sie eine entspannte Mittagspause oder ein ausgedehntes Abendessen planen \u2013 jedes Gericht wird mit Hingabe und Liebe zum Detail kreiert. Perfekt f\u00fcr ein romantisches Dinner, ein gesch\u00e4ftliches Mittagessen oder einen besonderen Abend mit Freunden.   <\/p>\n                        <\/div>\r\n\r\n                                                                                    <a                                        class=\"btn btn-primary\" onclick=\"_gstpln.openWidget();\">Reserveer jouw tafel<\/a>\r\n                                                    \r\n                    <\/div>\r\n                <\/div>\r\n                <div class=\"col-12 col-lg-5 overlap\">\r\n                    <div class=\"contentblock__overlapping-images__images\">\r\n                        <img decoding=\"async\" class=\"skip-lazy\" src=\"https:\/\/kasteeloostvalkenburg.com\/wp-content\/uploads\/2025\/10\/DSC_6381-scaled.jpg\" alt=\"\">\r\n                        <img decoding=\"async\" class=\"skip-lazy\" src=\"https:\/\/kasteeloostvalkenburg.com\/wp-content\/uploads\/2025\/09\/3X7A2376.jpg\" alt=\"\">\r\n                        <img decoding=\"async\" class=\"skip-lazy\" src=\"https:\/\/kasteeloostvalkenburg.com\/wp-content\/uploads\/2025\/04\/Fotos-Kasteel-Oost-6-scaled.jpg\" alt=\"\">\r\n                    <\/div>\r\n                <\/div>\r\n            <\/div>\r\n        <\/div>\r\n    <\/div>\r\n\r\n\r\n\r\n<div class=\"eye-block empty-space empty-space--large pt-md-5 pb-md-5 pt-4 pb-4\" ><\/div>\r\n    <div class=\"eye-block contentblock fade-in-animation\">\r\n        <div class=\"contentblock__colored-bg alt\">\r\n            <div class=\"row gx-6\">\r\n                <div class=\"col-12 col-lg-6\">\r\n                    <div class=\"contentblock__colored-bg__image alt\">\r\n                        <img decoding=\"async\" src=\"https:\/\/kasteeloostvalkenburg.com\/wp-content\/uploads\/2025\/03\/Woensdag-4-december-2024-Beelden-Mon-Reve-najaar-2024-65-scaled.jpg\" alt=\"\" data-speed=\".5\">\r\n                    <\/div>\r\n                <\/div>\r\n                <div class=\"col-12 col-lg-6\">\r\n                    <div class=\"contentblock__colored-bg__content-alt\">\r\n                        <div class=\"filled-block\">\r\n                                                        <h2>Speisekarte<\/h2>\r\n                        <\/div>\r\n                        <div class=\"contentblock__colored-bg__content-text\">\r\n                            <p>Entdecken Sie unsere raffinierten Gerichte, die jeden Moment besonders machen. Von eleganten Vorspeisen \u00fcber k\u00f6stliche Hauptgerichte bis hin zu exquisiten Desserts \u2013 jeder Bissen ist ein Genuss. Lassen Sie sich von der Kreativit\u00e4t unseres K\u00fcchenchefs \u00fcberraschen und erleben Sie ein Dinner, das alle Sinne anspricht.  <\/p>\n                        <\/div>\r\n\r\n                                                                                    <a href=\"https:\/\/kasteeloostvalkenburg.com\/de\/restaurant\/menue\/\"                                        class=\"link\">Bekijk de menukaart<\/a>\r\n                                                                        <\/div>\r\n                <\/div>\r\n            <\/div>\r\n        <\/div>\r\n    <\/div>\r\n\r\n<div class=\"eye-block empty-space empty-space--large pt-md-5 pb-md-5 pt-4 pb-4\" ><\/div>\r\n    <div class=\"eye-block contentblock fade-in-animation\">\r\n        <div class=\"contentblock__overlapping-images\">\r\n            <div class=\"row\">\r\n                <div class=\"col-12 col-lg-7\">\r\n                    <div class=\"contentblock__overlapping-images__content\">\r\n                                                <h2>Arrangements<\/h2>\r\n                        <div class=\"contentblock__overlapping-images__content-text\">\r\n                            <p>Ob Sie etwas Besonderes feiern oder einfach nur eine genussvolle Auszeit nehmen m\u00f6chten \u2013 unsere Arrangements machen jedes Treffen unvergesslich. Lassen Sie sich mit einer sorgf\u00e4ltig zusammengestellten Auswahl an k\u00f6stlichen Speisen und Getr\u00e4nken verw\u00f6hnen. Von einer eleganten High Tea bis hin zu einem geselligen Umtrunk \u2013 wir sorgen f\u00fcr ein geschmackvolles Erlebnis, das perfekt zu Ihrem Anlass passt.  <\/p>\n                        <\/div>\r\n\r\n                                                                                    <a href=\"https:\/\/kasteeloostvalkenburg.com\/de\/restaurant\/arrangements\/\"                                        class=\"link\">Bekijk onze arrangementen<\/a>\r\n                                                    \r\n                    <\/div>\r\n                <\/div>\r\n                <div class=\"col-12 col-lg-5 overlap\">\r\n                    <div class=\"contentblock__overlapping-images__images\">\r\n                        <img decoding=\"async\" class=\"skip-lazy\" src=\"https:\/\/kasteeloostvalkenburg.com\/wp-content\/uploads\/2025\/04\/High-Tea-en-High-Wine-31-scaled-e1744614474225.jpg\" alt=\"\">\r\n                        <img decoding=\"async\" class=\"skip-lazy\" src=\"https:\/\/kasteeloostvalkenburg.com\/wp-content\/uploads\/2025\/04\/High-Tea-en-High-Wine-12-scaled.jpg\" alt=\"\">\r\n                        <img decoding=\"async\" class=\"skip-lazy\" src=\"https:\/\/kasteeloostvalkenburg.com\/wp-content\/uploads\/2025\/04\/Fotos-Kasteel-Oost-17-scaled-e1744617403745.jpg\" alt=\"\">\r\n                    <\/div>\r\n                <\/div>\r\n            <\/div>\r\n        <\/div>\r\n    <\/div>\r\n\r\n\r\n\r\n<div class=\"eye-block empty-space empty-space--large pt-md-5 pb-md-5 pt-4 pb-4\" ><\/div>\r\n    <div class=\"eye-block contentblock fade-in-animation\">\r\n        <div class=\"contentblock__colored-bg bg--darkgray\">\r\n            <div class=\"row gx-6\">\r\n                <div class=\"col-12 col-lg-6\">\r\n                    <div class=\"contentblock__colored-bg__image\">\r\n                        <img decoding=\"async\" src=\"https:\/\/kasteeloostvalkenburg.com\/wp-content\/uploads\/2025\/09\/2025_05_25_KOONINGS_KASTEELOOST_OPENING_245-scaled.jpg\" alt=\"\">\r\n                    <\/div>\r\n                <\/div>\r\n                <div class=\"col-12 col-lg-6 d-flex align-items-center\">\r\n                    <div class=\"contentblock__colored-bg__content\">\r\n                                                <h2>Terrasse<\/h2>\r\n                        <div class=\"contentblock__colored-bg__content-text\">\r\n                            <p>Eine sonnige Terrasse inmitten von Natur und Geschichte. Genie\u00dfen Sie im Restaurant Mon R\u00eave in Kasteel Oost einen Happen zu essen und ein Getr\u00e4nk mit atemberaubendem Blick auf das ockergelbe, monumentale Schloss und das weitl\u00e4ufige Anwesen. Ob Sie f\u00fcr ein entspanntes Mittagessen, ein erfrischendes Glas Wein oder ein stimmungsvolles Abendessen im Freien kommen, unsere Terrasse bietet f\u00fcr jeden Moment den perfekten Rahmen.  <\/p>\n                        <\/div>\r\n\r\n                                                                                    <a                                        class=\"btn btn-tertiary\" onclick=\"_gstpln.openWidget();\">Reserveer jouw tafel<\/a>\r\n                                                    \r\n                    <\/div>\r\n                <\/div>\r\n            <\/div>\r\n        <\/div>\r\n    <\/div>\r\n\r\n\r\n<div class=\"eye-block empty-space empty-space--large pt-md-5 pb-md-5 pt-4 pb-4\" ><\/div>\r\n<div class=\"eye-block empty-space empty-space--large pt-md-5 pb-md-5 pt-4 pb-4\" ><\/div>\r\n    <div class=\"eye-block contentblock fade-in-animation\">\r\n        <div class=\"contentblock__arrow-split__container\">\r\n            <div class=\"contentblock__arrow-split\">\r\n                <div class=\"contentblock__arrow-split__title\">\r\n                                            <p class=\"introtext\">Verschenken Sie Genuss<\/p>\r\n                                        <h2>Geschenkgutscheine<\/h2>\r\n                <\/div>\r\n                <div class=\"contentblock__arrow-split__seperator\">\r\n                    <img decoding=\"async\" src=\"https:\/\/kasteeloostvalkenburg.com\/wp-content\/themes\/kasteeloost\/images\/arrow-decoration.svg\" alt=\"Arrow seperator\">\r\n                <\/div>\r\n                <div class=\"contentblock__arrow-split__text\">\r\n                    <p>M\u00f6chten Sie jemandem eine besonders geschmackvolle Freude bereiten? Ob Geburtstag, Abschlussfeier, Muttertag oder einfach ein sch\u00f6ner Anlass \u2013 ein genussvolles Erlebnis in unserem Restaurant ist immer eine wunderbare Idee. <\/p>\n                                                                        <a href=\"https:\/\/kasteeloostvalkenburg.com\/de\/restaurant\/geschenkgutscheine\/\"                                    class=\"link\">Bekijk cadeaubonnen<\/a>\r\n                                                            <\/div>\r\n            <\/div>\r\n        <\/div>\r\n    <\/div>\r\n\r\n\r\n<div class=\"eye-block empty-space empty-space--large pt-md-5 pb-md-5 pt-4 pb-4\" ><\/div>\r\n<div class=\"eye-block empty-space empty-space--large pt-md-5 pb-md-5 pt-4 pb-4\" ><\/div>\r\n<div class=\"eye-block end-of-page-link\">\r\n    <div class=\"end-of-page-link__intro\">\r\n        <p>Entdecken Sie<\/p>\r\n        <h2 class=\"no-fancy-letter\">Kasteel Oost<\/h2>\r\n        <a href=\"\/album\" class=\"btn btn-primary\">Galerij<\/a>\r\n    <\/div>\r\n    <div class=\"end-of-page-link__images\">\r\n                    <a href=\"\/de\/hotel\" class=\"end-of-page-link__images-item\">\r\n                <p>Hotel<\/p>\r\n                <img decoding=\"async\" src=\"https:\/\/kasteeloostvalkenburg.com\/wp-content\/uploads\/2025\/03\/Suites-Thumbnail-scaled.webp\" alt=\"Hotel\">\r\n            <\/a>\r\n                    <a href=\"\/de\/restaurant\" class=\"end-of-page-link__images-item\">\r\n                <p>Restaurant<\/p>\r\n                <img decoding=\"async\" src=\"https:\/\/kasteeloostvalkenburg.com\/wp-content\/uploads\/2025\/03\/Restaurant-Thumbnail-scaled.webp\" alt=\"Restaurant\">\r\n            <\/a>\r\n            <\/div>\r\n<\/div>\r\n\r\n<div class=\"eye-block empty-space empty-space--large pt-md-5 pb-md-5 pt-4 pb-4\" ><\/div>\n<div class=\"ghostkit-grid ghostkit-grid-gap-md ghostkit-grid-justify-content-center\"><div class=\"ghostkit-grid-inner\">\n<div class=\"ghostkit-col ghostkit-col-lg-12 ghostkit-col-xl-12 ghostkit-col-4\"><div class=\"ghostkit-col-content is-layout-flow wp-block-ghostkit-grid-column-is-layout-flow\">\r\n<div class=\"colored-bg-container\">\r\n    <div class=\"eye-block colored-bg bg--lightbeige\">\r\n        <div class=\"container\">\r\n            <div class=\"row\">\r\n                <div class=\"col-12 p-0\">\r\n                    <div class=\"acf-innerblocks-container\">\n\n<h4 class=\"wp-block-heading\" id=\"contact\">Kontakt<\/h4>\n\n\n\n<ul class=\"wp-block-list\">\n<li><a href=\"mailto:Info@monrevevalkenburg.com\">info@monrevevalkenburg.com<\/a><\/li>\n\n\n\n<li>+31 (0) 432 &#8211; 050 292<\/li>\n<\/ul>\n\n<\/div>\r\n                <\/div>\r\n            <\/div>\r\n        <\/div>\r\n    <\/div>\r\n<\/div><\/div><\/div>\n<\/div><\/div>\n","protected":false},"excerpt":{"rendered":"","protected":false},"author":1,"featured_media":0,"parent":0,"menu_order":0,"comment_status":"closed","ping_status":"closed","template":"","meta":{"_acf_changed":false,"ghostkit_customizer_options":"","ghostkit_custom_css":"","ghostkit_custom_js_head":"","ghostkit_custom_js_foot":"","ghostkit_typography":"","footnotes":""},"class_list":["post-1678","page","type-page","status-publish","hentry"],"acf":[],"yoast_head":"<!-- This site is optimized with the Yoast SEO plugin v27.3 - https:\/\/yoast.com\/product\/yoast-seo-wordpress\/ -->\n<title>Restaurant Mon R\u00eave - Essen im Weinkeller von Kasteel Oost<\/title>\n<meta name=\"description\" content=\"Entdecken Sie Mon R\u00eave, das Restaurant im Weinkeller von Kasteel Oost. Genie\u00dfen Sie ein kulinarisches Erlebnis in einem stimmungsvollen Weinkeller mit saisonalen Gerichten.\" \/>\n<meta name=\"robots\" content=\"index, follow, max-snippet:-1, max-image-preview:large, max-video-preview:-1\" \/>\n<link rel=\"canonical\" href=\"https:\/\/kasteeloostvalkenburg.com\/de\/restaurant\/\" \/>\n<meta property=\"og:locale\" content=\"de_DE\" \/>\n<meta property=\"og:type\" content=\"article\" \/>\n<meta property=\"og:title\" content=\"Restaurant Mon R\u00eave - Essen im Weinkeller von Kasteel Oost\" \/>\n<meta property=\"og:description\" content=\"Entdecken Sie Mon R\u00eave, das Restaurant im Weinkeller von Kasteel Oost. Genie\u00dfen Sie ein kulinarisches Erlebnis in einem stimmungsvollen Weinkeller mit saisonalen Gerichten.\" \/>\n<meta property=\"og:url\" content=\"https:\/\/kasteeloostvalkenburg.com\/de\/restaurant\/\" \/>\n<meta property=\"og:site_name\" content=\"Kasteel Oost\" \/>\n<meta property=\"article:publisher\" content=\"https:\/\/www.facebook.com\/Kooningstheweddingpalace\" \/>\n<meta property=\"article:modified_time\" content=\"2026-02-12T12:51:13+00:00\" \/>\n<meta name=\"twitter:card\" content=\"summary_large_image\" \/>\n<meta name=\"twitter:label1\" content=\"Gesch\u00e4tzte Lesezeit\" \/>\n\t<meta name=\"twitter:data1\" content=\"1\u00a0Minute\" \/>\n<script type=\"application\/ld+json\" class=\"yoast-schema-graph\">{\"@context\":\"https:\\\/\\\/schema.org\",\"@graph\":[{\"@type\":\"WebPage\",\"@id\":\"https:\\\/\\\/kasteeloostvalkenburg.com\\\/de\\\/restaurant\\\/\",\"url\":\"https:\\\/\\\/kasteeloostvalkenburg.com\\\/de\\\/restaurant\\\/\",\"name\":\"Restaurant Mon R\u00eave - Essen im Weinkeller von Kasteel Oost\",\"isPartOf\":{\"@id\":\"https:\\\/\\\/kasteeloostvalkenburg.com\\\/de\\\/#website\"},\"datePublished\":\"2025-03-06T09:41:12+00:00\",\"dateModified\":\"2026-02-12T12:51:13+00:00\",\"description\":\"Entdecken Sie Mon R\u00eave, das Restaurant im Weinkeller von Kasteel Oost. Genie\u00dfen Sie ein kulinarisches Erlebnis in einem stimmungsvollen Weinkeller mit saisonalen Gerichten.\",\"breadcrumb\":{\"@id\":\"https:\\\/\\\/kasteeloostvalkenburg.com\\\/de\\\/restaurant\\\/#breadcrumb\"},\"inLanguage\":\"de\",\"potentialAction\":[{\"@type\":\"ReadAction\",\"target\":[\"https:\\\/\\\/kasteeloostvalkenburg.com\\\/de\\\/restaurant\\\/\"]}]},{\"@type\":\"BreadcrumbList\",\"@id\":\"https:\\\/\\\/kasteeloostvalkenburg.com\\\/de\\\/restaurant\\\/#breadcrumb\",\"itemListElement\":[{\"@type\":\"ListItem\",\"position\":1,\"name\":\"Startseite\",\"item\":\"https:\\\/\\\/kasteeloostvalkenburg.com\\\/de\\\/\"},{\"@type\":\"ListItem\",\"position\":2,\"name\":\"Restaurant\"}]},{\"@type\":\"WebSite\",\"@id\":\"https:\\\/\\\/kasteeloostvalkenburg.com\\\/de\\\/#website\",\"url\":\"https:\\\/\\\/kasteeloostvalkenburg.com\\\/de\\\/\",\"name\":\"Kasteel Oost\",\"description\":\"\",\"publisher\":{\"@id\":\"https:\\\/\\\/kasteeloostvalkenburg.com\\\/de\\\/#organization\"},\"potentialAction\":[{\"@type\":\"SearchAction\",\"target\":{\"@type\":\"EntryPoint\",\"urlTemplate\":\"https:\\\/\\\/kasteeloostvalkenburg.com\\\/de\\\/?s={search_term_string}\"},\"query-input\":{\"@type\":\"PropertyValueSpecification\",\"valueRequired\":true,\"valueName\":\"search_term_string\"}}],\"inLanguage\":\"de\"},{\"@type\":\"Organization\",\"@id\":\"https:\\\/\\\/kasteeloostvalkenburg.com\\\/de\\\/#organization\",\"name\":\"Kasteel Oost\",\"url\":\"https:\\\/\\\/kasteeloostvalkenburg.com\\\/de\\\/\",\"logo\":{\"@type\":\"ImageObject\",\"inLanguage\":\"de\",\"@id\":\"https:\\\/\\\/kasteeloostvalkenburg.com\\\/de\\\/#\\\/schema\\\/logo\\\/image\\\/\",\"url\":\"https:\\\/\\\/kasteeloostvalkenburg.com\\\/wp-content\\\/uploads\\\/2025\\\/04\\\/KasteelOost-logo-darkgray.png\",\"contentUrl\":\"https:\\\/\\\/kasteeloostvalkenburg.com\\\/wp-content\\\/uploads\\\/2025\\\/04\\\/KasteelOost-logo-darkgray.png\",\"width\":413,\"height\":318,\"caption\":\"Kasteel Oost\"},\"image\":{\"@id\":\"https:\\\/\\\/kasteeloostvalkenburg.com\\\/de\\\/#\\\/schema\\\/logo\\\/image\\\/\"},\"sameAs\":[\"https:\\\/\\\/www.facebook.com\\\/Kooningstheweddingpalace\",\"https:\\\/\\\/www.instagram.com\\\/kasteeloost\\\/\",\"https:\\\/\\\/www.tiktok.com\\\/@kooningstheweddingpalace\",\"https:\\\/\\\/nl.pinterest.com\\\/koonings\\\/\"]}]}<\/script>\n<!-- \/ Yoast SEO plugin. -->","yoast_head_json":{"title":"Restaurant Mon R\u00eave - Essen im Weinkeller von Kasteel Oost","description":"Entdecken Sie Mon R\u00eave, das Restaurant im Weinkeller von Kasteel Oost. Genie\u00dfen Sie ein kulinarisches Erlebnis in einem stimmungsvollen Weinkeller mit saisonalen Gerichten.","robots":{"index":"index","follow":"follow","max-snippet":"max-snippet:-1","max-image-preview":"max-image-preview:large","max-video-preview":"max-video-preview:-1"},"canonical":"https:\/\/kasteeloostvalkenburg.com\/de\/restaurant\/","og_locale":"de_DE","og_type":"article","og_title":"Restaurant Mon R\u00eave - Essen im Weinkeller von Kasteel Oost","og_description":"Entdecken Sie Mon R\u00eave, das Restaurant im Weinkeller von Kasteel Oost. Genie\u00dfen Sie ein kulinarisches Erlebnis in einem stimmungsvollen Weinkeller mit saisonalen Gerichten.","og_url":"https:\/\/kasteeloostvalkenburg.com\/de\/restaurant\/","og_site_name":"Kasteel Oost","article_publisher":"https:\/\/www.facebook.com\/Kooningstheweddingpalace","article_modified_time":"2026-02-12T12:51:13+00:00","twitter_card":"summary_large_image","twitter_misc":{"Gesch\u00e4tzte Lesezeit":"1\u00a0Minute"},"schema":{"@context":"https:\/\/schema.org","@graph":[{"@type":"WebPage","@id":"https:\/\/kasteeloostvalkenburg.com\/de\/restaurant\/","url":"https:\/\/kasteeloostvalkenburg.com\/de\/restaurant\/","name":"Restaurant Mon R\u00eave - Essen im Weinkeller von Kasteel Oost","isPartOf":{"@id":"https:\/\/kasteeloostvalkenburg.com\/de\/#website"},"datePublished":"2025-03-06T09:41:12+00:00","dateModified":"2026-02-12T12:51:13+00:00","description":"Entdecken Sie Mon R\u00eave, das Restaurant im Weinkeller von Kasteel Oost. Genie\u00dfen Sie ein kulinarisches Erlebnis in einem stimmungsvollen Weinkeller mit saisonalen Gerichten.","breadcrumb":{"@id":"https:\/\/kasteeloostvalkenburg.com\/de\/restaurant\/#breadcrumb"},"inLanguage":"de","potentialAction":[{"@type":"ReadAction","target":["https:\/\/kasteeloostvalkenburg.com\/de\/restaurant\/"]}]},{"@type":"BreadcrumbList","@id":"https:\/\/kasteeloostvalkenburg.com\/de\/restaurant\/#breadcrumb","itemListElement":[{"@type":"ListItem","position":1,"name":"Startseite","item":"https:\/\/kasteeloostvalkenburg.com\/de\/"},{"@type":"ListItem","position":2,"name":"Restaurant"}]},{"@type":"WebSite","@id":"https:\/\/kasteeloostvalkenburg.com\/de\/#website","url":"https:\/\/kasteeloostvalkenburg.com\/de\/","name":"Kasteel Oost","description":"","publisher":{"@id":"https:\/\/kasteeloostvalkenburg.com\/de\/#organization"},"potentialAction":[{"@type":"SearchAction","target":{"@type":"EntryPoint","urlTemplate":"https:\/\/kasteeloostvalkenburg.com\/de\/?s={search_term_string}"},"query-input":{"@type":"PropertyValueSpecification","valueRequired":true,"valueName":"search_term_string"}}],"inLanguage":"de"},{"@type":"Organization","@id":"https:\/\/kasteeloostvalkenburg.com\/de\/#organization","name":"Kasteel Oost","url":"https:\/\/kasteeloostvalkenburg.com\/de\/","logo":{"@type":"ImageObject","inLanguage":"de","@id":"https:\/\/kasteeloostvalkenburg.com\/de\/#\/schema\/logo\/image\/","url":"https:\/\/kasteeloostvalkenburg.com\/wp-content\/uploads\/2025\/04\/KasteelOost-logo-darkgray.png","contentUrl":"https:\/\/kasteeloostvalkenburg.com\/wp-content\/uploads\/2025\/04\/KasteelOost-logo-darkgray.png","width":413,"height":318,"caption":"Kasteel Oost"},"image":{"@id":"https:\/\/kasteeloostvalkenburg.com\/de\/#\/schema\/logo\/image\/"},"sameAs":["https:\/\/www.facebook.com\/Kooningstheweddingpalace","https:\/\/www.instagram.com\/kasteeloost\/","https:\/\/www.tiktok.com\/@kooningstheweddingpalace","https:\/\/nl.pinterest.com\/koonings\/"]}]}},"_links":{"self":[{"href":"https:\/\/kasteeloostvalkenburg.com\/de\/wp-json\/wp\/v2\/pages\/1678","targetHints":{"allow":["GET"]}}],"collection":[{"href":"https:\/\/kasteeloostvalkenburg.com\/de\/wp-json\/wp\/v2\/pages"}],"about":[{"href":"https:\/\/kasteeloostvalkenburg.com\/de\/wp-json\/wp\/v2\/types\/page"}],"author":[{"embeddable":true,"href":"https:\/\/kasteeloostvalkenburg.com\/de\/wp-json\/wp\/v2\/users\/1"}],"replies":[{"embeddable":true,"href":"https:\/\/kasteeloostvalkenburg.com\/de\/wp-json\/wp\/v2\/comments?post=1678"}],"version-history":[{"count":11,"href":"https:\/\/kasteeloostvalkenburg.com\/de\/wp-json\/wp\/v2\/pages\/1678\/revisions"}],"predecessor-version":[{"id":6418,"href":"https:\/\/kasteeloostvalkenburg.com\/de\/wp-json\/wp\/v2\/pages\/1678\/revisions\/6418"}],"wp:attachment":[{"href":"https:\/\/kasteeloostvalkenburg.com\/de\/wp-json\/wp\/v2\/media?parent=1678"}],"curies":[{"name":"wp","href":"https:\/\/api.w.org\/{rel}","templated":true}]}}